
{"id":1298,"date":"2019-07-05T11:39:24","date_gmt":"2019-07-05T11:39:24","guid":{"rendered":"http:\/\/wewalk.ist\/?page_id=1298"},"modified":"2022-01-27T12:41:07","modified_gmt":"2022-01-27T12:41:07","slug":"app","status":"publish","type":"page","link":"https:\/\/wewalk.io\/en\/app\/","title":{"rendered":"Download"},"content":{"rendered":"\t\t<div data-elementor-type=\"wp-page\" data-elementor-id=\"1298\" class=\"elementor elementor-1298\" data-elementor-post-type=\"page\">\n\t\t\t\t\t\t<section class=\"elementor-section elementor-top-section elementor-element elementor-element-3c09abce elementor-section-boxed elementor-section-height-default elementor-section-height-default\" data-id=\"3c09abce\" data-element_type=\"section\" data-e-type=\"section\">\n\t\t\t\t\t\t<div class=\"elementor-container elementor-column-gap-default\">\n\t\t\t\t\t<div class=\"elementor-column elementor-col-100 elementor-top-column elementor-element elementor-element-2aaf6bc0\" data-id=\"2aaf6bc0\" data-element_type=\"column\" data-e-type=\"column\">\n\t\t\t<div class=\"elementor-widget-wrap elementor-element-populated\">\n\t\t\t\t\t\t<div class=\"elementor-element elementor-element-27699e6 elementor-widget elementor-widget-html\" data-id=\"27699e6\" data-element_type=\"widget\" data-e-type=\"widget\" data-widget_type=\"html.default\">\n\t\t\t\t<div class=\"elementor-widget-container\">\n\t\t\t\t\t<script>\r\n    document.addEventListener(\"DOMContentLoaded\", function() {\r\n        if ((parseInt(navigator.userAgent.toLowerCase().indexOf(\"android\")) > -1)) {\r\n            window.location.href = 'https:\/\/play.google.com\/store\/apps\/details?id=tr.org.yga.wewalk.android&hl=tr';\r\n        } else {\r\n            if ((parseInt(navigator.userAgent.toLowerCase().indexOf(\"iphone\")) > -1)) {\r\n                window.location.href = 'https:\/\/apps.apple.com\/app\/apple-store\/id1344297911?pt=122206511&ct=wewalkio&mt=8';\r\n            } else {\r\n            document.write(\"<p>Open this page at your device. \/ Bu sayfay\u0131 cihaz\u0131n\u0131zda a\u00e7\u0131n\u0131z.<\/p>\")\r\n            }\r\n        }\r\n    });\r\n<\/script>\r\n\t\t\t\t<\/div>\n\t\t\t\t<\/div>\n\t\t\t\t<div class=\"elementor-element elementor-element-1e493136 elementor-widget elementor-widget-text-editor\" data-id=\"1e493136\" data-element_type=\"widget\" data-e-type=\"widget\" data-widget_type=\"text-editor.default\">\n\t\t\t\t<div class=\"elementor-widget-container\">\n\t\t\t\t\t\t\t\t\t\n<p>\u00a0<\/p>\n<p class=\"has-text-align-center\">Open this page at your device. \/ Bu sayfay\u0131 cihaz\u0131n\u0131zda a\u00e7\u0131n\u0131z.<\/p>\n\n<div class=\"wp-block-image\">\u00a0<\/div>\n\n<p><a href=\"https:\/\/apps.apple.com\/app\/apple-store\/id1344297911?pt=122206511&amp;ct=wewalkio&amp;mt=8\"><img fetchpriority=\"high\" decoding=\"async\" class=\"wp-image-25590 aligncenter\" src=\"https:\/\/wewalk.io\/wp-content\/uploads\/2020\/11\/download-on-the-app-store-300x89.png\" alt=\"download on the app store\" width=\"499\" height=\"148\" srcset=\"https:\/\/wewalk.io\/wp-content\/uploads\/2020\/11\/download-on-the-app-store-300x89.png 300w, https:\/\/wewalk.io\/wp-content\/uploads\/2020\/11\/download-on-the-app-store-768x228.png 768w, https:\/\/wewalk.io\/wp-content\/uploads\/2020\/11\/download-on-the-app-store.png 800w\" sizes=\"(max-width: 499px) 100vw, 499px\" \/><\/a><\/p>\n<p><a href=\"https:\/\/play.google.com\/store\/apps\/details?id=tr.org.yga.wewalk.android&amp;hl=en\"><img decoding=\"async\" class=\"wp-image-25589 aligncenter\" src=\"https:\/\/wewalk.io\/wp-content\/uploads\/2020\/11\/Get-it-on-google-play-store-300x89.png\" alt=\"Get it on google play store\" width=\"499\" height=\"148\" srcset=\"https:\/\/wewalk.io\/wp-content\/uploads\/2020\/11\/Get-it-on-google-play-store-300x89.png 300w, https:\/\/wewalk.io\/wp-content\/uploads\/2020\/11\/Get-it-on-google-play-store-840x248.png 840w, https:\/\/wewalk.io\/wp-content\/uploads\/2020\/11\/Get-it-on-google-play-store-1024x302.png 1024w, https:\/\/wewalk.io\/wp-content\/uploads\/2020\/11\/Get-it-on-google-play-store-768x227.png 768w, https:\/\/wewalk.io\/wp-content\/uploads\/2020\/11\/Get-it-on-google-play-store.png 1200w\" sizes=\"(max-width: 499px) 100vw, 499px\" \/><\/a><\/p>\n\t\t\t\t\t\t\t\t<\/div>\n\t\t\t\t<\/div>\n\t\t\t\t\t<\/div>\n\t\t<\/div>\n\t\t\t\t\t<\/div>\n\t\t<\/section>\n\t\t\t\t<\/div>\n\t\t","protected":false},"excerpt":{"rendered":"<p>\u00a0 Open this page at your device. \/ Bu sayfay\u0131 cihaz\u0131n\u0131zda a\u00e7\u0131n\u0131z. \u00a0<\/p>\n","protected":false},"author":1,"featured_media":0,"parent":0,"menu_order":0,"comment_status":"closed","ping_status":"closed","template":"","meta":{"inline_featured_image":false,"footnotes":""},"class_list":["post-1298","page","type-page","status-publish","hentry"],"yoast_head":"<!-- This site is optimized with the Yoast SEO plugin v27.3 - https:\/\/yoast.com\/product\/yoast-seo-wordpress\/ -->\n<title>Download - WeWALK Smart Cane<\/title>\n<meta name=\"robots\" content=\"index, follow, max-snippet:-1, max-image-preview:large, max-video-preview:-1\" \/>\n<link rel=\"canonical\" href=\"https:\/\/wewalk.io\/en\/app\/\" \/>\n<meta property=\"og:locale\" content=\"en_US\" \/>\n<meta property=\"og:type\" content=\"article\" \/>\n<meta property=\"og:title\" content=\"Download - WeWALK Smart Cane\" \/>\n<meta property=\"og:description\" content=\"\u00a0 Open this page at your device. \/ Bu sayfay\u0131 cihaz\u0131n\u0131zda a\u00e7\u0131n\u0131z. \u00a0\" \/>\n<meta property=\"og:url\" content=\"https:\/\/wewalk.io\/en\/app\/\" \/>\n<meta property=\"og:site_name\" content=\"WeWALK Smart Cane\" \/>\n<meta property=\"article:publisher\" content=\"https:\/\/www.facebook.com\/wewalkio\" \/>\n<meta property=\"article:modified_time\" content=\"2022-01-27T12:41:07+00:00\" \/>\n<meta property=\"og:image\" content=\"https:\/\/wewalk.io\/wp-content\/uploads\/2020\/11\/download-on-the-app-store-300x89.png\" \/>\n<meta name=\"twitter:card\" content=\"summary_large_image\" \/>\n<meta name=\"twitter:site\" content=\"@wewalkio\" \/>\n<meta name=\"twitter:label1\" content=\"Est. reading time\" \/>\n\t<meta name=\"twitter:data1\" content=\"1 minute\" \/>\n<script type=\"application\/ld+json\" class=\"yoast-schema-graph\">{\"@context\":\"https:\\\/\\\/schema.org\",\"@graph\":[{\"@type\":\"WebPage\",\"@id\":\"https:\\\/\\\/wewalk.io\\\/en\\\/app\\\/\",\"url\":\"https:\\\/\\\/wewalk.io\\\/en\\\/app\\\/\",\"name\":\"Download - WeWALK Smart Cane\",\"isPartOf\":{\"@id\":\"https:\\\/\\\/wewalk.io\\\/en\\\/#website\"},\"primaryImageOfPage\":{\"@id\":\"https:\\\/\\\/wewalk.io\\\/en\\\/app\\\/#primaryimage\"},\"image\":{\"@id\":\"https:\\\/\\\/wewalk.io\\\/en\\\/app\\\/#primaryimage\"},\"thumbnailUrl\":\"https:\\\/\\\/wewalk.io\\\/wp-content\\\/uploads\\\/2020\\\/11\\\/download-on-the-app-store-300x89.png\",\"datePublished\":\"2019-07-05T11:39:24+00:00\",\"dateModified\":\"2022-01-27T12:41:07+00:00\",\"breadcrumb\":{\"@id\":\"https:\\\/\\\/wewalk.io\\\/en\\\/app\\\/#breadcrumb\"},\"inLanguage\":\"en-US\",\"potentialAction\":[{\"@type\":\"ReadAction\",\"target\":[\"https:\\\/\\\/wewalk.io\\\/en\\\/app\\\/\"]}]},{\"@type\":\"ImageObject\",\"inLanguage\":\"en-US\",\"@id\":\"https:\\\/\\\/wewalk.io\\\/en\\\/app\\\/#primaryimage\",\"url\":\"https:\\\/\\\/wewalk.io\\\/wp-content\\\/uploads\\\/2020\\\/11\\\/download-on-the-app-store-300x89.png\",\"contentUrl\":\"https:\\\/\\\/wewalk.io\\\/wp-content\\\/uploads\\\/2020\\\/11\\\/download-on-the-app-store-300x89.png\"},{\"@type\":\"BreadcrumbList\",\"@id\":\"https:\\\/\\\/wewalk.io\\\/en\\\/app\\\/#breadcrumb\",\"itemListElement\":[{\"@type\":\"ListItem\",\"position\":1,\"name\":\"Home\",\"item\":\"https:\\\/\\\/wewalk.io\\\/en\\\/\"},{\"@type\":\"ListItem\",\"position\":2,\"name\":\"Download\"}]},{\"@type\":\"WebSite\",\"@id\":\"https:\\\/\\\/wewalk.io\\\/en\\\/#website\",\"url\":\"https:\\\/\\\/wewalk.io\\\/en\\\/\",\"name\":\"WeWALK Smart Cane\",\"description\":\"Smart Cane for the Visually Impaired\",\"publisher\":{\"@id\":\"https:\\\/\\\/wewalk.io\\\/en\\\/#organization\"},\"potentialAction\":[{\"@type\":\"SearchAction\",\"target\":{\"@type\":\"EntryPoint\",\"urlTemplate\":\"https:\\\/\\\/wewalk.io\\\/en\\\/?s={search_term_string}\"},\"query-input\":{\"@type\":\"PropertyValueSpecification\",\"valueRequired\":true,\"valueName\":\"search_term_string\"}}],\"inLanguage\":\"en-US\"},{\"@type\":\"Organization\",\"@id\":\"https:\\\/\\\/wewalk.io\\\/en\\\/#organization\",\"name\":\"WeWALK Smart Cane\",\"url\":\"https:\\\/\\\/wewalk.io\\\/en\\\/\",\"logo\":{\"@type\":\"ImageObject\",\"inLanguage\":\"en-US\",\"@id\":\"https:\\\/\\\/wewalk.io\\\/en\\\/#\\\/schema\\\/logo\\\/image\\\/\",\"url\":\"https:\\\/\\\/wewalk.io\\\/wp-content\\\/uploads\\\/2020\\\/08\\\/logo-white.svg\",\"contentUrl\":\"https:\\\/\\\/wewalk.io\\\/wp-content\\\/uploads\\\/2020\\\/08\\\/logo-white.svg\",\"width\":186,\"height\":33,\"caption\":\"WeWALK Smart Cane\"},\"image\":{\"@id\":\"https:\\\/\\\/wewalk.io\\\/en\\\/#\\\/schema\\\/logo\\\/image\\\/\"},\"sameAs\":[\"https:\\\/\\\/www.facebook.com\\\/wewalkio\",\"https:\\\/\\\/x.com\\\/wewalkio\",\"https:\\\/\\\/www.instagram.com\\\/wewalkio\\\/\",\"https:\\\/\\\/www.linkedin.com\\\/company\\\/wewalk\",\"https:\\\/\\\/www.youtube.com\\\/channel\\\/UC_VH-4cZcAfcIObUPsMISyw\"]}]}<\/script>\n<!-- \/ Yoast SEO plugin. -->","yoast_head_json":{"title":"Download - WeWALK Smart Cane","robots":{"index":"index","follow":"follow","max-snippet":"max-snippet:-1","max-image-preview":"max-image-preview:large","max-video-preview":"max-video-preview:-1"},"canonical":"https:\/\/wewalk.io\/en\/app\/","og_locale":"en_US","og_type":"article","og_title":"Download - WeWALK Smart Cane","og_description":"\u00a0 Open this page at your device. \/ Bu sayfay\u0131 cihaz\u0131n\u0131zda a\u00e7\u0131n\u0131z. \u00a0","og_url":"https:\/\/wewalk.io\/en\/app\/","og_site_name":"WeWALK Smart Cane","article_publisher":"https:\/\/www.facebook.com\/wewalkio","article_modified_time":"2022-01-27T12:41:07+00:00","og_image":[{"url":"https:\/\/wewalk.io\/wp-content\/uploads\/2020\/11\/download-on-the-app-store-300x89.png","type":"","width":"","height":""}],"twitter_card":"summary_large_image","twitter_site":"@wewalkio","twitter_misc":{"Est. reading time":"1 minute"},"schema":{"@context":"https:\/\/schema.org","@graph":[{"@type":"WebPage","@id":"https:\/\/wewalk.io\/en\/app\/","url":"https:\/\/wewalk.io\/en\/app\/","name":"Download - WeWALK Smart Cane","isPartOf":{"@id":"https:\/\/wewalk.io\/en\/#website"},"primaryImageOfPage":{"@id":"https:\/\/wewalk.io\/en\/app\/#primaryimage"},"image":{"@id":"https:\/\/wewalk.io\/en\/app\/#primaryimage"},"thumbnailUrl":"https:\/\/wewalk.io\/wp-content\/uploads\/2020\/11\/download-on-the-app-store-300x89.png","datePublished":"2019-07-05T11:39:24+00:00","dateModified":"2022-01-27T12:41:07+00:00","breadcrumb":{"@id":"https:\/\/wewalk.io\/en\/app\/#breadcrumb"},"inLanguage":"en-US","potentialAction":[{"@type":"ReadAction","target":["https:\/\/wewalk.io\/en\/app\/"]}]},{"@type":"ImageObject","inLanguage":"en-US","@id":"https:\/\/wewalk.io\/en\/app\/#primaryimage","url":"https:\/\/wewalk.io\/wp-content\/uploads\/2020\/11\/download-on-the-app-store-300x89.png","contentUrl":"https:\/\/wewalk.io\/wp-content\/uploads\/2020\/11\/download-on-the-app-store-300x89.png"},{"@type":"BreadcrumbList","@id":"https:\/\/wewalk.io\/en\/app\/#breadcrumb","itemListElement":[{"@type":"ListItem","position":1,"name":"Home","item":"https:\/\/wewalk.io\/en\/"},{"@type":"ListItem","position":2,"name":"Download"}]},{"@type":"WebSite","@id":"https:\/\/wewalk.io\/en\/#website","url":"https:\/\/wewalk.io\/en\/","name":"WeWALK Smart Cane","description":"Smart Cane for the Visually Impaired","publisher":{"@id":"https:\/\/wewalk.io\/en\/#organization"},"potentialAction":[{"@type":"SearchAction","target":{"@type":"EntryPoint","urlTemplate":"https:\/\/wewalk.io\/en\/?s={search_term_string}"},"query-input":{"@type":"PropertyValueSpecification","valueRequired":true,"valueName":"search_term_string"}}],"inLanguage":"en-US"},{"@type":"Organization","@id":"https:\/\/wewalk.io\/en\/#organization","name":"WeWALK Smart Cane","url":"https:\/\/wewalk.io\/en\/","logo":{"@type":"ImageObject","inLanguage":"en-US","@id":"https:\/\/wewalk.io\/en\/#\/schema\/logo\/image\/","url":"https:\/\/wewalk.io\/wp-content\/uploads\/2020\/08\/logo-white.svg","contentUrl":"https:\/\/wewalk.io\/wp-content\/uploads\/2020\/08\/logo-white.svg","width":186,"height":33,"caption":"WeWALK Smart Cane"},"image":{"@id":"https:\/\/wewalk.io\/en\/#\/schema\/logo\/image\/"},"sameAs":["https:\/\/www.facebook.com\/wewalkio","https:\/\/x.com\/wewalkio","https:\/\/www.instagram.com\/wewalkio\/","https:\/\/www.linkedin.com\/company\/wewalk","https:\/\/www.youtube.com\/channel\/UC_VH-4cZcAfcIObUPsMISyw"]}]}},"jetpack_sharing_enabled":true,"_links":{"self":[{"href":"https:\/\/wewalk.io\/en\/wp-json\/wp\/v2\/pages\/1298","targetHints":{"allow":["GET"]}}],"collection":[{"href":"https:\/\/wewalk.io\/en\/wp-json\/wp\/v2\/pages"}],"about":[{"href":"https:\/\/wewalk.io\/en\/wp-json\/wp\/v2\/types\/page"}],"author":[{"embeddable":true,"href":"https:\/\/wewalk.io\/en\/wp-json\/wp\/v2\/users\/1"}],"replies":[{"embeddable":true,"href":"https:\/\/wewalk.io\/en\/wp-json\/wp\/v2\/comments?post=1298"}],"version-history":[{"count":0,"href":"https:\/\/wewalk.io\/en\/wp-json\/wp\/v2\/pages\/1298\/revisions"}],"wp:attachment":[{"href":"https:\/\/wewalk.io\/en\/wp-json\/wp\/v2\/media?parent=1298"}],"curies":[{"name":"wp","href":"https:\/\/api.w.org\/{rel}","templated":true}]}}