{"id":20222,"date":"2020-07-21T17:17:09","date_gmt":"2020-07-21T17:17:09","guid":{"rendered":"https:\/\/wewalk.parsdesign.software\/?page_id=20222"},"modified":"2023-09-27T18:01:27","modified_gmt":"2023-09-27T18:01:27","slug":"birlikteyuruyelim-2","status":"publish","type":"page","link":"https:\/\/wewalk.io\/en\/birlikteyuruyelim-2\/","title":{"rendered":"Birlikte Y\u00fcr\u00fcyelim Yeni"},"content":{"rendered":"\t\t<div data-elementor-type=\"wp-page\" data-elementor-id=\"20222\" class=\"elementor elementor-20222\" data-elementor-post-type=\"page\">\n\t\t\t\t\t\t<section class=\"elementor-section elementor-top-section elementor-element elementor-element-d8543b3 elementor-section-full_width elementor-section-height-min-height elementor-section-height-default elementor-section-items-middle\" data-id=\"d8543b3\" data-element_type=\"section\" data-e-type=\"section\" data-settings=\"{&quot;background_background&quot;:&quot;classic&quot;}\">\n\t\t\t\t\t\t<div class=\"elementor-container elementor-column-gap-no\">\n\t\t\t\t\t<div class=\"elementor-column elementor-col-100 elementor-top-column elementor-element elementor-element-92eae3f\" data-id=\"92eae3f\" data-element_type=\"column\" data-e-type=\"column\" data-settings=\"{&quot;background_background&quot;:&quot;classic&quot;}\">\n\t\t\t<div class=\"elementor-widget-wrap\">\n\t\t\t\t\t\t\t<\/div>\n\t\t<\/div>\n\t\t\t\t\t<\/div>\n\t\t<\/section>\n\t\t\t\t<section class=\"elementor-section elementor-top-section elementor-element elementor-element-afbd5c5 elementor-section-boxed elementor-section-height-default elementor-section-height-default\" data-id=\"afbd5c5\" data-element_type=\"section\" data-e-type=\"section\" data-settings=\"{&quot;background_background&quot;:&quot;classic&quot;}\">\n\t\t\t\t\t\t<div class=\"elementor-container elementor-column-gap-default\">\n\t\t\t\t\t<div class=\"elementor-column elementor-col-100 elementor-top-column elementor-element elementor-element-28b9bb2\" data-id=\"28b9bb2\" data-element_type=\"column\" data-e-type=\"column\">\n\t\t\t<div class=\"elementor-widget-wrap elementor-element-populated\">\n\t\t\t\t\t\t<div class=\"elementor-element elementor-element-f8deaaf elementor-widget elementor-widget-spacer\" data-id=\"f8deaaf\" data-element_type=\"widget\" data-e-type=\"widget\" data-widget_type=\"spacer.default\">\n\t\t\t\t<div class=\"elementor-widget-container\">\n\t\t\t\t\t\t\t<div class=\"elementor-spacer\">\n\t\t\t<div class=\"elementor-spacer-inner\"><\/div>\n\t\t<\/div>\n\t\t\t\t\t\t<\/div>\n\t\t\t\t<\/div>\n\t\t\t\t<section class=\"elementor-section elementor-inner-section elementor-element elementor-element-0caf3fb elementor-section-full_width elementor-section-height-default elementor-section-height-default\" data-id=\"0caf3fb\" data-element_type=\"section\" data-e-type=\"section\">\n\t\t\t\t\t\t<div class=\"elementor-container elementor-column-gap-default\">\n\t\t\t\t\t<div class=\"elementor-column elementor-col-25 elementor-inner-column elementor-element elementor-element-394f1f9\" data-id=\"394f1f9\" data-element_type=\"column\" data-e-type=\"column\" data-settings=\"{&quot;background_background&quot;:&quot;classic&quot;}\">\n\t\t\t<div class=\"elementor-widget-wrap elementor-element-populated\">\n\t\t\t\t\t\t<div class=\"elementor-element elementor-element-53dcd8c elementor-widget elementor-widget-text-editor\" data-id=\"53dcd8c\" data-element_type=\"widget\" data-e-type=\"widget\" data-widget_type=\"text-editor.default\">\n\t\t\t\t<div class=\"elementor-widget-container\">\n\t\t\t\t\t\t\t\t\t<p><b>100 TL&#8217;lik Destek Paketi Sat\u0131n Al<\/b><\/p>\t\t\t\t\t\t\t\t<\/div>\n\t\t\t\t<\/div>\n\t\t\t\t\t<\/div>\n\t\t<\/div>\n\t\t\t\t<div class=\"elementor-column elementor-col-25 elementor-inner-column elementor-element elementor-element-f9bc392\" data-id=\"f9bc392\" data-element_type=\"column\" data-e-type=\"column\" data-settings=\"{&quot;background_background&quot;:&quot;classic&quot;}\">\n\t\t\t<div class=\"elementor-widget-wrap elementor-element-populated\">\n\t\t\t\t\t\t<div class=\"elementor-element elementor-element-562ee3f elementor-widget elementor-widget-text-editor\" data-id=\"562ee3f\" data-element_type=\"widget\" data-e-type=\"widget\" data-widget_type=\"text-editor.default\">\n\t\t\t\t<div class=\"elementor-widget-container\">\n\t\t\t\t\t\t\t\t\t<p><b>200 TL&#8217;Lik Destek Paketi Sat\u0131n Al<\/b><\/p>\t\t\t\t\t\t\t\t<\/div>\n\t\t\t\t<\/div>\n\t\t\t\t\t<\/div>\n\t\t<\/div>\n\t\t\t\t<div class=\"elementor-column elementor-col-25 elementor-inner-column elementor-element elementor-element-48314dc\" data-id=\"48314dc\" data-element_type=\"column\" data-e-type=\"column\" data-settings=\"{&quot;background_background&quot;:&quot;classic&quot;}\">\n\t\t\t<div class=\"elementor-widget-wrap elementor-element-populated\">\n\t\t\t\t\t\t<div class=\"elementor-element elementor-element-fff615c elementor-widget elementor-widget-text-editor\" data-id=\"fff615c\" data-element_type=\"widget\" data-e-type=\"widget\" data-widget_type=\"text-editor.default\">\n\t\t\t\t<div class=\"elementor-widget-container\">\n\t\t\t\t\t\t\t\t\t<p><b>500 TL&#8217;lik Destek Paketi Sat\u0131n Al<\/b><\/p>\t\t\t\t\t\t\t\t<\/div>\n\t\t\t\t<\/div>\n\t\t\t\t\t<\/div>\n\t\t<\/div>\n\t\t\t\t<div class=\"elementor-column elementor-col-25 elementor-inner-column elementor-element elementor-element-0cd0417\" data-id=\"0cd0417\" data-element_type=\"column\" data-e-type=\"column\" data-settings=\"{&quot;background_background&quot;:&quot;classic&quot;}\">\n\t\t\t<div class=\"elementor-widget-wrap elementor-element-populated\">\n\t\t\t\t\t\t<div class=\"elementor-element elementor-element-eacfda3 elementor-widget elementor-widget-text-editor\" data-id=\"eacfda3\" data-element_type=\"widget\" data-e-type=\"widget\" data-widget_type=\"text-editor.default\">\n\t\t\t\t<div class=\"elementor-widget-container\">\n\t\t\t\t\t\t\t\t\t<p><b>WeWALK Paketi Sat\u0131n Al<\/b><\/p>\t\t\t\t\t\t\t\t<\/div>\n\t\t\t\t<\/div>\n\t\t\t\t\t<\/div>\n\t\t<\/div>\n\t\t\t\t\t<\/div>\n\t\t<\/section>\n\t\t\t\t<div class=\"elementor-element elementor-element-b24e7aa elementor-widget elementor-widget-spacer\" data-id=\"b24e7aa\" data-element_type=\"widget\" data-e-type=\"widget\" data-widget_type=\"spacer.default\">\n\t\t\t\t<div class=\"elementor-widget-container\">\n\t\t\t\t\t\t\t<div class=\"elementor-spacer\">\n\t\t\t<div class=\"elementor-spacer-inner\"><\/div>\n\t\t<\/div>\n\t\t\t\t\t\t<\/div>\n\t\t\t\t<\/div>\n\t\t\t\t\t<\/div>\n\t\t<\/div>\n\t\t\t\t\t<\/div>\n\t\t<\/section>\n\t\t\t\t<section class=\"elementor-section elementor-top-section elementor-element elementor-element-a55a373 elementor-hidden-tablet elementor-hidden-phone elementor-section-boxed elementor-section-height-default elementor-section-height-default\" data-id=\"a55a373\" data-element_type=\"section\" data-e-type=\"section\">\n\t\t\t\t\t\t<div class=\"elementor-container elementor-column-gap-default\">\n\t\t\t\t\t<div class=\"elementor-column elementor-col-100 elementor-top-column elementor-element elementor-element-6956208\" data-id=\"6956208\" data-element_type=\"column\" data-e-type=\"column\">\n\t\t\t<div class=\"elementor-widget-wrap elementor-element-populated\">\n\t\t\t\t\t\t<div class=\"elementor-element elementor-element-88cdce8 elementor-widget elementor-widget-spacer\" data-id=\"88cdce8\" data-element_type=\"widget\" data-e-type=\"widget\" data-widget_type=\"spacer.default\">\n\t\t\t\t<div class=\"elementor-widget-container\">\n\t\t\t\t\t\t\t<div class=\"elementor-spacer\">\n\t\t\t<div class=\"elementor-spacer-inner\"><\/div>\n\t\t<\/div>\n\t\t\t\t\t\t<\/div>\n\t\t\t\t<\/div>\n\t\t\t\t\t<\/div>\n\t\t<\/div>\n\t\t\t\t\t<\/div>\n\t\t<\/section>\n\t\t\t\t<section class=\"elementor-section elementor-top-section elementor-element elementor-element-9b8528f elementor-section-content-middle elementor-section-boxed elementor-section-height-default elementor-section-height-default\" data-id=\"9b8528f\" data-element_type=\"section\" data-e-type=\"section\" data-settings=\"{&quot;background_background&quot;:&quot;classic&quot;}\">\n\t\t\t\t\t\t<div class=\"elementor-container elementor-column-gap-default\">\n\t\t\t\t\t<div class=\"elementor-column elementor-col-50 elementor-top-column elementor-element elementor-element-9a8794d\" data-id=\"9a8794d\" data-element_type=\"column\" data-e-type=\"column\">\n\t\t\t<div class=\"elementor-widget-wrap elementor-element-populated\">\n\t\t\t\t\t\t<div class=\"elementor-element elementor-element-83f5fd0 elementor-widget elementor-widget-heading\" data-id=\"83f5fd0\" data-element_type=\"widget\" data-e-type=\"widget\" data-widget_type=\"heading.default\">\n\t\t\t\t<div class=\"elementor-widget-container\">\n\t\t\t\t\t<h2 class=\"elementor-heading-title elementor-size-default\"><br><b>Neden Destek Olmal\u0131y\u0131m?<\/b><\/h2>\t\t\t\t<\/div>\n\t\t\t\t<\/div>\n\t\t\t\t<div class=\"elementor-element elementor-element-0013743 elementor-widget elementor-widget-text-editor\" data-id=\"0013743\" data-element_type=\"widget\" data-e-type=\"widget\" data-widget_type=\"text-editor.default\">\n\t\t\t\t<div class=\"elementor-widget-container\">\n\t\t\t\t\t\t\t\t\t<p>T\u00fcrkiye&#8217;de <b>280 bin g\u00f6rme engelli<\/b> var. Erken ya\u015fta \u00f6\u011frenilen baston becerisi, g\u00f6rme engelli bireylerin sosyal hayata tam ba\u011f\u0131ms\u0131z ve e\u015fit kat\u0131l\u0131m\u0131n\u0131 sa\u011fl\u0131yor, \u00f6zg\u00fcvenlerini artt\u0131r\u0131yor. Bu kampaya ile 3.000 g\u00f6rme engelli \u00f6\u011frenciyi WeWALK ak\u0131ll\u0131 bastonla bulu\u015fturmay\u0131 hedefliyoruz.<\/p>\t\t\t\t\t\t\t\t<\/div>\n\t\t\t\t<\/div>\n\t\t\t\t\t<\/div>\n\t\t<\/div>\n\t\t\t\t<div class=\"elementor-column elementor-col-50 elementor-top-column elementor-element elementor-element-54d447a\" data-id=\"54d447a\" data-element_type=\"column\" data-e-type=\"column\">\n\t\t\t<div class=\"elementor-widget-wrap elementor-element-populated\">\n\t\t\t\t\t\t<div class=\"elementor-element elementor-element-9118358 elementor-widget elementor-widget-heading\" data-id=\"9118358\" data-element_type=\"widget\" data-e-type=\"widget\" data-widget_type=\"heading.default\">\n\t\t\t\t<div class=\"elementor-widget-container\">\n\t\t\t\t\t<h2 class=\"elementor-heading-title elementor-size-default\"><br><b>Neden \u015eimdi?<\/b><\/h2>\t\t\t\t<\/div>\n\t\t\t\t<\/div>\n\t\t\t\t<div class=\"elementor-element elementor-element-99de8cb elementor-widget elementor-widget-text-editor\" data-id=\"99de8cb\" data-element_type=\"widget\" data-e-type=\"widget\" data-widget_type=\"text-editor.default\">\n\t\t\t\t<div class=\"elementor-widget-container\">\n\t\t\t\t\t\t\t\t\t<p>Ge\u00e7en her dakika \u00f6nemli. G\u00f6rme engelli \u00f6\u011frencilerimiz i\u00e7in yapaca\u011f\u0131n\u0131z her destek onlar\u0131n WeWALK ve ba\u011f\u0131ms\u0131z hareketle bulu\u015fmas\u0131n\u0131 daha h\u0131zland\u0131r\u0131yor.<\/p>\t\t\t\t\t\t\t\t<\/div>\n\t\t\t\t<\/div>\n\t\t\t\t\t<\/div>\n\t\t<\/div>\n\t\t\t\t\t<\/div>\n\t\t<\/section>\n\t\t\t\t<section class=\"elementor-section elementor-top-section elementor-element elementor-element-68ef408 elementor-section-boxed elementor-section-height-default elementor-section-height-default\" data-id=\"68ef408\" data-element_type=\"section\" data-e-type=\"section\">\n\t\t\t\t\t\t<div class=\"elementor-container elementor-column-gap-default\">\n\t\t\t\t\t<div class=\"elementor-column elementor-col-100 elementor-top-column elementor-element elementor-element-b844acc\" data-id=\"b844acc\" data-element_type=\"column\" data-e-type=\"column\">\n\t\t\t<div class=\"elementor-widget-wrap elementor-element-populated\">\n\t\t\t\t\t\t<div class=\"elementor-element elementor-element-76ae874 elementor-widget elementor-widget-video\" data-id=\"76ae874\" data-element_type=\"widget\" data-e-type=\"widget\" data-settings=\"{&quot;youtube_url&quot;:&quot;https:\\\/\\\/www.youtube.com\\\/watch?v=XHOmBV4js_E&quot;,&quot;video_type&quot;:&quot;youtube&quot;,&quot;controls&quot;:&quot;yes&quot;}\" data-widget_type=\"video.default\">\n\t\t\t\t<div class=\"elementor-widget-container\">\n\t\t\t\t\t\t\t<div class=\"elementor-wrapper elementor-open-inline\">\n\t\t\t<div class=\"elementor-video\"><\/div>\t\t<\/div>\n\t\t\t\t\t\t<\/div>\n\t\t\t\t<\/div>\n\t\t\t\t\t<\/div>\n\t\t<\/div>\n\t\t\t\t\t<\/div>\n\t\t<\/section>\n\t\t\t\t<section class=\"elementor-section elementor-top-section elementor-element elementor-element-084d2c3 elementor-section-boxed elementor-section-height-default elementor-section-height-default\" data-id=\"084d2c3\" data-element_type=\"section\" data-e-type=\"section\" data-settings=\"{&quot;background_background&quot;:&quot;classic&quot;}\">\n\t\t\t\t\t\t<div class=\"elementor-container elementor-column-gap-default\">\n\t\t\t\t\t<div class=\"elementor-column elementor-col-100 elementor-top-column elementor-element elementor-element-baff83a\" data-id=\"baff83a\" data-element_type=\"column\" data-e-type=\"column\">\n\t\t\t<div class=\"elementor-widget-wrap elementor-element-populated\">\n\t\t\t\t\t\t<div class=\"elementor-element elementor-element-d5f406c elementor-widget elementor-widget-heading\" data-id=\"d5f406c\" data-element_type=\"widget\" data-e-type=\"widget\" data-widget_type=\"heading.default\">\n\t\t\t\t<div class=\"elementor-widget-container\">\n\t\t\t\t\t<h2 class=\"elementor-heading-title elementor-size-default\"><b>Kampanya Hakk\u0131nda<\/b><\/h2>\t\t\t\t<\/div>\n\t\t\t\t<\/div>\n\t\t\t\t<div class=\"elementor-element elementor-element-67d3c81 elementor-widget elementor-widget-text-editor\" data-id=\"67d3c81\" data-element_type=\"widget\" data-e-type=\"widget\" data-widget_type=\"text-editor.default\">\n\t\t\t\t<div class=\"elementor-widget-container\">\n\t\t\t\t\t\t\t\t\t<p style=\"margin: 0cm 0cm 0.0001pt; font-size: 12pt; font-family: Calibri, sans-serif; color: #000000;\"><span style=\"color: #ffffff;\">Merhaba ben Z\u00fclal. G\u00f6rme engelli bir lise \u00f6\u011frencisiyim.<\/span><\/p>\n<p style=\"margin: 0cm 0cm 0.0001pt; font-size: 12pt; font-family: Calibri, sans-serif; color: #000000;\"><span style=\"font-size: 12pt; color: #ffffff;\">&nbsp;<\/span><\/p>\n<p style=\"margin: 0cm 0cm 0.0001pt; font-size: 12pt; font-family: Calibri, sans-serif; color: #000000;\"><span style=\"color: #ffffff;\"><span style=\"font-size: 12pt;\">G\u00f6rme engelli \u00f6\u011frencilere ak\u0131ll\u0131 baston ula\u015ft\u0131rmak i\u00e7in ba\u015flatt\u0131\u011f\u0131m\u0131z change.org kampanyam\u0131z<\/span><span lang=\"TR\" style=\"font-size: 12pt;\">a<\/span><span style=\"font-size: 12pt;\"> 200.000\u2019den <\/span><span lang=\"TR\" style=\"font-size: 12pt;\">fazla <\/span><span style=\"font-size: 12pt;\">ki\u015fi<\/span><span lang=\"TR\" style=\"font-size: 12pt;\"> destek oldu.&nbsp;<\/span><span style=\"font-size: 12pt;\">WeWALK<\/span><span lang=\"TR\" style=\"font-size: 12pt;\"> ak\u0131ll\u0131 bastonu<\/span><span style=\"font-size: 12pt;\"> kullanmaya ba\u015flad\u0131k\u00e7a g\u00fcnl\u00fck hayatta ya\u015fad\u0131\u011f\u0131m sorunlar\u0131n azald\u0131\u011f\u0131n\u0131 ve daha ba\u011f\u0131ms\u0131z hareket edebildi\u011fimi ke\u015ffettim.&nbsp;<\/span><span lang=\"TR\" style=\"font-size: 12pt;\">Ak\u0131ll\u0131 baston ile benim cesaretim, ailemin de g\u00fcveni artt\u0131.<\/span><\/span><\/p>\n<p style=\"margin: 0cm 0cm 0.0001pt; font-size: 12pt; font-family: Calibri, sans-serif; color: #000000;\"><span lang=\"TR\" style=\"font-size: 12pt; color: #ffffff;\">&nbsp;<\/span><\/p>\n<p style=\"margin: 0cm 0cm 0.0001pt; font-size: 12pt; font-family: Calibri, sans-serif; color: #000000;\"><span style=\"color: #ffffff;\">Benim gibi, her g\u00f6rme engelli \u00f6\u011frencinin ak\u0131ll\u0131 bastona sahip olmas\u0131n\u0131 istedim ve bir kampanya ba\u015flatt\u0131m.<\/span><br><span style=\"color: #ffffff;\">&nbsp;<\/span><\/p>\n<p style=\"margin: 0cm 0cm 0.0001pt; font-size: 12pt; font-family: Calibri, sans-serif; color: #000000;\">\n<\/p><p style=\"margin: 0cm 0cm 0.0001pt; font-size: 12pt; font-family: Calibri, sans-serif; color: #000000;\"><span lang=\"TR\" style=\"color: #ffffff;\">WeWALK, d\u00fcnyan\u0131n en fazla okunan dergisi TIME taraf\u0131ndan 2019\u2019un en iyi icatlar\u0131ndan biri se\u00e7ilirken, Elon Musk\u2019\u0131n da ald\u0131\u011f\u0131 Edison Awards\u2019ta Alt\u0131n \u00d6d\u00fcl\u00fc ilk defa T\u00fcrkiye\u2019ye getirdi.<\/span><\/p>\n<p style=\"margin: 0cm 0cm 0.0001pt; font-size: 12pt; font-family: Calibri, sans-serif; color: #000000;\"><span lang=\"TR\" style=\"color: #ffffff;\">&nbsp;<\/span><\/p>\n<p style=\"margin: 0cm 0cm 0.0001pt; font-size: 12pt; font-family: Calibri, sans-serif; color: #000000;\"><span style=\"color: #ffffff;\"><span lang=\"TR\">T\u00fcrkiye\u2019de ihtiyac\u0131 olan t\u00fcm <\/span>g\u00f6rme engelli<span lang=\"TR\">lere ak\u0131ll\u0131 baston ula\u015ft\u0131rma hayalimizi, \u015fimdi de <\/span>Iyzico ve \u0130htiya\u00e7 Haritas\u0131 <span lang=\"TR\">ile b\u00fcy\u00fct\u00fcyoruz.<\/span><\/span><\/p><p style=\"margin: 0cm 0cm 0.0001pt; font-size: 12pt; font-family: Calibri, sans-serif; color: #000000;\"><span style=\"color: #ffffff;\"><span lang=\"TR\"><br><\/span><\/span><\/p>\n<p style=\"margin: 0cm 0cm 0.0001pt; font-size: 12pt; font-family: Calibri, sans-serif; color: #000000;\">\n<\/p><p style=\"margin: 0cm 0cm 0.0001pt; font-size: 12pt; font-family: Calibri, sans-serif; color: #000000;\">\n<\/p><p style=\"margin: 0cm 0cm 0.0001pt; font-size: 12pt; font-family: Calibri, sans-serif; color: #000000;\"><span style=\"color: #ffffff;\">Siz de <span lang=\"TR\">\u0130htiya\u00e7 Haritas\u0131 \u00fczerinden k<\/span>ampanyam\u0131za destek olabilir, T\u00fcrkiye\u2019nin d\u00f6rt bir yan\u0131ndaki g\u00f6rme engelli \u00f6\u011frencilere WeWALK ula\u015ft\u0131rabilirsiniz.<\/span><\/p>\n<p style=\"margin: 0cm 0cm 0.0001pt; font-size: 12pt; font-family: Calibri, sans-serif; color: #000000;\"><span style=\"color: #ffffff;\"><br><\/span><\/p>\n<p style=\"margin: 0cm 0cm 0.0001pt;\"><span style=\"font-family: Calibri, sans-serif;\"><span style=\"font-size: 16px;\"><b>G\u00f6rme engelli \u00f6\u011frencilere en g\u00fczel bayram hediyesini siz verin, onlar\u0131 WeWALK ak\u0131ll\u0131 baston ile bulu\u015fturun!<\/b><\/span><\/span><\/p>\n<p style=\"margin: 0cm 0cm 0.0001pt;\"><span style=\"font-family: Calibri, sans-serif;\"><span style=\"font-size: 16px;\"><b>&nbsp;<\/b><\/span><\/span><\/p>\n<p style=\"margin: 0cm 0cm 0.0001pt; font-size: 12pt; font-family: Calibri, sans-serif; color: #000000;\"><span style=\"color: #ffffff;\"><b>Z\u00fclal Tannur<\/b><\/span><\/p>\n<p style=\"margin: 0cm 0cm 0.0001pt; font-size: 12pt; font-family: Calibri, sans-serif; color: #000000;\">\n<\/p>\t\t\t\t\t\t\t\t<\/div>\n\t\t\t\t<\/div>\n\t\t\t\t\t<\/div>\n\t\t<\/div>\n\t\t\t\t\t<\/div>\n\t\t<\/section>\n\t\t\t\t<\/div>\n\t\t","protected":false},"excerpt":{"rendered":"<p>100 TL&#8217;lik Destek Paketi Sat\u0131n Al 200 TL&#8217;Lik Destek Paketi Sat\u0131n Al 500 TL&#8217;lik Destek Paketi Sat\u0131n Al WeWALK Paketi Sat\u0131n Al Neden Destek Olmal\u0131y\u0131m? T\u00fcrkiye&#8217;de 280 bin g\u00f6rme engelli&hellip;<\/p>\n","protected":false},"author":1,"featured_media":0,"parent":0,"menu_order":0,"comment_status":"closed","ping_status":"closed","template":"","meta":{"content-type":"","inline_featured_image":false,"footnotes":""},"class_list":["post-20222","page","type-page","status-publish","hentry"],"yoast_head":"<!-- This site is optimized with the Yoast SEO plugin v27.5 - https:\/\/yoast.com\/product\/yoast-seo-wordpress\/ -->\n<title>Birlikte Y\u00fcr\u00fcyelim Yeni - WeWALK Smart Cane<\/title>\n<meta name=\"robots\" content=\"index, follow, max-snippet:-1, max-image-preview:large, max-video-preview:-1\" \/>\n<link rel=\"canonical\" href=\"https:\/\/wewalk.io\/en\/birlikteyuruyelim-2\/\" \/>\n<meta property=\"og:locale\" content=\"en_US\" \/>\n<meta property=\"og:type\" content=\"article\" \/>\n<meta property=\"og:title\" content=\"Birlikte Y\u00fcr\u00fcyelim Yeni - WeWALK Smart Cane\" \/>\n<meta property=\"og:description\" content=\"100 TL&#8217;lik Destek Paketi Sat\u0131n Al 200 TL&#8217;Lik Destek Paketi Sat\u0131n Al 500 TL&#8217;lik Destek Paketi Sat\u0131n Al WeWALK Paketi Sat\u0131n Al Neden Destek Olmal\u0131y\u0131m? T\u00fcrkiye&#8217;de 280 bin g\u00f6rme engelli&hellip;\" \/>\n<meta property=\"og:url\" content=\"https:\/\/wewalk.io\/en\/birlikteyuruyelim-2\/\" \/>\n<meta property=\"og:site_name\" content=\"WeWALK Smart Cane\" \/>\n<meta property=\"article:publisher\" content=\"https:\/\/www.facebook.com\/wewalkio\" \/>\n<meta property=\"article:modified_time\" content=\"2023-09-27T18:01:27+00:00\" \/>\n<meta name=\"twitter:card\" content=\"summary_large_image\" \/>\n<meta name=\"twitter:site\" content=\"@wewalkio\" \/>\n<meta name=\"twitter:label1\" content=\"Est. reading time\" \/>\n\t<meta name=\"twitter:data1\" content=\"2 minutes\" \/>\n<script type=\"application\/ld+json\" class=\"yoast-schema-graph\">{\"@context\":\"https:\\\/\\\/schema.org\",\"@graph\":[{\"@type\":\"WebPage\",\"@id\":\"https:\\\/\\\/wewalk.io\\\/en\\\/birlikteyuruyelim-2\\\/\",\"url\":\"https:\\\/\\\/wewalk.io\\\/en\\\/birlikteyuruyelim-2\\\/\",\"name\":\"Birlikte Y\u00fcr\u00fcyelim Yeni - WeWALK Smart Cane\",\"isPartOf\":{\"@id\":\"https:\\\/\\\/wewalk.io\\\/en\\\/#website\"},\"datePublished\":\"2020-07-21T17:17:09+00:00\",\"dateModified\":\"2023-09-27T18:01:27+00:00\",\"breadcrumb\":{\"@id\":\"https:\\\/\\\/wewalk.io\\\/en\\\/birlikteyuruyelim-2\\\/#breadcrumb\"},\"inLanguage\":\"en-US\",\"potentialAction\":[{\"@type\":\"ReadAction\",\"target\":[\"https:\\\/\\\/wewalk.io\\\/en\\\/birlikteyuruyelim-2\\\/\"]}]},{\"@type\":\"BreadcrumbList\",\"@id\":\"https:\\\/\\\/wewalk.io\\\/en\\\/birlikteyuruyelim-2\\\/#breadcrumb\",\"itemListElement\":[{\"@type\":\"ListItem\",\"position\":1,\"name\":\"Home\",\"item\":\"https:\\\/\\\/wewalk.io\\\/en\\\/\"},{\"@type\":\"ListItem\",\"position\":2,\"name\":\"Birlikte Y\u00fcr\u00fcyelim Yeni\"}]},{\"@type\":\"WebSite\",\"@id\":\"https:\\\/\\\/wewalk.io\\\/en\\\/#website\",\"url\":\"https:\\\/\\\/wewalk.io\\\/en\\\/\",\"name\":\"WeWALK Smart Cane\",\"description\":\"Smart Cane for the Visually Impaired\",\"publisher\":{\"@id\":\"https:\\\/\\\/wewalk.io\\\/en\\\/#organization\"},\"potentialAction\":[{\"@type\":\"SearchAction\",\"target\":{\"@type\":\"EntryPoint\",\"urlTemplate\":\"https:\\\/\\\/wewalk.io\\\/en\\\/?s={search_term_string}\"},\"query-input\":{\"@type\":\"PropertyValueSpecification\",\"valueRequired\":true,\"valueName\":\"search_term_string\"}}],\"inLanguage\":\"en-US\"},{\"@type\":\"Organization\",\"@id\":\"https:\\\/\\\/wewalk.io\\\/en\\\/#organization\",\"name\":\"WeWALK Smart Cane\",\"url\":\"https:\\\/\\\/wewalk.io\\\/en\\\/\",\"logo\":{\"@type\":\"ImageObject\",\"inLanguage\":\"en-US\",\"@id\":\"https:\\\/\\\/wewalk.io\\\/en\\\/#\\\/schema\\\/logo\\\/image\\\/\",\"url\":\"https:\\\/\\\/wewalk.io\\\/wp-content\\\/uploads\\\/2020\\\/08\\\/logo-white.svg\",\"contentUrl\":\"https:\\\/\\\/wewalk.io\\\/wp-content\\\/uploads\\\/2020\\\/08\\\/logo-white.svg\",\"width\":186,\"height\":33,\"caption\":\"WeWALK Smart Cane\"},\"image\":{\"@id\":\"https:\\\/\\\/wewalk.io\\\/en\\\/#\\\/schema\\\/logo\\\/image\\\/\"},\"sameAs\":[\"https:\\\/\\\/www.facebook.com\\\/wewalkio\",\"https:\\\/\\\/x.com\\\/wewalkio\",\"https:\\\/\\\/www.instagram.com\\\/wewalkio\\\/\",\"https:\\\/\\\/www.linkedin.com\\\/company\\\/wewalk\",\"https:\\\/\\\/www.youtube.com\\\/channel\\\/UC_VH-4cZcAfcIObUPsMISyw\"]}]}<\/script>\n<!-- \/ Yoast SEO plugin. -->","yoast_head_json":{"title":"Birlikte Y\u00fcr\u00fcyelim Yeni - WeWALK Smart Cane","robots":{"index":"index","follow":"follow","max-snippet":"max-snippet:-1","max-image-preview":"max-image-preview:large","max-video-preview":"max-video-preview:-1"},"canonical":"https:\/\/wewalk.io\/en\/birlikteyuruyelim-2\/","og_locale":"en_US","og_type":"article","og_title":"Birlikte Y\u00fcr\u00fcyelim Yeni - WeWALK Smart Cane","og_description":"100 TL&#8217;lik Destek Paketi Sat\u0131n Al 200 TL&#8217;Lik Destek Paketi Sat\u0131n Al 500 TL&#8217;lik Destek Paketi Sat\u0131n Al WeWALK Paketi Sat\u0131n Al Neden Destek Olmal\u0131y\u0131m? T\u00fcrkiye&#8217;de 280 bin g\u00f6rme engelli&hellip;","og_url":"https:\/\/wewalk.io\/en\/birlikteyuruyelim-2\/","og_site_name":"WeWALK Smart Cane","article_publisher":"https:\/\/www.facebook.com\/wewalkio","article_modified_time":"2023-09-27T18:01:27+00:00","twitter_card":"summary_large_image","twitter_site":"@wewalkio","twitter_misc":{"Est. reading time":"2 minutes"},"schema":{"@context":"https:\/\/schema.org","@graph":[{"@type":"WebPage","@id":"https:\/\/wewalk.io\/en\/birlikteyuruyelim-2\/","url":"https:\/\/wewalk.io\/en\/birlikteyuruyelim-2\/","name":"Birlikte Y\u00fcr\u00fcyelim Yeni - WeWALK Smart Cane","isPartOf":{"@id":"https:\/\/wewalk.io\/en\/#website"},"datePublished":"2020-07-21T17:17:09+00:00","dateModified":"2023-09-27T18:01:27+00:00","breadcrumb":{"@id":"https:\/\/wewalk.io\/en\/birlikteyuruyelim-2\/#breadcrumb"},"inLanguage":"en-US","potentialAction":[{"@type":"ReadAction","target":["https:\/\/wewalk.io\/en\/birlikteyuruyelim-2\/"]}]},{"@type":"BreadcrumbList","@id":"https:\/\/wewalk.io\/en\/birlikteyuruyelim-2\/#breadcrumb","itemListElement":[{"@type":"ListItem","position":1,"name":"Home","item":"https:\/\/wewalk.io\/en\/"},{"@type":"ListItem","position":2,"name":"Birlikte Y\u00fcr\u00fcyelim Yeni"}]},{"@type":"WebSite","@id":"https:\/\/wewalk.io\/en\/#website","url":"https:\/\/wewalk.io\/en\/","name":"WeWALK Smart Cane","description":"Smart Cane for the Visually Impaired","publisher":{"@id":"https:\/\/wewalk.io\/en\/#organization"},"potentialAction":[{"@type":"SearchAction","target":{"@type":"EntryPoint","urlTemplate":"https:\/\/wewalk.io\/en\/?s={search_term_string}"},"query-input":{"@type":"PropertyValueSpecification","valueRequired":true,"valueName":"search_term_string"}}],"inLanguage":"en-US"},{"@type":"Organization","@id":"https:\/\/wewalk.io\/en\/#organization","name":"WeWALK Smart Cane","url":"https:\/\/wewalk.io\/en\/","logo":{"@type":"ImageObject","inLanguage":"en-US","@id":"https:\/\/wewalk.io\/en\/#\/schema\/logo\/image\/","url":"https:\/\/wewalk.io\/wp-content\/uploads\/2020\/08\/logo-white.svg","contentUrl":"https:\/\/wewalk.io\/wp-content\/uploads\/2020\/08\/logo-white.svg","width":186,"height":33,"caption":"WeWALK Smart Cane"},"image":{"@id":"https:\/\/wewalk.io\/en\/#\/schema\/logo\/image\/"},"sameAs":["https:\/\/www.facebook.com\/wewalkio","https:\/\/x.com\/wewalkio","https:\/\/www.instagram.com\/wewalkio\/","https:\/\/www.linkedin.com\/company\/wewalk","https:\/\/www.youtube.com\/channel\/UC_VH-4cZcAfcIObUPsMISyw"]}]}},"jetpack_sharing_enabled":true,"_links":{"self":[{"href":"https:\/\/wewalk.io\/en\/wp-json\/wp\/v2\/pages\/20222","targetHints":{"allow":["GET"]}}],"collection":[{"href":"https:\/\/wewalk.io\/en\/wp-json\/wp\/v2\/pages"}],"about":[{"href":"https:\/\/wewalk.io\/en\/wp-json\/wp\/v2\/types\/page"}],"author":[{"embeddable":true,"href":"https:\/\/wewalk.io\/en\/wp-json\/wp\/v2\/users\/1"}],"replies":[{"embeddable":true,"href":"https:\/\/wewalk.io\/en\/wp-json\/wp\/v2\/comments?post=20222"}],"version-history":[{"count":0,"href":"https:\/\/wewalk.io\/en\/wp-json\/wp\/v2\/pages\/20222\/revisions"}],"wp:attachment":[{"href":"https:\/\/wewalk.io\/en\/wp-json\/wp\/v2\/media?parent=20222"}],"curies":[{"name":"wp","href":"https:\/\/api.w.org\/{rel}","templated":true}]}}