{"id":27436,"date":"2021-05-31T11:47:06","date_gmt":"2021-05-31T11:47:06","guid":{"rendered":"https:\/\/wewalk.io\/?page_id=27436"},"modified":"2021-05-31T11:48:24","modified_gmt":"2021-05-31T11:48:24","slug":"erisilebilir-kodlama-egitimleri","status":"publish","type":"page","link":"https:\/\/wewalk.io\/en\/erisilebilir-kodlama-egitimleri\/","title":{"rendered":"Eri\u015filebilir Kodlama E\u011fitimleri"},"content":{"rendered":"\n<p>Eri\u015filebilir Kodlama E\u011fitimleri<\/p>\n\n\n\n<p>Son y\u0131llarda en pop\u00fcler konulardan birisi kodlama. \u00d6\u011frenciler, profesyonel olarak \u00e7al\u0131\u015fan ki\u015filer kodlama \u00f6\u011freniyor ve bir\u00e7ok ki\u015fi kodlama \u00f6\u011frenmek i\u00e7in te\u015fvik ediliyor. Peki kodlama \u00f6\u011frenme kaynaklar\u0131 eri\u015filebilir mi? WeWALK ekibi olarak eri\u015filebilir olan kaynaklar\u0131 sizler i\u00e7in bir araya getirdik. \u00c7o\u011funlukla Python kaynaklar\u0131n\u0131 payla\u015faca\u011f\u0131z ancak payla\u015ft\u0131\u011f\u0131m\u0131z baz\u0131 kaynaklar farkl\u0131 diller ile ilgili de i\u00e7erikler sa\u011fl\u0131yor. Python, insan diline \u00e7ok yak\u0131n olan anlamas\u0131 ve \u00f6\u011frenmesi \u00e7ok kolay ve en pop\u00fcler programlama dillerinden birisidir. Yapay zeka, g\u00f6r\u00fcnt\u00fc i\u015fleme gibi teknolojiler ba\u015fta olmak \u00fczere bir\u00e7ok alanda kullan\u0131lmaktad\u0131r.<\/p>\n\n\n\n<p>Bir geli\u015ftirici arac\u0131 olan Github\u2019a g\u00f6re en pop\u00fcler ikinci programlama dilidir.<\/p>\n\n\n\n<p>Listeledi\u011fimiz kaynaklar\u0131n baz\u0131lar\u0131 yaz\u0131l\u0131 baz\u0131lar\u0131 ise video i\u00e7eriklidir ancak video olan e\u011fitimlerin kod \u00f6rnekleri yaz\u0131l\u0131 olarak sayfada bulundu\u011fu i\u00e7in takip edilebilir.<\/p>\n\n\n\n<h2 class=\"wp-block-heading\">Python \u0130stihza<\/h2>\n\n\n\n<p>\u0130stihza Python projesi F\u0131rat \u0130zg\u00fcl taraf\u0131ndan ba\u015flat\u0131lm\u0131\u015f T\u00fcrkiye\u2019de daha fazla ki\u015finin Python ile tan\u0131\u015fmas\u0131n\u0131 ama\u00e7layan bir e\u011fitim projesidir. A\u00e7\u0131k kaynak olan bu e\u011fitim ba\u015flang\u0131\u00e7tan ileri seviyeye kadar Python \u00f6\u011fretmeyi ama\u00e7lamaktad\u0131r. \u0130\u00e7erikler tamamen yaz\u0131l\u0131 ve eri\u015filebilirdir. Proje \u015fu anda aktif olarak desteklenmiyor ancak internet sayfas\u0131ndan t\u00fcm i\u00e7eriklere ula\u015fmak m\u00fcmk\u00fcn.<\/p>\n\n\n\n<p><a href=\"https:\/\/python-istihza.yazbel.com\/\">\u0130stihza web sayfas\u0131na gitmek i\u00e7in t\u0131klay\u0131n<\/a><\/p>\n\n\n\n<h2 class=\"wp-block-heading\">Veri Defteri Python E\u011fitimleri<\/h2>\n\n\n\n<p>Veri Defteri g\u00f6n\u00fcll\u00fc ki\u015filer taraf\u0131ndan programlama, makine \u00f6\u011frenmesi ve veri bilimi alan\u0131nda i\u00e7erikler yaz\u0131lan bir blog sayfas\u0131d\u0131r.<\/p>\n\n\n\n<p>Zaman zaman yeni i\u00e7erikler eklenen blogta ba\u015flang\u0131\u00e7tan ileri seviyeye kadar Python e\u011fitimleri bulunmaktad\u0131r.<\/p>\n\n\n\n<p><a href=\"http:\/\/www.veridefteri.com\/category\/python-giris\/\">Veri Defteri web sayfas\u0131na gitmek i\u00e7in t\u0131klay\u0131n<\/a><\/p>\n\n\n\n<h2 class=\"wp-block-heading\">Python Resmi D\u00f6k\u00fcmantasyonu<\/h2>\n\n\n\n<p>Python\u2019un resmi web sitesindeki d\u00f6k\u00fcmantasyonunda yaz\u0131l\u0131 olarak t\u00fcm konulara ula\u015fmak m\u00fcmk\u00fcn. \u0130ngilizce olan bu sayfada Python ile ilgili bir\u00e7ok konuya ula\u015fmak m\u00fcmk\u00fcn.<\/p>\n\n\n\n<figure class=\"wp-block-embed\"><div class=\"wp-block-embed__wrapper\">\nhttps:\/\/www.python.org\/\n<\/div><\/figure>\n\n\n\n<h2 class=\"wp-block-heading\">Freecode Camp<\/h2>\n\n\n\n<p>Freecode Camp\u2019\u0131n temel amac\u0131 herkesin kodlama e\u011fitimlerine \u00fccretsiz ve kolay bir \u015fekilde ula\u015fabilmesi. Platform i\u00e7erisinde bir\u00e7ok farkl\u0131 programlama dili i\u00e7in e\u011fitimler bulunuyor.Python ile ilgili e\u011fitimlere FreeCode Camp \u00fczerinden ula\u015fabilirsiniz. Videolar\u0131n alt\u0131nda \u00f6rneklerin yaz\u0131l\u0131 hali bulunuyor. B\u00f6ylece t\u00fcm e\u011fitimler takip edilebilir. Ayr\u0131ca e\u011fitimlerin sonunda testler ile \u00f6\u011frendiklerinizi takip edebilirsiniz.<\/p>\n\n\n\n<p><a href=\"https:\/\/frecodecamp.org\/\">Free code Camp web sayfas\u0131na gitmek i\u00e7in t\u0131klay\u0131n<\/a><\/p>\n\n\n\n<h2 class=\"wp-block-heading\">Khan Academy<\/h2>\n\n\n\n<p>Khan academy d\u00fcnyadaki en pop\u00fcler kar amac\u0131 g\u00fctmeyen e\u011fitim platformlar\u0131ndan birisidir. \u0130\u00e7erisinde bir\u00e7ok farkl\u0131 konuda video e\u011fitimler bulunuyor.<\/p>\n\n\n\n<p>Bilgisayar bilimleri, ekonomi, i\u015fletme, temel bilimler gibi konularda e\u011fitimler bulunabilir. Python ve di\u011fer programlama dilleri ile ilgili i\u00e7erikler bulunabilir.<\/p>\n\n\n\n<p>Video e\u011fitimlerin alt\u0131nda t\u00fcm i\u00e7erik yaz\u0131 olarak bulunuyor. B\u00f6ylece eri\u015filebilir takip edilebilir.<\/p>\n\n\n\n<p><a href=\"https:\/\/tr.khanacademy.org\/\">Khan Academy web sayfas\u0131na gitmek i\u00e7in t\u0131klay\u0131n<\/a><\/p>\n\n\n\n<p>Bu yaz\u0131 i\u00e7erisinde eri\u015filebilir programlama \u00f6\u011frenme kaynaklar\u0131n\u0131 payla\u015ft\u0131k. E\u011fer sizin de takip etti\u011finiz farkl\u0131 kaynaklar varsa bu kaynaklar\u0131 veya i\u00e7eriklerimiz ile ilgili d\u00fc\u015f\u00fcncelerinizi bizimle<\/p>\n\n\n\n<p><a href=\"mailto:info@wewalk.io\">info@wewalk.io<\/a> adresi \u00fczerinden payla\u015fabilirsiniz.<\/p>\n\n\n\n<h1 class=\"wp-block-heading\">\u00d6nemliDuyuru<\/h1>\n\n\n\n<p>E\u011fer sizin de WeWALK uygulamas\u0131nda yay\u0131mlanmas\u0131n\u0131 istedi\u011finiz bir i\u00e7eri\u011finiz varsa bize <a href=\"mailto:info@wewalk.io\">info@wewalk.io<\/a> adresi \u00fczerinden g\u00f6nderebilirsiniz. Ekibimizin incelemesi ard\u0131ndan uygulama i\u00e7erisinde t\u00fcm kullan\u0131c\u0131lar\u0131m\u0131z ile payla\u015f\u0131lacakt\u0131r.<\/p>\n","protected":false},"excerpt":{"rendered":"<p>Eri\u015filebilir Kodlama E\u011fitimleri Son y\u0131llarda en pop\u00fcler konulardan birisi kodlama. \u00d6\u011frenciler, profesyonel olarak \u00e7al\u0131\u015fan ki\u015filer kodlama \u00f6\u011freniyor ve bir\u00e7ok ki\u015fi kodlama \u00f6\u011frenmek i\u00e7in te\u015fvik ediliyor. Peki kodlama \u00f6\u011frenme kaynaklar\u0131 eri\u015filebilir&hellip;<\/p>\n","protected":false},"author":16,"featured_media":0,"parent":0,"menu_order":0,"comment_status":"closed","ping_status":"closed","template":"elementor_canvas","meta":{"content-type":"","inline_featured_image":false,"footnotes":""},"class_list":["post-27436","page","type-page","status-publish","hentry"],"yoast_head":"<!-- This site is optimized with the Yoast SEO plugin v27.5 - https:\/\/yoast.com\/product\/yoast-seo-wordpress\/ -->\n<title>Eri\u015filebilir Kodlama E\u011fitimleri - WeWALK Smart Cane<\/title>\n<meta name=\"robots\" content=\"index, follow, max-snippet:-1, max-image-preview:large, max-video-preview:-1\" \/>\n<link rel=\"canonical\" href=\"https:\/\/wewalk.io\/en\/erisilebilir-kodlama-egitimleri\/\" \/>\n<meta property=\"og:locale\" content=\"en_US\" \/>\n<meta property=\"og:type\" content=\"article\" \/>\n<meta property=\"og:title\" content=\"Eri\u015filebilir Kodlama E\u011fitimleri - WeWALK Smart Cane\" \/>\n<meta property=\"og:description\" content=\"Eri\u015filebilir Kodlama E\u011fitimleri Son y\u0131llarda en pop\u00fcler konulardan birisi kodlama. \u00d6\u011frenciler, profesyonel olarak \u00e7al\u0131\u015fan ki\u015filer kodlama \u00f6\u011freniyor ve bir\u00e7ok ki\u015fi kodlama \u00f6\u011frenmek i\u00e7in te\u015fvik ediliyor. Peki kodlama \u00f6\u011frenme kaynaklar\u0131 eri\u015filebilir&hellip;\" \/>\n<meta property=\"og:url\" content=\"https:\/\/wewalk.io\/en\/erisilebilir-kodlama-egitimleri\/\" \/>\n<meta property=\"og:site_name\" content=\"WeWALK Smart Cane\" \/>\n<meta property=\"article:publisher\" content=\"https:\/\/www.facebook.com\/wewalkio\" \/>\n<meta property=\"article:modified_time\" content=\"2021-05-31T11:48:24+00:00\" \/>\n<meta name=\"twitter:card\" content=\"summary_large_image\" \/>\n<meta name=\"twitter:site\" content=\"@wewalkio\" \/>\n<meta name=\"twitter:label1\" content=\"Est. reading time\" \/>\n\t<meta name=\"twitter:data1\" content=\"2 minutes\" \/>\n<script type=\"application\/ld+json\" class=\"yoast-schema-graph\">{\"@context\":\"https:\\\/\\\/schema.org\",\"@graph\":[{\"@type\":\"WebPage\",\"@id\":\"https:\\\/\\\/wewalk.io\\\/en\\\/erisilebilir-kodlama-egitimleri\\\/\",\"url\":\"https:\\\/\\\/wewalk.io\\\/en\\\/erisilebilir-kodlama-egitimleri\\\/\",\"name\":\"Eri\u015filebilir Kodlama E\u011fitimleri - WeWALK Smart Cane\",\"isPartOf\":{\"@id\":\"https:\\\/\\\/wewalk.io\\\/en\\\/#website\"},\"datePublished\":\"2021-05-31T11:47:06+00:00\",\"dateModified\":\"2021-05-31T11:48:24+00:00\",\"breadcrumb\":{\"@id\":\"https:\\\/\\\/wewalk.io\\\/en\\\/erisilebilir-kodlama-egitimleri\\\/#breadcrumb\"},\"inLanguage\":\"en-US\",\"potentialAction\":[{\"@type\":\"ReadAction\",\"target\":[\"https:\\\/\\\/wewalk.io\\\/en\\\/erisilebilir-kodlama-egitimleri\\\/\"]}]},{\"@type\":\"BreadcrumbList\",\"@id\":\"https:\\\/\\\/wewalk.io\\\/en\\\/erisilebilir-kodlama-egitimleri\\\/#breadcrumb\",\"itemListElement\":[{\"@type\":\"ListItem\",\"position\":1,\"name\":\"Home\",\"item\":\"https:\\\/\\\/wewalk.io\\\/en\\\/\"},{\"@type\":\"ListItem\",\"position\":2,\"name\":\"Eri\u015filebilir Kodlama E\u011fitimleri\"}]},{\"@type\":\"WebSite\",\"@id\":\"https:\\\/\\\/wewalk.io\\\/en\\\/#website\",\"url\":\"https:\\\/\\\/wewalk.io\\\/en\\\/\",\"name\":\"WeWALK Smart Cane\",\"description\":\"Smart Cane for the Visually Impaired\",\"publisher\":{\"@id\":\"https:\\\/\\\/wewalk.io\\\/en\\\/#organization\"},\"potentialAction\":[{\"@type\":\"SearchAction\",\"target\":{\"@type\":\"EntryPoint\",\"urlTemplate\":\"https:\\\/\\\/wewalk.io\\\/en\\\/?s={search_term_string}\"},\"query-input\":{\"@type\":\"PropertyValueSpecification\",\"valueRequired\":true,\"valueName\":\"search_term_string\"}}],\"inLanguage\":\"en-US\"},{\"@type\":\"Organization\",\"@id\":\"https:\\\/\\\/wewalk.io\\\/en\\\/#organization\",\"name\":\"WeWALK Smart Cane\",\"url\":\"https:\\\/\\\/wewalk.io\\\/en\\\/\",\"logo\":{\"@type\":\"ImageObject\",\"inLanguage\":\"en-US\",\"@id\":\"https:\\\/\\\/wewalk.io\\\/en\\\/#\\\/schema\\\/logo\\\/image\\\/\",\"url\":\"https:\\\/\\\/wewalk.io\\\/wp-content\\\/uploads\\\/2020\\\/08\\\/logo-white.svg\",\"contentUrl\":\"https:\\\/\\\/wewalk.io\\\/wp-content\\\/uploads\\\/2020\\\/08\\\/logo-white.svg\",\"width\":186,\"height\":33,\"caption\":\"WeWALK Smart Cane\"},\"image\":{\"@id\":\"https:\\\/\\\/wewalk.io\\\/en\\\/#\\\/schema\\\/logo\\\/image\\\/\"},\"sameAs\":[\"https:\\\/\\\/www.facebook.com\\\/wewalkio\",\"https:\\\/\\\/x.com\\\/wewalkio\",\"https:\\\/\\\/www.instagram.com\\\/wewalkio\\\/\",\"https:\\\/\\\/www.linkedin.com\\\/company\\\/wewalk\",\"https:\\\/\\\/www.youtube.com\\\/channel\\\/UC_VH-4cZcAfcIObUPsMISyw\"]}]}<\/script>\n<!-- \/ Yoast SEO plugin. -->","yoast_head_json":{"title":"Eri\u015filebilir Kodlama E\u011fitimleri - WeWALK Smart Cane","robots":{"index":"index","follow":"follow","max-snippet":"max-snippet:-1","max-image-preview":"max-image-preview:large","max-video-preview":"max-video-preview:-1"},"canonical":"https:\/\/wewalk.io\/en\/erisilebilir-kodlama-egitimleri\/","og_locale":"en_US","og_type":"article","og_title":"Eri\u015filebilir Kodlama E\u011fitimleri - WeWALK Smart Cane","og_description":"Eri\u015filebilir Kodlama E\u011fitimleri Son y\u0131llarda en pop\u00fcler konulardan birisi kodlama. \u00d6\u011frenciler, profesyonel olarak \u00e7al\u0131\u015fan ki\u015filer kodlama \u00f6\u011freniyor ve bir\u00e7ok ki\u015fi kodlama \u00f6\u011frenmek i\u00e7in te\u015fvik ediliyor. Peki kodlama \u00f6\u011frenme kaynaklar\u0131 eri\u015filebilir&hellip;","og_url":"https:\/\/wewalk.io\/en\/erisilebilir-kodlama-egitimleri\/","og_site_name":"WeWALK Smart Cane","article_publisher":"https:\/\/www.facebook.com\/wewalkio","article_modified_time":"2021-05-31T11:48:24+00:00","twitter_card":"summary_large_image","twitter_site":"@wewalkio","twitter_misc":{"Est. reading time":"2 minutes"},"schema":{"@context":"https:\/\/schema.org","@graph":[{"@type":"WebPage","@id":"https:\/\/wewalk.io\/en\/erisilebilir-kodlama-egitimleri\/","url":"https:\/\/wewalk.io\/en\/erisilebilir-kodlama-egitimleri\/","name":"Eri\u015filebilir Kodlama E\u011fitimleri - WeWALK Smart Cane","isPartOf":{"@id":"https:\/\/wewalk.io\/en\/#website"},"datePublished":"2021-05-31T11:47:06+00:00","dateModified":"2021-05-31T11:48:24+00:00","breadcrumb":{"@id":"https:\/\/wewalk.io\/en\/erisilebilir-kodlama-egitimleri\/#breadcrumb"},"inLanguage":"en-US","potentialAction":[{"@type":"ReadAction","target":["https:\/\/wewalk.io\/en\/erisilebilir-kodlama-egitimleri\/"]}]},{"@type":"BreadcrumbList","@id":"https:\/\/wewalk.io\/en\/erisilebilir-kodlama-egitimleri\/#breadcrumb","itemListElement":[{"@type":"ListItem","position":1,"name":"Home","item":"https:\/\/wewalk.io\/en\/"},{"@type":"ListItem","position":2,"name":"Eri\u015filebilir Kodlama E\u011fitimleri"}]},{"@type":"WebSite","@id":"https:\/\/wewalk.io\/en\/#website","url":"https:\/\/wewalk.io\/en\/","name":"WeWALK Smart Cane","description":"Smart Cane for the Visually Impaired","publisher":{"@id":"https:\/\/wewalk.io\/en\/#organization"},"potentialAction":[{"@type":"SearchAction","target":{"@type":"EntryPoint","urlTemplate":"https:\/\/wewalk.io\/en\/?s={search_term_string}"},"query-input":{"@type":"PropertyValueSpecification","valueRequired":true,"valueName":"search_term_string"}}],"inLanguage":"en-US"},{"@type":"Organization","@id":"https:\/\/wewalk.io\/en\/#organization","name":"WeWALK Smart Cane","url":"https:\/\/wewalk.io\/en\/","logo":{"@type":"ImageObject","inLanguage":"en-US","@id":"https:\/\/wewalk.io\/en\/#\/schema\/logo\/image\/","url":"https:\/\/wewalk.io\/wp-content\/uploads\/2020\/08\/logo-white.svg","contentUrl":"https:\/\/wewalk.io\/wp-content\/uploads\/2020\/08\/logo-white.svg","width":186,"height":33,"caption":"WeWALK Smart Cane"},"image":{"@id":"https:\/\/wewalk.io\/en\/#\/schema\/logo\/image\/"},"sameAs":["https:\/\/www.facebook.com\/wewalkio","https:\/\/x.com\/wewalkio","https:\/\/www.instagram.com\/wewalkio\/","https:\/\/www.linkedin.com\/company\/wewalk","https:\/\/www.youtube.com\/channel\/UC_VH-4cZcAfcIObUPsMISyw"]}]}},"jetpack_sharing_enabled":true,"_links":{"self":[{"href":"https:\/\/wewalk.io\/en\/wp-json\/wp\/v2\/pages\/27436","targetHints":{"allow":["GET"]}}],"collection":[{"href":"https:\/\/wewalk.io\/en\/wp-json\/wp\/v2\/pages"}],"about":[{"href":"https:\/\/wewalk.io\/en\/wp-json\/wp\/v2\/types\/page"}],"author":[{"embeddable":true,"href":"https:\/\/wewalk.io\/en\/wp-json\/wp\/v2\/users\/16"}],"replies":[{"embeddable":true,"href":"https:\/\/wewalk.io\/en\/wp-json\/wp\/v2\/comments?post=27436"}],"version-history":[{"count":0,"href":"https:\/\/wewalk.io\/en\/wp-json\/wp\/v2\/pages\/27436\/revisions"}],"wp:attachment":[{"href":"https:\/\/wewalk.io\/en\/wp-json\/wp\/v2\/media?parent=27436"}],"curies":[{"name":"wp","href":"https:\/\/api.w.org\/{rel}","templated":true}]}}