
{"id":29618,"date":"2022-01-12T10:07:28","date_gmt":"2022-01-12T10:07:28","guid":{"rendered":"https:\/\/wewalk.io\/?page_id=29618"},"modified":"2022-01-13T08:03:44","modified_gmt":"2022-01-13T08:03:44","slug":"answer8","status":"publish","type":"page","link":"https:\/\/wewalk.io\/en\/answer8\/","title":{"rendered":"Answer8"},"content":{"rendered":"<p>Thank you so much for taking the time to complete our survey. If you would like to share any additional feedback with our team, please send us an email at info@wewalk.io. Have a wonderful day!<\/p>\n<p>***<\/p>\n<p>Anketimizi tamamlamaya ay\u0131rd\u0131\u011f\u0131n zaman i\u00e7in \u00e7ok te\u015fekk\u00fcr ederiz. Ekibimizle herhangi bir ek geri bildirim payla\u015fmak istersen, l\u00fctfen bize info@wewalk.io adresinden bir e-posta g\u00f6nderin. \u0130yi g\u00fcnler<\/p>\n","protected":false},"excerpt":{"rendered":"<p>Thank you so much for taking the time to complete our survey. If you would like to share any additional feedback with our team, please send us an email at&hellip;<\/p>\n","protected":false},"author":1,"featured_media":0,"parent":0,"menu_order":0,"comment_status":"closed","ping_status":"closed","template":"elementor_canvas","meta":{"inline_featured_image":false,"footnotes":""},"class_list":["post-29618","page","type-page","status-publish","hentry"],"yoast_head":"<!-- This site is optimized with the Yoast SEO plugin v27.3 - https:\/\/yoast.com\/product\/yoast-seo-wordpress\/ -->\n<title>Answer8 - WeWALK Smart Cane<\/title>\n<meta name=\"robots\" content=\"index, follow, max-snippet:-1, max-image-preview:large, max-video-preview:-1\" \/>\n<link rel=\"canonical\" href=\"https:\/\/wewalk.io\/en\/answer8\/\" \/>\n<meta property=\"og:locale\" content=\"en_US\" \/>\n<meta property=\"og:type\" content=\"article\" \/>\n<meta property=\"og:title\" content=\"Answer8 - WeWALK Smart Cane\" \/>\n<meta property=\"og:description\" content=\"Thank you so much for taking the time to complete our survey. If you would like to share any additional feedback with our team, please send us an email at&hellip;\" \/>\n<meta property=\"og:url\" content=\"https:\/\/wewalk.io\/en\/answer8\/\" \/>\n<meta property=\"og:site_name\" content=\"WeWALK Smart Cane\" \/>\n<meta property=\"article:publisher\" content=\"https:\/\/www.facebook.com\/wewalkio\" \/>\n<meta property=\"article:modified_time\" content=\"2022-01-13T08:03:44+00:00\" \/>\n<meta name=\"twitter:card\" content=\"summary_large_image\" \/>\n<meta name=\"twitter:site\" content=\"@wewalkio\" \/>\n<meta name=\"twitter:label1\" content=\"Est. reading time\" \/>\n\t<meta name=\"twitter:data1\" content=\"1 minute\" \/>\n<script type=\"application\/ld+json\" class=\"yoast-schema-graph\">{\"@context\":\"https:\\\/\\\/schema.org\",\"@graph\":[{\"@type\":\"WebPage\",\"@id\":\"https:\\\/\\\/wewalk.io\\\/en\\\/answer8\\\/\",\"url\":\"https:\\\/\\\/wewalk.io\\\/en\\\/answer8\\\/\",\"name\":\"Answer8 - WeWALK Smart Cane\",\"isPartOf\":{\"@id\":\"https:\\\/\\\/wewalk.io\\\/en\\\/#website\"},\"datePublished\":\"2022-01-12T10:07:28+00:00\",\"dateModified\":\"2022-01-13T08:03:44+00:00\",\"breadcrumb\":{\"@id\":\"https:\\\/\\\/wewalk.io\\\/en\\\/answer8\\\/#breadcrumb\"},\"inLanguage\":\"en-US\",\"potentialAction\":[{\"@type\":\"ReadAction\",\"target\":[\"https:\\\/\\\/wewalk.io\\\/en\\\/answer8\\\/\"]}]},{\"@type\":\"BreadcrumbList\",\"@id\":\"https:\\\/\\\/wewalk.io\\\/en\\\/answer8\\\/#breadcrumb\",\"itemListElement\":[{\"@type\":\"ListItem\",\"position\":1,\"name\":\"Home\",\"item\":\"https:\\\/\\\/wewalk.io\\\/en\\\/\"},{\"@type\":\"ListItem\",\"position\":2,\"name\":\"Answer8\"}]},{\"@type\":\"WebSite\",\"@id\":\"https:\\\/\\\/wewalk.io\\\/en\\\/#website\",\"url\":\"https:\\\/\\\/wewalk.io\\\/en\\\/\",\"name\":\"WeWALK Smart Cane\",\"description\":\"Smart Cane for the Visually Impaired\",\"publisher\":{\"@id\":\"https:\\\/\\\/wewalk.io\\\/en\\\/#organization\"},\"potentialAction\":[{\"@type\":\"SearchAction\",\"target\":{\"@type\":\"EntryPoint\",\"urlTemplate\":\"https:\\\/\\\/wewalk.io\\\/en\\\/?s={search_term_string}\"},\"query-input\":{\"@type\":\"PropertyValueSpecification\",\"valueRequired\":true,\"valueName\":\"search_term_string\"}}],\"inLanguage\":\"en-US\"},{\"@type\":\"Organization\",\"@id\":\"https:\\\/\\\/wewalk.io\\\/en\\\/#organization\",\"name\":\"WeWALK Smart Cane\",\"url\":\"https:\\\/\\\/wewalk.io\\\/en\\\/\",\"logo\":{\"@type\":\"ImageObject\",\"inLanguage\":\"en-US\",\"@id\":\"https:\\\/\\\/wewalk.io\\\/en\\\/#\\\/schema\\\/logo\\\/image\\\/\",\"url\":\"https:\\\/\\\/wewalk.io\\\/wp-content\\\/uploads\\\/2020\\\/08\\\/logo-white.svg\",\"contentUrl\":\"https:\\\/\\\/wewalk.io\\\/wp-content\\\/uploads\\\/2020\\\/08\\\/logo-white.svg\",\"width\":186,\"height\":33,\"caption\":\"WeWALK Smart Cane\"},\"image\":{\"@id\":\"https:\\\/\\\/wewalk.io\\\/en\\\/#\\\/schema\\\/logo\\\/image\\\/\"},\"sameAs\":[\"https:\\\/\\\/www.facebook.com\\\/wewalkio\",\"https:\\\/\\\/x.com\\\/wewalkio\",\"https:\\\/\\\/www.instagram.com\\\/wewalkio\\\/\",\"https:\\\/\\\/www.linkedin.com\\\/company\\\/wewalk\",\"https:\\\/\\\/www.youtube.com\\\/channel\\\/UC_VH-4cZcAfcIObUPsMISyw\"]}]}<\/script>\n<!-- \/ Yoast SEO plugin. -->","yoast_head_json":{"title":"Answer8 - WeWALK Smart Cane","robots":{"index":"index","follow":"follow","max-snippet":"max-snippet:-1","max-image-preview":"max-image-preview:large","max-video-preview":"max-video-preview:-1"},"canonical":"https:\/\/wewalk.io\/en\/answer8\/","og_locale":"en_US","og_type":"article","og_title":"Answer8 - WeWALK Smart Cane","og_description":"Thank you so much for taking the time to complete our survey. If you would like to share any additional feedback with our team, please send us an email at&hellip;","og_url":"https:\/\/wewalk.io\/en\/answer8\/","og_site_name":"WeWALK Smart Cane","article_publisher":"https:\/\/www.facebook.com\/wewalkio","article_modified_time":"2022-01-13T08:03:44+00:00","twitter_card":"summary_large_image","twitter_site":"@wewalkio","twitter_misc":{"Est. reading time":"1 minute"},"schema":{"@context":"https:\/\/schema.org","@graph":[{"@type":"WebPage","@id":"https:\/\/wewalk.io\/en\/answer8\/","url":"https:\/\/wewalk.io\/en\/answer8\/","name":"Answer8 - WeWALK Smart Cane","isPartOf":{"@id":"https:\/\/wewalk.io\/en\/#website"},"datePublished":"2022-01-12T10:07:28+00:00","dateModified":"2022-01-13T08:03:44+00:00","breadcrumb":{"@id":"https:\/\/wewalk.io\/en\/answer8\/#breadcrumb"},"inLanguage":"en-US","potentialAction":[{"@type":"ReadAction","target":["https:\/\/wewalk.io\/en\/answer8\/"]}]},{"@type":"BreadcrumbList","@id":"https:\/\/wewalk.io\/en\/answer8\/#breadcrumb","itemListElement":[{"@type":"ListItem","position":1,"name":"Home","item":"https:\/\/wewalk.io\/en\/"},{"@type":"ListItem","position":2,"name":"Answer8"}]},{"@type":"WebSite","@id":"https:\/\/wewalk.io\/en\/#website","url":"https:\/\/wewalk.io\/en\/","name":"WeWALK Smart Cane","description":"Smart Cane for the Visually Impaired","publisher":{"@id":"https:\/\/wewalk.io\/en\/#organization"},"potentialAction":[{"@type":"SearchAction","target":{"@type":"EntryPoint","urlTemplate":"https:\/\/wewalk.io\/en\/?s={search_term_string}"},"query-input":{"@type":"PropertyValueSpecification","valueRequired":true,"valueName":"search_term_string"}}],"inLanguage":"en-US"},{"@type":"Organization","@id":"https:\/\/wewalk.io\/en\/#organization","name":"WeWALK Smart Cane","url":"https:\/\/wewalk.io\/en\/","logo":{"@type":"ImageObject","inLanguage":"en-US","@id":"https:\/\/wewalk.io\/en\/#\/schema\/logo\/image\/","url":"https:\/\/wewalk.io\/wp-content\/uploads\/2020\/08\/logo-white.svg","contentUrl":"https:\/\/wewalk.io\/wp-content\/uploads\/2020\/08\/logo-white.svg","width":186,"height":33,"caption":"WeWALK Smart Cane"},"image":{"@id":"https:\/\/wewalk.io\/en\/#\/schema\/logo\/image\/"},"sameAs":["https:\/\/www.facebook.com\/wewalkio","https:\/\/x.com\/wewalkio","https:\/\/www.instagram.com\/wewalkio\/","https:\/\/www.linkedin.com\/company\/wewalk","https:\/\/www.youtube.com\/channel\/UC_VH-4cZcAfcIObUPsMISyw"]}]}},"jetpack_sharing_enabled":true,"_links":{"self":[{"href":"https:\/\/wewalk.io\/en\/wp-json\/wp\/v2\/pages\/29618","targetHints":{"allow":["GET"]}}],"collection":[{"href":"https:\/\/wewalk.io\/en\/wp-json\/wp\/v2\/pages"}],"about":[{"href":"https:\/\/wewalk.io\/en\/wp-json\/wp\/v2\/types\/page"}],"author":[{"embeddable":true,"href":"https:\/\/wewalk.io\/en\/wp-json\/wp\/v2\/users\/1"}],"replies":[{"embeddable":true,"href":"https:\/\/wewalk.io\/en\/wp-json\/wp\/v2\/comments?post=29618"}],"version-history":[{"count":0,"href":"https:\/\/wewalk.io\/en\/wp-json\/wp\/v2\/pages\/29618\/revisions"}],"wp:attachment":[{"href":"https:\/\/wewalk.io\/en\/wp-json\/wp\/v2\/media?parent=29618"}],"curies":[{"name":"wp","href":"https:\/\/api.w.org\/{rel}","templated":true}]}}