{"id":36272,"date":"2024-02-14T11:39:43","date_gmt":"2024-02-14T11:39:43","guid":{"rendered":"https:\/\/wewalk.io\/?page_id=36272"},"modified":"2026-04-28T15:28:14","modified_gmt":"2026-04-28T15:28:14","slug":"contact-us","status":"publish","type":"page","link":"https:\/\/wewalk.io\/en\/contact-us\/","title":{"rendered":"Contact Us"},"content":{"rendered":"\t\t<div data-elementor-type=\"wp-page\" data-elementor-id=\"36272\" class=\"elementor elementor-36272\" data-elementor-post-type=\"page\">\n\t\t\t\t<div class=\"elementor-element elementor-element-a704809 e-flex e-con-boxed e-con e-parent\" data-id=\"a704809\" data-element_type=\"container\" data-e-type=\"container\" id=\"main\" data-settings=\"{&quot;background_background&quot;:&quot;classic&quot;}\">\n\t\t\t\t\t<div class=\"e-con-inner\">\n\t\t<div class=\"elementor-element elementor-element-a544651 e-flex e-con-boxed e-con e-child\" data-id=\"a544651\" data-element_type=\"container\" data-e-type=\"container\">\n\t\t\t\t\t<div class=\"e-con-inner\">\n\t\t\t\t<div class=\"elementor-element elementor-element-e7b2a1c elementor-widget elementor-widget-heading\" data-id=\"e7b2a1c\" data-element_type=\"widget\" data-e-type=\"widget\" data-widget_type=\"heading.default\">\n\t\t\t\t<div class=\"elementor-widget-container\">\n\t\t\t\t\t<h1 class=\"elementor-heading-title elementor-size-default\">Have questions about WeWALK?<\/h1>\t\t\t\t<\/div>\n\t\t\t\t<\/div>\n\t\t\t\t<div class=\"elementor-element elementor-element-bb9717d elementor-widget elementor-widget-text-editor\" data-id=\"bb9717d\" data-element_type=\"widget\" data-e-type=\"widget\" data-widget_type=\"text-editor.default\">\n\t\t\t\t<div class=\"elementor-widget-container\">\n\t\t\t\t\t\t\t\t\t<h2 style=\"text-align: center;\">Please contact us by sending an email to:<a href=\"mailto:info@wewalk.io?subject=Website Form\"><span style=\"color: #fff;\">\u00a0info@wewalk.io<\/span><\/a>. We aim to respond to you within 24 hours. Thank you!<\/h2>\t\t\t\t\t\t\t\t<\/div>\n\t\t\t\t<\/div>\n\t\t\t\t\t<\/div>\n\t\t\t\t<\/div>\n\t\t\t\t\t<\/div>\n\t\t\t\t<\/div>\n\t\t<div class=\"elementor-element elementor-element-d3a819c elementor-hidden-mobile e-flex e-con-boxed e-con e-parent\" data-id=\"d3a819c\" data-element_type=\"container\" data-e-type=\"container\" data-settings=\"{&quot;background_background&quot;:&quot;gradient&quot;}\">\n\t\t\t\t\t<div class=\"e-con-inner\">\n\t\t<div class=\"elementor-element elementor-element-6a76686 e-con-full e-flex e-con e-child\" data-id=\"6a76686\" data-element_type=\"container\" data-e-type=\"container\" data-settings=\"{&quot;background_background&quot;:&quot;classic&quot;}\">\n\t\t\t\t<div class=\"elementor-element elementor-element-77c4450 elementor-widget elementor-widget-google_maps\" data-id=\"77c4450\" data-element_type=\"widget\" data-e-type=\"widget\" data-widget_type=\"google_maps.default\">\n\t\t\t\t<div class=\"elementor-widget-container\">\n\t\t\t\t\t\t\t<div class=\"elementor-custom-embed\">\n\t\t\t<iframe loading=\"lazy\"\n\t\t\t\t\tsrc=\"https:\/\/maps.google.com\/maps?q=WeWork%2C%20123%20Buckingham%20Palace%20Road%2C%20London%2C%20SW1W%209SH%2C%20United%20Kingdom&#038;t=m&#038;z=17&#038;output=embed&#038;iwloc=near\"\n\t\t\t\t\ttitle=\"WeWork, 123 Buckingham Palace Road, London, SW1W 9SH, United Kingdom\"\n\t\t\t\t\taria-label=\"WeWork, 123 Buckingham Palace Road, London, SW1W 9SH, United Kingdom\"\n\t\t\t><\/iframe>\n\t\t<\/div>\n\t\t\t\t\t\t<\/div>\n\t\t\t\t<\/div>\n\t\t\t\t<\/div>\n\t\t<div class=\"elementor-element elementor-element-84dd1ad e-con-full e-flex e-con e-child\" data-id=\"84dd1ad\" data-element_type=\"container\" data-e-type=\"container\" data-settings=\"{&quot;background_background&quot;:&quot;classic&quot;}\">\n\t\t\t\t<div class=\"elementor-element elementor-element-efec250 elementor-widget elementor-widget-heading\" data-id=\"efec250\" data-element_type=\"widget\" data-e-type=\"widget\" data-widget_type=\"heading.default\">\n\t\t\t\t<div class=\"elementor-widget-container\">\n\t\t\t\t\t<h2 class=\"elementor-heading-title elementor-size-default\">London Office<\/h2>\t\t\t\t<\/div>\n\t\t\t\t<\/div>\n\t\t\t\t<div class=\"elementor-element elementor-element-0f09b61 elementor-widget elementor-widget-text-editor\" data-id=\"0f09b61\" data-element_type=\"widget\" data-e-type=\"widget\" data-widget_type=\"text-editor.default\">\n\t\t\t\t<div class=\"elementor-widget-container\">\n\t\t\t\t\t\t\t\t\tWeWork, 123 Buckingham Palace Road, London, SW1W 9SH, United Kingdom\t\t\t\t\t\t\t\t<\/div>\n\t\t\t\t<\/div>\n\t\t\t\t<\/div>\n\t\t\t\t\t<\/div>\n\t\t\t\t<\/div>\n\t\t<div class=\"elementor-element elementor-element-99363ce elementor-hidden-desktop elementor-hidden-tablet e-flex e-con-boxed e-con e-parent\" data-id=\"99363ce\" data-element_type=\"container\" data-e-type=\"container\" data-settings=\"{&quot;background_background&quot;:&quot;classic&quot;}\">\n\t\t\t\t\t<div class=\"e-con-inner\">\n\t\t<div class=\"elementor-element elementor-element-268743d e-con-full e-flex e-con e-child\" data-id=\"268743d\" data-element_type=\"container\" data-e-type=\"container\" data-settings=\"{&quot;background_background&quot;:&quot;classic&quot;}\">\n\t\t\t\t<div class=\"elementor-element elementor-element-8806ec6 elementor-widget elementor-widget-heading\" data-id=\"8806ec6\" data-element_type=\"widget\" data-e-type=\"widget\" data-widget_type=\"heading.default\">\n\t\t\t\t<div class=\"elementor-widget-container\">\n\t\t\t\t\t<h2 class=\"elementor-heading-title elementor-size-default\">London Office<\/h2>\t\t\t\t<\/div>\n\t\t\t\t<\/div>\n\t\t\t\t<div class=\"elementor-element elementor-element-8563668 elementor-widget elementor-widget-text-editor\" data-id=\"8563668\" data-element_type=\"widget\" data-e-type=\"widget\" data-widget_type=\"text-editor.default\">\n\t\t\t\t<div class=\"elementor-widget-container\">\n\t\t\t\t\t\t\t\t\tWeWork, 123 Buckingham Palace Road, London, SW1W 9SH, United Kingdom\t\t\t\t\t\t\t\t<\/div>\n\t\t\t\t<\/div>\n\t\t\t\t<\/div>\n\t\t<div class=\"elementor-element elementor-element-83018f5 e-con-full e-flex e-con e-child\" data-id=\"83018f5\" data-element_type=\"container\" data-e-type=\"container\" data-settings=\"{&quot;background_background&quot;:&quot;classic&quot;}\">\n\t\t\t\t<div class=\"elementor-element elementor-element-a833c06 elementor-widget elementor-widget-google_maps\" data-id=\"a833c06\" data-element_type=\"widget\" data-e-type=\"widget\" data-widget_type=\"google_maps.default\">\n\t\t\t\t<div class=\"elementor-widget-container\">\n\t\t\t\t\t\t\t<div class=\"elementor-custom-embed\">\n\t\t\t<iframe loading=\"lazy\"\n\t\t\t\t\tsrc=\"https:\/\/maps.google.com\/maps?q=WeWork%2C%20123%20Buckingham%20Palace%20Road%2C%20London%2C%20SW1W%209SH%2C%20United%20Kingdom&#038;t=m&#038;z=10&#038;output=embed&#038;iwloc=near\"\n\t\t\t\t\ttitle=\"WeWork, 123 Buckingham Palace Road, London, SW1W 9SH, United Kingdom\"\n\t\t\t\t\taria-label=\"WeWork, 123 Buckingham Palace Road, London, SW1W 9SH, United Kingdom\"\n\t\t\t><\/iframe>\n\t\t<\/div>\n\t\t\t\t\t\t<\/div>\n\t\t\t\t<\/div>\n\t\t\t\t<\/div>\n\t\t\t\t\t<\/div>\n\t\t\t\t<\/div>\n\t\t<div class=\"elementor-element elementor-element-6b299f7 elementor-hidden-mobile e-flex e-con-boxed e-con e-parent\" data-id=\"6b299f7\" data-element_type=\"container\" data-e-type=\"container\" data-settings=\"{&quot;background_background&quot;:&quot;classic&quot;}\">\n\t\t\t\t\t<div class=\"e-con-inner\">\n\t\t<div class=\"elementor-element elementor-element-50d7a00 e-con-full e-flex e-con e-child\" data-id=\"50d7a00\" data-element_type=\"container\" data-e-type=\"container\" data-settings=\"{&quot;background_background&quot;:&quot;classic&quot;}\">\n\t\t\t\t<div class=\"elementor-element elementor-element-610cb4b elementor-widget elementor-widget-heading\" data-id=\"610cb4b\" data-element_type=\"widget\" data-e-type=\"widget\" data-widget_type=\"heading.default\">\n\t\t\t\t<div class=\"elementor-widget-container\">\n\t\t\t\t\t<h2 class=\"elementor-heading-title elementor-size-default\">Istanbul Office<\/h2>\t\t\t\t<\/div>\n\t\t\t\t<\/div>\n\t\t\t\t<div class=\"elementor-element elementor-element-e4129d5 elementor-widget elementor-widget-text-editor\" data-id=\"e4129d5\" data-element_type=\"widget\" data-e-type=\"widget\" data-widget_type=\"text-editor.default\">\n\t\t\t\t<div class=\"elementor-widget-container\">\n\t\t\t\t\t\t\t\t\tRe\u015fitpa\u015fa Mahallesi Katar Cad. \u0130T\u00dc Ar\u0131 1 Teknokent Binas\u0131 Blok No:2\/5 \u0130\u00e7 Kap\u0131 No:6 34467 Sar\u0131yer \u0130stanbul\t\t\t\t\t\t\t\t<\/div>\n\t\t\t\t<\/div>\n\t\t\t\t<div class=\"elementor-element elementor-element-46f0c35 elementor-widget elementor-widget-heading\" data-id=\"46f0c35\" data-element_type=\"widget\" data-e-type=\"widget\" data-widget_type=\"heading.default\">\n\t\t\t\t<div class=\"elementor-widget-container\">\n\t\t\t\t\t<h2 class=\"elementor-heading-title elementor-size-default\">US Customer Support Line<\/h2>\t\t\t\t<\/div>\n\t\t\t\t<\/div>\n\t\t\t\t<div class=\"elementor-element elementor-element-66c870a elementor-widget elementor-widget-text-editor\" data-id=\"66c870a\" data-element_type=\"widget\" data-e-type=\"widget\" data-widget_type=\"text-editor.default\">\n\t\t\t\t<div class=\"elementor-widget-container\">\n\t\t\t\t\t\t\t\t\t<p><a href=\"tel:929-592-5515\">929-592-5515<\/a><\/p><p>Working Hours (Weekdays, New York \/ ET): <br \/>12:00 PM \u2013 05:00 PM<\/p>\t\t\t\t\t\t\t\t<\/div>\n\t\t\t\t<\/div>\n\t\t\t\t<\/div>\n\t\t<div class=\"elementor-element elementor-element-8178990 e-con-full e-flex e-con e-child\" data-id=\"8178990\" data-element_type=\"container\" data-e-type=\"container\" data-settings=\"{&quot;background_background&quot;:&quot;classic&quot;}\">\n\t\t\t\t<div class=\"elementor-element elementor-element-5a7ef9e elementor-widget elementor-widget-google_maps\" data-id=\"5a7ef9e\" data-element_type=\"widget\" data-e-type=\"widget\" data-widget_type=\"google_maps.default\">\n\t\t\t\t<div class=\"elementor-widget-container\">\n\t\t\t\t\t\t\t<div class=\"elementor-custom-embed\">\n\t\t\t<iframe loading=\"lazy\"\n\t\t\t\t\tsrc=\"https:\/\/maps.google.com\/maps?q=%C4%B0T%C3%9C%20Ar%C4%B1%201%20Teknokent&#038;t=m&#038;z=17&#038;output=embed&#038;iwloc=near\"\n\t\t\t\t\ttitle=\"\u0130T\u00dc Ar\u0131 1 Teknokent\"\n\t\t\t\t\taria-label=\"\u0130T\u00dc Ar\u0131 1 Teknokent\"\n\t\t\t><\/iframe>\n\t\t<\/div>\n\t\t\t\t\t\t<\/div>\n\t\t\t\t<\/div>\n\t\t\t\t<\/div>\n\t\t\t\t\t<\/div>\n\t\t\t\t<\/div>\n\t\t<div class=\"elementor-element elementor-element-79361be elementor-hidden-desktop elementor-hidden-tablet e-flex e-con-boxed e-con e-parent\" data-id=\"79361be\" data-element_type=\"container\" data-e-type=\"container\" data-settings=\"{&quot;background_background&quot;:&quot;classic&quot;}\">\n\t\t\t\t\t<div class=\"e-con-inner\">\n\t\t<div class=\"elementor-element elementor-element-bc4a146 e-con-full e-flex e-con e-child\" data-id=\"bc4a146\" data-element_type=\"container\" data-e-type=\"container\" data-settings=\"{&quot;background_background&quot;:&quot;classic&quot;}\">\n\t\t\t\t<div class=\"elementor-element elementor-element-4e52f71 elementor-widget elementor-widget-heading\" data-id=\"4e52f71\" data-element_type=\"widget\" data-e-type=\"widget\" data-widget_type=\"heading.default\">\n\t\t\t\t<div class=\"elementor-widget-container\">\n\t\t\t\t\t<h2 class=\"elementor-heading-title elementor-size-default\">Istanbul Office<\/h2>\t\t\t\t<\/div>\n\t\t\t\t<\/div>\n\t\t\t\t<div class=\"elementor-element elementor-element-5c9246f elementor-widget elementor-widget-text-editor\" data-id=\"5c9246f\" data-element_type=\"widget\" data-e-type=\"widget\" data-widget_type=\"text-editor.default\">\n\t\t\t\t<div class=\"elementor-widget-container\">\n\t\t\t\t\t\t\t\t\t<p>Re\u015fitpa\u015fa Mahallesi Katar Cad. \u0130T\u00dc Ar\u0131 1 Teknokent Binas\u0131 Blok No:2\/5 \u0130\u00e7 Kap\u0131 No:6 34467 Sar\u0131yer \u0130stanbul<\/p>\t\t\t\t\t\t\t\t<\/div>\n\t\t\t\t<\/div>\n\t\t\t\t<div class=\"elementor-element elementor-element-72ef2b5 elementor-widget elementor-widget-heading\" data-id=\"72ef2b5\" data-element_type=\"widget\" data-e-type=\"widget\" data-widget_type=\"heading.default\">\n\t\t\t\t<div class=\"elementor-widget-container\">\n\t\t\t\t\t<h2 class=\"elementor-heading-title elementor-size-default\">US Customer Support Line<\/h2>\t\t\t\t<\/div>\n\t\t\t\t<\/div>\n\t\t\t\t<div class=\"elementor-element elementor-element-a4db9b2 elementor-widget elementor-widget-text-editor\" data-id=\"a4db9b2\" data-element_type=\"widget\" data-e-type=\"widget\" data-widget_type=\"text-editor.default\">\n\t\t\t\t<div class=\"elementor-widget-container\">\n\t\t\t\t\t\t\t\t\t<p><a href=\"tel:929-592-5515\">929-592-5515<\/a><\/p><p>Working Hours (Weekdays, New York \/ ET): <br \/>8:00 AM \u2013 1:00 PM<\/p>\t\t\t\t\t\t\t\t<\/div>\n\t\t\t\t<\/div>\n\t\t\t\t<\/div>\n\t\t<div class=\"elementor-element elementor-element-56ca94f e-con-full e-flex e-con e-child\" data-id=\"56ca94f\" data-element_type=\"container\" data-e-type=\"container\" data-settings=\"{&quot;background_background&quot;:&quot;classic&quot;}\">\n\t\t\t\t<div class=\"elementor-element elementor-element-e2e4afb elementor-widget elementor-widget-google_maps\" data-id=\"e2e4afb\" data-element_type=\"widget\" data-e-type=\"widget\" data-widget_type=\"google_maps.default\">\n\t\t\t\t<div class=\"elementor-widget-container\">\n\t\t\t\t\t\t\t<div class=\"elementor-custom-embed\">\n\t\t\t<iframe loading=\"lazy\"\n\t\t\t\t\tsrc=\"https:\/\/maps.google.com\/maps?q=WeWork%2C%20123%20Buckingham%20Palace%20Road%2C%20London%2C%20SW1W%209SH%2C%20United%20Kingdom&#038;t=m&#038;z=10&#038;output=embed&#038;iwloc=near\"\n\t\t\t\t\ttitle=\"WeWork, 123 Buckingham Palace Road, London, SW1W 9SH, United Kingdom\"\n\t\t\t\t\taria-label=\"WeWork, 123 Buckingham Palace Road, London, SW1W 9SH, United Kingdom\"\n\t\t\t><\/iframe>\n\t\t<\/div>\n\t\t\t\t\t\t<\/div>\n\t\t\t\t<\/div>\n\t\t\t\t<\/div>\n\t\t\t\t\t<\/div>\n\t\t\t\t<\/div>\n\t\t<div class=\"elementor-element elementor-element-484b198 e-flex e-con-boxed e-con e-parent\" data-id=\"484b198\" data-element_type=\"container\" data-e-type=\"container\">\n\t\t\t\t\t<div class=\"e-con-inner\">\n\t\t\t\t<div class=\"elementor-element elementor-element-4840446 elementor-widget elementor-widget-heading\" data-id=\"4840446\" data-element_type=\"widget\" data-e-type=\"widget\" data-widget_type=\"heading.default\">\n\t\t\t\t<div class=\"elementor-widget-container\">\n\t\t\t\t\t<h2 class=\"elementor-heading-title elementor-size-default\">Contact us<\/h2>\t\t\t\t<\/div>\n\t\t\t\t<\/div>\n\t\t\t\t\t<\/div>\n\t\t\t\t<\/div>\n\t\t<div class=\"elementor-element elementor-element-7275f9c e-flex e-con-boxed e-con e-parent\" data-id=\"7275f9c\" data-element_type=\"container\" data-e-type=\"container\">\n\t\t\t\t\t<div class=\"e-con-inner\">\n\t\t\t\t<div class=\"elementor-element elementor-element-c649e63 elementor-widget elementor-widget-shortcode\" data-id=\"c649e63\" data-element_type=\"widget\" data-e-type=\"widget\" data-widget_type=\"shortcode.default\">\n\t\t\t\t<div class=\"elementor-widget-container\">\n\t\t\t\t\t\t\t<div class=\"elementor-shortcode\">\n<div class=\"wpcf7 no-js\" id=\"wpcf7-f44367-o1\" lang=\"en-US\" dir=\"ltr\" data-wpcf7-id=\"44367\">\n<div class=\"screen-reader-response\"><p role=\"status\" aria-live=\"polite\" aria-atomic=\"true\"><\/p> <ul><\/ul><\/div>\n<form action=\"\/en\/wp-json\/wp\/v2\/pages\/36272#wpcf7-f44367-o1\" method=\"post\" class=\"wpcf7-form init\" aria-label=\"Contact form\" novalidate=\"novalidate\" data-status=\"init\">\n<fieldset class=\"hidden-fields-container\"><input type=\"hidden\" name=\"_wpcf7\" value=\"44367\" \/><input type=\"hidden\" name=\"_wpcf7_version\" value=\"6.1.5\" \/><input type=\"hidden\" name=\"_wpcf7_locale\" value=\"en_US\" \/><input type=\"hidden\" name=\"_wpcf7_unit_tag\" value=\"wpcf7-f44367-o1\" \/><input type=\"hidden\" name=\"_wpcf7_container_post\" value=\"0\" \/><input type=\"hidden\" name=\"_wpcf7_posted_data_hash\" value=\"\" \/>\n<\/fieldset>\n<p><label> Full Name*<br \/>\n<span class=\"wpcf7-form-control-wrap\" data-name=\"your-name\"><input size=\"40\" maxlength=\"400\" class=\"wpcf7-form-control wpcf7-text wpcf7-validates-as-required\" autocomplete=\"name\" aria-required=\"true\" aria-invalid=\"false\" value=\"\" type=\"text\" name=\"your-name\" \/><\/span> <\/label>\n<\/p>\n<p><label> Email*<br \/>\n<span class=\"wpcf7-form-control-wrap\" data-name=\"your-email\"><input size=\"40\" maxlength=\"400\" class=\"wpcf7-form-control wpcf7-email wpcf7-validates-as-required wpcf7-text wpcf7-validates-as-email\" autocomplete=\"email\" aria-required=\"true\" aria-invalid=\"false\" value=\"\" type=\"email\" name=\"your-email\" \/><\/span> <\/label>\n<\/p>\n<p><label> Phone Number<br \/>\n<span class=\"wpcf7-form-control-wrap\" data-name=\"your-phone\"><input size=\"40\" maxlength=\"400\" class=\"wpcf7-form-control wpcf7-tel wpcf7-text wpcf7-validates-as-tel\" autocomplete=\"tel\" aria-invalid=\"false\" value=\"\" type=\"tel\" name=\"your-phone\" \/><\/span> <\/label>\n<\/p>\n<p><label> Country*<br \/>\n<span class=\"wpcf7-form-control-wrap\" data-name=\"your-country\"><input size=\"40\" maxlength=\"400\" class=\"wpcf7-form-control wpcf7-text wpcf7-validates-as-required\" autocomplete=\"country-name\" aria-required=\"true\" aria-invalid=\"false\" value=\"\" type=\"text\" name=\"your-country\" \/><\/span> <\/label>\n<\/p>\n<p><label> Organisation<br \/>\n<span class=\"wpcf7-form-control-wrap\" data-name=\"your-organisation\"><input size=\"40\" maxlength=\"400\" class=\"wpcf7-form-control wpcf7-text\" autocomplete=\"organization\" aria-invalid=\"false\" value=\"\" type=\"text\" name=\"your-organisation\" \/><\/span> <\/label>\n<\/p>\n<p><label> Your Message*<br \/>\n<span class=\"wpcf7-form-control-wrap\" data-name=\"your-message\"><textarea cols=\"40\" rows=\"10\" maxlength=\"2000\" class=\"wpcf7-form-control wpcf7-textarea wpcf7-validates-as-required\" aria-required=\"true\" aria-invalid=\"false\" name=\"your-message\"><\/textarea><\/span> <\/label>\n<\/p>\n<p><input class=\"wpcf7-form-control wpcf7-submit has-spinner\" type=\"submit\" value=\"Submit\" \/>\n<\/p><p style=\"display: none !important;\" class=\"akismet-fields-container\" data-prefix=\"_wpcf7_ak_\"><label>&#916;<textarea name=\"_wpcf7_ak_hp_textarea\" cols=\"45\" rows=\"8\" maxlength=\"100\"><\/textarea><\/label><input type=\"hidden\" id=\"ak_js_1\" name=\"_wpcf7_ak_js\" value=\"165\"\/><script type=\"text\/javascript\">\n\/* <![CDATA[ *\/\ndocument.getElementById( \"ak_js_1\" ).setAttribute( \"value\", ( new Date() ).getTime() );\n\/* ]]> *\/\n<\/script>\n<\/p><div class=\"wpcf7-response-output\" aria-hidden=\"true\"><\/div>\n<\/form>\n<\/div>\n<\/div>\n\t\t\t\t\t\t<\/div>\n\t\t\t\t<\/div>\n\t\t\t\t\t<\/div>\n\t\t\t\t<\/div>\n\t\t\t\t<\/div>\n\t\t","protected":false},"excerpt":{"rendered":"<p>Have questions about WeWALK? Please contact us by sending an email to:\u00a0info@wewalk.io. We aim to respond to you within 24 hours. Thank you! London Office WeWork, 123 Buckingham Palace Road,&hellip;<\/p>\n","protected":false},"author":16,"featured_media":0,"parent":0,"menu_order":0,"comment_status":"closed","ping_status":"closed","template":"","meta":{"content-type":"","inline_featured_image":false,"footnotes":""},"class_list":["post-36272","page","type-page","status-publish","hentry"],"yoast_head":"<!-- This site is optimized with the Yoast SEO plugin v27.5 - https:\/\/yoast.com\/product\/yoast-seo-wordpress\/ -->\n<title>Contact Us - WeWALK Smart Cane<\/title>\n<meta name=\"robots\" content=\"index, follow, max-snippet:-1, max-image-preview:large, max-video-preview:-1\" \/>\n<link rel=\"canonical\" href=\"https:\/\/wewalk.io\/en\/contact-us\/\" \/>\n<meta property=\"og:locale\" content=\"en_US\" \/>\n<meta property=\"og:type\" content=\"article\" \/>\n<meta property=\"og:title\" content=\"Contact Us - WeWALK Smart Cane\" \/>\n<meta property=\"og:description\" content=\"Have questions about WeWALK? Please contact us by sending an email to:\u00a0info@wewalk.io. We aim to respond to you within 24 hours. Thank you! London Office WeWork, 123 Buckingham Palace Road,&hellip;\" \/>\n<meta property=\"og:url\" content=\"https:\/\/wewalk.io\/en\/contact-us\/\" \/>\n<meta property=\"og:site_name\" content=\"WeWALK Smart Cane\" \/>\n<meta property=\"article:publisher\" content=\"https:\/\/www.facebook.com\/wewalkio\" \/>\n<meta property=\"article:modified_time\" content=\"2026-04-28T15:28:14+00:00\" \/>\n<meta name=\"twitter:card\" content=\"summary_large_image\" \/>\n<meta name=\"twitter:site\" content=\"@wewalkio\" \/>\n<meta name=\"twitter:label1\" content=\"Est. reading time\" \/>\n\t<meta name=\"twitter:data1\" content=\"1 minute\" \/>\n<script type=\"application\/ld+json\" class=\"yoast-schema-graph\">{\"@context\":\"https:\\\/\\\/schema.org\",\"@graph\":[{\"@type\":\"WebPage\",\"@id\":\"https:\\\/\\\/wewalk.io\\\/en\\\/contact-us\\\/\",\"url\":\"https:\\\/\\\/wewalk.io\\\/en\\\/contact-us\\\/\",\"name\":\"Contact Us - WeWALK Smart Cane\",\"isPartOf\":{\"@id\":\"https:\\\/\\\/wewalk.io\\\/en\\\/#website\"},\"datePublished\":\"2024-02-14T11:39:43+00:00\",\"dateModified\":\"2026-04-28T15:28:14+00:00\",\"breadcrumb\":{\"@id\":\"https:\\\/\\\/wewalk.io\\\/en\\\/contact-us\\\/#breadcrumb\"},\"inLanguage\":\"en-US\",\"potentialAction\":[{\"@type\":\"ReadAction\",\"target\":[\"https:\\\/\\\/wewalk.io\\\/en\\\/contact-us\\\/\"]}]},{\"@type\":\"BreadcrumbList\",\"@id\":\"https:\\\/\\\/wewalk.io\\\/en\\\/contact-us\\\/#breadcrumb\",\"itemListElement\":[{\"@type\":\"ListItem\",\"position\":1,\"name\":\"Home\",\"item\":\"https:\\\/\\\/wewalk.io\\\/en\\\/\"},{\"@type\":\"ListItem\",\"position\":2,\"name\":\"Contact Us\"}]},{\"@type\":\"WebSite\",\"@id\":\"https:\\\/\\\/wewalk.io\\\/en\\\/#website\",\"url\":\"https:\\\/\\\/wewalk.io\\\/en\\\/\",\"name\":\"WeWALK Smart Cane\",\"description\":\"Smart Cane for the Visually Impaired\",\"publisher\":{\"@id\":\"https:\\\/\\\/wewalk.io\\\/en\\\/#organization\"},\"potentialAction\":[{\"@type\":\"SearchAction\",\"target\":{\"@type\":\"EntryPoint\",\"urlTemplate\":\"https:\\\/\\\/wewalk.io\\\/en\\\/?s={search_term_string}\"},\"query-input\":{\"@type\":\"PropertyValueSpecification\",\"valueRequired\":true,\"valueName\":\"search_term_string\"}}],\"inLanguage\":\"en-US\"},{\"@type\":\"Organization\",\"@id\":\"https:\\\/\\\/wewalk.io\\\/en\\\/#organization\",\"name\":\"WeWALK Smart Cane\",\"url\":\"https:\\\/\\\/wewalk.io\\\/en\\\/\",\"logo\":{\"@type\":\"ImageObject\",\"inLanguage\":\"en-US\",\"@id\":\"https:\\\/\\\/wewalk.io\\\/en\\\/#\\\/schema\\\/logo\\\/image\\\/\",\"url\":\"https:\\\/\\\/wewalk.io\\\/wp-content\\\/uploads\\\/2020\\\/08\\\/logo-white.svg\",\"contentUrl\":\"https:\\\/\\\/wewalk.io\\\/wp-content\\\/uploads\\\/2020\\\/08\\\/logo-white.svg\",\"width\":186,\"height\":33,\"caption\":\"WeWALK Smart Cane\"},\"image\":{\"@id\":\"https:\\\/\\\/wewalk.io\\\/en\\\/#\\\/schema\\\/logo\\\/image\\\/\"},\"sameAs\":[\"https:\\\/\\\/www.facebook.com\\\/wewalkio\",\"https:\\\/\\\/x.com\\\/wewalkio\",\"https:\\\/\\\/www.instagram.com\\\/wewalkio\\\/\",\"https:\\\/\\\/www.linkedin.com\\\/company\\\/wewalk\",\"https:\\\/\\\/www.youtube.com\\\/channel\\\/UC_VH-4cZcAfcIObUPsMISyw\"]}]}<\/script>\n<!-- \/ Yoast SEO plugin. -->","yoast_head_json":{"title":"Contact Us - WeWALK Smart Cane","robots":{"index":"index","follow":"follow","max-snippet":"max-snippet:-1","max-image-preview":"max-image-preview:large","max-video-preview":"max-video-preview:-1"},"canonical":"https:\/\/wewalk.io\/en\/contact-us\/","og_locale":"en_US","og_type":"article","og_title":"Contact Us - WeWALK Smart Cane","og_description":"Have questions about WeWALK? Please contact us by sending an email to:\u00a0info@wewalk.io. We aim to respond to you within 24 hours. Thank you! London Office WeWork, 123 Buckingham Palace Road,&hellip;","og_url":"https:\/\/wewalk.io\/en\/contact-us\/","og_site_name":"WeWALK Smart Cane","article_publisher":"https:\/\/www.facebook.com\/wewalkio","article_modified_time":"2026-04-28T15:28:14+00:00","twitter_card":"summary_large_image","twitter_site":"@wewalkio","twitter_misc":{"Est. reading time":"1 minute"},"schema":{"@context":"https:\/\/schema.org","@graph":[{"@type":"WebPage","@id":"https:\/\/wewalk.io\/en\/contact-us\/","url":"https:\/\/wewalk.io\/en\/contact-us\/","name":"Contact Us - WeWALK Smart Cane","isPartOf":{"@id":"https:\/\/wewalk.io\/en\/#website"},"datePublished":"2024-02-14T11:39:43+00:00","dateModified":"2026-04-28T15:28:14+00:00","breadcrumb":{"@id":"https:\/\/wewalk.io\/en\/contact-us\/#breadcrumb"},"inLanguage":"en-US","potentialAction":[{"@type":"ReadAction","target":["https:\/\/wewalk.io\/en\/contact-us\/"]}]},{"@type":"BreadcrumbList","@id":"https:\/\/wewalk.io\/en\/contact-us\/#breadcrumb","itemListElement":[{"@type":"ListItem","position":1,"name":"Home","item":"https:\/\/wewalk.io\/en\/"},{"@type":"ListItem","position":2,"name":"Contact Us"}]},{"@type":"WebSite","@id":"https:\/\/wewalk.io\/en\/#website","url":"https:\/\/wewalk.io\/en\/","name":"WeWALK Smart Cane","description":"Smart Cane for the Visually Impaired","publisher":{"@id":"https:\/\/wewalk.io\/en\/#organization"},"potentialAction":[{"@type":"SearchAction","target":{"@type":"EntryPoint","urlTemplate":"https:\/\/wewalk.io\/en\/?s={search_term_string}"},"query-input":{"@type":"PropertyValueSpecification","valueRequired":true,"valueName":"search_term_string"}}],"inLanguage":"en-US"},{"@type":"Organization","@id":"https:\/\/wewalk.io\/en\/#organization","name":"WeWALK Smart Cane","url":"https:\/\/wewalk.io\/en\/","logo":{"@type":"ImageObject","inLanguage":"en-US","@id":"https:\/\/wewalk.io\/en\/#\/schema\/logo\/image\/","url":"https:\/\/wewalk.io\/wp-content\/uploads\/2020\/08\/logo-white.svg","contentUrl":"https:\/\/wewalk.io\/wp-content\/uploads\/2020\/08\/logo-white.svg","width":186,"height":33,"caption":"WeWALK Smart Cane"},"image":{"@id":"https:\/\/wewalk.io\/en\/#\/schema\/logo\/image\/"},"sameAs":["https:\/\/www.facebook.com\/wewalkio","https:\/\/x.com\/wewalkio","https:\/\/www.instagram.com\/wewalkio\/","https:\/\/www.linkedin.com\/company\/wewalk","https:\/\/www.youtube.com\/channel\/UC_VH-4cZcAfcIObUPsMISyw"]}]}},"jetpack_sharing_enabled":true,"_links":{"self":[{"href":"https:\/\/wewalk.io\/en\/wp-json\/wp\/v2\/pages\/36272","targetHints":{"allow":["GET"]}}],"collection":[{"href":"https:\/\/wewalk.io\/en\/wp-json\/wp\/v2\/pages"}],"about":[{"href":"https:\/\/wewalk.io\/en\/wp-json\/wp\/v2\/types\/page"}],"author":[{"embeddable":true,"href":"https:\/\/wewalk.io\/en\/wp-json\/wp\/v2\/users\/16"}],"replies":[{"embeddable":true,"href":"https:\/\/wewalk.io\/en\/wp-json\/wp\/v2\/comments?post=36272"}],"version-history":[{"count":63,"href":"https:\/\/wewalk.io\/en\/wp-json\/wp\/v2\/pages\/36272\/revisions"}],"predecessor-version":[{"id":44430,"href":"https:\/\/wewalk.io\/en\/wp-json\/wp\/v2\/pages\/36272\/revisions\/44430"}],"wp:attachment":[{"href":"https:\/\/wewalk.io\/en\/wp-json\/wp\/v2\/media?parent=36272"}],"curies":[{"name":"wp","href":"https:\/\/api.w.org\/{rel}","templated":true}]}}