
{"id":42145,"date":"2025-08-19T06:12:08","date_gmt":"2025-08-19T06:12:08","guid":{"rendered":"https:\/\/wewalk.io\/?page_id=42145"},"modified":"2026-03-23T14:04:09","modified_gmt":"2026-03-23T14:04:09","slug":"blog","status":"publish","type":"page","link":"https:\/\/wewalk.io\/en\/blog\/","title":{"rendered":"Blog"},"content":{"rendered":"\t\t<div data-elementor-type=\"wp-page\" data-elementor-id=\"42145\" class=\"elementor elementor-42145\" data-elementor-post-type=\"page\">\n\t\t\t\t<div class=\"elementor-element elementor-element-vI9zwST e-flex e-con-boxed e-con e-parent\" data-id=\"vI9zwST\" data-element_type=\"container\" data-e-type=\"container\">\n\t\t\t\t\t<div class=\"e-con-inner\">\n\t\t\t\t<div class=\"elementor-element elementor-element-bb8pVeK elementor-widget elementor-widget-heading\" data-id=\"bb8pVeK\" data-element_type=\"widget\" data-e-type=\"widget\" data-widget_type=\"heading.default\">\n\t\t\t\t<div class=\"elementor-widget-container\">\n\t\t\t\t\t<h2 class=\"elementor-heading-title elementor-size-default\">Articles for You<\/h2>\t\t\t\t<\/div>\n\t\t\t\t<\/div>\n\t\t\t\t<div class=\"elementor-element elementor-element-TLeDDq6 elementor-widget elementor-widget-heading\" data-id=\"TLeDDq6\" data-element_type=\"widget\" data-e-type=\"widget\" data-widget_type=\"heading.default\">\n\t\t\t\t<div class=\"elementor-widget-container\">\n\t\t\t\t\t<h2 class=\"elementor-heading-title elementor-size-default\">Engaging Reads for Visually Impaired People<\/h2>\t\t\t\t<\/div>\n\t\t\t\t<\/div>\n\t\t\t\t<div class=\"elementor-element elementor-element-Jj0UXL4 elementor-grid-1 elementor-grid-tablet-2 elementor-grid-mobile-1 elementor-posts--thumbnail-top elementor-widget elementor-widget-posts\" data-id=\"Jj0UXL4\" data-element_type=\"widget\" data-e-type=\"widget\" data-settings=\"{&quot;classic_columns&quot;:&quot;1&quot;,&quot;pagination_type&quot;:&quot;numbers&quot;,&quot;classic_columns_tablet&quot;:&quot;2&quot;,&quot;classic_columns_mobile&quot;:&quot;1&quot;,&quot;classic_row_gap&quot;:{&quot;unit&quot;:&quot;px&quot;,&quot;size&quot;:35,&quot;sizes&quot;:[]},&quot;classic_row_gap_tablet&quot;:{&quot;unit&quot;:&quot;px&quot;,&quot;size&quot;:&quot;&quot;,&quot;sizes&quot;:[]},&quot;classic_row_gap_mobile&quot;:{&quot;unit&quot;:&quot;px&quot;,&quot;size&quot;:&quot;&quot;,&quot;sizes&quot;:[]}}\" data-widget_type=\"posts.classic\">\n\t\t\t\t<div class=\"elementor-widget-container\">\n\t\t\t\t\t\t\t<div class=\"elementor-posts-container elementor-posts elementor-posts--skin-classic elementor-grid\" role=\"list\">\n\t\t\t\t<article class=\"elementor-post elementor-grid-item post-44302 post type-post status-publish format-standard hentry category-uncategorized-en\" role=\"listitem\">\n\t\t\t\t<div class=\"elementor-post__text\">\n\t\t\t\t<h3 class=\"elementor-post__title\">\n\t\t\t<a href=\"https:\/\/wewalk.io\/en\/with-wewalk-engin-yilmazs-story\/\" >\n\t\t\t\tWith WeWALK \u2013 Engin Y\u0131lmaz&#8217;s Story\t\t\t<\/a>\n\t\t<\/h3>\n\t\t\t\t<div class=\"elementor-post__meta-data\">\n\t\t\t\t\t<span class=\"elementor-post-date\">\n\t\t\t17\/04\/2026\t\t<\/span>\n\t\t\t\t<\/div>\n\t\t\t\t<div class=\"elementor-post__excerpt\">\n\t\t\t<p>&#8220;Independence is one of the defining pillars of my identity.&#8221; That&#8217;s the powerful sentence that opens Engin Y\u0131lmaz&#8217;s story. For him, independence isn&#8217;t simply about getting from one place to another \u2014 it&#8217;s a stance, an identity that permeates every corner of life.<\/p>\n\t\t<\/div>\n\t\t\n\t\t<a class=\"elementor-post__read-more\" href=\"https:\/\/wewalk.io\/en\/with-wewalk-engin-yilmazs-story\/\" aria-label=\"Read more about With WeWALK \u2013 Engin Y\u0131lmaz&#8217;s Story\" tabindex=\"-1\" >\n\t\t\tRead More \u00bb\t\t<\/a>\n\n\t\t\t\t<\/div>\n\t\t\t\t<\/article>\n\t\t\t\t<article class=\"elementor-post elementor-grid-item post-44236 post type-post status-publish format-standard hentry category-uncategorized-en\" role=\"listitem\">\n\t\t\t\t<div class=\"elementor-post__text\">\n\t\t\t\t<h3 class=\"elementor-post__title\">\n\t\t\t<a href=\"https:\/\/wewalk.io\/en\/beyond-mobility-what-the-research-says-about-the-psychological-effects-of-the-white-cane\/\" >\n\t\t\t\tBeyond Mobility: What the Research Says About the Psychological Effects of the White Cane\t\t\t<\/a>\n\t\t<\/h3>\n\t\t\t\t<div class=\"elementor-post__meta-data\">\n\t\t\t\t\t<span class=\"elementor-post-date\">\n\t\t\t09\/04\/2026\t\t<\/span>\n\t\t\t\t<\/div>\n\t\t\t\t<div class=\"elementor-post__excerpt\">\n\t\t\t<p>For millions of people with visual impairments, mobility is deeply connected to independence, confidence, and everyday participation for people with visual impairments, and the white cane plays a central role in that experience. But beyond its practical function, what does research actually say about its psychological impact? We\u2019ve gathered key findings that explore how white cane use shapes confidence, safety, and overall well-being.<\/p>\n\t\t<\/div>\n\t\t\n\t\t<a class=\"elementor-post__read-more\" href=\"https:\/\/wewalk.io\/en\/beyond-mobility-what-the-research-says-about-the-psychological-effects-of-the-white-cane\/\" aria-label=\"Read more about Beyond Mobility: What the Research Says About the Psychological Effects of the White Cane\" tabindex=\"-1\" >\n\t\t\tRead More \u00bb\t\t<\/a>\n\n\t\t\t\t<\/div>\n\t\t\t\t<\/article>\n\t\t\t\t<article class=\"elementor-post elementor-grid-item post-44109 post type-post status-publish format-standard hentry category-uncategorized-en\" role=\"listitem\">\n\t\t\t\t<div class=\"elementor-post__text\">\n\t\t\t\t<h3 class=\"elementor-post__title\">\n\t\t\t<a href=\"https:\/\/wewalk.io\/en\/it-will-change-your-life-kit-wheelers-journey-with-the-wewalk-smart-cane-2\/\" >\n\t\t\t\t&#8220;It will change your life!&#8221;: Kit Wheeler\u2019s Journey with the WeWALK Smart Cane 2\t\t\t<\/a>\n\t\t<\/h3>\n\t\t\t\t<div class=\"elementor-post__meta-data\">\n\t\t\t\t\t<span class=\"elementor-post-date\">\n\t\t\t26\/03\/2026\t\t<\/span>\n\t\t\t\t<\/div>\n\t\t\t\t<div class=\"elementor-post__excerpt\">\n\t\t\t<p>For Kit Wheeler from Jacksonville, Florida, her WeWALK Smart Cane 2 is much more than a mobility tool. In a recent conversation with our team, Kit shared her personal and inspiring journey, revealing how this technology has redefined her relationship with the world around her.<\/p>\n\t\t<\/div>\n\t\t\n\t\t<a class=\"elementor-post__read-more\" href=\"https:\/\/wewalk.io\/en\/it-will-change-your-life-kit-wheelers-journey-with-the-wewalk-smart-cane-2\/\" aria-label=\"Read more about &#8220;It will change your life!&#8221;: Kit Wheeler\u2019s Journey with the WeWALK Smart Cane 2\" tabindex=\"-1\" >\n\t\t\tRead More \u00bb\t\t<\/a>\n\n\t\t\t\t<\/div>\n\t\t\t\t<\/article>\n\t\t\t\t<article class=\"elementor-post elementor-grid-item post-43999 post type-post status-publish format-standard hentry category-uncategorized-en\" role=\"listitem\">\n\t\t\t\t<div class=\"elementor-post__text\">\n\t\t\t\t<h3 class=\"elementor-post__title\">\n\t\t\t<a href=\"https:\/\/wewalk.io\/en\/from-the-first-ideas-of-the-wewalk-smart-cane-2-dr-sean-tikkuns-perspective-for-the-future-of-orientation-mobility-trainings\/\" >\n\t\t\t\tFrom The First Ideas of the WeWALK Smart Cane 2: Dr. Sean Tikkun\u2019s Perspective for the Future of Orientation &#038; Mobility Trainings\t\t\t<\/a>\n\t\t<\/h3>\n\t\t\t\t<div class=\"elementor-post__meta-data\">\n\t\t\t\t\t<span class=\"elementor-post-date\">\n\t\t\t11\/03\/2026\t\t<\/span>\n\t\t\t\t<\/div>\n\t\t\t\t<div class=\"elementor-post__excerpt\">\n\t\t\t<p>Dr. Sean Tikkun, a teacher at North Carolina Central University, with over 20 years of experience as an Orientation and Mobility (O&#038;M) specialist and a Certified Assistive Technology Instructional Specialist, he is helping shape the future of independent travel through WeWALK.<\/p>\n\t\t<\/div>\n\t\t\n\t\t<a class=\"elementor-post__read-more\" href=\"https:\/\/wewalk.io\/en\/from-the-first-ideas-of-the-wewalk-smart-cane-2-dr-sean-tikkuns-perspective-for-the-future-of-orientation-mobility-trainings\/\" aria-label=\"Read more about From The First Ideas of the WeWALK Smart Cane 2: Dr. Sean Tikkun\u2019s Perspective for the Future of Orientation &#038; Mobility Trainings\" tabindex=\"-1\" >\n\t\t\tRead More \u00bb\t\t<\/a>\n\n\t\t\t\t<\/div>\n\t\t\t\t<\/article>\n\t\t\t\t<article class=\"elementor-post elementor-grid-item post-43446 post type-post status-publish format-standard hentry category-uncategorized-en\" role=\"listitem\">\n\t\t\t\t<div class=\"elementor-post__text\">\n\t\t\t\t<h3 class=\"elementor-post__title\">\n\t\t\t<a href=\"https:\/\/wewalk.io\/en\/plan-your-journey-before-leaving-home-davids-perspective-on-the-wewalk-smart-cane-2\/\" >\n\t\t\t\tPlan Your Journey Before Leaving Home: David\u2019s Perspective on the WeWALK Smart Cane 2\t\t\t<\/a>\n\t\t<\/h3>\n\t\t\t\t<div class=\"elementor-post__meta-data\">\n\t\t\t\t\t<span class=\"elementor-post-date\">\n\t\t\t26\/02\/2026\t\t<\/span>\n\t\t\t\t<\/div>\n\t\t\t\t<div class=\"elementor-post__excerpt\">\n\t\t\t<p>For many in the visually impaired community, finding the right balance between traditional mobility and modern technology is a journey of its own. Recently, we had the pleasure of having an interview with David Carrington-Porter, a 74-year-old retiree from the United Kingdom, to discuss how the WeWALK Smart Cane 2 has integrated into his daily life.<\/p>\n\t\t<\/div>\n\t\t\n\t\t<a class=\"elementor-post__read-more\" href=\"https:\/\/wewalk.io\/en\/plan-your-journey-before-leaving-home-davids-perspective-on-the-wewalk-smart-cane-2\/\" aria-label=\"Read more about Plan Your Journey Before Leaving Home: David\u2019s Perspective on the WeWALK Smart Cane 2\" tabindex=\"-1\" >\n\t\t\tRead More \u00bb\t\t<\/a>\n\n\t\t\t\t<\/div>\n\t\t\t\t<\/article>\n\t\t\t\t<article class=\"elementor-post elementor-grid-item post-43415 post type-post status-publish format-standard hentry category-uncategorized-en\" role=\"listitem\">\n\t\t\t\t<div class=\"elementor-post__text\">\n\t\t\t\t<h3 class=\"elementor-post__title\">\n\t\t\t<a href=\"https:\/\/wewalk.io\/en\/the-evolution-of-independence-from-the-traditional-white-cane-to-digital-future\/\" >\n\t\t\t\tThe Evolution of Independence: From the Traditional White Cane to a Digital Future\t\t\t<\/a>\n\t\t<\/h3>\n\t\t\t\t<div class=\"elementor-post__meta-data\">\n\t\t\t\t\t<span class=\"elementor-post-date\">\n\t\t\t16\/02\/2026\t\t<\/span>\n\t\t\t\t<\/div>\n\t\t\t\t<div class=\"elementor-post__excerpt\">\n\t\t\t<p>The white cane\u2014simple in design yet profound in impact\u2014is far more than just a mobility tool; it\u2019s a symbol of independence and confidence. While its physical form has remained largely unchanged for decades, its impact on people is unquestionable. But how did this humble stick become such a powerful emblem of freedom? Let\u2019s take a deeper stroll through its history!<\/p>\n\t\t<\/div>\n\t\t\n\t\t<a class=\"elementor-post__read-more\" href=\"https:\/\/wewalk.io\/en\/the-evolution-of-independence-from-the-traditional-white-cane-to-digital-future\/\" aria-label=\"Read more about The Evolution of Independence: From the Traditional White Cane to a Digital Future\" tabindex=\"-1\" >\n\t\t\tRead More \u00bb\t\t<\/a>\n\n\t\t\t\t<\/div>\n\t\t\t\t<\/article>\n\t\t\t\t<article class=\"elementor-post elementor-grid-item post-43354 post type-post status-publish format-standard hentry category-uncategorized-en\" role=\"listitem\">\n\t\t\t\t<div class=\"elementor-post__text\">\n\t\t\t\t<h3 class=\"elementor-post__title\">\n\t\t\t<a href=\"https:\/\/wewalk.io\/en\/i-realized-that-i-first-needed-to-trust-myself-wewalk-has-been-a-great-companion-on-this-journey\/\" >\n\t\t\t\t\u201cI realized that I first needed to trust myself. WeWALK has been a great companion on this journey.\u201d\t\t\t<\/a>\n\t\t<\/h3>\n\t\t\t\t<div class=\"elementor-post__meta-data\">\n\t\t\t\t\t<span class=\"elementor-post-date\">\n\t\t\t06\/02\/2026\t\t<\/span>\n\t\t\t\t<\/div>\n\t\t\t\t<div class=\"elementor-post__excerpt\">\n\t\t\t<p>My name is Selinay Erkul. I am currently a second-year student in the Tourism Management Department at Dokuz Eyl\u00fcl University. My journey toward independence began with YGA (Young Guru Academy). K\u00fcr\u015fat Ceylan, whom I met there, was an incredibly inspiring role model for me. After participating in YGA programs, my self-confidence increased and the number of role models who convinced me that I could be independent grew. That was also when I started using a white cane.<\/p>\n\t\t<\/div>\n\t\t\n\t\t<a class=\"elementor-post__read-more\" href=\"https:\/\/wewalk.io\/en\/i-realized-that-i-first-needed-to-trust-myself-wewalk-has-been-a-great-companion-on-this-journey\/\" aria-label=\"Read more about \u201cI realized that I first needed to trust myself. WeWALK has been a great companion on this journey.\u201d\" tabindex=\"-1\" >\n\t\t\tRead More \u00bb\t\t<\/a>\n\n\t\t\t\t<\/div>\n\t\t\t\t<\/article>\n\t\t\t\t<article class=\"elementor-post elementor-grid-item post-43274 post type-post status-publish format-standard hentry category-uncategorized-en\" role=\"listitem\">\n\t\t\t\t<div class=\"elementor-post__text\">\n\t\t\t\t<h3 class=\"elementor-post__title\">\n\t\t\t<a href=\"https:\/\/wewalk.io\/en\/is-it-a-horn-is-it-a-headlight-no-its-wewalk-smart-cane-2\/\" >\n\t\t\t\tIs it a Horn? Is it a Headlight? No, it\u2019s WeWALK Smart Cane 2!\t\t\t<\/a>\n\t\t<\/h3>\n\t\t\t\t<div class=\"elementor-post__meta-data\">\n\t\t\t\t\t<span class=\"elementor-post-date\">\n\t\t\t15\/01\/2026\t\t<\/span>\n\t\t\t\t<\/div>\n\t\t\t\t<div class=\"elementor-post__excerpt\">\n\t\t\t<p>You may already know the classical features of WeWALK Smart Cane 2, but our users go beyond simply using the features of the WeWALK Smart Cane 2\u2014they reimagine them. By creatively adapting technology to meet their unique daily needs, users go beyond intended use cases. This creativity is a constant source of inspiration for our team. We are thrilled to see the new perspectives our users show us and the practical new ways they make it work better for them. <\/p>\n<p>Here are a few real-life examples that show how differently WeWALK Smart Cane 2 is being used. <\/p>\n\t\t<\/div>\n\t\t\n\t\t<a class=\"elementor-post__read-more\" href=\"https:\/\/wewalk.io\/en\/is-it-a-horn-is-it-a-headlight-no-its-wewalk-smart-cane-2\/\" aria-label=\"Read more about Is it a Horn? Is it a Headlight? No, it\u2019s WeWALK Smart Cane 2!\" tabindex=\"-1\" >\n\t\t\tRead More \u00bb\t\t<\/a>\n\n\t\t\t\t<\/div>\n\t\t\t\t<\/article>\n\t\t\t\t<article class=\"elementor-post elementor-grid-item post-43182 post type-post status-publish format-standard hentry category-uncategorized-en\" role=\"listitem\">\n\t\t\t\t<div class=\"elementor-post__text\">\n\t\t\t\t<h3 class=\"elementor-post__title\">\n\t\t\t<a href=\"https:\/\/wewalk.io\/en\/2025-a-year-of-walking-together-with-wewalk\/\" >\n\t\t\t\t2025: A Year of Walking Together with WeWALK!\t\t\t<\/a>\n\t\t<\/h3>\n\t\t\t\t<div class=\"elementor-post__meta-data\">\n\t\t\t\t\t<span class=\"elementor-post-date\">\n\t\t\t31\/12\/2025\t\t<\/span>\n\t\t\t\t<\/div>\n\t\t\t\t<div class=\"elementor-post__excerpt\">\n\t\t\t<p>At the beginning of this year, we launched WeWALK Smart Cane 2 \u2014 and 2025 quickly became one of the most exciting chapters in WeWALK\u2019s journey, making this year filled with growth, learning, and thousands of independent steps taken around the world.<\/p>\n\t\t<\/div>\n\t\t\n\t\t<a class=\"elementor-post__read-more\" href=\"https:\/\/wewalk.io\/en\/2025-a-year-of-walking-together-with-wewalk\/\" aria-label=\"Read more about 2025: A Year of Walking Together with WeWALK!\" tabindex=\"-1\" >\n\t\t\tRead More \u00bb\t\t<\/a>\n\n\t\t\t\t<\/div>\n\t\t\t\t<\/article>\n\t\t\t\t<article class=\"elementor-post elementor-grid-item post-43170 post type-post status-publish format-standard hentry category-blog-tr-2\" role=\"listitem\">\n\t\t\t\t<div class=\"elementor-post__text\">\n\t\t\t\t<h3 class=\"elementor-post__title\">\n\t\t\t<a href=\"https:\/\/wewalk.io\/en\/my-journey-to-independence-with-wewalk\/\" >\n\t\t\t\tMy Journey to Independence with WeWALK \u2013 As Told by Yusuf \u00c7elik, a WeWALK Smart Cane 2 User from the Earthquake Region\t\t\t<\/a>\n\t\t<\/h3>\n\t\t\t\t<div class=\"elementor-post__meta-data\">\n\t\t\t\t\t<span class=\"elementor-post-date\">\n\t\t\t25\/12\/2025\t\t<\/span>\n\t\t\t\t<\/div>\n\t\t\t\t<div class=\"elementor-post__excerpt\">\n\t\t\t<p>I am Yusuf \u00c7elik. I live in Malatya, Turkiye but I&#8217;m originally from H\u0131n\u0131s, Erzurum. I study Turkish Music at the State Conservatory and also study Theology at Anadolu University. My life is full of work, music, and movement. I play in wedding halls in the evenings, I&#8217;m interested in sports, and I&#8217;m preparing for the EKPSS exam. In short, I am constantly involved in life. <\/p>\n<p>My journey to independent movement began in my middle and high school years with a white cane. Later, I was introduced to the WeWALK Smart Cane 1, and it really gave me a confidence boost. But when I switched to the WeWALK Smart Cane 2, I said, &#8220;Okay, this is my cane now.&#8221;<\/p>\n\t\t<\/div>\n\t\t\n\t\t<a class=\"elementor-post__read-more\" href=\"https:\/\/wewalk.io\/en\/my-journey-to-independence-with-wewalk\/\" aria-label=\"Read more about My Journey to Independence with WeWALK \u2013 As Told by Yusuf \u00c7elik, a WeWALK Smart Cane 2 User from the Earthquake Region\" tabindex=\"-1\" >\n\t\t\tRead More \u00bb\t\t<\/a>\n\n\t\t\t\t<\/div>\n\t\t\t\t<\/article>\n\t\t\t\t<\/div>\n\t\t\n\t\t\t\t<div class=\"e-load-more-anchor\" data-page=\"1\" data-max-page=\"2\" data-next-page=\"https:\/\/wewalk.io\/en\/wp-json\/wp\/v2\/pages\/42145\/page\/2\/\"><\/div>\n\t\t\t\t<nav class=\"elementor-pagination\" aria-label=\"Pagination\">\n\t\t\t<span aria-current=\"page\" class=\"page-numbers current\"><span class=\"elementor-screen-only\">Page<\/span>1<\/span>\n<a class=\"page-numbers\" href=\"https:\/\/wewalk.io\/en\/wp-json\/wp\/v2\/pages\/42145\/page\/2\/\"><span class=\"elementor-screen-only\">Page<\/span>2<\/a>\t\t<\/nav>\n\t\t\t\t\t\t<\/div>\n\t\t\t\t<\/div>\n\t\t\t\t\t<\/div>\n\t\t\t\t<\/div>\n\t\t\t\t<\/div>\n\t\t","protected":false},"excerpt":{"rendered":"<p>Articles for You Engaging Reads for Visually Impaired People<\/p>\n","protected":false},"author":16,"featured_media":0,"parent":0,"menu_order":0,"comment_status":"closed","ping_status":"closed","template":"","meta":{"content-type":"","inline_featured_image":false,"footnotes":""},"class_list":["post-42145","page","type-page","status-publish","hentry"],"yoast_head":"<!-- This site is optimized with the Yoast SEO plugin v27.3 - https:\/\/yoast.com\/product\/yoast-seo-wordpress\/ -->\n<title>Blog - WeWALK Smart Cane<\/title>\n<meta name=\"robots\" content=\"index, follow, max-snippet:-1, max-image-preview:large, max-video-preview:-1\" \/>\n<link rel=\"canonical\" href=\"https:\/\/wewalk.io\/en\/blog\/\" \/>\n<meta property=\"og:locale\" content=\"en_US\" \/>\n<meta property=\"og:type\" content=\"article\" \/>\n<meta property=\"og:title\" content=\"Blog - WeWALK Smart Cane\" \/>\n<meta property=\"og:description\" content=\"Articles for You Engaging Reads for Visually Impaired People\" \/>\n<meta property=\"og:url\" content=\"https:\/\/wewalk.io\/en\/blog\/\" \/>\n<meta property=\"og:site_name\" content=\"WeWALK Smart Cane\" \/>\n<meta property=\"article:publisher\" content=\"https:\/\/www.facebook.com\/wewalkio\" \/>\n<meta property=\"article:modified_time\" content=\"2026-03-23T14:04:09+00:00\" \/>\n<meta name=\"twitter:card\" content=\"summary_large_image\" \/>\n<meta name=\"twitter:site\" content=\"@wewalkio\" \/>\n<meta name=\"twitter:label1\" content=\"Est. reading time\" \/>\n\t<meta name=\"twitter:data1\" content=\"4 minutes\" \/>\n<script type=\"application\/ld+json\" class=\"yoast-schema-graph\">{\"@context\":\"https:\\\/\\\/schema.org\",\"@graph\":[{\"@type\":\"WebPage\",\"@id\":\"https:\\\/\\\/wewalk.io\\\/en\\\/blog\\\/\",\"url\":\"https:\\\/\\\/wewalk.io\\\/en\\\/blog\\\/\",\"name\":\"Blog - WeWALK Smart Cane\",\"isPartOf\":{\"@id\":\"https:\\\/\\\/wewalk.io\\\/en\\\/#website\"},\"datePublished\":\"2025-08-19T06:12:08+00:00\",\"dateModified\":\"2026-03-23T14:04:09+00:00\",\"breadcrumb\":{\"@id\":\"https:\\\/\\\/wewalk.io\\\/en\\\/blog\\\/#breadcrumb\"},\"inLanguage\":\"en-US\",\"potentialAction\":[{\"@type\":\"ReadAction\",\"target\":[\"https:\\\/\\\/wewalk.io\\\/en\\\/blog\\\/\"]}]},{\"@type\":\"BreadcrumbList\",\"@id\":\"https:\\\/\\\/wewalk.io\\\/en\\\/blog\\\/#breadcrumb\",\"itemListElement\":[{\"@type\":\"ListItem\",\"position\":1,\"name\":\"Home\",\"item\":\"https:\\\/\\\/wewalk.io\\\/en\\\/\"},{\"@type\":\"ListItem\",\"position\":2,\"name\":\"Blog\"}]},{\"@type\":\"WebSite\",\"@id\":\"https:\\\/\\\/wewalk.io\\\/en\\\/#website\",\"url\":\"https:\\\/\\\/wewalk.io\\\/en\\\/\",\"name\":\"WeWALK Smart Cane\",\"description\":\"Smart Cane for the Visually Impaired\",\"publisher\":{\"@id\":\"https:\\\/\\\/wewalk.io\\\/en\\\/#organization\"},\"potentialAction\":[{\"@type\":\"SearchAction\",\"target\":{\"@type\":\"EntryPoint\",\"urlTemplate\":\"https:\\\/\\\/wewalk.io\\\/en\\\/?s={search_term_string}\"},\"query-input\":{\"@type\":\"PropertyValueSpecification\",\"valueRequired\":true,\"valueName\":\"search_term_string\"}}],\"inLanguage\":\"en-US\"},{\"@type\":\"Organization\",\"@id\":\"https:\\\/\\\/wewalk.io\\\/en\\\/#organization\",\"name\":\"WeWALK Smart Cane\",\"url\":\"https:\\\/\\\/wewalk.io\\\/en\\\/\",\"logo\":{\"@type\":\"ImageObject\",\"inLanguage\":\"en-US\",\"@id\":\"https:\\\/\\\/wewalk.io\\\/en\\\/#\\\/schema\\\/logo\\\/image\\\/\",\"url\":\"https:\\\/\\\/wewalk.io\\\/wp-content\\\/uploads\\\/2020\\\/08\\\/logo-white.svg\",\"contentUrl\":\"https:\\\/\\\/wewalk.io\\\/wp-content\\\/uploads\\\/2020\\\/08\\\/logo-white.svg\",\"width\":186,\"height\":33,\"caption\":\"WeWALK Smart Cane\"},\"image\":{\"@id\":\"https:\\\/\\\/wewalk.io\\\/en\\\/#\\\/schema\\\/logo\\\/image\\\/\"},\"sameAs\":[\"https:\\\/\\\/www.facebook.com\\\/wewalkio\",\"https:\\\/\\\/x.com\\\/wewalkio\",\"https:\\\/\\\/www.instagram.com\\\/wewalkio\\\/\",\"https:\\\/\\\/www.linkedin.com\\\/company\\\/wewalk\",\"https:\\\/\\\/www.youtube.com\\\/channel\\\/UC_VH-4cZcAfcIObUPsMISyw\"]}]}<\/script>\n<!-- \/ Yoast SEO plugin. -->","yoast_head_json":{"title":"Blog - WeWALK Smart Cane","robots":{"index":"index","follow":"follow","max-snippet":"max-snippet:-1","max-image-preview":"max-image-preview:large","max-video-preview":"max-video-preview:-1"},"canonical":"https:\/\/wewalk.io\/en\/blog\/","og_locale":"en_US","og_type":"article","og_title":"Blog - WeWALK Smart Cane","og_description":"Articles for You Engaging Reads for Visually Impaired People","og_url":"https:\/\/wewalk.io\/en\/blog\/","og_site_name":"WeWALK Smart Cane","article_publisher":"https:\/\/www.facebook.com\/wewalkio","article_modified_time":"2026-03-23T14:04:09+00:00","twitter_card":"summary_large_image","twitter_site":"@wewalkio","twitter_misc":{"Est. reading time":"4 minutes"},"schema":{"@context":"https:\/\/schema.org","@graph":[{"@type":"WebPage","@id":"https:\/\/wewalk.io\/en\/blog\/","url":"https:\/\/wewalk.io\/en\/blog\/","name":"Blog - WeWALK Smart Cane","isPartOf":{"@id":"https:\/\/wewalk.io\/en\/#website"},"datePublished":"2025-08-19T06:12:08+00:00","dateModified":"2026-03-23T14:04:09+00:00","breadcrumb":{"@id":"https:\/\/wewalk.io\/en\/blog\/#breadcrumb"},"inLanguage":"en-US","potentialAction":[{"@type":"ReadAction","target":["https:\/\/wewalk.io\/en\/blog\/"]}]},{"@type":"BreadcrumbList","@id":"https:\/\/wewalk.io\/en\/blog\/#breadcrumb","itemListElement":[{"@type":"ListItem","position":1,"name":"Home","item":"https:\/\/wewalk.io\/en\/"},{"@type":"ListItem","position":2,"name":"Blog"}]},{"@type":"WebSite","@id":"https:\/\/wewalk.io\/en\/#website","url":"https:\/\/wewalk.io\/en\/","name":"WeWALK Smart Cane","description":"Smart Cane for the Visually Impaired","publisher":{"@id":"https:\/\/wewalk.io\/en\/#organization"},"potentialAction":[{"@type":"SearchAction","target":{"@type":"EntryPoint","urlTemplate":"https:\/\/wewalk.io\/en\/?s={search_term_string}"},"query-input":{"@type":"PropertyValueSpecification","valueRequired":true,"valueName":"search_term_string"}}],"inLanguage":"en-US"},{"@type":"Organization","@id":"https:\/\/wewalk.io\/en\/#organization","name":"WeWALK Smart Cane","url":"https:\/\/wewalk.io\/en\/","logo":{"@type":"ImageObject","inLanguage":"en-US","@id":"https:\/\/wewalk.io\/en\/#\/schema\/logo\/image\/","url":"https:\/\/wewalk.io\/wp-content\/uploads\/2020\/08\/logo-white.svg","contentUrl":"https:\/\/wewalk.io\/wp-content\/uploads\/2020\/08\/logo-white.svg","width":186,"height":33,"caption":"WeWALK Smart Cane"},"image":{"@id":"https:\/\/wewalk.io\/en\/#\/schema\/logo\/image\/"},"sameAs":["https:\/\/www.facebook.com\/wewalkio","https:\/\/x.com\/wewalkio","https:\/\/www.instagram.com\/wewalkio\/","https:\/\/www.linkedin.com\/company\/wewalk","https:\/\/www.youtube.com\/channel\/UC_VH-4cZcAfcIObUPsMISyw"]}]}},"jetpack_sharing_enabled":true,"_links":{"self":[{"href":"https:\/\/wewalk.io\/en\/wp-json\/wp\/v2\/pages\/42145","targetHints":{"allow":["GET"]}}],"collection":[{"href":"https:\/\/wewalk.io\/en\/wp-json\/wp\/v2\/pages"}],"about":[{"href":"https:\/\/wewalk.io\/en\/wp-json\/wp\/v2\/types\/page"}],"author":[{"embeddable":true,"href":"https:\/\/wewalk.io\/en\/wp-json\/wp\/v2\/users\/16"}],"replies":[{"embeddable":true,"href":"https:\/\/wewalk.io\/en\/wp-json\/wp\/v2\/comments?post=42145"}],"version-history":[{"count":12,"href":"https:\/\/wewalk.io\/en\/wp-json\/wp\/v2\/pages\/42145\/revisions"}],"predecessor-version":[{"id":44106,"href":"https:\/\/wewalk.io\/en\/wp-json\/wp\/v2\/pages\/42145\/revisions\/44106"}],"wp:attachment":[{"href":"https:\/\/wewalk.io\/en\/wp-json\/wp\/v2\/media?parent=42145"}],"curies":[{"name":"wp","href":"https:\/\/api.w.org\/{rel}","templated":true}]}}