
{"id":27340,"date":"2021-05-01T22:42:08","date_gmt":"2021-05-01T22:42:08","guid":{"rendered":"https:\/\/wewalk.io\/w-news-19\/"},"modified":"2021-05-01T22:42:17","modified_gmt":"2021-05-01T22:42:17","slug":"w-news-19","status":"publish","type":"page","link":"https:\/\/wewalk.io\/tr\/w-news-19\/","title":{"rendered":"W-News 19"},"content":{"rendered":"\n<h4 class=\"wp-block-heading\"><strong>\u00d6zg\u00fcrl\u00fck hareketine kat\u0131l\u0131n<\/strong><\/h4>\n\n<p><strong>WeWALK<\/strong><strong>\u00a0App Features:\u00a0<\/strong>WeWALK olarak eri\u015filebilir navigasyon sa\u011flayarak g\u00f6rme engelli ki\u015filerin hareket kabiliyetini art\u0131rmay\u0131 hedefliyoruz. Kullan\u0131c\u0131lar\u0131m\u0131za her zaman daha iyi bir navigasyon deneyimi sunmay\u0131 hedefliyoruz. Bu nedenle WeWALK uygulamas\u0131ndaki yeni g\u00fcncellemeyle, yolunuza \u00e7\u0131kabilecek hatalar\u0131 ortadan kald\u0131rd\u0131k. Yeni navigasyonu deneyin ve daha fazla g\u00fcncelleme i\u00e7in bizi izlemeye devam edin. Bir ba\u015fka iyi haber de W-News i\u00e7eri\u011fimizi WeWALK uygulamas\u0131ndan okuyabilece\u011finizdir.<\/p>\n\n<p>What did our users say about\u00a0WeWALK?:\u00a0\u00a0<\/p>\n\n<p>\u201cThis app is great! I like apps like this for use in headphones in an Uber. I can make sure I am being taken to the right place.\u201d &#8211; Tonya\u00a0<\/p>\n\n<p>\u201cThe last thing I want to add is that my blind friends who are addicted to insecurity and take shelter behind their fears and behind their obstacles, we are strong not as we hide, but as long as we fight, do not be afraid to use a cane, we all have the right to live free.\u201d \u2013 Aytac Dogan\u00a0<\/p>\n\n<h4 class=\"wp-block-heading\">Tech and Other News\u00a0<\/h4>\n\n<p><strong>KCB TECHNOLOGY AND SCHOLARSHIP AWARDS:\u00a0<\/strong>KCB is\u00a0pleased\u00a0to\u00a0offer\u00a0once\u00a0again\u00a0our\u00a0assistive\u00a0technology\u00a0matching\u00a0grants\u00a0and\u00a0our\u00a0$1,000\u00a0academic\u00a0scholarship\u00a0for\u00a02021.\u00a0\u00a0Any\u00a0visually\u00a0impaired\u00a0resident\u00a0of Kentucky\u00a0and\u00a0any\u00a0visually\u00a0impaired\u00a0KCB\u00a0member\u00a0in\u00a0good\u00a0standing\u00a0regardless\u00a0of\u00a0place\u00a0of\u00a0residence\u00a0is\u00a0eligible\u00a0to\u00a0apply.\u00a0<a href=\"https:\/\/kentucky-acb.org\/kcb-news-april-2021\" target=\"_blank\" rel=\"noreferrer noopener\">Click<\/a>\u00a0to\u00a0learn\u00a0more.\u00a0\u00a0<\/p>\n\n<p><strong>800-HP\u00a0<\/strong><strong>Chevy<\/strong><strong>\u00a0<\/strong><strong>Corvette<\/strong><strong>\u00a0<\/strong><strong>to<\/strong><strong>\u00a0<\/strong><strong>Assist<\/strong><strong>\u00a0<\/strong><strong>Blind<\/strong><strong>\u00a0<\/strong><strong>Racer<\/strong><strong>\u00a0<\/strong><strong>Attempting<\/strong><strong>\u00a0210-MPH\u00a0<\/strong><strong>Record<\/strong><strong>\u00a0<\/strong><strong>This<\/strong><strong>\u00a0<\/strong><strong>Year<\/strong><strong>:\u00a0<\/strong>Dan\u00a0Parker, aka\u00a0The\u00a0Blind\u00a0Machinist, has an\u00a0incredible\u00a0life\u00a0story. He\u00a0was\u00a0blinded\u00a0in a\u00a0horrific\u00a0drag\u00a0racing\u00a0incident\u00a0back\u00a0in 2012\u00a0and\u00a0continues\u00a0to\u00a0race\u00a0to\u00a0this\u00a0very\u00a0day.\u00a0Better\u00a0yet,\u00a0he\u2019s\u00a0taking\u00a0part\u00a0in\u00a0the\u00a02021\u00a0Blind\u00a0Driver Challenge\u00a0and,\u00a0later\u00a0this\u00a0year,\u00a0will\u00a0attempt\u00a0to\u00a0nail\u00a0the\u00a0Guinness\u00a0Book\u00a0World\u00a0Record\u00a0for\u00a0the\u00a0\u201cFastest\u00a0Speed\u00a0for\u00a0a Car\u00a0Driven\u00a0Blindfolded.\u201d Read\u00a0more\u00a0of his\u00a0story\u00a0<a href=\"https:\/\/www.autoevolution.com\/news\/800-hp-chevy-corvette-to-assist-blind-racer-attempting-210-mph-record-this-year-159291.html\" target=\"_blank\" rel=\"noreferrer noopener\">here<\/a>.\u00a0<\/p>\n\n<p><strong>Accessible<\/strong><strong>\u00a0<\/strong><strong>Fonts<\/strong><strong>:<\/strong><strong>\u00a0<\/strong>&#8220;Which\u00a0fonts\u00a0are\u00a0accessible?&#8221;\u00a0We\u00a0get\u00a0asked\u00a0this\u00a0question\u00a0regularly.\u00a0It\u00a0may\u00a0surprise\u00a0you\u00a0to\u00a0know\u00a0that\u00a0there\u00a0aren\u2019t\u00a0specific\u00a0\u201caccessible\u201d\u00a0fonts.\u00a0Different\u00a0people\u00a0prefer\u00a0different\u00a0fonts,\u00a0and\u00a0that\u00a0includes\u00a0people\u00a0with\u00a0disabilities!\u00a0That\u00a0said,\u00a0legibility\u00a0is\u00a0important,\u00a0especially\u00a0for\u00a0people\u00a0with\u00a0low\u00a0vision\u00a0and\u00a0people\u00a0with\u00a0reading\u00a0disabilities\u00a0such\u00a0as\u00a0dyslexia.\u00a0<a href=\"https:\/\/www.colorado.edu\/accessible-technology\/newsletter\/accessibility-minute-april-2021\" target=\"_blank\" rel=\"noreferrer noopener\">Click<\/a>\u00a0to\u00a0learn\u00a0more.\u00a0<\/p>\n\n<p><strong>Building<\/strong><strong>\u00a0<\/strong><strong>connections<\/strong><strong>\u00a0<\/strong><strong>with<\/strong><strong>\u00a0LEGO\u00ae Braille\u00a0<\/strong><strong>Bricks<\/strong><strong>:<\/strong><strong>\u00a0<\/strong>Vision\u00a0Australia\u00a0joined\u00a0forces\u00a0with\u00a0LEGOLAND\u00ae\u00a0Discovery\u00a0Centre\u00a0recently\u00a0to\u00a0introduce\u00a0kids\u00a0who\u00a0are\u00a0blind\u00a0or\u00a0have\u00a0low\u00a0vision\u00a0to\u00a0LEGO\u00ae Braille\u00a0Bricks\u00a0for\u00a0the\u00a0very\u00a0first\u00a0time.As\u00a0the\u00a0LEGO\u00ae\u00a0Foundation\u2019s\u00a0official\u00a0partner\u00a0for\u00a0the\u00a0distribution\u00a0of LEGO\u00ae Braille\u00a0Bricks\u00a0in\u00a0Australia,\u00a0Vision\u00a0Australia\u00a0welcomed\u00a020\u00a0families\u00a0to\u00a0LEGOLAND\u00a0Discovery\u00a0Centre\u00a0for\u00a0a\u00a0special\u00a0event\u00a0to\u00a0discover\u00a0the\u00a0new\u00a0range\u00a0of LEGO\u00ae\u00a0bricks,\u00a0which\u00a0have\u00a0been\u00a0designed\u00a0to\u00a0expose\u00a0children\u00a0to\u00a0braille\u00a0from\u00a0a\u00a0young\u00a0age.\u00a0Read\u00a0the\u00a0whole\u00a0news\u00a0<a href=\"https:\/\/www.visionaustralia.org\/community\/news\/2021-04-19\/building-connections-legor-braille-bricks-0\" target=\"_blank\" rel=\"noreferrer noopener\">here<\/a>.\u00a0\u00a0<\/p>\n","protected":false},"excerpt":{"rendered":"<p>\u00d6zg\u00fcrl\u00fck hareketine kat\u0131l\u0131n WeWALK\u00a0App Features:\u00a0WeWALK olarak eri\u015filebilir navigasyon sa\u011flayarak g\u00f6rme engelli ki\u015filerin hareket kabiliyetini art\u0131rmay\u0131 hedefliyoruz. Kullan\u0131c\u0131lar\u0131m\u0131za her zaman daha iyi bir navigasyon deneyimi sunmay\u0131 hedefliyoruz. Bu nedenle WeWALK uygulamas\u0131ndaki&hellip;<\/p>\n","protected":false},"author":16,"featured_media":0,"parent":0,"menu_order":0,"comment_status":"closed","ping_status":"closed","template":"elementor_canvas","meta":{"inline_featured_image":false,"footnotes":""},"class_list":["post-27340","page","type-page","status-publish","hentry"],"yoast_head":"<!-- This site is optimized with the Yoast SEO plugin v27.3 - https:\/\/yoast.com\/product\/yoast-seo-wordpress\/ -->\n<title>W-News 19 - WeWALK Smart Cane<\/title>\n<meta name=\"robots\" content=\"index, follow, max-snippet:-1, max-image-preview:large, max-video-preview:-1\" \/>\n<link rel=\"canonical\" href=\"https:\/\/wewalk.io\/tr\/w-news-19\/\" \/>\n<meta property=\"og:locale\" content=\"tr_TR\" \/>\n<meta property=\"og:type\" content=\"article\" \/>\n<meta property=\"og:title\" content=\"W-News 19 - WeWALK Smart Cane\" \/>\n<meta property=\"og:description\" content=\"\u00d6zg\u00fcrl\u00fck hareketine kat\u0131l\u0131n WeWALK\u00a0App Features:\u00a0WeWALK olarak eri\u015filebilir navigasyon sa\u011flayarak g\u00f6rme engelli ki\u015filerin hareket kabiliyetini art\u0131rmay\u0131 hedefliyoruz. Kullan\u0131c\u0131lar\u0131m\u0131za her zaman daha iyi bir navigasyon deneyimi sunmay\u0131 hedefliyoruz. Bu nedenle WeWALK uygulamas\u0131ndaki&hellip;\" \/>\n<meta property=\"og:url\" content=\"https:\/\/wewalk.io\/tr\/w-news-19\/\" \/>\n<meta property=\"og:site_name\" content=\"WeWALK Smart Cane\" \/>\n<meta property=\"article:publisher\" content=\"https:\/\/www.facebook.com\/wewalkio\" \/>\n<meta property=\"article:modified_time\" content=\"2021-05-01T22:42:17+00:00\" \/>\n<meta name=\"twitter:card\" content=\"summary_large_image\" \/>\n<meta name=\"twitter:site\" content=\"@wewalkio\" \/>\n<meta name=\"twitter:label1\" content=\"Tahmini okuma s\u00fcresi\" \/>\n\t<meta name=\"twitter:data1\" content=\"2 dakika\" \/>\n<script type=\"application\/ld+json\" class=\"yoast-schema-graph\">{\"@context\":\"https:\\\/\\\/schema.org\",\"@graph\":[{\"@type\":\"WebPage\",\"@id\":\"https:\\\/\\\/wewalk.io\\\/tr\\\/w-news-19\\\/\",\"url\":\"https:\\\/\\\/wewalk.io\\\/tr\\\/w-news-19\\\/\",\"name\":\"W-News 19 - WeWALK Smart Cane\",\"isPartOf\":{\"@id\":\"https:\\\/\\\/wewalk.io\\\/tr\\\/#website\"},\"datePublished\":\"2021-05-01T22:42:08+00:00\",\"dateModified\":\"2021-05-01T22:42:17+00:00\",\"breadcrumb\":{\"@id\":\"https:\\\/\\\/wewalk.io\\\/tr\\\/w-news-19\\\/#breadcrumb\"},\"inLanguage\":\"tr\",\"potentialAction\":[{\"@type\":\"ReadAction\",\"target\":[\"https:\\\/\\\/wewalk.io\\\/tr\\\/w-news-19\\\/\"]}]},{\"@type\":\"BreadcrumbList\",\"@id\":\"https:\\\/\\\/wewalk.io\\\/tr\\\/w-news-19\\\/#breadcrumb\",\"itemListElement\":[{\"@type\":\"ListItem\",\"position\":1,\"name\":\"Home\",\"item\":\"https:\\\/\\\/wewalk.io\\\/tr\\\/\"},{\"@type\":\"ListItem\",\"position\":2,\"name\":\"W-News 19\"}]},{\"@type\":\"WebSite\",\"@id\":\"https:\\\/\\\/wewalk.io\\\/tr\\\/#website\",\"url\":\"https:\\\/\\\/wewalk.io\\\/tr\\\/\",\"name\":\"WeWALK Smart Cane\",\"description\":\"Smart Cane for the Visually Impaired\",\"publisher\":{\"@id\":\"https:\\\/\\\/wewalk.io\\\/tr\\\/#organization\"},\"potentialAction\":[{\"@type\":\"SearchAction\",\"target\":{\"@type\":\"EntryPoint\",\"urlTemplate\":\"https:\\\/\\\/wewalk.io\\\/tr\\\/?s={search_term_string}\"},\"query-input\":{\"@type\":\"PropertyValueSpecification\",\"valueRequired\":true,\"valueName\":\"search_term_string\"}}],\"inLanguage\":\"tr\"},{\"@type\":\"Organization\",\"@id\":\"https:\\\/\\\/wewalk.io\\\/tr\\\/#organization\",\"name\":\"WeWALK Smart Cane\",\"url\":\"https:\\\/\\\/wewalk.io\\\/tr\\\/\",\"logo\":{\"@type\":\"ImageObject\",\"inLanguage\":\"tr\",\"@id\":\"https:\\\/\\\/wewalk.io\\\/tr\\\/#\\\/schema\\\/logo\\\/image\\\/\",\"url\":\"https:\\\/\\\/wewalk.io\\\/wp-content\\\/uploads\\\/2020\\\/08\\\/logo-white.svg\",\"contentUrl\":\"https:\\\/\\\/wewalk.io\\\/wp-content\\\/uploads\\\/2020\\\/08\\\/logo-white.svg\",\"caption\":\"WeWALK Smart Cane\"},\"image\":{\"@id\":\"https:\\\/\\\/wewalk.io\\\/tr\\\/#\\\/schema\\\/logo\\\/image\\\/\"},\"sameAs\":[\"https:\\\/\\\/www.facebook.com\\\/wewalkio\",\"https:\\\/\\\/x.com\\\/wewalkio\",\"https:\\\/\\\/www.instagram.com\\\/wewalkio\\\/\",\"https:\\\/\\\/www.linkedin.com\\\/company\\\/wewalk\",\"https:\\\/\\\/www.youtube.com\\\/channel\\\/UC_VH-4cZcAfcIObUPsMISyw\"]}]}<\/script>\n<!-- \/ Yoast SEO plugin. -->","yoast_head_json":{"title":"W-News 19 - WeWALK Smart Cane","robots":{"index":"index","follow":"follow","max-snippet":"max-snippet:-1","max-image-preview":"max-image-preview:large","max-video-preview":"max-video-preview:-1"},"canonical":"https:\/\/wewalk.io\/tr\/w-news-19\/","og_locale":"tr_TR","og_type":"article","og_title":"W-News 19 - WeWALK Smart Cane","og_description":"\u00d6zg\u00fcrl\u00fck hareketine kat\u0131l\u0131n WeWALK\u00a0App Features:\u00a0WeWALK olarak eri\u015filebilir navigasyon sa\u011flayarak g\u00f6rme engelli ki\u015filerin hareket kabiliyetini art\u0131rmay\u0131 hedefliyoruz. Kullan\u0131c\u0131lar\u0131m\u0131za her zaman daha iyi bir navigasyon deneyimi sunmay\u0131 hedefliyoruz. Bu nedenle WeWALK uygulamas\u0131ndaki&hellip;","og_url":"https:\/\/wewalk.io\/tr\/w-news-19\/","og_site_name":"WeWALK Smart Cane","article_publisher":"https:\/\/www.facebook.com\/wewalkio","article_modified_time":"2021-05-01T22:42:17+00:00","twitter_card":"summary_large_image","twitter_site":"@wewalkio","twitter_misc":{"Tahmini okuma s\u00fcresi":"2 dakika"},"schema":{"@context":"https:\/\/schema.org","@graph":[{"@type":"WebPage","@id":"https:\/\/wewalk.io\/tr\/w-news-19\/","url":"https:\/\/wewalk.io\/tr\/w-news-19\/","name":"W-News 19 - WeWALK Smart Cane","isPartOf":{"@id":"https:\/\/wewalk.io\/tr\/#website"},"datePublished":"2021-05-01T22:42:08+00:00","dateModified":"2021-05-01T22:42:17+00:00","breadcrumb":{"@id":"https:\/\/wewalk.io\/tr\/w-news-19\/#breadcrumb"},"inLanguage":"tr","potentialAction":[{"@type":"ReadAction","target":["https:\/\/wewalk.io\/tr\/w-news-19\/"]}]},{"@type":"BreadcrumbList","@id":"https:\/\/wewalk.io\/tr\/w-news-19\/#breadcrumb","itemListElement":[{"@type":"ListItem","position":1,"name":"Home","item":"https:\/\/wewalk.io\/tr\/"},{"@type":"ListItem","position":2,"name":"W-News 19"}]},{"@type":"WebSite","@id":"https:\/\/wewalk.io\/tr\/#website","url":"https:\/\/wewalk.io\/tr\/","name":"WeWALK Smart Cane","description":"Smart Cane for the Visually Impaired","publisher":{"@id":"https:\/\/wewalk.io\/tr\/#organization"},"potentialAction":[{"@type":"SearchAction","target":{"@type":"EntryPoint","urlTemplate":"https:\/\/wewalk.io\/tr\/?s={search_term_string}"},"query-input":{"@type":"PropertyValueSpecification","valueRequired":true,"valueName":"search_term_string"}}],"inLanguage":"tr"},{"@type":"Organization","@id":"https:\/\/wewalk.io\/tr\/#organization","name":"WeWALK Smart Cane","url":"https:\/\/wewalk.io\/tr\/","logo":{"@type":"ImageObject","inLanguage":"tr","@id":"https:\/\/wewalk.io\/tr\/#\/schema\/logo\/image\/","url":"https:\/\/wewalk.io\/wp-content\/uploads\/2020\/08\/logo-white.svg","contentUrl":"https:\/\/wewalk.io\/wp-content\/uploads\/2020\/08\/logo-white.svg","caption":"WeWALK Smart Cane"},"image":{"@id":"https:\/\/wewalk.io\/tr\/#\/schema\/logo\/image\/"},"sameAs":["https:\/\/www.facebook.com\/wewalkio","https:\/\/x.com\/wewalkio","https:\/\/www.instagram.com\/wewalkio\/","https:\/\/www.linkedin.com\/company\/wewalk","https:\/\/www.youtube.com\/channel\/UC_VH-4cZcAfcIObUPsMISyw"]}]}},"jetpack_sharing_enabled":true,"_links":{"self":[{"href":"https:\/\/wewalk.io\/tr\/wp-json\/wp\/v2\/pages\/27340","targetHints":{"allow":["GET"]}}],"collection":[{"href":"https:\/\/wewalk.io\/tr\/wp-json\/wp\/v2\/pages"}],"about":[{"href":"https:\/\/wewalk.io\/tr\/wp-json\/wp\/v2\/types\/page"}],"author":[{"embeddable":true,"href":"https:\/\/wewalk.io\/tr\/wp-json\/wp\/v2\/users\/16"}],"replies":[{"embeddable":true,"href":"https:\/\/wewalk.io\/tr\/wp-json\/wp\/v2\/comments?post=27340"}],"version-history":[{"count":0,"href":"https:\/\/wewalk.io\/tr\/wp-json\/wp\/v2\/pages\/27340\/revisions"}],"wp:attachment":[{"href":"https:\/\/wewalk.io\/tr\/wp-json\/wp\/v2\/media?parent=27340"}],"curies":[{"name":"wp","href":"https:\/\/api.w.org\/{rel}","templated":true}]}}