
{"id":27360,"date":"2021-05-07T08:42:46","date_gmt":"2021-05-07T08:42:46","guid":{"rendered":"https:\/\/wewalk.io\/?page_id=27360"},"modified":"2021-05-07T09:43:18","modified_gmt":"2021-05-07T09:43:18","slug":"w-news-18","status":"publish","type":"page","link":"https:\/\/wewalk.io\/tr\/w-news-18\/","title":{"rendered":"W-News 18"},"content":{"rendered":"\n<h2 class=\"wp-block-heading\">Ba\u011f\u0131ms\u0131zl\u0131k Hareketine Kat\u0131l\u0131n<\/h2>\n\n\n\n<p>WeWALK olarak amac\u0131m\u0131z, eri\u015filebilir navigasyon sa\u011flayarak d\u00fcnya genelinde g\u00f6rme engelli ve az g\u00f6ren ki\u015filer i\u00e7in ba\u011f\u0131ms\u0131z hareketi desteklemek. Hem g\u00f6rme engelli hem de az g\u00f6ren kullan\u0131c\u0131lar i\u00e7in y\u00fcksek \u00e7\u00f6z\u00fcn\u00fcrl\u00fckl\u00fc haritalar, saat y\u00f6n\u00fc rehberli\u011fi ve ad\u0131m ad\u0131m navigasyon y\u00f6nledirmeleri gibi \u00f6zellikler i\u00e7eren WeWALK uygulamas\u0131nda daha iyi ve eri\u015filebilir bir navigasyon deneyimi sunmak i\u00e7in \u00e7al\u0131\u015f\u0131yoruz. Eri\u015filebilir navigasyonumuzu denemeye hemen ba\u015flay\u0131n. \u00dcstelik yeni g\u00fcncelleme ile W-news i\u00e7erikleri uygulama i\u00e7inden eri\u015febilir olacak. Uygulamay\u0131 indirmek i\u00e7in <a href=\"https:\/\/wewalk.io\/en\/app\/\" target=\"_blank\" rel=\"noreferrer noopener\">t\u0131klay\u0131n<\/a>.<\/p>\n\n\n\n<p><br>Fransa 24&#8217;teyiz! Tech 24 taraf\u0131ndan g\u00f6rme engelli bireyler i\u00e7in tasarlanan en b\u00fcy\u00fck yenilik\u00e7i teknoloji sa\u011flay\u0131c\u0131lar\u0131ndan biri olarak tan\u0131nmaktan dalay\u0131 onur duyduk. Program\u0131n t\u00fcm\u00fcne <a href=\"https:\/\/www.france24.com\/en\/tv-shows\/tech24\/\" target=\"_blank\" rel=\"noreferrer noopener\">buradan<\/a> ula\u015fabilirsiniz.<\/p>\n\n\n\n<p><br>Ar-Ge Liderimiz Jean Marc Feghali, Wellness Australia program\u0131na kat\u0131ld\u0131 ve WeWALK&#8217;\u0131n g\u00f6rme engelli ki\u015filerin hareketlili\u011fine nas\u0131l katk\u0131da bulundu\u011funu anlatt\u0131. Daha fazlas\u0131 i\u00e7in <a href=\"https:\/\/www.youtube.com\/watch?v=im1sBxfnc14&amp;t=371s\" target=\"_blank\" rel=\"noreferrer noopener\">buraya<\/a> t\u0131klay\u0131n.<\/p>\n\n\n\n<p><br>Kullan\u0131c\u0131lar\u0131m\u0131z WeWALK hakk\u0131nda neler s\u00f6yl\u00fcyor?<\/p>\n\n\n\n<p><br>\u201cBu uygulama harika! Uygulamay\u0131 Uber\u2019de kulakl\u0131k kullan\u0131m\u0131 gibi \u00f6zelliklerinden dolay\u0131 seviyorum. B\u00f6ylelikle do\u011fru yere g\u00f6t\u00fcr\u00fcld\u00fc\u011f\u00fcmden emin olabiliyorum.\u201d \u2013 Tonya<br><\/p>\n\n\n\n<p>\u201cEklemek istedi\u011fim son \u015fey, g\u00fcvensizli\u011fe ba\u011f\u0131ml\u0131 olan, korkular\u0131n\u0131n ve engellerinin arkas\u0131na s\u0131\u011f\u0131nan g\u00f6rme engelli arkada\u015flar\u0131m, saklanmad\u0131\u011f\u0131m\u0131z kadar g\u00fc\u00e7l\u00fcy\u00fcz, sava\u015ft\u0131\u011f\u0131m\u0131z s\u00fcrece baston kullanmaktan korkmay\u0131n, hepimiz \u00f6zg\u00fcr ya\u015fama hakk\u0131na sahibiz.\u201d \u2013 Ayta\u00e7<\/p>\n\n\n\n<h2 class=\"wp-block-heading\"><br><strong>Teknoloji ve Di\u011fer Haberler<\/strong><br><\/h2>\n\n\n\n<p><strong>2021 Selen \u00d6zel Bilgi Yar\u0131\u015fmas\u0131 Duyurusu:<\/strong> Engelsiz Eri\u015fim Derne\u011fi\u2019nin d\u00fczenledi\u011fi Selen \u00d6zel Bilgi Yar\u0131\u015fmas\u0131 bu y\u0131l online olarak ger\u00e7ekle\u015ftirilecek! 22 May\u0131sta ger\u00e7ekle\u015fecek olan bu yar\u0131\u015fmada sizleri neler bekliyor?<br>Ayn\u0131 g\u00fcn i\u00e7inde iki \u00f6n eleme bir de final oturumu olmak \u00fczere \u00fc\u00e7 oturumda ger\u00e7ekle\u015ftirecek olan bu yar\u0131\u015fmada hem genel k\u00fclt\u00fcr\u00fcn\u00fcze minik bir katk\u0131 yapabilir hem de ba\u015fka ki\u015filerle bilgi al\u0131\u015fveri\u015finde bulunabilirsiniz. Siz de bu e\u011flenceye kat\u0131lmak isterseniz son ba\u015fvuru tarihi 17 May\u0131s. Detayl\u0131 bilgi almak i\u00e7in <a href=\"https:\/\/www.engelsizerisim.com\/yazi\/2021-selen-ozel-bilgi-yarismasi-duyurusu\" target=\"_blank\" rel=\"noreferrer noopener\">t\u0131klay\u0131n\u0131z<\/a>.<\/p>\n\n\n\n<p><strong>KCB Teknoloji ve Burs \u00d6d\u00fclleri:<\/strong><br>ABD Kentucky K\u00f6rler Konseyi, 2021 y\u0131l\u0131 yard\u0131mc\u0131 teknolojiler hibelerini a\u00e7\u0131klad\u0131. Bu kapsamda 1.000 $ &#8216;l\u0131k akademik burs vereceklerini a\u00e7\u0131klad\u0131lar. Kentucky&#8217;de ya\u015fayan herhangi bir g\u00f6rme engelli sakini ve ikamet yeri ne olursa olsun herhangi bir g\u00f6rme engelli Kentucky K\u00f6rler Konseyi \u00fcyesi burs al\u0131m\u0131 i\u00e7in ba\u015fvurabilecek. Haberin detaylar\u0131 ve ba\u015fvuru i\u00e7in <a href=\"https:\/\/kentucky-acb.org\/kcb-news-april-2021\" target=\"_blank\" rel=\"noreferrer noopener\">t\u0131klayabilirsiniz<\/a>.<\/p>\n\n\n\n<p><strong>800 Beygir Chevy Corvette, Bu Y\u0131l Rekor Deneyen G\u00f6rme Engelli Yar\u0131\u015f\u00e7\u0131ya Yard\u0131mc\u0131 Olacak:<\/strong><br>G\u00f6rme Engelli s\u00fcr\u00fcc\u00fc Dan Parker\u2019\u0131n inan\u0131lmaz bir hayat hikayesi var. 2012&#8217;de korkun\u00e7 bir drag yar\u0131\u015f\u0131 kazas\u0131nda g\u00f6rme engelli olmu\u015ftu, fakat halen yar\u0131\u015fmaya devam ediyor. Daha da iyisi 2021 G\u00f6rme Engelli S\u00fcr\u00fcc\u00fc Meydan Okumas\u0131na (2021 Blind Driver Challenge) kat\u0131l\u0131yor ve, bu y\u0131l\u0131n ilerleyen g\u00fcnlerinde de Guinness D\u00fcnya Rekorlar Kitab\u0131nda &#8220;En H\u0131zl\u0131 G\u00f6z\u00fc Kapal\u0131 Araba S\u00fcr\u00fcc\u00fcs\u00fc&#8221; rekorunu almaya \u00e7al\u0131\u015facak. Buradaki ba\u011flant\u0131ya dokunarak hikayesinin detaylar\u0131na ula\u015fabilirsiniz.<\/p>\n\n\n\n<p><strong>Eri\u015filebilir Yaz\u0131 Tipleri:<\/strong> Hangi yaz\u0131 tipleri eri\u015filebilir? Bu soruyu d\u00fczenli olarak soruyoruz. Belirli &#8220;eri\u015filebilir&#8221; yaz\u0131 tiplerinin olmad\u0131\u011f\u0131n\u0131 bilmek sizi \u015fa\u015f\u0131rtabilir. Farkl\u0131 insanlar farkl\u0131 yaz\u0131 tiplerini tercih eder ve buna engelli ki\u015filer de dahildir! Bununla birlikte, \u00f6zellikle az g\u00f6ren ki\u015filer ve disleksi gibi okuma zorlu\u011fu ya\u015fayan ki\u015filer i\u00e7in okunabilirlik \u00f6nemlidir. Baz\u0131 ipu\u00e7lar\u0131 ise \u015f\u00f6yle;<br>Basit ve al\u0131\u015fk\u0131n oldu\u011funuz yaz\u0131 tiplerini se\u00e7in. Yaz\u0131lar \u00e7ok dar ya da geni\u015f aral\u0131kl\u0131 olmamal\u0131 ya da \u00e7ok kal\u0131n ve ince olmamal\u0131d\u0131r. \u0130yi tiplere \u00f6rnek: Verdana, Tahoma, Calibri, Georgia, Arial, Halvetica gibi yaz\u0131 tipleri verilebilir.<br>Alt\u0131 \u00e7izili k\u0131s\u0131mlar\u0131 yaln\u0131zca linklerde kullan\u0131n, koyu fontlardan ka\u00e7\u0131n\u0131n ve renk kontrast\u0131na dikkat edin. Ayr\u0131ca \u00e7ok fazla italic yaz\u0131 tipi kullanmak okunmay\u0131 zorla\u015ft\u0131raca\u011f\u0131 i\u00e7in sorun olabilir. Daha detayl\u0131 bilgiye <a href=\"https:\/\/www.colorado.edu\/accessible-technology\/newsletter\/accessibility-minute-april-2021\" target=\"_blank\" rel=\"noreferrer noopener\">buradan<\/a> ula\u015fabilirsiniz.<\/p>\n\n\n\n<p><strong>Braille LEGO\u00ae Par\u00e7alar\u0131 ile Ba\u011flant\u0131 Kurma:<\/strong> Vision Australia, yak\u0131n zamanda LEGOLAND\u00ae Ke\u015fif Merkezi ile g\u00fc\u00e7lerini birle\u015ftirerek g\u00f6rme engelli veya az g\u00f6ren \u00e7ocuklar\u0131 ilk kez LEGO\u00ae Braille Bricks (Braille Lego Tu\u011flalar\u0131) ile tan\u0131\u015ft\u0131rd\u0131. Avustralya&#8217;daki Braille Lego tu\u011flalar\u0131n\u0131n da\u011f\u0131t\u0131m\u0131nda kurucu ortak olan Lego ve Vision Avustralya 20 aileyi Legoland&#8217;de ki \u00f6zel etkinli\u011fe davet ederek Lego tu\u011flalar\u0131n\u0131n yeni par\u00e7alar\u0131n\u0131 ke\u015ffetmelerini sa\u011flad\u0131. Bu tu\u011flalar \u00e7ocuklar\u0131 k\u00fc\u00e7\u00fck ya\u015ftan itibaren Braille ile tan\u0131\u015ft\u0131rmak i\u00e7in \u00f6zel olarak tasarland\u0131. <a href=\"https:\/\/www.visionaustralia.org\/community\/news\/2021-04-19\/building-connections-legor-braille-bricks-0\" target=\"_blank\" rel=\"noreferrer noopener\">Buradaki<\/a> ba\u011flant\u0131ya t\u0131klayarak haberin detaylar\u0131na ula\u015fabilirsiniz.<\/p>\n\n\n\n<p><\/p>\n","protected":false},"excerpt":{"rendered":"<p>Ba\u011f\u0131ms\u0131zl\u0131k Hareketine Kat\u0131l\u0131n WeWALK olarak amac\u0131m\u0131z, eri\u015filebilir navigasyon sa\u011flayarak d\u00fcnya genelinde g\u00f6rme engelli ve az g\u00f6ren ki\u015filer i\u00e7in ba\u011f\u0131ms\u0131z hareketi desteklemek. Hem g\u00f6rme engelli hem de az g\u00f6ren kullan\u0131c\u0131lar i\u00e7in&hellip;<\/p>\n","protected":false},"author":16,"featured_media":0,"parent":0,"menu_order":0,"comment_status":"closed","ping_status":"closed","template":"","meta":{"inline_featured_image":false,"footnotes":""},"class_list":["post-27360","page","type-page","status-publish","hentry"],"yoast_head":"<!-- This site is optimized with the Yoast SEO plugin v27.3 - https:\/\/yoast.com\/product\/yoast-seo-wordpress\/ -->\n<title>W-News 18 - WeWALK Smart Cane<\/title>\n<meta name=\"robots\" content=\"index, follow, max-snippet:-1, max-image-preview:large, max-video-preview:-1\" \/>\n<link rel=\"canonical\" href=\"https:\/\/wewalk.io\/tr\/w-news-18\/\" \/>\n<meta property=\"og:locale\" content=\"tr_TR\" \/>\n<meta property=\"og:type\" content=\"article\" \/>\n<meta property=\"og:title\" content=\"W-News 18 - WeWALK Smart Cane\" \/>\n<meta property=\"og:description\" content=\"Ba\u011f\u0131ms\u0131zl\u0131k Hareketine Kat\u0131l\u0131n WeWALK olarak amac\u0131m\u0131z, eri\u015filebilir navigasyon sa\u011flayarak d\u00fcnya genelinde g\u00f6rme engelli ve az g\u00f6ren ki\u015filer i\u00e7in ba\u011f\u0131ms\u0131z hareketi desteklemek. Hem g\u00f6rme engelli hem de az g\u00f6ren kullan\u0131c\u0131lar i\u00e7in&hellip;\" \/>\n<meta property=\"og:url\" content=\"https:\/\/wewalk.io\/tr\/w-news-18\/\" \/>\n<meta property=\"og:site_name\" content=\"WeWALK Smart Cane\" \/>\n<meta property=\"article:publisher\" content=\"https:\/\/www.facebook.com\/wewalkio\" \/>\n<meta property=\"article:modified_time\" content=\"2021-05-07T09:43:18+00:00\" \/>\n<meta name=\"twitter:card\" content=\"summary_large_image\" \/>\n<meta name=\"twitter:site\" content=\"@wewalkio\" \/>\n<meta name=\"twitter:label1\" content=\"Tahmini okuma s\u00fcresi\" \/>\n\t<meta name=\"twitter:data1\" content=\"3 dakika\" \/>\n<script type=\"application\/ld+json\" class=\"yoast-schema-graph\">{\"@context\":\"https:\\\/\\\/schema.org\",\"@graph\":[{\"@type\":\"WebPage\",\"@id\":\"https:\\\/\\\/wewalk.io\\\/tr\\\/w-news-18\\\/\",\"url\":\"https:\\\/\\\/wewalk.io\\\/tr\\\/w-news-18\\\/\",\"name\":\"W-News 18 - WeWALK Smart Cane\",\"isPartOf\":{\"@id\":\"https:\\\/\\\/wewalk.io\\\/tr\\\/#website\"},\"datePublished\":\"2021-05-07T08:42:46+00:00\",\"dateModified\":\"2021-05-07T09:43:18+00:00\",\"breadcrumb\":{\"@id\":\"https:\\\/\\\/wewalk.io\\\/tr\\\/w-news-18\\\/#breadcrumb\"},\"inLanguage\":\"tr\",\"potentialAction\":[{\"@type\":\"ReadAction\",\"target\":[\"https:\\\/\\\/wewalk.io\\\/tr\\\/w-news-18\\\/\"]}]},{\"@type\":\"BreadcrumbList\",\"@id\":\"https:\\\/\\\/wewalk.io\\\/tr\\\/w-news-18\\\/#breadcrumb\",\"itemListElement\":[{\"@type\":\"ListItem\",\"position\":1,\"name\":\"Home\",\"item\":\"https:\\\/\\\/wewalk.io\\\/tr\\\/\"},{\"@type\":\"ListItem\",\"position\":2,\"name\":\"W-News 18\"}]},{\"@type\":\"WebSite\",\"@id\":\"https:\\\/\\\/wewalk.io\\\/tr\\\/#website\",\"url\":\"https:\\\/\\\/wewalk.io\\\/tr\\\/\",\"name\":\"WeWALK Smart Cane\",\"description\":\"Smart Cane for the Visually Impaired\",\"publisher\":{\"@id\":\"https:\\\/\\\/wewalk.io\\\/tr\\\/#organization\"},\"potentialAction\":[{\"@type\":\"SearchAction\",\"target\":{\"@type\":\"EntryPoint\",\"urlTemplate\":\"https:\\\/\\\/wewalk.io\\\/tr\\\/?s={search_term_string}\"},\"query-input\":{\"@type\":\"PropertyValueSpecification\",\"valueRequired\":true,\"valueName\":\"search_term_string\"}}],\"inLanguage\":\"tr\"},{\"@type\":\"Organization\",\"@id\":\"https:\\\/\\\/wewalk.io\\\/tr\\\/#organization\",\"name\":\"WeWALK Smart Cane\",\"url\":\"https:\\\/\\\/wewalk.io\\\/tr\\\/\",\"logo\":{\"@type\":\"ImageObject\",\"inLanguage\":\"tr\",\"@id\":\"https:\\\/\\\/wewalk.io\\\/tr\\\/#\\\/schema\\\/logo\\\/image\\\/\",\"url\":\"https:\\\/\\\/wewalk.io\\\/wp-content\\\/uploads\\\/2020\\\/08\\\/logo-white.svg\",\"contentUrl\":\"https:\\\/\\\/wewalk.io\\\/wp-content\\\/uploads\\\/2020\\\/08\\\/logo-white.svg\",\"caption\":\"WeWALK Smart Cane\"},\"image\":{\"@id\":\"https:\\\/\\\/wewalk.io\\\/tr\\\/#\\\/schema\\\/logo\\\/image\\\/\"},\"sameAs\":[\"https:\\\/\\\/www.facebook.com\\\/wewalkio\",\"https:\\\/\\\/x.com\\\/wewalkio\",\"https:\\\/\\\/www.instagram.com\\\/wewalkio\\\/\",\"https:\\\/\\\/www.linkedin.com\\\/company\\\/wewalk\",\"https:\\\/\\\/www.youtube.com\\\/channel\\\/UC_VH-4cZcAfcIObUPsMISyw\"]}]}<\/script>\n<!-- \/ Yoast SEO plugin. -->","yoast_head_json":{"title":"W-News 18 - WeWALK Smart Cane","robots":{"index":"index","follow":"follow","max-snippet":"max-snippet:-1","max-image-preview":"max-image-preview:large","max-video-preview":"max-video-preview:-1"},"canonical":"https:\/\/wewalk.io\/tr\/w-news-18\/","og_locale":"tr_TR","og_type":"article","og_title":"W-News 18 - WeWALK Smart Cane","og_description":"Ba\u011f\u0131ms\u0131zl\u0131k Hareketine Kat\u0131l\u0131n WeWALK olarak amac\u0131m\u0131z, eri\u015filebilir navigasyon sa\u011flayarak d\u00fcnya genelinde g\u00f6rme engelli ve az g\u00f6ren ki\u015filer i\u00e7in ba\u011f\u0131ms\u0131z hareketi desteklemek. Hem g\u00f6rme engelli hem de az g\u00f6ren kullan\u0131c\u0131lar i\u00e7in&hellip;","og_url":"https:\/\/wewalk.io\/tr\/w-news-18\/","og_site_name":"WeWALK Smart Cane","article_publisher":"https:\/\/www.facebook.com\/wewalkio","article_modified_time":"2021-05-07T09:43:18+00:00","twitter_card":"summary_large_image","twitter_site":"@wewalkio","twitter_misc":{"Tahmini okuma s\u00fcresi":"3 dakika"},"schema":{"@context":"https:\/\/schema.org","@graph":[{"@type":"WebPage","@id":"https:\/\/wewalk.io\/tr\/w-news-18\/","url":"https:\/\/wewalk.io\/tr\/w-news-18\/","name":"W-News 18 - WeWALK Smart Cane","isPartOf":{"@id":"https:\/\/wewalk.io\/tr\/#website"},"datePublished":"2021-05-07T08:42:46+00:00","dateModified":"2021-05-07T09:43:18+00:00","breadcrumb":{"@id":"https:\/\/wewalk.io\/tr\/w-news-18\/#breadcrumb"},"inLanguage":"tr","potentialAction":[{"@type":"ReadAction","target":["https:\/\/wewalk.io\/tr\/w-news-18\/"]}]},{"@type":"BreadcrumbList","@id":"https:\/\/wewalk.io\/tr\/w-news-18\/#breadcrumb","itemListElement":[{"@type":"ListItem","position":1,"name":"Home","item":"https:\/\/wewalk.io\/tr\/"},{"@type":"ListItem","position":2,"name":"W-News 18"}]},{"@type":"WebSite","@id":"https:\/\/wewalk.io\/tr\/#website","url":"https:\/\/wewalk.io\/tr\/","name":"WeWALK Smart Cane","description":"Smart Cane for the Visually Impaired","publisher":{"@id":"https:\/\/wewalk.io\/tr\/#organization"},"potentialAction":[{"@type":"SearchAction","target":{"@type":"EntryPoint","urlTemplate":"https:\/\/wewalk.io\/tr\/?s={search_term_string}"},"query-input":{"@type":"PropertyValueSpecification","valueRequired":true,"valueName":"search_term_string"}}],"inLanguage":"tr"},{"@type":"Organization","@id":"https:\/\/wewalk.io\/tr\/#organization","name":"WeWALK Smart Cane","url":"https:\/\/wewalk.io\/tr\/","logo":{"@type":"ImageObject","inLanguage":"tr","@id":"https:\/\/wewalk.io\/tr\/#\/schema\/logo\/image\/","url":"https:\/\/wewalk.io\/wp-content\/uploads\/2020\/08\/logo-white.svg","contentUrl":"https:\/\/wewalk.io\/wp-content\/uploads\/2020\/08\/logo-white.svg","caption":"WeWALK Smart Cane"},"image":{"@id":"https:\/\/wewalk.io\/tr\/#\/schema\/logo\/image\/"},"sameAs":["https:\/\/www.facebook.com\/wewalkio","https:\/\/x.com\/wewalkio","https:\/\/www.instagram.com\/wewalkio\/","https:\/\/www.linkedin.com\/company\/wewalk","https:\/\/www.youtube.com\/channel\/UC_VH-4cZcAfcIObUPsMISyw"]}]}},"jetpack_sharing_enabled":true,"_links":{"self":[{"href":"https:\/\/wewalk.io\/tr\/wp-json\/wp\/v2\/pages\/27360","targetHints":{"allow":["GET"]}}],"collection":[{"href":"https:\/\/wewalk.io\/tr\/wp-json\/wp\/v2\/pages"}],"about":[{"href":"https:\/\/wewalk.io\/tr\/wp-json\/wp\/v2\/types\/page"}],"author":[{"embeddable":true,"href":"https:\/\/wewalk.io\/tr\/wp-json\/wp\/v2\/users\/16"}],"replies":[{"embeddable":true,"href":"https:\/\/wewalk.io\/tr\/wp-json\/wp\/v2\/comments?post=27360"}],"version-history":[{"count":0,"href":"https:\/\/wewalk.io\/tr\/wp-json\/wp\/v2\/pages\/27360\/revisions"}],"wp:attachment":[{"href":"https:\/\/wewalk.io\/tr\/wp-json\/wp\/v2\/media?parent=27360"}],"curies":[{"name":"wp","href":"https:\/\/api.w.org\/{rel}","templated":true}]}}