{"id":28209,"date":"2021-07-28T15:21:35","date_gmt":"2021-07-28T15:21:35","guid":{"rendered":"https:\/\/wewalk.io\/?page_id=28209"},"modified":"2021-07-29T14:26:15","modified_gmt":"2021-07-29T14:26:15","slug":"wewalk-uyelik-modelleri-hakkinda","status":"publish","type":"page","link":"https:\/\/wewalk.io\/tr\/wewalk-uyelik-modelleri-hakkinda\/","title":{"rendered":"WeWALK \u00dcyelik Modelleri Hakk\u0131nda"},"content":{"rendered":"<p><font face=\"arial\"><\/p>\n<h1 style=\"font-size: 36px; text-align:center;\">WeWALK Mobil Uygulamas\u0131 Yeni \u00dcyelik Modelleri Hakk\u0131nda<\/h1>\n<p style=\"text-align:center;\">WeWALK uygulamas\u0131 sayesinde navigasyon alma, toplu ta\u015f\u0131ma hatlar\u0131, yeni yerler ke\u015ffetme gibi \u00f6zelliklere ek olarak, yeni geli\u015ftirmelerle \u00e7ok daha fazlas\u0131na sahip olabileceksiniz.\n<\/p>\n<p style=text-align:center;>WeWALK uygulamas\u0131n\u0131 %90 indirimle kullanmak i\u00e7in, 05.08.2021 tarihinden itibaren aboneli\u011finizi ba\u015flatabilirsiniz.<\/p>\n<h2 style=\"font-size: 27px; text-align:center;\">25.09.2021 tarihine kadar \u00fcyelik se\u00e7enekleri<\/h2>\n<ul>\n<li style=\"text-align:center;\">Ayl\u0131k: 19,99 TL yerine 1,99 TL<\/li>\n<li style=\"text-align:center;\">Y\u0131ll\u0131k: 164,99 TL yerine 16,99 TL<\/li>\n<\/ul>\n<p style=\"text-align:center\">WeWALK ak\u0131ll\u0131 bastona sahip olan ve uygulamaya ak\u0131ll\u0131 bastonlar\u0131n\u0131 ba\u011flayan kullan\u0131c\u0131lar\u0131m\u0131z t\u00fcm \u00f6zelliklerden \u00fccretsiz yararlanmaya devam edeceklerdir.<\/p>\n<p style=\"text-align:center;\"> Sorular\u0131n\u0131z i\u00e7in <a href=\"mailto:info@wewalk.io\"> info@wewalk.io <\/a> adresinden bize ula\u015fabilirsiniz.\n<\/p>\n<p><\/font><\/p>\n","protected":false},"excerpt":{"rendered":"<p>WeWALK Mobil Uygulamas\u0131 Yeni \u00dcyelik Modelleri Hakk\u0131nda WeWALK uygulamas\u0131 sayesinde navigasyon alma, toplu ta\u015f\u0131ma hatlar\u0131, yeni yerler ke\u015ffetme gibi \u00f6zelliklere ek olarak, yeni geli\u015ftirmelerle \u00e7ok daha fazlas\u0131na sahip olabileceksiniz. WeWALK&hellip;<\/p>\n","protected":false},"author":16,"featured_media":0,"parent":0,"menu_order":0,"comment_status":"closed","ping_status":"closed","template":"elementor_canvas","meta":{"content-type":"","inline_featured_image":false,"footnotes":""},"class_list":["post-28209","page","type-page","status-publish","hentry"],"yoast_head":"<!-- This site is optimized with the Yoast SEO plugin v27.6 - https:\/\/yoast.com\/product\/yoast-seo-wordpress\/ -->\n<title>WeWALK \u00dcyelik Modelleri Hakk\u0131nda - WeWALK Smart Cane<\/title>\n<meta name=\"robots\" content=\"index, follow, max-snippet:-1, max-image-preview:large, max-video-preview:-1\" \/>\n<link rel=\"canonical\" href=\"https:\/\/wewalk.io\/tr\/wewalk-uyelik-modelleri-hakkinda\/\" \/>\n<meta property=\"og:locale\" content=\"tr_TR\" \/>\n<meta property=\"og:type\" content=\"article\" \/>\n<meta property=\"og:title\" content=\"WeWALK \u00dcyelik Modelleri Hakk\u0131nda - WeWALK Smart Cane\" \/>\n<meta property=\"og:description\" content=\"WeWALK Mobil Uygulamas\u0131 Yeni \u00dcyelik Modelleri Hakk\u0131nda WeWALK uygulamas\u0131 sayesinde navigasyon alma, toplu ta\u015f\u0131ma hatlar\u0131, yeni yerler ke\u015ffetme gibi \u00f6zelliklere ek olarak, yeni geli\u015ftirmelerle \u00e7ok daha fazlas\u0131na sahip olabileceksiniz. WeWALK&hellip;\" \/>\n<meta property=\"og:url\" content=\"https:\/\/wewalk.io\/tr\/wewalk-uyelik-modelleri-hakkinda\/\" \/>\n<meta property=\"og:site_name\" content=\"WeWALK Smart Cane\" \/>\n<meta property=\"article:publisher\" content=\"https:\/\/www.facebook.com\/wewalkio\" \/>\n<meta property=\"article:modified_time\" content=\"2021-07-29T14:26:15+00:00\" \/>\n<meta name=\"twitter:card\" content=\"summary_large_image\" \/>\n<meta name=\"twitter:site\" content=\"@wewalkio\" \/>\n<meta name=\"twitter:label1\" content=\"Tahmini okuma s\u00fcresi\" \/>\n\t<meta name=\"twitter:data1\" content=\"1 dakika\" \/>\n<script type=\"application\/ld+json\" class=\"yoast-schema-graph\">{\"@context\":\"https:\\\/\\\/schema.org\",\"@graph\":[{\"@type\":\"WebPage\",\"@id\":\"https:\\\/\\\/wewalk.io\\\/tr\\\/wewalk-uyelik-modelleri-hakkinda\\\/\",\"url\":\"https:\\\/\\\/wewalk.io\\\/tr\\\/wewalk-uyelik-modelleri-hakkinda\\\/\",\"name\":\"WeWALK \u00dcyelik Modelleri Hakk\u0131nda - WeWALK Smart Cane\",\"isPartOf\":{\"@id\":\"https:\\\/\\\/wewalk.io\\\/tr\\\/#website\"},\"datePublished\":\"2021-07-28T15:21:35+00:00\",\"dateModified\":\"2021-07-29T14:26:15+00:00\",\"breadcrumb\":{\"@id\":\"https:\\\/\\\/wewalk.io\\\/tr\\\/wewalk-uyelik-modelleri-hakkinda\\\/#breadcrumb\"},\"inLanguage\":\"tr\",\"potentialAction\":[{\"@type\":\"ReadAction\",\"target\":[\"https:\\\/\\\/wewalk.io\\\/tr\\\/wewalk-uyelik-modelleri-hakkinda\\\/\"]}]},{\"@type\":\"BreadcrumbList\",\"@id\":\"https:\\\/\\\/wewalk.io\\\/tr\\\/wewalk-uyelik-modelleri-hakkinda\\\/#breadcrumb\",\"itemListElement\":[{\"@type\":\"ListItem\",\"position\":1,\"name\":\"Home\",\"item\":\"https:\\\/\\\/wewalk.io\\\/tr\\\/\"},{\"@type\":\"ListItem\",\"position\":2,\"name\":\"WeWALK \u00dcyelik Modelleri Hakk\u0131nda\"}]},{\"@type\":\"WebSite\",\"@id\":\"https:\\\/\\\/wewalk.io\\\/tr\\\/#website\",\"url\":\"https:\\\/\\\/wewalk.io\\\/tr\\\/\",\"name\":\"WeWALK Smart Cane\",\"description\":\"Smart Cane for the Visually Impaired\",\"publisher\":{\"@id\":\"https:\\\/\\\/wewalk.io\\\/tr\\\/#organization\"},\"potentialAction\":[{\"@type\":\"SearchAction\",\"target\":{\"@type\":\"EntryPoint\",\"urlTemplate\":\"https:\\\/\\\/wewalk.io\\\/tr\\\/?s={search_term_string}\"},\"query-input\":{\"@type\":\"PropertyValueSpecification\",\"valueRequired\":true,\"valueName\":\"search_term_string\"}}],\"inLanguage\":\"tr\"},{\"@type\":\"Organization\",\"@id\":\"https:\\\/\\\/wewalk.io\\\/tr\\\/#organization\",\"name\":\"WeWALK Smart Cane\",\"url\":\"https:\\\/\\\/wewalk.io\\\/tr\\\/\",\"logo\":{\"@type\":\"ImageObject\",\"inLanguage\":\"tr\",\"@id\":\"https:\\\/\\\/wewalk.io\\\/tr\\\/#\\\/schema\\\/logo\\\/image\\\/\",\"url\":\"https:\\\/\\\/wewalk.io\\\/wp-content\\\/uploads\\\/2020\\\/08\\\/logo-white.svg\",\"contentUrl\":\"https:\\\/\\\/wewalk.io\\\/wp-content\\\/uploads\\\/2020\\\/08\\\/logo-white.svg\",\"caption\":\"WeWALK Smart Cane\"},\"image\":{\"@id\":\"https:\\\/\\\/wewalk.io\\\/tr\\\/#\\\/schema\\\/logo\\\/image\\\/\"},\"sameAs\":[\"https:\\\/\\\/www.facebook.com\\\/wewalkio\",\"https:\\\/\\\/x.com\\\/wewalkio\",\"https:\\\/\\\/www.instagram.com\\\/wewalkio\\\/\",\"https:\\\/\\\/www.linkedin.com\\\/company\\\/wewalk\",\"https:\\\/\\\/www.youtube.com\\\/channel\\\/UC_VH-4cZcAfcIObUPsMISyw\"]}]}<\/script>\n<!-- \/ Yoast SEO plugin. -->","yoast_head_json":{"title":"WeWALK \u00dcyelik Modelleri Hakk\u0131nda - WeWALK Smart Cane","robots":{"index":"index","follow":"follow","max-snippet":"max-snippet:-1","max-image-preview":"max-image-preview:large","max-video-preview":"max-video-preview:-1"},"canonical":"https:\/\/wewalk.io\/tr\/wewalk-uyelik-modelleri-hakkinda\/","og_locale":"tr_TR","og_type":"article","og_title":"WeWALK \u00dcyelik Modelleri Hakk\u0131nda - WeWALK Smart Cane","og_description":"WeWALK Mobil Uygulamas\u0131 Yeni \u00dcyelik Modelleri Hakk\u0131nda WeWALK uygulamas\u0131 sayesinde navigasyon alma, toplu ta\u015f\u0131ma hatlar\u0131, yeni yerler ke\u015ffetme gibi \u00f6zelliklere ek olarak, yeni geli\u015ftirmelerle \u00e7ok daha fazlas\u0131na sahip olabileceksiniz. WeWALK&hellip;","og_url":"https:\/\/wewalk.io\/tr\/wewalk-uyelik-modelleri-hakkinda\/","og_site_name":"WeWALK Smart Cane","article_publisher":"https:\/\/www.facebook.com\/wewalkio","article_modified_time":"2021-07-29T14:26:15+00:00","twitter_card":"summary_large_image","twitter_site":"@wewalkio","twitter_misc":{"Tahmini okuma s\u00fcresi":"1 dakika"},"schema":{"@context":"https:\/\/schema.org","@graph":[{"@type":"WebPage","@id":"https:\/\/wewalk.io\/tr\/wewalk-uyelik-modelleri-hakkinda\/","url":"https:\/\/wewalk.io\/tr\/wewalk-uyelik-modelleri-hakkinda\/","name":"WeWALK \u00dcyelik Modelleri Hakk\u0131nda - WeWALK Smart Cane","isPartOf":{"@id":"https:\/\/wewalk.io\/tr\/#website"},"datePublished":"2021-07-28T15:21:35+00:00","dateModified":"2021-07-29T14:26:15+00:00","breadcrumb":{"@id":"https:\/\/wewalk.io\/tr\/wewalk-uyelik-modelleri-hakkinda\/#breadcrumb"},"inLanguage":"tr","potentialAction":[{"@type":"ReadAction","target":["https:\/\/wewalk.io\/tr\/wewalk-uyelik-modelleri-hakkinda\/"]}]},{"@type":"BreadcrumbList","@id":"https:\/\/wewalk.io\/tr\/wewalk-uyelik-modelleri-hakkinda\/#breadcrumb","itemListElement":[{"@type":"ListItem","position":1,"name":"Home","item":"https:\/\/wewalk.io\/tr\/"},{"@type":"ListItem","position":2,"name":"WeWALK \u00dcyelik Modelleri Hakk\u0131nda"}]},{"@type":"WebSite","@id":"https:\/\/wewalk.io\/tr\/#website","url":"https:\/\/wewalk.io\/tr\/","name":"WeWALK Smart Cane","description":"Smart Cane for the Visually Impaired","publisher":{"@id":"https:\/\/wewalk.io\/tr\/#organization"},"potentialAction":[{"@type":"SearchAction","target":{"@type":"EntryPoint","urlTemplate":"https:\/\/wewalk.io\/tr\/?s={search_term_string}"},"query-input":{"@type":"PropertyValueSpecification","valueRequired":true,"valueName":"search_term_string"}}],"inLanguage":"tr"},{"@type":"Organization","@id":"https:\/\/wewalk.io\/tr\/#organization","name":"WeWALK Smart Cane","url":"https:\/\/wewalk.io\/tr\/","logo":{"@type":"ImageObject","inLanguage":"tr","@id":"https:\/\/wewalk.io\/tr\/#\/schema\/logo\/image\/","url":"https:\/\/wewalk.io\/wp-content\/uploads\/2020\/08\/logo-white.svg","contentUrl":"https:\/\/wewalk.io\/wp-content\/uploads\/2020\/08\/logo-white.svg","caption":"WeWALK Smart Cane"},"image":{"@id":"https:\/\/wewalk.io\/tr\/#\/schema\/logo\/image\/"},"sameAs":["https:\/\/www.facebook.com\/wewalkio","https:\/\/x.com\/wewalkio","https:\/\/www.instagram.com\/wewalkio\/","https:\/\/www.linkedin.com\/company\/wewalk","https:\/\/www.youtube.com\/channel\/UC_VH-4cZcAfcIObUPsMISyw"]}]}},"jetpack_sharing_enabled":true,"_links":{"self":[{"href":"https:\/\/wewalk.io\/tr\/wp-json\/wp\/v2\/pages\/28209","targetHints":{"allow":["GET"]}}],"collection":[{"href":"https:\/\/wewalk.io\/tr\/wp-json\/wp\/v2\/pages"}],"about":[{"href":"https:\/\/wewalk.io\/tr\/wp-json\/wp\/v2\/types\/page"}],"author":[{"embeddable":true,"href":"https:\/\/wewalk.io\/tr\/wp-json\/wp\/v2\/users\/16"}],"replies":[{"embeddable":true,"href":"https:\/\/wewalk.io\/tr\/wp-json\/wp\/v2\/comments?post=28209"}],"version-history":[{"count":0,"href":"https:\/\/wewalk.io\/tr\/wp-json\/wp\/v2\/pages\/28209\/revisions"}],"wp:attachment":[{"href":"https:\/\/wewalk.io\/tr\/wp-json\/wp\/v2\/media?parent=28209"}],"curies":[{"name":"wp","href":"https:\/\/api.w.org\/{rel}","templated":true}]}}