
{"id":28953,"date":"2021-11-16T12:48:48","date_gmt":"2021-11-16T12:48:48","guid":{"rendered":"https:\/\/wewalk.io\/i-dont-need-navigation-technologies-much-in-daily-life\/"},"modified":"2021-11-16T14:23:29","modified_gmt":"2021-11-16T14:23:29","slug":"i-dont-need-navigation-technologies-much-in-daily-life","status":"publish","type":"page","link":"https:\/\/wewalk.io\/tr\/i-dont-need-navigation-technologies-much-in-daily-life\/","title":{"rendered":"Navigasyon teknolojilerine g\u00fcnl\u00fck hayatta \u00e7ok fazla ihtiya\u00e7 duymuyorum"},"content":{"rendered":"<p><code><br \/>\n<iframe src=\"https:\/\/docs.google.com\/forms\/d\/e\/1FAIpQLSeE3MY5Kxsv4-LM9dIkEcP20g3xF5fj-B9KdmTeclU65Z5ESg\/viewform?embedded=true\" width=\"640\" height=\"622\" frameborder=\"0\" marginheight=\"0\" marginwidth=\"0\">Y\u00fckleniyor\u2026<\/iframe><\/p>\n","protected":false},"excerpt":{"rendered":"<p>Y\u00fckleniyor\u2026<\/p>\n","protected":false},"author":16,"featured_media":0,"parent":0,"menu_order":0,"comment_status":"closed","ping_status":"closed","template":"","meta":{"inline_featured_image":false,"footnotes":""},"class_list":["post-28953","page","type-page","status-publish","hentry"],"yoast_head":"<!-- This site is optimized with the Yoast SEO plugin v27.3 - https:\/\/yoast.com\/product\/yoast-seo-wordpress\/ -->\n<title>Navigasyon teknolojilerine g\u00fcnl\u00fck hayatta \u00e7ok fazla ihtiya\u00e7 duymuyorum - WeWALK Smart Cane<\/title>\n<meta name=\"robots\" content=\"index, follow, max-snippet:-1, max-image-preview:large, max-video-preview:-1\" \/>\n<link rel=\"canonical\" href=\"https:\/\/wewalk.io\/tr\/i-dont-need-navigation-technologies-much-in-daily-life\/\" \/>\n<meta property=\"og:locale\" content=\"tr_TR\" \/>\n<meta property=\"og:type\" content=\"article\" \/>\n<meta property=\"og:title\" content=\"Navigasyon teknolojilerine g\u00fcnl\u00fck hayatta \u00e7ok fazla ihtiya\u00e7 duymuyorum - WeWALK Smart Cane\" \/>\n<meta property=\"og:description\" content=\"Y\u00fckleniyor\u2026\" \/>\n<meta property=\"og:url\" content=\"https:\/\/wewalk.io\/tr\/i-dont-need-navigation-technologies-much-in-daily-life\/\" \/>\n<meta property=\"og:site_name\" content=\"WeWALK Smart Cane\" \/>\n<meta property=\"article:publisher\" content=\"https:\/\/www.facebook.com\/wewalkio\" \/>\n<meta property=\"article:modified_time\" content=\"2021-11-16T14:23:29+00:00\" \/>\n<meta name=\"twitter:card\" content=\"summary_large_image\" \/>\n<meta name=\"twitter:site\" content=\"@wewalkio\" \/>\n<meta name=\"twitter:label1\" content=\"Tahmini okuma s\u00fcresi\" \/>\n\t<meta name=\"twitter:data1\" content=\"1 dakika\" \/>\n<script type=\"application\/ld+json\" class=\"yoast-schema-graph\">{\"@context\":\"https:\\\/\\\/schema.org\",\"@graph\":[{\"@type\":\"WebPage\",\"@id\":\"https:\\\/\\\/wewalk.io\\\/tr\\\/i-dont-need-navigation-technologies-much-in-daily-life\\\/\",\"url\":\"https:\\\/\\\/wewalk.io\\\/tr\\\/i-dont-need-navigation-technologies-much-in-daily-life\\\/\",\"name\":\"Navigasyon teknolojilerine g\u00fcnl\u00fck hayatta \u00e7ok fazla ihtiya\u00e7 duymuyorum - WeWALK Smart Cane\",\"isPartOf\":{\"@id\":\"https:\\\/\\\/wewalk.io\\\/tr\\\/#website\"},\"datePublished\":\"2021-11-16T12:48:48+00:00\",\"dateModified\":\"2021-11-16T14:23:29+00:00\",\"breadcrumb\":{\"@id\":\"https:\\\/\\\/wewalk.io\\\/tr\\\/i-dont-need-navigation-technologies-much-in-daily-life\\\/#breadcrumb\"},\"inLanguage\":\"tr\",\"potentialAction\":[{\"@type\":\"ReadAction\",\"target\":[\"https:\\\/\\\/wewalk.io\\\/tr\\\/i-dont-need-navigation-technologies-much-in-daily-life\\\/\"]}]},{\"@type\":\"BreadcrumbList\",\"@id\":\"https:\\\/\\\/wewalk.io\\\/tr\\\/i-dont-need-navigation-technologies-much-in-daily-life\\\/#breadcrumb\",\"itemListElement\":[{\"@type\":\"ListItem\",\"position\":1,\"name\":\"Home\",\"item\":\"https:\\\/\\\/wewalk.io\\\/tr\\\/\"},{\"@type\":\"ListItem\",\"position\":2,\"name\":\"Navigasyon teknolojilerine g\u00fcnl\u00fck hayatta \u00e7ok fazla ihtiya\u00e7 duymuyorum\"}]},{\"@type\":\"WebSite\",\"@id\":\"https:\\\/\\\/wewalk.io\\\/tr\\\/#website\",\"url\":\"https:\\\/\\\/wewalk.io\\\/tr\\\/\",\"name\":\"WeWALK Smart Cane\",\"description\":\"Smart Cane for the Visually Impaired\",\"publisher\":{\"@id\":\"https:\\\/\\\/wewalk.io\\\/tr\\\/#organization\"},\"potentialAction\":[{\"@type\":\"SearchAction\",\"target\":{\"@type\":\"EntryPoint\",\"urlTemplate\":\"https:\\\/\\\/wewalk.io\\\/tr\\\/?s={search_term_string}\"},\"query-input\":{\"@type\":\"PropertyValueSpecification\",\"valueRequired\":true,\"valueName\":\"search_term_string\"}}],\"inLanguage\":\"tr\"},{\"@type\":\"Organization\",\"@id\":\"https:\\\/\\\/wewalk.io\\\/tr\\\/#organization\",\"name\":\"WeWALK Smart Cane\",\"url\":\"https:\\\/\\\/wewalk.io\\\/tr\\\/\",\"logo\":{\"@type\":\"ImageObject\",\"inLanguage\":\"tr\",\"@id\":\"https:\\\/\\\/wewalk.io\\\/tr\\\/#\\\/schema\\\/logo\\\/image\\\/\",\"url\":\"https:\\\/\\\/wewalk.io\\\/wp-content\\\/uploads\\\/2020\\\/08\\\/logo-white.svg\",\"contentUrl\":\"https:\\\/\\\/wewalk.io\\\/wp-content\\\/uploads\\\/2020\\\/08\\\/logo-white.svg\",\"caption\":\"WeWALK Smart Cane\"},\"image\":{\"@id\":\"https:\\\/\\\/wewalk.io\\\/tr\\\/#\\\/schema\\\/logo\\\/image\\\/\"},\"sameAs\":[\"https:\\\/\\\/www.facebook.com\\\/wewalkio\",\"https:\\\/\\\/x.com\\\/wewalkio\",\"https:\\\/\\\/www.instagram.com\\\/wewalkio\\\/\",\"https:\\\/\\\/www.linkedin.com\\\/company\\\/wewalk\",\"https:\\\/\\\/www.youtube.com\\\/channel\\\/UC_VH-4cZcAfcIObUPsMISyw\"]}]}<\/script>\n<!-- \/ Yoast SEO plugin. -->","yoast_head_json":{"title":"Navigasyon teknolojilerine g\u00fcnl\u00fck hayatta \u00e7ok fazla ihtiya\u00e7 duymuyorum - WeWALK Smart Cane","robots":{"index":"index","follow":"follow","max-snippet":"max-snippet:-1","max-image-preview":"max-image-preview:large","max-video-preview":"max-video-preview:-1"},"canonical":"https:\/\/wewalk.io\/tr\/i-dont-need-navigation-technologies-much-in-daily-life\/","og_locale":"tr_TR","og_type":"article","og_title":"Navigasyon teknolojilerine g\u00fcnl\u00fck hayatta \u00e7ok fazla ihtiya\u00e7 duymuyorum - WeWALK Smart Cane","og_description":"Y\u00fckleniyor\u2026","og_url":"https:\/\/wewalk.io\/tr\/i-dont-need-navigation-technologies-much-in-daily-life\/","og_site_name":"WeWALK Smart Cane","article_publisher":"https:\/\/www.facebook.com\/wewalkio","article_modified_time":"2021-11-16T14:23:29+00:00","twitter_card":"summary_large_image","twitter_site":"@wewalkio","twitter_misc":{"Tahmini okuma s\u00fcresi":"1 dakika"},"schema":{"@context":"https:\/\/schema.org","@graph":[{"@type":"WebPage","@id":"https:\/\/wewalk.io\/tr\/i-dont-need-navigation-technologies-much-in-daily-life\/","url":"https:\/\/wewalk.io\/tr\/i-dont-need-navigation-technologies-much-in-daily-life\/","name":"Navigasyon teknolojilerine g\u00fcnl\u00fck hayatta \u00e7ok fazla ihtiya\u00e7 duymuyorum - WeWALK Smart Cane","isPartOf":{"@id":"https:\/\/wewalk.io\/tr\/#website"},"datePublished":"2021-11-16T12:48:48+00:00","dateModified":"2021-11-16T14:23:29+00:00","breadcrumb":{"@id":"https:\/\/wewalk.io\/tr\/i-dont-need-navigation-technologies-much-in-daily-life\/#breadcrumb"},"inLanguage":"tr","potentialAction":[{"@type":"ReadAction","target":["https:\/\/wewalk.io\/tr\/i-dont-need-navigation-technologies-much-in-daily-life\/"]}]},{"@type":"BreadcrumbList","@id":"https:\/\/wewalk.io\/tr\/i-dont-need-navigation-technologies-much-in-daily-life\/#breadcrumb","itemListElement":[{"@type":"ListItem","position":1,"name":"Home","item":"https:\/\/wewalk.io\/tr\/"},{"@type":"ListItem","position":2,"name":"Navigasyon teknolojilerine g\u00fcnl\u00fck hayatta \u00e7ok fazla ihtiya\u00e7 duymuyorum"}]},{"@type":"WebSite","@id":"https:\/\/wewalk.io\/tr\/#website","url":"https:\/\/wewalk.io\/tr\/","name":"WeWALK Smart Cane","description":"Smart Cane for the Visually Impaired","publisher":{"@id":"https:\/\/wewalk.io\/tr\/#organization"},"potentialAction":[{"@type":"SearchAction","target":{"@type":"EntryPoint","urlTemplate":"https:\/\/wewalk.io\/tr\/?s={search_term_string}"},"query-input":{"@type":"PropertyValueSpecification","valueRequired":true,"valueName":"search_term_string"}}],"inLanguage":"tr"},{"@type":"Organization","@id":"https:\/\/wewalk.io\/tr\/#organization","name":"WeWALK Smart Cane","url":"https:\/\/wewalk.io\/tr\/","logo":{"@type":"ImageObject","inLanguage":"tr","@id":"https:\/\/wewalk.io\/tr\/#\/schema\/logo\/image\/","url":"https:\/\/wewalk.io\/wp-content\/uploads\/2020\/08\/logo-white.svg","contentUrl":"https:\/\/wewalk.io\/wp-content\/uploads\/2020\/08\/logo-white.svg","caption":"WeWALK Smart Cane"},"image":{"@id":"https:\/\/wewalk.io\/tr\/#\/schema\/logo\/image\/"},"sameAs":["https:\/\/www.facebook.com\/wewalkio","https:\/\/x.com\/wewalkio","https:\/\/www.instagram.com\/wewalkio\/","https:\/\/www.linkedin.com\/company\/wewalk","https:\/\/www.youtube.com\/channel\/UC_VH-4cZcAfcIObUPsMISyw"]}]}},"jetpack_sharing_enabled":true,"_links":{"self":[{"href":"https:\/\/wewalk.io\/tr\/wp-json\/wp\/v2\/pages\/28953","targetHints":{"allow":["GET"]}}],"collection":[{"href":"https:\/\/wewalk.io\/tr\/wp-json\/wp\/v2\/pages"}],"about":[{"href":"https:\/\/wewalk.io\/tr\/wp-json\/wp\/v2\/types\/page"}],"author":[{"embeddable":true,"href":"https:\/\/wewalk.io\/tr\/wp-json\/wp\/v2\/users\/16"}],"replies":[{"embeddable":true,"href":"https:\/\/wewalk.io\/tr\/wp-json\/wp\/v2\/comments?post=28953"}],"version-history":[{"count":0,"href":"https:\/\/wewalk.io\/tr\/wp-json\/wp\/v2\/pages\/28953\/revisions"}],"wp:attachment":[{"href":"https:\/\/wewalk.io\/tr\/wp-json\/wp\/v2\/media?parent=28953"}],"curies":[{"name":"wp","href":"https:\/\/api.w.org\/{rel}","templated":true}]}}