
{"id":28956,"date":"2021-11-16T13:10:04","date_gmt":"2021-11-16T13:10:04","guid":{"rendered":"https:\/\/wewalk.io\/i-had-a-problem-using-wewalk-features\/"},"modified":"2021-11-16T14:31:46","modified_gmt":"2021-11-16T14:31:46","slug":"i-had-a-problem-using-wewalk-features","status":"publish","type":"page","link":"https:\/\/wewalk.io\/tr\/i-had-a-problem-using-wewalk-features\/","title":{"rendered":"WeWALK \u00f6zelliklerini kullan\u0131rken bir sorun ya\u015fad\u0131m"},"content":{"rendered":"<p><code><br \/>\n\u00d6ncelikle weWALK ile  ilgili bir problem ya\u015fad\u0131\u011f\u0131n i\u00e7in \u00fczg\u00fcn\u00fcm, fakat ya\u015fad\u0131\u011f\u0131n problemi bize a\u00e7\u0131klarsan \u00e7\u00f6zmek i\u00e7in elimizden geleni yapabiliriz.<br \/>\nSorununu anlatan bir E-postay\u0131 < a href=\"mailto:info@wewalk.io\"> info@wewalk.io<\/a> adresinden bizimle payla\u015fabilirsen sana yard\u0131mc\u0131 olabiliriz.<\/p>\n<p>Ayr\u0131ca WeWALK'un son \u00f6zelliklerini deneyebilece\u011fin 7 g\u00fcn \u00fccretsiz deneme i\u00e7eren bir kupon kodunu seninle payla\u015fmak istiyorum.<br \/>\nWeWALK'a bir \u015fans daha vermek ister misin?<\/p>\n<p>A\u015fa\u011f\u0131daki linke t\u0131klad\u0131ktan sonra \"Kupon kodunu uygula\" butonuna basarak \u00fccretsiz deneme i\u00e7eren aboneli\u011fini ba\u015flatabilirsin.<\/p>\n","protected":false},"excerpt":{"rendered":"<p>\u00d6ncelikle weWALK ile ilgili bir problem ya\u015fad\u0131\u011f\u0131n i\u00e7in \u00fczg\u00fcn\u00fcm, fakat ya\u015fad\u0131\u011f\u0131n problemi bize a\u00e7\u0131klarsan \u00e7\u00f6zmek i\u00e7in elimizden geleni yapabiliriz. Sorununu anlatan bir E-postay\u0131 < a href=\"mailto:info@wewalk.io\"> info@wewalk.io adresinden bizimle payla\u015fabilirsen&hellip;<\/p>\n","protected":false},"author":16,"featured_media":0,"parent":0,"menu_order":0,"comment_status":"closed","ping_status":"closed","template":"","meta":{"inline_featured_image":false,"footnotes":""},"class_list":["post-28956","page","type-page","status-publish","hentry"],"yoast_head":"<!-- This site is optimized with the Yoast SEO plugin v27.3 - https:\/\/yoast.com\/product\/yoast-seo-wordpress\/ -->\n<title>WeWALK \u00f6zelliklerini kullan\u0131rken bir sorun ya\u015fad\u0131m - WeWALK Smart Cane<\/title>\n<meta name=\"robots\" content=\"index, follow, max-snippet:-1, max-image-preview:large, max-video-preview:-1\" \/>\n<link rel=\"canonical\" href=\"https:\/\/wewalk.io\/tr\/i-had-a-problem-using-wewalk-features\/\" \/>\n<meta property=\"og:locale\" content=\"tr_TR\" \/>\n<meta property=\"og:type\" content=\"article\" \/>\n<meta property=\"og:title\" content=\"WeWALK \u00f6zelliklerini kullan\u0131rken bir sorun ya\u015fad\u0131m - WeWALK Smart Cane\" \/>\n<meta property=\"og:description\" content=\"\u00d6ncelikle weWALK ile ilgili bir problem ya\u015fad\u0131\u011f\u0131n i\u00e7in \u00fczg\u00fcn\u00fcm, fakat ya\u015fad\u0131\u011f\u0131n problemi bize a\u00e7\u0131klarsan \u00e7\u00f6zmek i\u00e7in elimizden geleni yapabiliriz. Sorununu anlatan bir E-postay\u0131 &lt; a href=&quot;mailto:info@wewalk.io&quot;&gt; info@wewalk.io adresinden bizimle payla\u015fabilirsen&hellip;\" \/>\n<meta property=\"og:url\" content=\"https:\/\/wewalk.io\/tr\/i-had-a-problem-using-wewalk-features\/\" \/>\n<meta property=\"og:site_name\" content=\"WeWALK Smart Cane\" \/>\n<meta property=\"article:publisher\" content=\"https:\/\/www.facebook.com\/wewalkio\" \/>\n<meta property=\"article:modified_time\" content=\"2021-11-16T14:31:46+00:00\" \/>\n<meta name=\"twitter:card\" content=\"summary_large_image\" \/>\n<meta name=\"twitter:site\" content=\"@wewalkio\" \/>\n<script type=\"application\/ld+json\" class=\"yoast-schema-graph\">{\"@context\":\"https:\\\/\\\/schema.org\",\"@graph\":[{\"@type\":\"WebPage\",\"@id\":\"https:\\\/\\\/wewalk.io\\\/tr\\\/i-had-a-problem-using-wewalk-features\\\/\",\"url\":\"https:\\\/\\\/wewalk.io\\\/tr\\\/i-had-a-problem-using-wewalk-features\\\/\",\"name\":\"WeWALK \u00f6zelliklerini kullan\u0131rken bir sorun ya\u015fad\u0131m - WeWALK Smart Cane\",\"isPartOf\":{\"@id\":\"https:\\\/\\\/wewalk.io\\\/tr\\\/#website\"},\"datePublished\":\"2021-11-16T13:10:04+00:00\",\"dateModified\":\"2021-11-16T14:31:46+00:00\",\"breadcrumb\":{\"@id\":\"https:\\\/\\\/wewalk.io\\\/tr\\\/i-had-a-problem-using-wewalk-features\\\/#breadcrumb\"},\"inLanguage\":\"tr\",\"potentialAction\":[{\"@type\":\"ReadAction\",\"target\":[\"https:\\\/\\\/wewalk.io\\\/tr\\\/i-had-a-problem-using-wewalk-features\\\/\"]}]},{\"@type\":\"BreadcrumbList\",\"@id\":\"https:\\\/\\\/wewalk.io\\\/tr\\\/i-had-a-problem-using-wewalk-features\\\/#breadcrumb\",\"itemListElement\":[{\"@type\":\"ListItem\",\"position\":1,\"name\":\"Home\",\"item\":\"https:\\\/\\\/wewalk.io\\\/tr\\\/\"},{\"@type\":\"ListItem\",\"position\":2,\"name\":\"WeWALK \u00f6zelliklerini kullan\u0131rken bir sorun ya\u015fad\u0131m\"}]},{\"@type\":\"WebSite\",\"@id\":\"https:\\\/\\\/wewalk.io\\\/tr\\\/#website\",\"url\":\"https:\\\/\\\/wewalk.io\\\/tr\\\/\",\"name\":\"WeWALK Smart Cane\",\"description\":\"Smart Cane for the Visually Impaired\",\"publisher\":{\"@id\":\"https:\\\/\\\/wewalk.io\\\/tr\\\/#organization\"},\"potentialAction\":[{\"@type\":\"SearchAction\",\"target\":{\"@type\":\"EntryPoint\",\"urlTemplate\":\"https:\\\/\\\/wewalk.io\\\/tr\\\/?s={search_term_string}\"},\"query-input\":{\"@type\":\"PropertyValueSpecification\",\"valueRequired\":true,\"valueName\":\"search_term_string\"}}],\"inLanguage\":\"tr\"},{\"@type\":\"Organization\",\"@id\":\"https:\\\/\\\/wewalk.io\\\/tr\\\/#organization\",\"name\":\"WeWALK Smart Cane\",\"url\":\"https:\\\/\\\/wewalk.io\\\/tr\\\/\",\"logo\":{\"@type\":\"ImageObject\",\"inLanguage\":\"tr\",\"@id\":\"https:\\\/\\\/wewalk.io\\\/tr\\\/#\\\/schema\\\/logo\\\/image\\\/\",\"url\":\"https:\\\/\\\/wewalk.io\\\/wp-content\\\/uploads\\\/2020\\\/08\\\/logo-white.svg\",\"contentUrl\":\"https:\\\/\\\/wewalk.io\\\/wp-content\\\/uploads\\\/2020\\\/08\\\/logo-white.svg\",\"caption\":\"WeWALK Smart Cane\"},\"image\":{\"@id\":\"https:\\\/\\\/wewalk.io\\\/tr\\\/#\\\/schema\\\/logo\\\/image\\\/\"},\"sameAs\":[\"https:\\\/\\\/www.facebook.com\\\/wewalkio\",\"https:\\\/\\\/x.com\\\/wewalkio\",\"https:\\\/\\\/www.instagram.com\\\/wewalkio\\\/\",\"https:\\\/\\\/www.linkedin.com\\\/company\\\/wewalk\",\"https:\\\/\\\/www.youtube.com\\\/channel\\\/UC_VH-4cZcAfcIObUPsMISyw\"]}]}<\/script>\n<!-- \/ Yoast SEO plugin. -->","yoast_head_json":{"title":"WeWALK \u00f6zelliklerini kullan\u0131rken bir sorun ya\u015fad\u0131m - WeWALK Smart Cane","robots":{"index":"index","follow":"follow","max-snippet":"max-snippet:-1","max-image-preview":"max-image-preview:large","max-video-preview":"max-video-preview:-1"},"canonical":"https:\/\/wewalk.io\/tr\/i-had-a-problem-using-wewalk-features\/","og_locale":"tr_TR","og_type":"article","og_title":"WeWALK \u00f6zelliklerini kullan\u0131rken bir sorun ya\u015fad\u0131m - WeWALK Smart Cane","og_description":"\u00d6ncelikle weWALK ile ilgili bir problem ya\u015fad\u0131\u011f\u0131n i\u00e7in \u00fczg\u00fcn\u00fcm, fakat ya\u015fad\u0131\u011f\u0131n problemi bize a\u00e7\u0131klarsan \u00e7\u00f6zmek i\u00e7in elimizden geleni yapabiliriz. Sorununu anlatan bir E-postay\u0131 < a href=\"mailto:info@wewalk.io\"> info@wewalk.io adresinden bizimle payla\u015fabilirsen&hellip;","og_url":"https:\/\/wewalk.io\/tr\/i-had-a-problem-using-wewalk-features\/","og_site_name":"WeWALK Smart Cane","article_publisher":"https:\/\/www.facebook.com\/wewalkio","article_modified_time":"2021-11-16T14:31:46+00:00","twitter_card":"summary_large_image","twitter_site":"@wewalkio","schema":{"@context":"https:\/\/schema.org","@graph":[{"@type":"WebPage","@id":"https:\/\/wewalk.io\/tr\/i-had-a-problem-using-wewalk-features\/","url":"https:\/\/wewalk.io\/tr\/i-had-a-problem-using-wewalk-features\/","name":"WeWALK \u00f6zelliklerini kullan\u0131rken bir sorun ya\u015fad\u0131m - WeWALK Smart Cane","isPartOf":{"@id":"https:\/\/wewalk.io\/tr\/#website"},"datePublished":"2021-11-16T13:10:04+00:00","dateModified":"2021-11-16T14:31:46+00:00","breadcrumb":{"@id":"https:\/\/wewalk.io\/tr\/i-had-a-problem-using-wewalk-features\/#breadcrumb"},"inLanguage":"tr","potentialAction":[{"@type":"ReadAction","target":["https:\/\/wewalk.io\/tr\/i-had-a-problem-using-wewalk-features\/"]}]},{"@type":"BreadcrumbList","@id":"https:\/\/wewalk.io\/tr\/i-had-a-problem-using-wewalk-features\/#breadcrumb","itemListElement":[{"@type":"ListItem","position":1,"name":"Home","item":"https:\/\/wewalk.io\/tr\/"},{"@type":"ListItem","position":2,"name":"WeWALK \u00f6zelliklerini kullan\u0131rken bir sorun ya\u015fad\u0131m"}]},{"@type":"WebSite","@id":"https:\/\/wewalk.io\/tr\/#website","url":"https:\/\/wewalk.io\/tr\/","name":"WeWALK Smart Cane","description":"Smart Cane for the Visually Impaired","publisher":{"@id":"https:\/\/wewalk.io\/tr\/#organization"},"potentialAction":[{"@type":"SearchAction","target":{"@type":"EntryPoint","urlTemplate":"https:\/\/wewalk.io\/tr\/?s={search_term_string}"},"query-input":{"@type":"PropertyValueSpecification","valueRequired":true,"valueName":"search_term_string"}}],"inLanguage":"tr"},{"@type":"Organization","@id":"https:\/\/wewalk.io\/tr\/#organization","name":"WeWALK Smart Cane","url":"https:\/\/wewalk.io\/tr\/","logo":{"@type":"ImageObject","inLanguage":"tr","@id":"https:\/\/wewalk.io\/tr\/#\/schema\/logo\/image\/","url":"https:\/\/wewalk.io\/wp-content\/uploads\/2020\/08\/logo-white.svg","contentUrl":"https:\/\/wewalk.io\/wp-content\/uploads\/2020\/08\/logo-white.svg","caption":"WeWALK Smart Cane"},"image":{"@id":"https:\/\/wewalk.io\/tr\/#\/schema\/logo\/image\/"},"sameAs":["https:\/\/www.facebook.com\/wewalkio","https:\/\/x.com\/wewalkio","https:\/\/www.instagram.com\/wewalkio\/","https:\/\/www.linkedin.com\/company\/wewalk","https:\/\/www.youtube.com\/channel\/UC_VH-4cZcAfcIObUPsMISyw"]}]}},"jetpack_sharing_enabled":true,"_links":{"self":[{"href":"https:\/\/wewalk.io\/tr\/wp-json\/wp\/v2\/pages\/28956","targetHints":{"allow":["GET"]}}],"collection":[{"href":"https:\/\/wewalk.io\/tr\/wp-json\/wp\/v2\/pages"}],"about":[{"href":"https:\/\/wewalk.io\/tr\/wp-json\/wp\/v2\/types\/page"}],"author":[{"embeddable":true,"href":"https:\/\/wewalk.io\/tr\/wp-json\/wp\/v2\/users\/16"}],"replies":[{"embeddable":true,"href":"https:\/\/wewalk.io\/tr\/wp-json\/wp\/v2\/comments?post=28956"}],"version-history":[{"count":0,"href":"https:\/\/wewalk.io\/tr\/wp-json\/wp\/v2\/pages\/28956\/revisions"}],"wp:attachment":[{"href":"https:\/\/wewalk.io\/tr\/wp-json\/wp\/v2\/media?parent=28956"}],"curies":[{"name":"wp","href":"https:\/\/api.w.org\/{rel}","templated":true}]}}