{"id":32208,"date":"2023-05-08T21:39:46","date_gmt":"2023-05-08T21:39:46","guid":{"rendered":"https:\/\/wewalk.io\/?page_id=32208"},"modified":"2024-09-25T17:47:31","modified_gmt":"2024-09-25T17:47:31","slug":"bayram-yolculugunda-danistan-hediye-dondurma","status":"publish","type":"page","link":"https:\/\/wewalk.io\/tr\/bayram-yolculugunda-danistan-hediye-dondurma\/","title":{"rendered":"Bayram Yolculu\u011funda DANI\u015e\u2019tan Hediye Dondurma!"},"content":{"rendered":"\t\t<div data-elementor-type=\"wp-page\" data-elementor-id=\"32208\" class=\"elementor elementor-32208\" data-elementor-post-type=\"page\">\n\t\t\t\t<div class=\"elementor-element elementor-element-b22823e e-flex e-con-boxed e-con e-parent\" data-id=\"b22823e\" data-element_type=\"container\" data-e-type=\"container\">\n\t\t\t\t\t<div class=\"e-con-inner\">\n\t\t\t\t<div class=\"elementor-element elementor-element-c9e5c2f elementor-widget elementor-widget-spacer\" data-id=\"c9e5c2f\" data-element_type=\"widget\" data-e-type=\"widget\" data-widget_type=\"spacer.default\">\n\t\t\t\t<div class=\"elementor-widget-container\">\n\t\t\t\t\t\t\t<div class=\"elementor-spacer\">\n\t\t\t<div class=\"elementor-spacer-inner\"><\/div>\n\t\t<\/div>\n\t\t\t\t\t\t<\/div>\n\t\t\t\t<\/div>\n\t\t\t\t<div class=\"elementor-element elementor-element-6da2e66 elementor-widget elementor-widget-text-editor\" data-id=\"6da2e66\" data-element_type=\"widget\" data-e-type=\"widget\" data-widget_type=\"text-editor.default\">\n\t\t\t\t<div class=\"elementor-widget-container\">\n\t\t\t\t\t\t\t\t\t<p style=\"margin: 0cm; font-size: 11pt; font-family: Calibri, sans-serif; caret-color: rgb(0, 0, 0); color: rgb(0, 0, 0);\"><span data-ogsc=\"black\" style=\"font-family: Aptos, sans-serif;\">LC Waikiki sponsorlu\u011funda<span>&nbsp;<\/span><b>\u00dcCRETS\u0130Z<span>&nbsp;<\/span><\/b>sa\u011flad\u0131\u011f\u0131m\u0131z<span>&nbsp;<\/span><b>\u201cGiyim &amp; Moda\u201d<span>&nbsp;<\/span><\/b>kategorisi ile bug\u00fcne kadar y\u00fczlerce kullan\u0131c\u0131m\u0131z profesyonel asistanlar\u0131m\u0131zdan moda dan\u0131\u015fmanl\u0131\u011f\u0131 ald\u0131. DANI\u015e kullan\u0131c\u0131lar\u0131 g\u00fcn\u00fcn her saatinde \u00e7a\u011fr\u0131 ba\u015flatarak kombinlerindeki renk uyumu, uygun aksesuar se\u00e7imi, leke kontrol\u00fc, \u00e7ama\u015f\u0131r ay\u0131rma ve \u00e7orap e\u015fleme gibi bir\u00e7ok alanda destek ald\u0131lar. Kimi zaman bulu\u015fmalara gitmeden \u00f6nce ya da i\u015fe haz\u0131rlan\u0131rken, kimi zaman ise \u00f6zel g\u00fcn davetlerinde en iyi hissetmek istedi\u011fi anlar\u0131nda e\u015flik ettik.&nbsp;&nbsp;<\/span><\/p>\n<p style=\"margin: 0cm; font-size: 11pt; font-family: Calibri, sans-serif; caret-color: rgb(0, 0, 0); color: rgb(0, 0, 0);\"><span data-ogsc=\"black\" style=\"font-family: Aptos, sans-serif;\"><br><\/span><\/p>\n<p class=\"MsoNormal\" style=\"margin: 0cm; font-size: 11pt; font-family: Calibri, sans-serif; caret-color: rgb(0, 0, 0); color: rgb(0, 0, 0);\"><b><span data-ogsc=\"black\" style=\"font-family: Aptos, sans-serif;\">Hediye \u00c7eki Kazanma F\u0131rsat\u0131!<\/span><\/b><span data-ogsc=\"black\" style=\"font-family: Aptos, sans-serif;\"><\/span><\/p>\n<p class=\"MsoNormal\" style=\"margin: 0cm; font-size: 11pt; font-family: Calibri, sans-serif; caret-color: rgb(0, 0, 0); color: rgb(0, 0, 0);\"><span data-ogsc=\"black\" style=\"font-family: Aptos, sans-serif;\">LC Waikiki&#8217;den DANI\u015e kullan\u0131c\u0131lar\u0131na \u00f6zel olarak LC Waikiki online sitesinden yapaca\u011f\u0131n\u0131z al\u0131\u015fveri\u015flerinizde ge\u00e7erli toplamda 2000 TL&#8217;lik \u00e7ek hediye. \u00c7ekili\u015fin kazanan\u0131 15 Ekim D\u00fcnya Beyaz Baston g\u00fcn\u00fcnde a\u00e7\u0131klanacak! &nbsp;<\/span><\/p>\n<p class=\"MsoNormal\" style=\"margin: 0cm; font-size: 11pt; font-family: Calibri, sans-serif; caret-color: rgb(0, 0, 0); color: rgb(0, 0, 0);\"><br><\/p>\n<p class=\"MsoNormal\" style=\"margin: 0cm; font-size: 11pt; font-family: Calibri, sans-serif; caret-color: rgb(0, 0, 0); color: rgb(0, 0, 0);\"><b><span data-ogsc=\"black\" style=\"font-family: Aptos, sans-serif;\">Kazanan ki\u015filer nas\u0131l belirlenecek?&nbsp;<\/span><\/b><span data-ogsc=\"black\" style=\"font-family: Aptos, sans-serif;\">&nbsp;<\/span><\/p>\n<p class=\"MsoNormal\" style=\"margin: 0cm; font-size: 11pt; font-family: Calibri, sans-serif; caret-color: rgb(0, 0, 0); color: rgb(0, 0, 0);\"><span data-ogsc=\"black\" style=\"font-family: Aptos, sans-serif;\">Hediye \u00e7ekleri i\u00e7in \u00e7a\u011fr\u0131 ba\u015flatanlar iki ba\u015fl\u0131k alt\u0131nda de\u011ferlendirilecektir. 18 Eyl\u00fcl- 14 Ekim aras\u0131nda;&nbsp;<\/span><\/p>\n<ul type=\"disc\" style=\"margin-bottom: 0cm; caret-color: rgb(0, 0, 0); color: rgb(0, 0, 0); font-family: Aptos; font-size: 16px; margin-top: 0cm;\">\n<li class=\"MsoListParagraph\" data-ogsc=\"black\" style=\"margin: 0cm; font-size: 11pt; font-family: Calibri, sans-serif;\"><span style=\"font-family: Aptos, sans-serif;\">DANI\u015e&#8217;ta \u201cGiyim ve Moda\u201d kategorisinden en \u00e7ok ba\u011flanan kullan\u0131c\u0131m\u0131z 1000 TL de\u011ferinde hediye \u00e7eki kazanacakt\u0131r.&nbsp;<\/span><\/li>\n<li class=\"MsoListParagraph\" data-ogsc=\"black\" style=\"margin: 0cm; font-size: 11pt; font-family: Calibri, sans-serif;\"><span style=\"font-family: Aptos, sans-serif;\">DANI\u015e&#8217;a en s\u0131k ba\u011flanan 2 kullan\u0131c\u0131m\u0131z 500\u2019er TL\u2019lik hediye \u00e7eki kazanacakt\u0131r.&nbsp;<\/span><\/li>\n<\/ul>\n<p class=\"MsoNormal\" style=\"margin: 0cm; font-size: 11pt; font-family: Calibri, sans-serif; caret-color: rgb(0, 0, 0); color: rgb(0, 0, 0);\"><span data-ogsc=\"black\" style=\"font-family: Aptos, sans-serif;\">&nbsp;<\/span><\/p>\n<p class=\"MsoNormal\" style=\"margin: 0cm; font-size: 11pt; font-family: Calibri, sans-serif; caret-color: rgb(0, 0, 0); color: rgb(0, 0, 0);\"><b><span data-ogsc=\"black\" style=\"font-family: Aptos, sans-serif;\">Kampanya Ko\u015fullar\u0131<\/span><\/b><\/p>\n<ul type=\"disc\" style=\"margin-bottom: 0cm; caret-color: rgb(0, 0, 0); color: rgb(0, 0, 0); font-family: Aptos; font-size: 16px; margin-top: 0cm;\">\n<li class=\"MsoListParagraph\" data-ogsc=\"black\" style=\"margin: 0cm; font-size: 11pt; font-family: Calibri, sans-serif;\"><span style=\"font-family: Aptos, sans-serif;\">Hediye \u00e7eki kodu sadece LC Waikiki sitesindeki online al\u0131\u015fveri\u015fte ve LC Waikiki markal\u0131 \u00fcr\u00fcnlerde ge\u00e7erlidir.&nbsp;<\/span><\/li>\n<li class=\"MsoListParagraph\" data-ogsc=\"black\" style=\"margin: 0cm; font-size: 11pt; font-family: Calibri, sans-serif;\"><span style=\"font-family: Aptos, sans-serif;\">Bir ki\u015fi sadece 1 kategoriden \u00e7ek kazanabilir.&nbsp;<\/span><\/li>\n<li class=\"MsoListParagraph\" data-ogsc=\"black\" style=\"margin: 0cm; font-size: 11pt; font-family: Calibri, sans-serif;\"><span style=\"font-family: Aptos, sans-serif;\">Hediye \u00e7eki kazanan ki\u015filer farkl\u0131 mail adresleri ve hesaplar\u0131 da dahil olmak \u00fczere kampanyadan 1 kez faydalanabilir.&nbsp;<\/span><\/li>\n<li class=\"MsoListParagraph\" data-ogsc=\"black\" style=\"margin: 0cm; font-size: 11pt; font-family: Calibri, sans-serif;\"><span style=\"font-family: Aptos, sans-serif;\">Kodu kullanmadan \u00f6nce \u00fcr\u00fcnleri se\u00e7me ve belirleme a\u015famas\u0131nda DANI\u015e\u2019tan hizmet alman\u0131z gerekmektedir.&nbsp;&nbsp;<\/span><\/li>\n<li class=\"MsoListParagraph\" data-ogsc=\"black\" style=\"margin: 0cm; font-size: 11pt; font-family: Calibri, sans-serif;\"><span style=\"font-family: Aptos, sans-serif;\">Her bir hediye \u00e7ekinin son kullan\u0131m tarihi olup, son kullan\u0131m tarihine kadar kullan\u0131lmayan hediye \u00e7ekleri ge\u00e7ersiz say\u0131lacakt\u0131r.&nbsp;<\/span><\/li>\n<\/ul>\n<p class=\"MsoNormal\" style=\"margin: 0cm; font-size: 11pt; font-family: Calibri, sans-serif; caret-color: rgb(0, 0, 0); color: rgb(0, 0, 0);\"><span data-ogsc=\"black\" style=\"font-family: Aptos, sans-serif;\">&nbsp;<\/span><\/p>\n<p style=\"margin: 0cm; font-size: 11pt; font-family: Calibri, sans-serif; caret-color: rgb(0, 0, 0); color: rgb(0, 0, 0);\"><span data-ogsc=\"black\" style=\"font-family: Aptos, sans-serif;\"><\/span><\/p>\n<p class=\"MsoNormal\" style=\"margin: 0cm; font-size: 11pt; font-family: Calibri, sans-serif; caret-color: rgb(0, 0, 0); color: rgb(0, 0, 0);\"><span data-ogsc=\"black\" style=\"font-family: Aptos, sans-serif;\">Bug\u00fcn itibari ile ba\u015flayan ve 14 Ekim&#8217;e kadar s\u00fcrecek olan bu \u00e7ekili\u015ften faydalanmak i\u00e7in i\u015fte tek yapman\u0131z gereken ihtiyac\u0131n\u0131z oldu\u011fu anda DANI\u015e&#8217;a ba\u011flan\u0131p g\u00f6rsel destek almak!<\/span><\/p>\t\t\t\t\t\t\t\t<\/div>\n\t\t\t\t<\/div>\n\t\t\t\t\t<\/div>\n\t\t\t\t<\/div>\n\t\t\t\t<\/div>\n\t\t","protected":false},"excerpt":{"rendered":"<p>LC Waikiki sponsorlu\u011funda&nbsp;\u00dcCRETS\u0130Z&nbsp;sa\u011flad\u0131\u011f\u0131m\u0131z&nbsp;\u201cGiyim &amp; Moda\u201d&nbsp;kategorisi ile bug\u00fcne kadar y\u00fczlerce kullan\u0131c\u0131m\u0131z profesyonel asistanlar\u0131m\u0131zdan moda dan\u0131\u015fmanl\u0131\u011f\u0131 ald\u0131. DANI\u015e kullan\u0131c\u0131lar\u0131 g\u00fcn\u00fcn her saatinde \u00e7a\u011fr\u0131 ba\u015flatarak kombinlerindeki renk uyumu, uygun aksesuar se\u00e7imi, leke kontrol\u00fc,&hellip;<\/p>\n","protected":false},"author":1,"featured_media":0,"parent":0,"menu_order":0,"comment_status":"closed","ping_status":"closed","template":"","meta":{"content-type":"","inline_featured_image":false,"footnotes":""},"class_list":["post-32208","page","type-page","status-publish","hentry"],"yoast_head":"<!-- This site is optimized with the Yoast SEO plugin v27.5 - https:\/\/yoast.com\/product\/yoast-seo-wordpress\/ -->\n<title>Bayram Yolculu\u011funda DANI\u015e\u2019tan Hediye Dondurma! - WeWALK Smart Cane<\/title>\n<meta name=\"robots\" content=\"index, follow, max-snippet:-1, max-image-preview:large, max-video-preview:-1\" \/>\n<link rel=\"canonical\" href=\"https:\/\/wewalk.io\/tr\/bayram-yolculugunda-danistan-hediye-dondurma\/\" \/>\n<meta property=\"og:locale\" content=\"tr_TR\" \/>\n<meta property=\"og:type\" content=\"article\" \/>\n<meta property=\"og:title\" content=\"Bayram Yolculu\u011funda DANI\u015e\u2019tan Hediye Dondurma! - WeWALK Smart Cane\" \/>\n<meta property=\"og:description\" content=\"LC Waikiki sponsorlu\u011funda&nbsp;\u00dcCRETS\u0130Z&nbsp;sa\u011flad\u0131\u011f\u0131m\u0131z&nbsp;\u201cGiyim &amp; Moda\u201d&nbsp;kategorisi ile bug\u00fcne kadar y\u00fczlerce kullan\u0131c\u0131m\u0131z profesyonel asistanlar\u0131m\u0131zdan moda dan\u0131\u015fmanl\u0131\u011f\u0131 ald\u0131. DANI\u015e kullan\u0131c\u0131lar\u0131 g\u00fcn\u00fcn her saatinde \u00e7a\u011fr\u0131 ba\u015flatarak kombinlerindeki renk uyumu, uygun aksesuar se\u00e7imi, leke kontrol\u00fc,&hellip;\" \/>\n<meta property=\"og:url\" content=\"https:\/\/wewalk.io\/tr\/bayram-yolculugunda-danistan-hediye-dondurma\/\" \/>\n<meta property=\"og:site_name\" content=\"WeWALK Smart Cane\" \/>\n<meta property=\"article:publisher\" content=\"https:\/\/www.facebook.com\/wewalkio\" \/>\n<meta property=\"article:modified_time\" content=\"2024-09-25T17:47:31+00:00\" \/>\n<meta name=\"twitter:card\" content=\"summary_large_image\" \/>\n<meta name=\"twitter:site\" content=\"@wewalkio\" \/>\n<meta name=\"twitter:label1\" content=\"Tahmini okuma s\u00fcresi\" \/>\n\t<meta name=\"twitter:data1\" content=\"2 dakika\" \/>\n<script type=\"application\/ld+json\" class=\"yoast-schema-graph\">{\"@context\":\"https:\\\/\\\/schema.org\",\"@graph\":[{\"@type\":\"WebPage\",\"@id\":\"https:\\\/\\\/wewalk.io\\\/tr\\\/bayram-yolculugunda-danistan-hediye-dondurma\\\/\",\"url\":\"https:\\\/\\\/wewalk.io\\\/tr\\\/bayram-yolculugunda-danistan-hediye-dondurma\\\/\",\"name\":\"Bayram Yolculu\u011funda DANI\u015e\u2019tan Hediye Dondurma! - WeWALK Smart Cane\",\"isPartOf\":{\"@id\":\"https:\\\/\\\/wewalk.io\\\/tr\\\/#website\"},\"datePublished\":\"2023-05-08T21:39:46+00:00\",\"dateModified\":\"2024-09-25T17:47:31+00:00\",\"breadcrumb\":{\"@id\":\"https:\\\/\\\/wewalk.io\\\/tr\\\/bayram-yolculugunda-danistan-hediye-dondurma\\\/#breadcrumb\"},\"inLanguage\":\"tr\",\"potentialAction\":[{\"@type\":\"ReadAction\",\"target\":[\"https:\\\/\\\/wewalk.io\\\/tr\\\/bayram-yolculugunda-danistan-hediye-dondurma\\\/\"]}]},{\"@type\":\"BreadcrumbList\",\"@id\":\"https:\\\/\\\/wewalk.io\\\/tr\\\/bayram-yolculugunda-danistan-hediye-dondurma\\\/#breadcrumb\",\"itemListElement\":[{\"@type\":\"ListItem\",\"position\":1,\"name\":\"Home\",\"item\":\"https:\\\/\\\/wewalk.io\\\/tr\\\/\"},{\"@type\":\"ListItem\",\"position\":2,\"name\":\"Bayram Yolculu\u011funda DANI\u015e\u2019tan Hediye Dondurma!\"}]},{\"@type\":\"WebSite\",\"@id\":\"https:\\\/\\\/wewalk.io\\\/tr\\\/#website\",\"url\":\"https:\\\/\\\/wewalk.io\\\/tr\\\/\",\"name\":\"WeWALK Smart Cane\",\"description\":\"Smart Cane for the Visually Impaired\",\"publisher\":{\"@id\":\"https:\\\/\\\/wewalk.io\\\/tr\\\/#organization\"},\"potentialAction\":[{\"@type\":\"SearchAction\",\"target\":{\"@type\":\"EntryPoint\",\"urlTemplate\":\"https:\\\/\\\/wewalk.io\\\/tr\\\/?s={search_term_string}\"},\"query-input\":{\"@type\":\"PropertyValueSpecification\",\"valueRequired\":true,\"valueName\":\"search_term_string\"}}],\"inLanguage\":\"tr\"},{\"@type\":\"Organization\",\"@id\":\"https:\\\/\\\/wewalk.io\\\/tr\\\/#organization\",\"name\":\"WeWALK Smart Cane\",\"url\":\"https:\\\/\\\/wewalk.io\\\/tr\\\/\",\"logo\":{\"@type\":\"ImageObject\",\"inLanguage\":\"tr\",\"@id\":\"https:\\\/\\\/wewalk.io\\\/tr\\\/#\\\/schema\\\/logo\\\/image\\\/\",\"url\":\"https:\\\/\\\/wewalk.io\\\/wp-content\\\/uploads\\\/2020\\\/08\\\/logo-white.svg\",\"contentUrl\":\"https:\\\/\\\/wewalk.io\\\/wp-content\\\/uploads\\\/2020\\\/08\\\/logo-white.svg\",\"caption\":\"WeWALK Smart Cane\"},\"image\":{\"@id\":\"https:\\\/\\\/wewalk.io\\\/tr\\\/#\\\/schema\\\/logo\\\/image\\\/\"},\"sameAs\":[\"https:\\\/\\\/www.facebook.com\\\/wewalkio\",\"https:\\\/\\\/x.com\\\/wewalkio\",\"https:\\\/\\\/www.instagram.com\\\/wewalkio\\\/\",\"https:\\\/\\\/www.linkedin.com\\\/company\\\/wewalk\",\"https:\\\/\\\/www.youtube.com\\\/channel\\\/UC_VH-4cZcAfcIObUPsMISyw\"]}]}<\/script>\n<!-- \/ Yoast SEO plugin. -->","yoast_head_json":{"title":"Bayram Yolculu\u011funda DANI\u015e\u2019tan Hediye Dondurma! - WeWALK Smart Cane","robots":{"index":"index","follow":"follow","max-snippet":"max-snippet:-1","max-image-preview":"max-image-preview:large","max-video-preview":"max-video-preview:-1"},"canonical":"https:\/\/wewalk.io\/tr\/bayram-yolculugunda-danistan-hediye-dondurma\/","og_locale":"tr_TR","og_type":"article","og_title":"Bayram Yolculu\u011funda DANI\u015e\u2019tan Hediye Dondurma! - WeWALK Smart Cane","og_description":"LC Waikiki sponsorlu\u011funda&nbsp;\u00dcCRETS\u0130Z&nbsp;sa\u011flad\u0131\u011f\u0131m\u0131z&nbsp;\u201cGiyim &amp; Moda\u201d&nbsp;kategorisi ile bug\u00fcne kadar y\u00fczlerce kullan\u0131c\u0131m\u0131z profesyonel asistanlar\u0131m\u0131zdan moda dan\u0131\u015fmanl\u0131\u011f\u0131 ald\u0131. DANI\u015e kullan\u0131c\u0131lar\u0131 g\u00fcn\u00fcn her saatinde \u00e7a\u011fr\u0131 ba\u015flatarak kombinlerindeki renk uyumu, uygun aksesuar se\u00e7imi, leke kontrol\u00fc,&hellip;","og_url":"https:\/\/wewalk.io\/tr\/bayram-yolculugunda-danistan-hediye-dondurma\/","og_site_name":"WeWALK Smart Cane","article_publisher":"https:\/\/www.facebook.com\/wewalkio","article_modified_time":"2024-09-25T17:47:31+00:00","twitter_card":"summary_large_image","twitter_site":"@wewalkio","twitter_misc":{"Tahmini okuma s\u00fcresi":"2 dakika"},"schema":{"@context":"https:\/\/schema.org","@graph":[{"@type":"WebPage","@id":"https:\/\/wewalk.io\/tr\/bayram-yolculugunda-danistan-hediye-dondurma\/","url":"https:\/\/wewalk.io\/tr\/bayram-yolculugunda-danistan-hediye-dondurma\/","name":"Bayram Yolculu\u011funda DANI\u015e\u2019tan Hediye Dondurma! - WeWALK Smart Cane","isPartOf":{"@id":"https:\/\/wewalk.io\/tr\/#website"},"datePublished":"2023-05-08T21:39:46+00:00","dateModified":"2024-09-25T17:47:31+00:00","breadcrumb":{"@id":"https:\/\/wewalk.io\/tr\/bayram-yolculugunda-danistan-hediye-dondurma\/#breadcrumb"},"inLanguage":"tr","potentialAction":[{"@type":"ReadAction","target":["https:\/\/wewalk.io\/tr\/bayram-yolculugunda-danistan-hediye-dondurma\/"]}]},{"@type":"BreadcrumbList","@id":"https:\/\/wewalk.io\/tr\/bayram-yolculugunda-danistan-hediye-dondurma\/#breadcrumb","itemListElement":[{"@type":"ListItem","position":1,"name":"Home","item":"https:\/\/wewalk.io\/tr\/"},{"@type":"ListItem","position":2,"name":"Bayram Yolculu\u011funda DANI\u015e\u2019tan Hediye Dondurma!"}]},{"@type":"WebSite","@id":"https:\/\/wewalk.io\/tr\/#website","url":"https:\/\/wewalk.io\/tr\/","name":"WeWALK Smart Cane","description":"Smart Cane for the Visually Impaired","publisher":{"@id":"https:\/\/wewalk.io\/tr\/#organization"},"potentialAction":[{"@type":"SearchAction","target":{"@type":"EntryPoint","urlTemplate":"https:\/\/wewalk.io\/tr\/?s={search_term_string}"},"query-input":{"@type":"PropertyValueSpecification","valueRequired":true,"valueName":"search_term_string"}}],"inLanguage":"tr"},{"@type":"Organization","@id":"https:\/\/wewalk.io\/tr\/#organization","name":"WeWALK Smart Cane","url":"https:\/\/wewalk.io\/tr\/","logo":{"@type":"ImageObject","inLanguage":"tr","@id":"https:\/\/wewalk.io\/tr\/#\/schema\/logo\/image\/","url":"https:\/\/wewalk.io\/wp-content\/uploads\/2020\/08\/logo-white.svg","contentUrl":"https:\/\/wewalk.io\/wp-content\/uploads\/2020\/08\/logo-white.svg","caption":"WeWALK Smart Cane"},"image":{"@id":"https:\/\/wewalk.io\/tr\/#\/schema\/logo\/image\/"},"sameAs":["https:\/\/www.facebook.com\/wewalkio","https:\/\/x.com\/wewalkio","https:\/\/www.instagram.com\/wewalkio\/","https:\/\/www.linkedin.com\/company\/wewalk","https:\/\/www.youtube.com\/channel\/UC_VH-4cZcAfcIObUPsMISyw"]}]}},"jetpack_sharing_enabled":true,"_links":{"self":[{"href":"https:\/\/wewalk.io\/tr\/wp-json\/wp\/v2\/pages\/32208","targetHints":{"allow":["GET"]}}],"collection":[{"href":"https:\/\/wewalk.io\/tr\/wp-json\/wp\/v2\/pages"}],"about":[{"href":"https:\/\/wewalk.io\/tr\/wp-json\/wp\/v2\/types\/page"}],"author":[{"embeddable":true,"href":"https:\/\/wewalk.io\/tr\/wp-json\/wp\/v2\/users\/1"}],"replies":[{"embeddable":true,"href":"https:\/\/wewalk.io\/tr\/wp-json\/wp\/v2\/comments?post=32208"}],"version-history":[{"count":0,"href":"https:\/\/wewalk.io\/tr\/wp-json\/wp\/v2\/pages\/32208\/revisions"}],"wp:attachment":[{"href":"https:\/\/wewalk.io\/tr\/wp-json\/wp\/v2\/media?parent=32208"}],"curies":[{"name":"wp","href":"https:\/\/api.w.org\/{rel}","templated":true}]}}