
{"id":34635,"date":"2023-12-01T00:55:32","date_gmt":"2023-12-01T00:55:32","guid":{"rendered":"https:\/\/wewalk.io\/?page_id=34635"},"modified":"2025-12-15T10:10:09","modified_gmt":"2025-12-15T10:10:09","slug":"danis-lcw-giyimvemoda-ucretsiz","status":"publish","type":"page","link":"https:\/\/wewalk.io\/tr\/danis-lcw-giyimvemoda-ucretsiz\/","title":{"rendered":"DANI\u015e, giyim ve moda kategorisinde LC Waikiki sponsorlu\u011funda \u00fccretsiz!"},"content":{"rendered":"\t\t<div data-elementor-type=\"wp-page\" data-elementor-id=\"34635\" class=\"elementor elementor-34635\" data-elementor-post-type=\"page\">\n\t\t\t\t<main class=\"elementor-element elementor-element-d258f9c e-flex e-con-boxed e-con e-parent\" data-id=\"d258f9c\" data-element_type=\"container\" data-e-type=\"container\" data-settings=\"{&quot;background_background&quot;:&quot;classic&quot;}\">\n\t\t\t\t\t<div class=\"e-con-inner\">\n\t\t<div class=\"elementor-element elementor-element-d078d08 e-flex e-con-boxed e-con e-child\" data-id=\"d078d08\" data-element_type=\"container\" data-e-type=\"container\">\n\t\t\t\t\t<div class=\"e-con-inner\">\n\t\t\t\t<div class=\"elementor-element elementor-element-ca8da19 elementor-widget elementor-widget-heading\" data-id=\"ca8da19\" data-element_type=\"widget\" data-e-type=\"widget\" data-widget_type=\"heading.default\">\n\t\t\t\t<div class=\"elementor-widget-container\">\n\t\t\t\t\t<h1 class=\"elementor-heading-title elementor-size-default\">DANI\u015e, giyim ve moda kategorisinde LC Waikiki sponsorlu\u011funda \u00fccretsiz!<\/h1>\t\t\t\t<\/div>\n\t\t\t\t<\/div>\n\t\t\t\t\t<\/div>\n\t\t\t\t<\/div>\n\t\t\t\t\t<\/div>\n\t\t\t\t<\/main>\n\t\t<div class=\"elementor-element elementor-element-a494ebf e-flex e-con-boxed e-con e-parent\" data-id=\"a494ebf\" data-element_type=\"container\" data-e-type=\"container\">\n\t\t\t\t\t<div class=\"e-con-inner\">\n\t\t\t\t<div class=\"elementor-element elementor-element-97d25d4 elementor-widget elementor-widget-text-editor\" data-id=\"97d25d4\" data-element_type=\"widget\" data-e-type=\"widget\" data-widget_type=\"text-editor.default\">\n\t\t\t\t<div class=\"elementor-widget-container\">\n\t\t\t\t\t\t\t\t\t<p aria-level=\"2\"><b><span data-contrast=\"none\">Moda\u00a0ve\u00a0Giyime\u00a0Dair Her\u00a0G\u00f6rsel\u00a0\u0130htiyac\u0131n\u0131z\u00a0i\u00e7in\u00a0DANI\u015e\u00a0LC Waikiki\u00a0Destekleriyle\u00a0\u00dccretsiz!<\/span><\/b><span data-ccp-props=\"{&quot;134233117&quot;:false,&quot;134233118&quot;:false,&quot;134245418&quot;:true,&quot;134245529&quot;:true,&quot;335559738&quot;:299,&quot;335559739&quot;:299}\">\u00a0<\/span><\/p><p><span data-contrast=\"none\">\u201c\u0130yi\u00a0giyinmek\u00a0herkesin\u00a0hakk\u0131!\u201d\u00a0anlay\u0131\u015f\u0131\u00a0ile\u00a0LC Waikiki\u00a0iyi\u00a0giyinmeyi\u00a0g\u00f6rme\u00a0engelliler\u00a0i\u00e7in\u00a0DANI\u015e\u00a0Profesyonel\u00a0G\u00f6r\u00fcnt\u00fcl\u00fc\u00a0G\u00f6r\u00fc\u015fme\u00a0Servisi\u00a0ile\u00a0kapsay\u0131c\u0131\u00a0hale\u00a0getiriyor!<\/span><span data-ccp-props=\"{&quot;134233117&quot;:false,&quot;134233118&quot;:false,&quot;335559738&quot;:240,&quot;335559739&quot;:240}\">\u00a0<\/span><\/p><p aria-level=\"2\"><b><span data-contrast=\"none\">\u0130\u015fte\u00a0Moda\u00a0ve\u00a0Giyim\u00a0Kategorisinde\u00a0Profesyonel\u00a0Asistanlar\u0131m\u0131za\u00a0Ba\u011flanarak\u00a0G\u00f6r\u00fcnt\u00fcl\u00fc\u00a0Hizmet\u00a0Alabilece\u011fin\u00a0Ba\u015fl\u0131ca\u00a0Alanlar:\u00a0<\/span><\/b><span data-ccp-props=\"{&quot;134233117&quot;:false,&quot;134233118&quot;:false,&quot;134245418&quot;:true,&quot;134245529&quot;:true,&quot;335559738&quot;:299,&quot;335559739&quot;:299}\">\u00a0<\/span><\/p><ul><li aria-setsize=\"-1\" data-leveltext=\"\uf0b7\" data-font=\"Symbol\" data-listid=\"1\" data-list-defn-props=\"{&quot;335552541&quot;:1,&quot;335559685&quot;:720,&quot;335559991&quot;:360,&quot;469769226&quot;:&quot;Symbol&quot;,&quot;469769242&quot;:[8226],&quot;469777803&quot;:&quot;left&quot;,&quot;469777804&quot;:&quot;\uf0b7&quot;,&quot;469777815&quot;:&quot;hybridMultilevel&quot;}\" data-aria-posinset=\"1\" data-aria-level=\"1\"><span data-contrast=\"none\">LC\u00a0Waikiki\u2019den\u00a0al\u0131\u015fveri\u015f\u00a0yaparken\u00a0k\u0131yafet\u00a0betimlemesi,\u00a0kombin\u00a0olu\u015fturma\u00a0ve\u00a0tarz\u00a0\u00f6nerileri\u00a0alma,\u00a0<\/span><span data-ccp-props=\"{&quot;134233117&quot;:false,&quot;134233118&quot;:false,&quot;335559738&quot;:240,&quot;335559739&quot;:240}\">\u00a0<\/span><\/li><\/ul><ul><li aria-setsize=\"-1\" data-leveltext=\"\uf0b7\" data-font=\"Symbol\" data-listid=\"1\" data-list-defn-props=\"{&quot;335552541&quot;:1,&quot;335559685&quot;:720,&quot;335559991&quot;:360,&quot;469769226&quot;:&quot;Symbol&quot;,&quot;469769242&quot;:[8226],&quot;469777803&quot;:&quot;left&quot;,&quot;469777804&quot;:&quot;\uf0b7&quot;,&quot;469777815&quot;:&quot;hybridMultilevel&quot;}\" data-aria-posinset=\"2\" data-aria-level=\"1\"><span data-contrast=\"none\">K\u0131yafetlerinizin\u00a0renk\u00a0uyumunu\u00a0kontrol\u00a0etme,\u00a0\u00a0<\/span><span data-ccp-props=\"{&quot;134233117&quot;:false,&quot;134233118&quot;:false,&quot;335557856&quot;:16777215,&quot;335559738&quot;:270,&quot;335559739&quot;:270}\">\u00a0<\/span><\/li><\/ul><ul><li aria-setsize=\"-1\" data-leveltext=\"\uf0b7\" data-font=\"Symbol\" data-listid=\"1\" data-list-defn-props=\"{&quot;335552541&quot;:1,&quot;335559685&quot;:720,&quot;335559991&quot;:360,&quot;469769226&quot;:&quot;Symbol&quot;,&quot;469769242&quot;:[8226],&quot;469777803&quot;:&quot;left&quot;,&quot;469777804&quot;:&quot;\uf0b7&quot;,&quot;469777815&quot;:&quot;hybridMultilevel&quot;}\" data-aria-posinset=\"3\" data-aria-level=\"1\"><span data-contrast=\"none\">K\u0131yafetlerinizin\u00a0leke\u00a0ve\u00a0\u00fct\u00fc\u00a0durumlar\u0131n\u0131\u00a0sorma,\u00a0\u00a0<\/span><span data-ccp-props=\"{&quot;134233117&quot;:false,&quot;134233118&quot;:false,&quot;335557856&quot;:16777215,&quot;335559738&quot;:270,&quot;335559739&quot;:270}\">\u00a0<\/span><\/li><\/ul><ul><li aria-setsize=\"-1\" data-leveltext=\"\uf0b7\" data-font=\"Symbol\" data-listid=\"1\" data-list-defn-props=\"{&quot;335552541&quot;:1,&quot;335559685&quot;:720,&quot;335559991&quot;:360,&quot;469769226&quot;:&quot;Symbol&quot;,&quot;469769242&quot;:[8226],&quot;469777803&quot;:&quot;left&quot;,&quot;469777804&quot;:&quot;\uf0b7&quot;,&quot;469777815&quot;:&quot;hybridMultilevel&quot;}\" data-aria-posinset=\"4\" data-aria-level=\"1\"><span data-contrast=\"none\">\u00c7ama\u015f\u0131rlar\u0131n\u0131z\u0131n\u00a0renk\u00a0ayr\u0131m\u0131n\u0131\u00a0yapma,\u00a0<\/span><span data-ccp-props=\"{&quot;134233117&quot;:false,&quot;134233118&quot;:false,&quot;335557856&quot;:16777215,&quot;335559738&quot;:270,&quot;335559739&quot;:270}\">\u00a0<\/span><\/li><\/ul><ul><li aria-setsize=\"-1\" data-leveltext=\"\uf0b7\" data-font=\"Symbol\" data-listid=\"1\" data-list-defn-props=\"{&quot;335552541&quot;:1,&quot;335559685&quot;:720,&quot;335559991&quot;:360,&quot;469769226&quot;:&quot;Symbol&quot;,&quot;469769242&quot;:[8226],&quot;469777803&quot;:&quot;left&quot;,&quot;469777804&quot;:&quot;\uf0b7&quot;,&quot;469777815&quot;:&quot;hybridMultilevel&quot;}\" data-aria-posinset=\"5\" data-aria-level=\"1\"><span data-contrast=\"none\">\u00c7orap\u00a0e\u015fle\u015ftirmelerini\u00a0yapma,\u00a0<\/span><span data-ccp-props=\"{&quot;134233117&quot;:false,&quot;134233118&quot;:false,&quot;335557856&quot;:16777215,&quot;335559738&quot;:270,&quot;335559739&quot;:270}\">\u00a0<\/span><\/li><\/ul><ul><li aria-setsize=\"-1\" data-leveltext=\"\uf0b7\" data-font=\"Symbol\" data-listid=\"1\" data-list-defn-props=\"{&quot;335552541&quot;:1,&quot;335559685&quot;:720,&quot;335559991&quot;:360,&quot;469769226&quot;:&quot;Symbol&quot;,&quot;469769242&quot;:[8226],&quot;469777803&quot;:&quot;left&quot;,&quot;469777804&quot;:&quot;\uf0b7&quot;,&quot;469777815&quot;:&quot;hybridMultilevel&quot;}\" data-aria-posinset=\"6\" data-aria-level=\"1\"><span data-contrast=\"none\">Gidece\u011finiz\u00a0yere\u00a0uygun\u00a0kombin\u00a0yapma,\u00a0<\/span><span data-ccp-props=\"{&quot;134233117&quot;:false,&quot;134233118&quot;:false,&quot;335557856&quot;:16777215,&quot;335559738&quot;:270,&quot;335559739&quot;:270}\">\u00a0<\/span><\/li><\/ul><ul><li aria-setsize=\"-1\" data-leveltext=\"\uf0b7\" data-font=\"Symbol\" data-listid=\"1\" data-list-defn-props=\"{&quot;335552541&quot;:1,&quot;335559685&quot;:720,&quot;335559991&quot;:360,&quot;469769226&quot;:&quot;Symbol&quot;,&quot;469769242&quot;:[8226],&quot;469777803&quot;:&quot;left&quot;,&quot;469777804&quot;:&quot;\uf0b7&quot;,&quot;469777815&quot;:&quot;hybridMultilevel&quot;}\" data-aria-posinset=\"7\" data-aria-level=\"1\"><span data-contrast=\"none\">Ve\u00a0moda\u00a0ve\u00a0giyime\u00a0dair\u00a0\u00e7ok\u00a0daha\u00a0fazlas\u0131!<\/span><span data-ccp-props=\"{&quot;134233117&quot;:false,&quot;134233118&quot;:false,&quot;335557856&quot;:16777215,&quot;335559738&quot;:270,&quot;335559739&quot;:270}\">\u00a0<\/span><\/li><\/ul><p><span data-contrast=\"auto\">\u00dccretsiz\u00a0g\u00f6rsel\u00a0destek\u00a0almak\u00a0i\u00e7in\u00a0tek\u00a0yapman\u0131z\u00a0gereken;\u00a0WeWALK\u00a0uygulamas\u0131nda\u00a0DANI\u015e\u00a0sekmesine\u00a0t\u0131klamak, Moda\u00a0ve\u00a0Giyim\u00a0kategorisini\u00a0se\u00e7mek\u00a0ve\u00a0profesyonel\u00a0asistanlara\u00a0ba\u011flanmak!\u00a0<\/span><span data-ccp-props=\"{&quot;134233117&quot;:false,&quot;134233118&quot;:false,&quot;335559738&quot;:240,&quot;335559739&quot;:240}\">\u00a0<\/span><\/p><p><b><span data-contrast=\"auto\">Bu\u00a0kampanya\u00a017\u00a0Ocak 2026\u00a0\u00a0tarihine\u00a0kadar\u00a0ge\u00e7erlidir.<\/span><\/b><span data-ccp-props=\"{&quot;134233117&quot;:false,&quot;134233118&quot;:false,&quot;335559738&quot;:240,&quot;335559739&quot;:240}\">\u00a0<\/span><\/p>\t\t\t\t\t\t\t\t<\/div>\n\t\t\t\t<\/div>\n\t\t\t\t\t<\/div>\n\t\t\t\t<\/div>\n\t\t\t\t<\/div>\n\t\t","protected":false},"excerpt":{"rendered":"<p>DANI\u015e, giyim ve moda kategorisinde LC Waikiki sponsorlu\u011funda \u00fccretsiz! Moda\u00a0ve\u00a0Giyime\u00a0Dair Her\u00a0G\u00f6rsel\u00a0\u0130htiyac\u0131n\u0131z\u00a0i\u00e7in\u00a0DANI\u015e\u00a0LC Waikiki\u00a0Destekleriyle\u00a0\u00dccretsiz!\u00a0 \u201c\u0130yi\u00a0giyinmek\u00a0herkesin\u00a0hakk\u0131!\u201d\u00a0anlay\u0131\u015f\u0131\u00a0ile\u00a0LC Waikiki\u00a0iyi\u00a0giyinmeyi\u00a0g\u00f6rme\u00a0engelliler\u00a0i\u00e7in\u00a0DANI\u015e\u00a0Profesyonel\u00a0G\u00f6r\u00fcnt\u00fcl\u00fc\u00a0G\u00f6r\u00fc\u015fme\u00a0Servisi\u00a0ile\u00a0kapsay\u0131c\u0131\u00a0hale\u00a0getiriyor!\u00a0 \u0130\u015fte\u00a0Moda\u00a0ve\u00a0Giyim\u00a0Kategorisinde\u00a0Profesyonel\u00a0Asistanlar\u0131m\u0131za\u00a0Ba\u011flanarak\u00a0G\u00f6r\u00fcnt\u00fcl\u00fc\u00a0Hizmet\u00a0Alabilece\u011fin\u00a0Ba\u015fl\u0131ca\u00a0Alanlar:\u00a0\u00a0 LC\u00a0Waikiki\u2019den\u00a0al\u0131\u015fveri\u015f\u00a0yaparken\u00a0k\u0131yafet\u00a0betimlemesi,\u00a0kombin\u00a0olu\u015fturma\u00a0ve\u00a0tarz\u00a0\u00f6nerileri\u00a0alma,\u00a0\u00a0 K\u0131yafetlerinizin\u00a0renk\u00a0uyumunu\u00a0kontrol\u00a0etme,\u00a0\u00a0\u00a0 K\u0131yafetlerinizin\u00a0leke\u00a0ve\u00a0\u00fct\u00fc\u00a0durumlar\u0131n\u0131\u00a0sorma,\u00a0\u00a0\u00a0 \u00c7ama\u015f\u0131rlar\u0131n\u0131z\u0131n\u00a0renk\u00a0ayr\u0131m\u0131n\u0131\u00a0yapma,\u00a0\u00a0 \u00c7orap\u00a0e\u015fle\u015ftirmelerini\u00a0yapma,\u00a0\u00a0 Gidece\u011finiz\u00a0yere\u00a0uygun\u00a0kombin\u00a0yapma,\u00a0\u00a0 Ve\u00a0moda\u00a0ve\u00a0giyime\u00a0dair\u00a0\u00e7ok\u00a0daha\u00a0fazlas\u0131!\u00a0 \u00dccretsiz\u00a0g\u00f6rsel\u00a0destek\u00a0almak\u00a0i\u00e7in\u00a0tek\u00a0yapman\u0131z\u00a0gereken;\u00a0WeWALK\u00a0uygulamas\u0131nda\u00a0DANI\u015e\u00a0sekmesine\u00a0t\u0131klamak, Moda\u00a0ve\u00a0Giyim\u00a0kategorisini\u00a0se\u00e7mek\u00a0ve\u00a0profesyonel\u00a0asistanlara\u00a0ba\u011flanmak!\u00a0\u00a0 Bu\u00a0kampanya\u00a017\u00a0Ocak 2026\u00a0\u00a0tarihine\u00a0kadar\u00a0ge\u00e7erlidir.\u00a0<\/p>\n","protected":false},"author":16,"featured_media":0,"parent":0,"menu_order":0,"comment_status":"closed","ping_status":"closed","template":"","meta":{"inline_featured_image":false,"footnotes":""},"class_list":["post-34635","page","type-page","status-publish","hentry"],"yoast_head":"<!-- This site is optimized with the Yoast SEO plugin v27.3 - https:\/\/yoast.com\/product\/yoast-seo-wordpress\/ -->\n<title>DANI\u015e, giyim ve moda kategorisinde LC Waikiki sponsorlu\u011funda \u00fccretsiz! - WeWALK Smart Cane<\/title>\n<meta name=\"robots\" content=\"index, follow, max-snippet:-1, max-image-preview:large, max-video-preview:-1\" \/>\n<link rel=\"canonical\" href=\"https:\/\/wewalk.io\/tr\/danis-lcw-giyimvemoda-ucretsiz\/\" \/>\n<meta property=\"og:locale\" content=\"tr_TR\" \/>\n<meta property=\"og:type\" content=\"article\" \/>\n<meta property=\"og:title\" content=\"DANI\u015e, giyim ve moda kategorisinde LC Waikiki sponsorlu\u011funda \u00fccretsiz! - WeWALK Smart Cane\" \/>\n<meta property=\"og:description\" content=\"DANI\u015e, giyim ve moda kategorisinde LC Waikiki sponsorlu\u011funda \u00fccretsiz! Moda\u00a0ve\u00a0Giyime\u00a0Dair Her\u00a0G\u00f6rsel\u00a0\u0130htiyac\u0131n\u0131z\u00a0i\u00e7in\u00a0DANI\u015e\u00a0LC Waikiki\u00a0Destekleriyle\u00a0\u00dccretsiz!\u00a0 \u201c\u0130yi\u00a0giyinmek\u00a0herkesin\u00a0hakk\u0131!\u201d\u00a0anlay\u0131\u015f\u0131\u00a0ile\u00a0LC Waikiki\u00a0iyi\u00a0giyinmeyi\u00a0g\u00f6rme\u00a0engelliler\u00a0i\u00e7in\u00a0DANI\u015e\u00a0Profesyonel\u00a0G\u00f6r\u00fcnt\u00fcl\u00fc\u00a0G\u00f6r\u00fc\u015fme\u00a0Servisi\u00a0ile\u00a0kapsay\u0131c\u0131\u00a0hale\u00a0getiriyor!\u00a0 \u0130\u015fte\u00a0Moda\u00a0ve\u00a0Giyim\u00a0Kategorisinde\u00a0Profesyonel\u00a0Asistanlar\u0131m\u0131za\u00a0Ba\u011flanarak\u00a0G\u00f6r\u00fcnt\u00fcl\u00fc\u00a0Hizmet\u00a0Alabilece\u011fin\u00a0Ba\u015fl\u0131ca\u00a0Alanlar:\u00a0\u00a0 LC\u00a0Waikiki\u2019den\u00a0al\u0131\u015fveri\u015f\u00a0yaparken\u00a0k\u0131yafet\u00a0betimlemesi,\u00a0kombin\u00a0olu\u015fturma\u00a0ve\u00a0tarz\u00a0\u00f6nerileri\u00a0alma,\u00a0\u00a0 K\u0131yafetlerinizin\u00a0renk\u00a0uyumunu\u00a0kontrol\u00a0etme,\u00a0\u00a0\u00a0 K\u0131yafetlerinizin\u00a0leke\u00a0ve\u00a0\u00fct\u00fc\u00a0durumlar\u0131n\u0131\u00a0sorma,\u00a0\u00a0\u00a0 \u00c7ama\u015f\u0131rlar\u0131n\u0131z\u0131n\u00a0renk\u00a0ayr\u0131m\u0131n\u0131\u00a0yapma,\u00a0\u00a0 \u00c7orap\u00a0e\u015fle\u015ftirmelerini\u00a0yapma,\u00a0\u00a0 Gidece\u011finiz\u00a0yere\u00a0uygun\u00a0kombin\u00a0yapma,\u00a0\u00a0 Ve\u00a0moda\u00a0ve\u00a0giyime\u00a0dair\u00a0\u00e7ok\u00a0daha\u00a0fazlas\u0131!\u00a0 \u00dccretsiz\u00a0g\u00f6rsel\u00a0destek\u00a0almak\u00a0i\u00e7in\u00a0tek\u00a0yapman\u0131z\u00a0gereken;\u00a0WeWALK\u00a0uygulamas\u0131nda\u00a0DANI\u015e\u00a0sekmesine\u00a0t\u0131klamak, Moda\u00a0ve\u00a0Giyim\u00a0kategorisini\u00a0se\u00e7mek\u00a0ve\u00a0profesyonel\u00a0asistanlara\u00a0ba\u011flanmak!\u00a0\u00a0 Bu\u00a0kampanya\u00a017\u00a0Ocak 2026\u00a0\u00a0tarihine\u00a0kadar\u00a0ge\u00e7erlidir.\u00a0\" \/>\n<meta property=\"og:url\" content=\"https:\/\/wewalk.io\/tr\/danis-lcw-giyimvemoda-ucretsiz\/\" \/>\n<meta property=\"og:site_name\" content=\"WeWALK Smart Cane\" \/>\n<meta property=\"article:publisher\" content=\"https:\/\/www.facebook.com\/wewalkio\" \/>\n<meta property=\"article:modified_time\" content=\"2025-12-15T10:10:09+00:00\" \/>\n<meta name=\"twitter:card\" content=\"summary_large_image\" \/>\n<meta name=\"twitter:site\" content=\"@wewalkio\" \/>\n<meta name=\"twitter:label1\" content=\"Tahmini okuma s\u00fcresi\" \/>\n\t<meta name=\"twitter:data1\" content=\"1 dakika\" \/>\n<script type=\"application\/ld+json\" class=\"yoast-schema-graph\">{\"@context\":\"https:\\\/\\\/schema.org\",\"@graph\":[{\"@type\":\"WebPage\",\"@id\":\"https:\\\/\\\/wewalk.io\\\/tr\\\/danis-lcw-giyimvemoda-ucretsiz\\\/\",\"url\":\"https:\\\/\\\/wewalk.io\\\/tr\\\/danis-lcw-giyimvemoda-ucretsiz\\\/\",\"name\":\"DANI\u015e, giyim ve moda kategorisinde LC Waikiki sponsorlu\u011funda \u00fccretsiz! - WeWALK Smart Cane\",\"isPartOf\":{\"@id\":\"https:\\\/\\\/wewalk.io\\\/tr\\\/#website\"},\"datePublished\":\"2023-12-01T00:55:32+00:00\",\"dateModified\":\"2025-12-15T10:10:09+00:00\",\"breadcrumb\":{\"@id\":\"https:\\\/\\\/wewalk.io\\\/tr\\\/danis-lcw-giyimvemoda-ucretsiz\\\/#breadcrumb\"},\"inLanguage\":\"tr\",\"potentialAction\":[{\"@type\":\"ReadAction\",\"target\":[\"https:\\\/\\\/wewalk.io\\\/tr\\\/danis-lcw-giyimvemoda-ucretsiz\\\/\"]}]},{\"@type\":\"BreadcrumbList\",\"@id\":\"https:\\\/\\\/wewalk.io\\\/tr\\\/danis-lcw-giyimvemoda-ucretsiz\\\/#breadcrumb\",\"itemListElement\":[{\"@type\":\"ListItem\",\"position\":1,\"name\":\"Home\",\"item\":\"https:\\\/\\\/wewalk.io\\\/tr\\\/\"},{\"@type\":\"ListItem\",\"position\":2,\"name\":\"DANI\u015e, giyim ve moda kategorisinde LC Waikiki sponsorlu\u011funda \u00fccretsiz!\"}]},{\"@type\":\"WebSite\",\"@id\":\"https:\\\/\\\/wewalk.io\\\/tr\\\/#website\",\"url\":\"https:\\\/\\\/wewalk.io\\\/tr\\\/\",\"name\":\"WeWALK Smart Cane\",\"description\":\"Smart Cane for the Visually Impaired\",\"publisher\":{\"@id\":\"https:\\\/\\\/wewalk.io\\\/tr\\\/#organization\"},\"potentialAction\":[{\"@type\":\"SearchAction\",\"target\":{\"@type\":\"EntryPoint\",\"urlTemplate\":\"https:\\\/\\\/wewalk.io\\\/tr\\\/?s={search_term_string}\"},\"query-input\":{\"@type\":\"PropertyValueSpecification\",\"valueRequired\":true,\"valueName\":\"search_term_string\"}}],\"inLanguage\":\"tr\"},{\"@type\":\"Organization\",\"@id\":\"https:\\\/\\\/wewalk.io\\\/tr\\\/#organization\",\"name\":\"WeWALK Smart Cane\",\"url\":\"https:\\\/\\\/wewalk.io\\\/tr\\\/\",\"logo\":{\"@type\":\"ImageObject\",\"inLanguage\":\"tr\",\"@id\":\"https:\\\/\\\/wewalk.io\\\/tr\\\/#\\\/schema\\\/logo\\\/image\\\/\",\"url\":\"https:\\\/\\\/wewalk.io\\\/wp-content\\\/uploads\\\/2020\\\/08\\\/logo-white.svg\",\"contentUrl\":\"https:\\\/\\\/wewalk.io\\\/wp-content\\\/uploads\\\/2020\\\/08\\\/logo-white.svg\",\"caption\":\"WeWALK Smart Cane\"},\"image\":{\"@id\":\"https:\\\/\\\/wewalk.io\\\/tr\\\/#\\\/schema\\\/logo\\\/image\\\/\"},\"sameAs\":[\"https:\\\/\\\/www.facebook.com\\\/wewalkio\",\"https:\\\/\\\/x.com\\\/wewalkio\",\"https:\\\/\\\/www.instagram.com\\\/wewalkio\\\/\",\"https:\\\/\\\/www.linkedin.com\\\/company\\\/wewalk\",\"https:\\\/\\\/www.youtube.com\\\/channel\\\/UC_VH-4cZcAfcIObUPsMISyw\"]}]}<\/script>\n<!-- \/ Yoast SEO plugin. -->","yoast_head_json":{"title":"DANI\u015e, giyim ve moda kategorisinde LC Waikiki sponsorlu\u011funda \u00fccretsiz! - WeWALK Smart Cane","robots":{"index":"index","follow":"follow","max-snippet":"max-snippet:-1","max-image-preview":"max-image-preview:large","max-video-preview":"max-video-preview:-1"},"canonical":"https:\/\/wewalk.io\/tr\/danis-lcw-giyimvemoda-ucretsiz\/","og_locale":"tr_TR","og_type":"article","og_title":"DANI\u015e, giyim ve moda kategorisinde LC Waikiki sponsorlu\u011funda \u00fccretsiz! - WeWALK Smart Cane","og_description":"DANI\u015e, giyim ve moda kategorisinde LC Waikiki sponsorlu\u011funda \u00fccretsiz! Moda\u00a0ve\u00a0Giyime\u00a0Dair Her\u00a0G\u00f6rsel\u00a0\u0130htiyac\u0131n\u0131z\u00a0i\u00e7in\u00a0DANI\u015e\u00a0LC Waikiki\u00a0Destekleriyle\u00a0\u00dccretsiz!\u00a0 \u201c\u0130yi\u00a0giyinmek\u00a0herkesin\u00a0hakk\u0131!\u201d\u00a0anlay\u0131\u015f\u0131\u00a0ile\u00a0LC Waikiki\u00a0iyi\u00a0giyinmeyi\u00a0g\u00f6rme\u00a0engelliler\u00a0i\u00e7in\u00a0DANI\u015e\u00a0Profesyonel\u00a0G\u00f6r\u00fcnt\u00fcl\u00fc\u00a0G\u00f6r\u00fc\u015fme\u00a0Servisi\u00a0ile\u00a0kapsay\u0131c\u0131\u00a0hale\u00a0getiriyor!\u00a0 \u0130\u015fte\u00a0Moda\u00a0ve\u00a0Giyim\u00a0Kategorisinde\u00a0Profesyonel\u00a0Asistanlar\u0131m\u0131za\u00a0Ba\u011flanarak\u00a0G\u00f6r\u00fcnt\u00fcl\u00fc\u00a0Hizmet\u00a0Alabilece\u011fin\u00a0Ba\u015fl\u0131ca\u00a0Alanlar:\u00a0\u00a0 LC\u00a0Waikiki\u2019den\u00a0al\u0131\u015fveri\u015f\u00a0yaparken\u00a0k\u0131yafet\u00a0betimlemesi,\u00a0kombin\u00a0olu\u015fturma\u00a0ve\u00a0tarz\u00a0\u00f6nerileri\u00a0alma,\u00a0\u00a0 K\u0131yafetlerinizin\u00a0renk\u00a0uyumunu\u00a0kontrol\u00a0etme,\u00a0\u00a0\u00a0 K\u0131yafetlerinizin\u00a0leke\u00a0ve\u00a0\u00fct\u00fc\u00a0durumlar\u0131n\u0131\u00a0sorma,\u00a0\u00a0\u00a0 \u00c7ama\u015f\u0131rlar\u0131n\u0131z\u0131n\u00a0renk\u00a0ayr\u0131m\u0131n\u0131\u00a0yapma,\u00a0\u00a0 \u00c7orap\u00a0e\u015fle\u015ftirmelerini\u00a0yapma,\u00a0\u00a0 Gidece\u011finiz\u00a0yere\u00a0uygun\u00a0kombin\u00a0yapma,\u00a0\u00a0 Ve\u00a0moda\u00a0ve\u00a0giyime\u00a0dair\u00a0\u00e7ok\u00a0daha\u00a0fazlas\u0131!\u00a0 \u00dccretsiz\u00a0g\u00f6rsel\u00a0destek\u00a0almak\u00a0i\u00e7in\u00a0tek\u00a0yapman\u0131z\u00a0gereken;\u00a0WeWALK\u00a0uygulamas\u0131nda\u00a0DANI\u015e\u00a0sekmesine\u00a0t\u0131klamak, Moda\u00a0ve\u00a0Giyim\u00a0kategorisini\u00a0se\u00e7mek\u00a0ve\u00a0profesyonel\u00a0asistanlara\u00a0ba\u011flanmak!\u00a0\u00a0 Bu\u00a0kampanya\u00a017\u00a0Ocak 2026\u00a0\u00a0tarihine\u00a0kadar\u00a0ge\u00e7erlidir.\u00a0","og_url":"https:\/\/wewalk.io\/tr\/danis-lcw-giyimvemoda-ucretsiz\/","og_site_name":"WeWALK Smart Cane","article_publisher":"https:\/\/www.facebook.com\/wewalkio","article_modified_time":"2025-12-15T10:10:09+00:00","twitter_card":"summary_large_image","twitter_site":"@wewalkio","twitter_misc":{"Tahmini okuma s\u00fcresi":"1 dakika"},"schema":{"@context":"https:\/\/schema.org","@graph":[{"@type":"WebPage","@id":"https:\/\/wewalk.io\/tr\/danis-lcw-giyimvemoda-ucretsiz\/","url":"https:\/\/wewalk.io\/tr\/danis-lcw-giyimvemoda-ucretsiz\/","name":"DANI\u015e, giyim ve moda kategorisinde LC Waikiki sponsorlu\u011funda \u00fccretsiz! - WeWALK Smart Cane","isPartOf":{"@id":"https:\/\/wewalk.io\/tr\/#website"},"datePublished":"2023-12-01T00:55:32+00:00","dateModified":"2025-12-15T10:10:09+00:00","breadcrumb":{"@id":"https:\/\/wewalk.io\/tr\/danis-lcw-giyimvemoda-ucretsiz\/#breadcrumb"},"inLanguage":"tr","potentialAction":[{"@type":"ReadAction","target":["https:\/\/wewalk.io\/tr\/danis-lcw-giyimvemoda-ucretsiz\/"]}]},{"@type":"BreadcrumbList","@id":"https:\/\/wewalk.io\/tr\/danis-lcw-giyimvemoda-ucretsiz\/#breadcrumb","itemListElement":[{"@type":"ListItem","position":1,"name":"Home","item":"https:\/\/wewalk.io\/tr\/"},{"@type":"ListItem","position":2,"name":"DANI\u015e, giyim ve moda kategorisinde LC Waikiki sponsorlu\u011funda \u00fccretsiz!"}]},{"@type":"WebSite","@id":"https:\/\/wewalk.io\/tr\/#website","url":"https:\/\/wewalk.io\/tr\/","name":"WeWALK Smart Cane","description":"Smart Cane for the Visually Impaired","publisher":{"@id":"https:\/\/wewalk.io\/tr\/#organization"},"potentialAction":[{"@type":"SearchAction","target":{"@type":"EntryPoint","urlTemplate":"https:\/\/wewalk.io\/tr\/?s={search_term_string}"},"query-input":{"@type":"PropertyValueSpecification","valueRequired":true,"valueName":"search_term_string"}}],"inLanguage":"tr"},{"@type":"Organization","@id":"https:\/\/wewalk.io\/tr\/#organization","name":"WeWALK Smart Cane","url":"https:\/\/wewalk.io\/tr\/","logo":{"@type":"ImageObject","inLanguage":"tr","@id":"https:\/\/wewalk.io\/tr\/#\/schema\/logo\/image\/","url":"https:\/\/wewalk.io\/wp-content\/uploads\/2020\/08\/logo-white.svg","contentUrl":"https:\/\/wewalk.io\/wp-content\/uploads\/2020\/08\/logo-white.svg","caption":"WeWALK Smart Cane"},"image":{"@id":"https:\/\/wewalk.io\/tr\/#\/schema\/logo\/image\/"},"sameAs":["https:\/\/www.facebook.com\/wewalkio","https:\/\/x.com\/wewalkio","https:\/\/www.instagram.com\/wewalkio\/","https:\/\/www.linkedin.com\/company\/wewalk","https:\/\/www.youtube.com\/channel\/UC_VH-4cZcAfcIObUPsMISyw"]}]}},"jetpack_sharing_enabled":true,"_links":{"self":[{"href":"https:\/\/wewalk.io\/tr\/wp-json\/wp\/v2\/pages\/34635","targetHints":{"allow":["GET"]}}],"collection":[{"href":"https:\/\/wewalk.io\/tr\/wp-json\/wp\/v2\/pages"}],"about":[{"href":"https:\/\/wewalk.io\/tr\/wp-json\/wp\/v2\/types\/page"}],"author":[{"embeddable":true,"href":"https:\/\/wewalk.io\/tr\/wp-json\/wp\/v2\/users\/16"}],"replies":[{"embeddable":true,"href":"https:\/\/wewalk.io\/tr\/wp-json\/wp\/v2\/comments?post=34635"}],"version-history":[{"count":0,"href":"https:\/\/wewalk.io\/tr\/wp-json\/wp\/v2\/pages\/34635\/revisions"}],"wp:attachment":[{"href":"https:\/\/wewalk.io\/tr\/wp-json\/wp\/v2\/media?parent=34635"}],"curies":[{"name":"wp","href":"https:\/\/api.w.org\/{rel}","templated":true}]}}