{"id":36777,"date":"2024-03-15T11:50:24","date_gmt":"2024-03-15T11:50:24","guid":{"rendered":"https:\/\/wewalk.io\/?page_id=36777"},"modified":"2026-01-28T09:29:06","modified_gmt":"2026-01-28T09:29:06","slug":"danis-akrahotels-sponsorlugunda-ucretsiz","status":"publish","type":"page","link":"https:\/\/wewalk.io\/tr\/danis-akrahotels-sponsorlugunda-ucretsiz\/","title":{"rendered":"Akra Hotels &#038; DANI\u015e"},"content":{"rendered":"\t\t<div data-elementor-type=\"wp-page\" data-elementor-id=\"36777\" class=\"elementor elementor-36777\" data-elementor-post-type=\"page\">\n\t\t\t\t<div class=\"elementor-element elementor-element-31f82f8 e-flex e-con-boxed e-con e-parent\" data-id=\"31f82f8\" data-element_type=\"container\" data-e-type=\"container\" data-settings=\"{&quot;background_background&quot;:&quot;classic&quot;}\">\n\t\t\t\t\t<div class=\"e-con-inner\">\n\t\t<div class=\"elementor-element elementor-element-47094be e-flex e-con-boxed e-con e-child\" data-id=\"47094be\" data-element_type=\"container\" data-e-type=\"container\">\n\t\t\t\t\t<div class=\"e-con-inner\">\n\t\t\t\t<div class=\"elementor-element elementor-element-d9ac642 elementor-widget elementor-widget-image\" data-id=\"d9ac642\" data-element_type=\"widget\" data-e-type=\"widget\" data-widget_type=\"image.default\">\n\t\t\t\t<div class=\"elementor-widget-container\">\n\t\t\t\t\t\t\t\t\t\t\t\t\t\t\t<img decoding=\"async\" src=\"https:\/\/wewalk.io\/wp-content\/uploads\/elementor\/thumbs\/Untitled-design-rgg7bqx1posqc5pzx39vdifzcdj90l7ld1hybtxw40.png\" title=\"Untitled design\" alt=\"Akra Hotels logosu\" loading=\"lazy\" \/>\t\t\t\t\t\t\t\t\t\t\t\t\t\t\t<\/div>\n\t\t\t\t<\/div>\n\t\t\t\t<div class=\"elementor-element elementor-element-c33b7ef elementor-widget elementor-widget-spacer\" data-id=\"c33b7ef\" data-element_type=\"widget\" data-e-type=\"widget\" data-widget_type=\"spacer.default\">\n\t\t\t\t<div class=\"elementor-widget-container\">\n\t\t\t\t\t\t\t<div class=\"elementor-spacer\">\n\t\t\t<div class=\"elementor-spacer-inner\"><\/div>\n\t\t<\/div>\n\t\t\t\t\t\t<\/div>\n\t\t\t\t<\/div>\n\t\t\t\t<div class=\"elementor-element elementor-element-1ade10d elementor-widget__width-initial elementor-widget elementor-widget-heading\" data-id=\"1ade10d\" data-element_type=\"widget\" data-e-type=\"widget\" data-widget_type=\"heading.default\">\n\t\t\t\t<div class=\"elementor-widget-container\">\n\t\t\t\t\t<h2 class=\"elementor-heading-title elementor-size-default\">Akra Hotels sponsorlu\u011funda Antalya, Kemer, Side ve Fethiye\u2019de bulunan otellerinde DANI\u015e'\u0131 \u00fccretsiz kullanabileceksin!<\/h2>\t\t\t\t<\/div>\n\t\t\t\t<\/div>\n\t\t\t\t\t<\/div>\n\t\t\t\t<\/div>\n\t\t\t\t\t<\/div>\n\t\t\t\t<\/div>\n\t\t<div class=\"elementor-element elementor-element-bb4782c e-flex e-con-boxed e-con e-parent\" data-id=\"bb4782c\" data-element_type=\"container\" data-e-type=\"container\">\n\t\t\t\t\t<div class=\"e-con-inner\">\n\t\t\t\t<div class=\"elementor-element elementor-element-0cd6fcc elementor-widget elementor-widget-heading\" data-id=\"0cd6fcc\" data-element_type=\"widget\" data-e-type=\"widget\" data-widget_type=\"heading.default\">\n\t\t\t\t<div class=\"elementor-widget-container\">\n\t\t\t\t\t<h2 class=\"elementor-heading-title elementor-size-default\">Akra Hotels i\u00e7in ge\u00e7erli olacak \u015fekilde DANI\u015e Hizmeti'ni kullanabilece\u011fin alanlar:  <\/h2>\t\t\t\t<\/div>\n\t\t\t\t<\/div>\n\t\t\t\t<div class=\"elementor-element elementor-element-bc4b991 elementor-icon-list--layout-traditional elementor-list-item-link-full_width elementor-widget elementor-widget-icon-list\" data-id=\"bc4b991\" data-element_type=\"widget\" data-e-type=\"widget\" data-widget_type=\"icon-list.default\">\n\t\t\t\t<div class=\"elementor-widget-container\">\n\t\t\t\t\t\t\t<ul class=\"elementor-icon-list-items\">\n\t\t\t\t\t\t\t<li class=\"elementor-icon-list-item\">\n\t\t\t\t\t\t\t\t\t\t\t<span class=\"elementor-icon-list-icon\">\n\t\t\t\t\t\t\t<svg xmlns=\"http:\/\/www.w3.org\/2000\/svg\" width=\"25\" height=\"26\" viewBox=\"0 0 25 26\" fill=\"none\"><g id=\"Group\"><path id=\"Vector\" opacity=\"0.2\" d=\"M25 12.7944C25 15.2667 24.2669 17.6834 22.8934 19.7391C21.5199 21.7947 19.5676 23.3968 17.2835 24.3429C14.9995 25.289 12.4861 25.5366 10.0614 25.0543C7.63661 24.5719 5.40933 23.3814 3.66117 21.6333C1.91301 19.8851 0.722505 17.6578 0.24019 15.2331C-0.242126 12.8083 0.00541607 10.295 0.951511 8.01089C1.89761 5.72681 3.49976 3.77458 5.55538 2.40106C7.61099 1.02755 10.0277 0.294434 12.5 0.294434C15.8152 0.294434 18.9946 1.61139 21.3388 3.9556C23.683 6.2998 25 9.47923 25 12.7944Z\" fill=\"#F7C043\"><\/path><path id=\"Vector_2\" d=\"M15.625 12.7947C15.625 13.4127 15.4417 14.0169 15.0983 14.5308C14.755 15.0447 14.2669 15.4453 13.6959 15.6818C13.1249 15.9183 12.4965 15.9802 11.8903 15.8596C11.2842 15.7391 10.7273 15.4414 10.2903 15.0044C9.85325 14.5673 9.55563 14.0105 9.43505 13.4043C9.31447 12.7981 9.37635 12.1698 9.61288 11.5988C9.8494 11.0278 10.2499 10.5397 10.7638 10.1963C11.2777 9.85295 11.8819 9.66968 12.5 9.66968C13.3288 9.66968 14.1237 9.99892 14.7097 10.585C15.2958 11.171 15.625 11.9659 15.625 12.7947Z\" fill=\"#F7C043\"><\/path><\/g><\/svg>\t\t\t\t\t\t<\/span>\n\t\t\t\t\t\t\t\t\t\t<span class=\"elementor-icon-list-text\"><span class=\"b8e-text-scalable\" style=\"--b8e-og-font-size: 18px;--b8e-og-line-height: 28.0001px;--b8e-og-letter-spacing: 0px\">Rezervasyon a\u015famas\u0131nda otel bilgilendirmesi ve oda betimlemesinin sa\u011flanmas\u0131 <\/span><\/span>\n\t\t\t\t\t\t\t\t\t<\/li>\n\t\t\t\t\t\t\t\t<li class=\"elementor-icon-list-item\">\n\t\t\t\t\t\t\t\t\t\t\t<span class=\"elementor-icon-list-icon\">\n\t\t\t\t\t\t\t<svg xmlns=\"http:\/\/www.w3.org\/2000\/svg\" width=\"25\" height=\"26\" viewBox=\"0 0 25 26\" fill=\"none\"><g id=\"Group\"><path id=\"Vector\" opacity=\"0.2\" d=\"M25 12.7944C25 15.2667 24.2669 17.6834 22.8934 19.7391C21.5199 21.7947 19.5676 23.3968 17.2835 24.3429C14.9995 25.289 12.4861 25.5366 10.0614 25.0543C7.63661 24.5719 5.40933 23.3814 3.66117 21.6333C1.91301 19.8851 0.722505 17.6578 0.24019 15.2331C-0.242126 12.8083 0.00541607 10.295 0.951511 8.01089C1.89761 5.72681 3.49976 3.77458 5.55538 2.40106C7.61099 1.02755 10.0277 0.294434 12.5 0.294434C15.8152 0.294434 18.9946 1.61139 21.3388 3.9556C23.683 6.2998 25 9.47923 25 12.7944Z\" fill=\"#F7C043\"><\/path><path id=\"Vector_2\" d=\"M15.625 12.7947C15.625 13.4127 15.4417 14.0169 15.0983 14.5308C14.755 15.0447 14.2669 15.4453 13.6959 15.6818C13.1249 15.9183 12.4965 15.9802 11.8903 15.8596C11.2842 15.7391 10.7273 15.4414 10.2903 15.0044C9.85325 14.5673 9.55563 14.0105 9.43505 13.4043C9.31447 12.7981 9.37635 12.1698 9.61288 11.5988C9.8494 11.0278 10.2499 10.5397 10.7638 10.1963C11.2777 9.85295 11.8819 9.66968 12.5 9.66968C13.3288 9.66968 14.1237 9.99892 14.7097 10.585C15.2958 11.171 15.625 11.9659 15.625 12.7947Z\" fill=\"#F7C043\"><\/path><\/g><\/svg>\t\t\t\t\t\t<\/span>\n\t\t\t\t\t\t\t\t\t\t<span class=\"elementor-icon-list-text\">Otele giderken canl\u0131 konum takibiyle d\u0131\u015f navigasyon y\u00f6nlendirmesinin verilmesi <\/span>\n\t\t\t\t\t\t\t\t\t<\/li>\n\t\t\t\t\t\t\t\t<li class=\"elementor-icon-list-item\">\n\t\t\t\t\t\t\t\t\t\t\t<span class=\"elementor-icon-list-icon\">\n\t\t\t\t\t\t\t<svg xmlns=\"http:\/\/www.w3.org\/2000\/svg\" width=\"25\" height=\"26\" viewBox=\"0 0 25 26\" fill=\"none\"><g id=\"Group\"><path id=\"Vector\" opacity=\"0.2\" d=\"M25 12.7944C25 15.2667 24.2669 17.6834 22.8934 19.7391C21.5199 21.7947 19.5676 23.3968 17.2835 24.3429C14.9995 25.289 12.4861 25.5366 10.0614 25.0543C7.63661 24.5719 5.40933 23.3814 3.66117 21.6333C1.91301 19.8851 0.722505 17.6578 0.24019 15.2331C-0.242126 12.8083 0.00541607 10.295 0.951511 8.01089C1.89761 5.72681 3.49976 3.77458 5.55538 2.40106C7.61099 1.02755 10.0277 0.294434 12.5 0.294434C15.8152 0.294434 18.9946 1.61139 21.3388 3.9556C23.683 6.2998 25 9.47923 25 12.7944Z\" fill=\"#F7C043\"><\/path><path id=\"Vector_2\" d=\"M15.625 12.7947C15.625 13.4127 15.4417 14.0169 15.0983 14.5308C14.755 15.0447 14.2669 15.4453 13.6959 15.6818C13.1249 15.9183 12.4965 15.9802 11.8903 15.8596C11.2842 15.7391 10.7273 15.4414 10.2903 15.0044C9.85325 14.5673 9.55563 14.0105 9.43505 13.4043C9.31447 12.7981 9.37635 12.1698 9.61288 11.5988C9.8494 11.0278 10.2499 10.5397 10.7638 10.1963C11.2777 9.85295 11.8819 9.66968 12.5 9.66968C13.3288 9.66968 14.1237 9.99892 14.7097 10.585C15.2958 11.171 15.625 11.9659 15.625 12.7947Z\" fill=\"#F7C043\"><\/path><\/g><\/svg>\t\t\t\t\t\t<\/span>\n\t\t\t\t\t\t\t\t\t\t<span class=\"elementor-icon-list-text\">Otel i\u00e7erisinde lobiye, restorana ya da ortak kullan\u0131m alanlar\u0131na y\u00f6nlendirme yap\u0131lmas\u0131 <\/span>\n\t\t\t\t\t\t\t\t\t<\/li>\n\t\t\t\t\t\t\t\t<li class=\"elementor-icon-list-item\">\n\t\t\t\t\t\t\t\t\t\t\t<span class=\"elementor-icon-list-icon\">\n\t\t\t\t\t\t\t<svg xmlns=\"http:\/\/www.w3.org\/2000\/svg\" width=\"25\" height=\"26\" viewBox=\"0 0 25 26\" fill=\"none\"><g id=\"Group\"><path id=\"Vector\" opacity=\"0.2\" d=\"M25 12.7944C25 15.2667 24.2669 17.6834 22.8934 19.7391C21.5199 21.7947 19.5676 23.3968 17.2835 24.3429C14.9995 25.289 12.4861 25.5366 10.0614 25.0543C7.63661 24.5719 5.40933 23.3814 3.66117 21.6333C1.91301 19.8851 0.722505 17.6578 0.24019 15.2331C-0.242126 12.8083 0.00541607 10.295 0.951511 8.01089C1.89761 5.72681 3.49976 3.77458 5.55538 2.40106C7.61099 1.02755 10.0277 0.294434 12.5 0.294434C15.8152 0.294434 18.9946 1.61139 21.3388 3.9556C23.683 6.2998 25 9.47923 25 12.7944Z\" fill=\"#F7C043\"><\/path><path id=\"Vector_2\" d=\"M15.625 12.7947C15.625 13.4127 15.4417 14.0169 15.0983 14.5308C14.755 15.0447 14.2669 15.4453 13.6959 15.6818C13.1249 15.9183 12.4965 15.9802 11.8903 15.8596C11.2842 15.7391 10.7273 15.4414 10.2903 15.0044C9.85325 14.5673 9.55563 14.0105 9.43505 13.4043C9.31447 12.7981 9.37635 12.1698 9.61288 11.5988C9.8494 11.0278 10.2499 10.5397 10.7638 10.1963C11.2777 9.85295 11.8819 9.66968 12.5 9.66968C13.3288 9.66968 14.1237 9.99892 14.7097 10.585C15.2958 11.171 15.625 11.9659 15.625 12.7947Z\" fill=\"#F7C043\"><\/path><\/g><\/svg>\t\t\t\t\t\t<\/span>\n\t\t\t\t\t\t\t\t\t\t<span class=\"elementor-icon-list-text\">Oda i\u00e7erisinde hangi e\u015fyalar\u0131n nerede bulundu\u011funun ve elektronik e\u015fyalar\u0131n kullan\u0131m\u0131n\u0131n aktar\u0131m\u0131<\/span>\n\t\t\t\t\t\t\t\t\t<\/li>\n\t\t\t\t\t\t<\/ul>\n\t\t\t\t\t\t<\/div>\n\t\t\t\t<\/div>\n\t\t\t\t\t<\/div>\n\t\t\t\t<\/div>\n\t\t<div class=\"elementor-element elementor-element-0c2d95c elementor-hidden-mobile e-flex e-con-boxed e-con e-parent\" data-id=\"0c2d95c\" data-element_type=\"container\" data-e-type=\"container\" data-settings=\"{&quot;background_background&quot;:&quot;gradient&quot;}\">\n\t\t\t\t\t<div class=\"e-con-inner\">\n\t\t<div class=\"elementor-element elementor-element-e17ea23 e-con-full e-flex e-con e-child\" data-id=\"e17ea23\" data-element_type=\"container\" data-e-type=\"container\" data-settings=\"{&quot;background_background&quot;:&quot;classic&quot;}\">\n\t\t\t\t<div class=\"elementor-element elementor-element-04120b4 elementor-widget elementor-widget-text-editor\" data-id=\"04120b4\" data-element_type=\"widget\" data-e-type=\"widget\" data-widget_type=\"text-editor.default\">\n\t\t\t\t<div class=\"elementor-widget-container\">\n\t\t\t\t\t\t\t\t\t<p>Ayr\u0131ca <span data-markjs=\"true\">Akra<\/span> Hotels\u2019i tercih etmek istersen t\u00fcm DANI\u015e kullan\u0131c\u0131lar\u0131m\u0131za \u00f6zel<strong> indirim hakk\u0131n<\/strong> bulunuyor. DANI\u015e kullan\u0131c\u0131lar\u0131na \u00f6zel bu kampanya, <span data-markjs=\"true\">Akra<\/span> Hotels\u2019in sundu\u011fu di\u011fer kampanyalarla birle\u015ftirilemez.<\/p><p style=\"font-weight: 400;\">DANI\u015e\u2019a \u00f6zel bu indirim hakk\u0131 <strong>31 Aral\u0131k 2026<\/strong> tarihine kadar ge\u00e7erlidir.<\/p><p style=\"font-weight: 400;\">Kodu \u00f6\u011frenmek ve tatil plan\u0131n\u0131n her a\u015famas\u0131nda g\u00f6rsel destek almak i\u00e7in DANI\u015e asistanlar\u0131m\u0131za ba\u011flanabilirsin!<\/p>\t\t\t\t\t\t\t\t<\/div>\n\t\t\t\t<\/div>\n\t\t\t\t<div class=\"elementor-element elementor-element-f913024 elementor-widget elementor-widget-text-editor\" data-id=\"f913024\" data-element_type=\"widget\" data-e-type=\"widget\" data-widget_type=\"text-editor.default\">\n\t\t\t\t<div class=\"elementor-widget-container\">\n\t\t\t\t\t\t\t\t\tKeyifli ve tam ba\u011f\u0131ms\u0131z bir tatil dileriz!\t\t\t\t\t\t\t\t<\/div>\n\t\t\t\t<\/div>\n\t\t\t\t<\/div>\n\t\t\t\t\t<\/div>\n\t\t\t\t<\/div>\n\t\t<div class=\"elementor-element elementor-element-704c331 elementor-hidden-desktop elementor-hidden-tablet e-flex e-con-boxed e-con e-parent\" data-id=\"704c331\" data-element_type=\"container\" data-e-type=\"container\" data-settings=\"{&quot;background_background&quot;:&quot;classic&quot;}\">\n\t\t\t\t\t<div class=\"e-con-inner\">\n\t\t<div class=\"elementor-element elementor-element-61cbabd e-con-full e-flex e-con e-child\" data-id=\"61cbabd\" data-element_type=\"container\" data-e-type=\"container\" data-settings=\"{&quot;background_background&quot;:&quot;classic&quot;}\">\n\t\t\t\t<div class=\"elementor-element elementor-element-b54eb12 elementor-widget elementor-widget-text-editor\" data-id=\"b54eb12\" data-element_type=\"widget\" data-e-type=\"widget\" data-widget_type=\"text-editor.default\">\n\t\t\t\t<div class=\"elementor-widget-container\">\n\t\t\t\t\t\t\t\t\t<p>Ayr\u0131ca Akra Hotels\u2019i tercih etmek istersen t\u00fcm DANI\u015e kullan\u0131c\u0131lar\u0131m\u0131za \u00f6zel indirim hakk\u0131n bulunuyor.<\/p><p>\u00d6zel indirim hakk\u0131 31 Aral\u0131k 2026 tarihine kadar ge\u00e7erlidir.<\/p>\t\t\t\t\t\t\t\t<\/div>\n\t\t\t\t<\/div>\n\t\t\t\t<div class=\"elementor-element elementor-element-2d74fe5 elementor-widget elementor-widget-text-editor\" data-id=\"2d74fe5\" data-element_type=\"widget\" data-e-type=\"widget\" data-widget_type=\"text-editor.default\">\n\t\t\t\t<div class=\"elementor-widget-container\">\n\t\t\t\t\t\t\t\t\tKodu \u00f6\u011frenmek ve tatil plan\u0131n\u0131n her a\u015famas\u0131nda g\u00f6rsel destek almak i\u00e7in DANI\u015e asistanlar\u0131m\u0131za ba\u011flanabilirsin!\t\t\t\t\t\t\t\t<\/div>\n\t\t\t\t<\/div>\n\t\t\t\t<div class=\"elementor-element elementor-element-6a2a4b4 elementor-widget elementor-widget-text-editor\" data-id=\"6a2a4b4\" data-element_type=\"widget\" data-e-type=\"widget\" data-widget_type=\"text-editor.default\">\n\t\t\t\t<div class=\"elementor-widget-container\">\n\t\t\t\t\t\t\t\t\tKeyifli ve tam ba\u011f\u0131ms\u0131z bir tatil dileriz!\t\t\t\t\t\t\t\t<\/div>\n\t\t\t\t<\/div>\n\t\t\t\t<\/div>\n\t\t\t\t\t<\/div>\n\t\t\t\t<\/div>\n\t\t<div class=\"elementor-element elementor-element-31cab8c e-flex e-con-boxed e-con e-parent\" data-id=\"31cab8c\" data-element_type=\"container\" data-e-type=\"container\">\n\t\t\t\t\t<div class=\"e-con-inner\">\n\t\t\t\t<div class=\"elementor-element elementor-element-7dfb15d elementor-widget elementor-widget-text-editor\" data-id=\"7dfb15d\" data-element_type=\"widget\" data-e-type=\"widget\" data-widget_type=\"text-editor.default\">\n\t\t\t\t<div class=\"elementor-widget-container\">\n\t\t\t\t\t\t\t\t\t<p>Bu hizmet <strong>1 Mart 2029<\/strong> tarihine kadar ge\u00e7erlidir.<\/p>\t\t\t\t\t\t\t\t<\/div>\n\t\t\t\t<\/div>\n\t\t\t\t\t<\/div>\n\t\t\t\t<\/div>\n\t\t\t\t<\/div>\n\t\t","protected":false},"excerpt":{"rendered":"<p>Akra Hotels sponsorlu\u011funda Antalya, Kemer, Side ve Fethiye\u2019de bulunan otellerinde DANI\u015e&#8217;\u0131 \u00fccretsiz kullanabileceksin! Akra Hotels i\u00e7in ge\u00e7erli olacak \u015fekilde DANI\u015e Hizmeti&#8217;ni kullanabilece\u011fin alanlar: Rezervasyon a\u015famas\u0131nda otel bilgilendirmesi ve oda betimlemesinin&hellip;<\/p>\n","protected":false},"author":16,"featured_media":0,"parent":0,"menu_order":0,"comment_status":"closed","ping_status":"closed","template":"elementor_canvas","meta":{"content-type":"","inline_featured_image":false,"footnotes":""},"class_list":["post-36777","page","type-page","status-publish","hentry"],"yoast_head":"<!-- This site is optimized with the Yoast SEO plugin v27.5 - https:\/\/yoast.com\/product\/yoast-seo-wordpress\/ -->\n<title>Akra Hotels &amp; DANI\u015e - WeWALK Smart Cane<\/title>\n<meta name=\"robots\" content=\"index, follow, max-snippet:-1, max-image-preview:large, max-video-preview:-1\" \/>\n<link rel=\"canonical\" href=\"https:\/\/wewalk.io\/tr\/danis-akrahotels-sponsorlugunda-ucretsiz\/\" \/>\n<meta property=\"og:locale\" content=\"tr_TR\" \/>\n<meta property=\"og:type\" content=\"article\" \/>\n<meta property=\"og:title\" content=\"Akra Hotels &amp; DANI\u015e - WeWALK Smart Cane\" \/>\n<meta property=\"og:description\" content=\"Akra Hotels sponsorlu\u011funda Antalya, Kemer, Side ve Fethiye\u2019de bulunan otellerinde DANI\u015e&#8217;\u0131 \u00fccretsiz kullanabileceksin! Akra Hotels i\u00e7in ge\u00e7erli olacak \u015fekilde DANI\u015e Hizmeti&#8217;ni kullanabilece\u011fin alanlar: Rezervasyon a\u015famas\u0131nda otel bilgilendirmesi ve oda betimlemesinin&hellip;\" \/>\n<meta property=\"og:url\" content=\"https:\/\/wewalk.io\/tr\/danis-akrahotels-sponsorlugunda-ucretsiz\/\" \/>\n<meta property=\"og:site_name\" content=\"WeWALK Smart Cane\" \/>\n<meta property=\"article:publisher\" content=\"https:\/\/www.facebook.com\/wewalkio\" \/>\n<meta property=\"article:modified_time\" content=\"2026-01-28T09:29:06+00:00\" \/>\n<meta property=\"og:image\" content=\"https:\/\/wewalk.io\/wp-content\/uploads\/elementor\/thumbs\/Untitled-design-rgg7bqx1posqc5pzx39vdifzcdj90l7ld1hybtxw40.png\" \/>\n<meta name=\"twitter:card\" content=\"summary_large_image\" \/>\n<meta name=\"twitter:site\" content=\"@wewalkio\" \/>\n<meta name=\"twitter:label1\" content=\"Tahmini okuma s\u00fcresi\" \/>\n\t<meta name=\"twitter:data1\" content=\"2 dakika\" \/>\n<script type=\"application\/ld+json\" class=\"yoast-schema-graph\">{\"@context\":\"https:\\\/\\\/schema.org\",\"@graph\":[{\"@type\":\"WebPage\",\"@id\":\"https:\\\/\\\/wewalk.io\\\/tr\\\/danis-akrahotels-sponsorlugunda-ucretsiz\\\/\",\"url\":\"https:\\\/\\\/wewalk.io\\\/tr\\\/danis-akrahotels-sponsorlugunda-ucretsiz\\\/\",\"name\":\"Akra Hotels & DANI\u015e - WeWALK Smart Cane\",\"isPartOf\":{\"@id\":\"https:\\\/\\\/wewalk.io\\\/tr\\\/#website\"},\"primaryImageOfPage\":{\"@id\":\"https:\\\/\\\/wewalk.io\\\/tr\\\/danis-akrahotels-sponsorlugunda-ucretsiz\\\/#primaryimage\"},\"image\":{\"@id\":\"https:\\\/\\\/wewalk.io\\\/tr\\\/danis-akrahotels-sponsorlugunda-ucretsiz\\\/#primaryimage\"},\"thumbnailUrl\":\"https:\\\/\\\/wewalk.io\\\/wp-content\\\/uploads\\\/elementor\\\/thumbs\\\/Untitled-design-rgg7bqx1posqc5pzx39vdifzcdj90l7ld1hybtxw40.png\",\"datePublished\":\"2024-03-15T11:50:24+00:00\",\"dateModified\":\"2026-01-28T09:29:06+00:00\",\"breadcrumb\":{\"@id\":\"https:\\\/\\\/wewalk.io\\\/tr\\\/danis-akrahotels-sponsorlugunda-ucretsiz\\\/#breadcrumb\"},\"inLanguage\":\"tr\",\"potentialAction\":[{\"@type\":\"ReadAction\",\"target\":[\"https:\\\/\\\/wewalk.io\\\/tr\\\/danis-akrahotels-sponsorlugunda-ucretsiz\\\/\"]}]},{\"@type\":\"ImageObject\",\"inLanguage\":\"tr\",\"@id\":\"https:\\\/\\\/wewalk.io\\\/tr\\\/danis-akrahotels-sponsorlugunda-ucretsiz\\\/#primaryimage\",\"url\":\"https:\\\/\\\/wewalk.io\\\/wp-content\\\/uploads\\\/elementor\\\/thumbs\\\/Untitled-design-rgg7bqx1posqc5pzx39vdifzcdj90l7ld1hybtxw40.png\",\"contentUrl\":\"https:\\\/\\\/wewalk.io\\\/wp-content\\\/uploads\\\/elementor\\\/thumbs\\\/Untitled-design-rgg7bqx1posqc5pzx39vdifzcdj90l7ld1hybtxw40.png\"},{\"@type\":\"BreadcrumbList\",\"@id\":\"https:\\\/\\\/wewalk.io\\\/tr\\\/danis-akrahotels-sponsorlugunda-ucretsiz\\\/#breadcrumb\",\"itemListElement\":[{\"@type\":\"ListItem\",\"position\":1,\"name\":\"Home\",\"item\":\"https:\\\/\\\/wewalk.io\\\/tr\\\/\"},{\"@type\":\"ListItem\",\"position\":2,\"name\":\"Akra Hotels &#038; DANI\u015e\"}]},{\"@type\":\"WebSite\",\"@id\":\"https:\\\/\\\/wewalk.io\\\/tr\\\/#website\",\"url\":\"https:\\\/\\\/wewalk.io\\\/tr\\\/\",\"name\":\"WeWALK Smart Cane\",\"description\":\"Smart Cane for the Visually Impaired\",\"publisher\":{\"@id\":\"https:\\\/\\\/wewalk.io\\\/tr\\\/#organization\"},\"potentialAction\":[{\"@type\":\"SearchAction\",\"target\":{\"@type\":\"EntryPoint\",\"urlTemplate\":\"https:\\\/\\\/wewalk.io\\\/tr\\\/?s={search_term_string}\"},\"query-input\":{\"@type\":\"PropertyValueSpecification\",\"valueRequired\":true,\"valueName\":\"search_term_string\"}}],\"inLanguage\":\"tr\"},{\"@type\":\"Organization\",\"@id\":\"https:\\\/\\\/wewalk.io\\\/tr\\\/#organization\",\"name\":\"WeWALK Smart Cane\",\"url\":\"https:\\\/\\\/wewalk.io\\\/tr\\\/\",\"logo\":{\"@type\":\"ImageObject\",\"inLanguage\":\"tr\",\"@id\":\"https:\\\/\\\/wewalk.io\\\/tr\\\/#\\\/schema\\\/logo\\\/image\\\/\",\"url\":\"https:\\\/\\\/wewalk.io\\\/wp-content\\\/uploads\\\/2020\\\/08\\\/logo-white.svg\",\"contentUrl\":\"https:\\\/\\\/wewalk.io\\\/wp-content\\\/uploads\\\/2020\\\/08\\\/logo-white.svg\",\"caption\":\"WeWALK Smart Cane\"},\"image\":{\"@id\":\"https:\\\/\\\/wewalk.io\\\/tr\\\/#\\\/schema\\\/logo\\\/image\\\/\"},\"sameAs\":[\"https:\\\/\\\/www.facebook.com\\\/wewalkio\",\"https:\\\/\\\/x.com\\\/wewalkio\",\"https:\\\/\\\/www.instagram.com\\\/wewalkio\\\/\",\"https:\\\/\\\/www.linkedin.com\\\/company\\\/wewalk\",\"https:\\\/\\\/www.youtube.com\\\/channel\\\/UC_VH-4cZcAfcIObUPsMISyw\"]}]}<\/script>\n<!-- \/ Yoast SEO plugin. -->","yoast_head_json":{"title":"Akra Hotels & DANI\u015e - WeWALK Smart Cane","robots":{"index":"index","follow":"follow","max-snippet":"max-snippet:-1","max-image-preview":"max-image-preview:large","max-video-preview":"max-video-preview:-1"},"canonical":"https:\/\/wewalk.io\/tr\/danis-akrahotels-sponsorlugunda-ucretsiz\/","og_locale":"tr_TR","og_type":"article","og_title":"Akra Hotels & DANI\u015e - WeWALK Smart Cane","og_description":"Akra Hotels sponsorlu\u011funda Antalya, Kemer, Side ve Fethiye\u2019de bulunan otellerinde DANI\u015e&#8217;\u0131 \u00fccretsiz kullanabileceksin! Akra Hotels i\u00e7in ge\u00e7erli olacak \u015fekilde DANI\u015e Hizmeti&#8217;ni kullanabilece\u011fin alanlar: Rezervasyon a\u015famas\u0131nda otel bilgilendirmesi ve oda betimlemesinin&hellip;","og_url":"https:\/\/wewalk.io\/tr\/danis-akrahotels-sponsorlugunda-ucretsiz\/","og_site_name":"WeWALK Smart Cane","article_publisher":"https:\/\/www.facebook.com\/wewalkio","article_modified_time":"2026-01-28T09:29:06+00:00","og_image":[{"url":"https:\/\/wewalk.io\/wp-content\/uploads\/elementor\/thumbs\/Untitled-design-rgg7bqx1posqc5pzx39vdifzcdj90l7ld1hybtxw40.png","type":"","width":"","height":""}],"twitter_card":"summary_large_image","twitter_site":"@wewalkio","twitter_misc":{"Tahmini okuma s\u00fcresi":"2 dakika"},"schema":{"@context":"https:\/\/schema.org","@graph":[{"@type":"WebPage","@id":"https:\/\/wewalk.io\/tr\/danis-akrahotels-sponsorlugunda-ucretsiz\/","url":"https:\/\/wewalk.io\/tr\/danis-akrahotels-sponsorlugunda-ucretsiz\/","name":"Akra Hotels & DANI\u015e - WeWALK Smart Cane","isPartOf":{"@id":"https:\/\/wewalk.io\/tr\/#website"},"primaryImageOfPage":{"@id":"https:\/\/wewalk.io\/tr\/danis-akrahotels-sponsorlugunda-ucretsiz\/#primaryimage"},"image":{"@id":"https:\/\/wewalk.io\/tr\/danis-akrahotels-sponsorlugunda-ucretsiz\/#primaryimage"},"thumbnailUrl":"https:\/\/wewalk.io\/wp-content\/uploads\/elementor\/thumbs\/Untitled-design-rgg7bqx1posqc5pzx39vdifzcdj90l7ld1hybtxw40.png","datePublished":"2024-03-15T11:50:24+00:00","dateModified":"2026-01-28T09:29:06+00:00","breadcrumb":{"@id":"https:\/\/wewalk.io\/tr\/danis-akrahotels-sponsorlugunda-ucretsiz\/#breadcrumb"},"inLanguage":"tr","potentialAction":[{"@type":"ReadAction","target":["https:\/\/wewalk.io\/tr\/danis-akrahotels-sponsorlugunda-ucretsiz\/"]}]},{"@type":"ImageObject","inLanguage":"tr","@id":"https:\/\/wewalk.io\/tr\/danis-akrahotels-sponsorlugunda-ucretsiz\/#primaryimage","url":"https:\/\/wewalk.io\/wp-content\/uploads\/elementor\/thumbs\/Untitled-design-rgg7bqx1posqc5pzx39vdifzcdj90l7ld1hybtxw40.png","contentUrl":"https:\/\/wewalk.io\/wp-content\/uploads\/elementor\/thumbs\/Untitled-design-rgg7bqx1posqc5pzx39vdifzcdj90l7ld1hybtxw40.png"},{"@type":"BreadcrumbList","@id":"https:\/\/wewalk.io\/tr\/danis-akrahotels-sponsorlugunda-ucretsiz\/#breadcrumb","itemListElement":[{"@type":"ListItem","position":1,"name":"Home","item":"https:\/\/wewalk.io\/tr\/"},{"@type":"ListItem","position":2,"name":"Akra Hotels &#038; DANI\u015e"}]},{"@type":"WebSite","@id":"https:\/\/wewalk.io\/tr\/#website","url":"https:\/\/wewalk.io\/tr\/","name":"WeWALK Smart Cane","description":"Smart Cane for the Visually Impaired","publisher":{"@id":"https:\/\/wewalk.io\/tr\/#organization"},"potentialAction":[{"@type":"SearchAction","target":{"@type":"EntryPoint","urlTemplate":"https:\/\/wewalk.io\/tr\/?s={search_term_string}"},"query-input":{"@type":"PropertyValueSpecification","valueRequired":true,"valueName":"search_term_string"}}],"inLanguage":"tr"},{"@type":"Organization","@id":"https:\/\/wewalk.io\/tr\/#organization","name":"WeWALK Smart Cane","url":"https:\/\/wewalk.io\/tr\/","logo":{"@type":"ImageObject","inLanguage":"tr","@id":"https:\/\/wewalk.io\/tr\/#\/schema\/logo\/image\/","url":"https:\/\/wewalk.io\/wp-content\/uploads\/2020\/08\/logo-white.svg","contentUrl":"https:\/\/wewalk.io\/wp-content\/uploads\/2020\/08\/logo-white.svg","caption":"WeWALK Smart Cane"},"image":{"@id":"https:\/\/wewalk.io\/tr\/#\/schema\/logo\/image\/"},"sameAs":["https:\/\/www.facebook.com\/wewalkio","https:\/\/x.com\/wewalkio","https:\/\/www.instagram.com\/wewalkio\/","https:\/\/www.linkedin.com\/company\/wewalk","https:\/\/www.youtube.com\/channel\/UC_VH-4cZcAfcIObUPsMISyw"]}]}},"jetpack_sharing_enabled":true,"_links":{"self":[{"href":"https:\/\/wewalk.io\/tr\/wp-json\/wp\/v2\/pages\/36777","targetHints":{"allow":["GET"]}}],"collection":[{"href":"https:\/\/wewalk.io\/tr\/wp-json\/wp\/v2\/pages"}],"about":[{"href":"https:\/\/wewalk.io\/tr\/wp-json\/wp\/v2\/types\/page"}],"author":[{"embeddable":true,"href":"https:\/\/wewalk.io\/tr\/wp-json\/wp\/v2\/users\/16"}],"replies":[{"embeddable":true,"href":"https:\/\/wewalk.io\/tr\/wp-json\/wp\/v2\/comments?post=36777"}],"version-history":[{"count":9,"href":"https:\/\/wewalk.io\/tr\/wp-json\/wp\/v2\/pages\/36777\/revisions"}],"predecessor-version":[{"id":43324,"href":"https:\/\/wewalk.io\/tr\/wp-json\/wp\/v2\/pages\/36777\/revisions\/43324"}],"wp:attachment":[{"href":"https:\/\/wewalk.io\/tr\/wp-json\/wp\/v2\/media?parent=36777"}],"curies":[{"name":"wp","href":"https:\/\/api.w.org\/{rel}","templated":true}]}}