
{"id":39353,"date":"2024-07-05T07:00:10","date_gmt":"2024-07-05T07:00:10","guid":{"rendered":"https:\/\/wewalk.io\/?page_id=39353"},"modified":"2025-02-06T12:01:12","modified_gmt":"2025-02-06T12:01:12","slug":"terms-and-conditions","status":"publish","type":"page","link":"https:\/\/wewalk.io\/tr\/terms-and-conditions\/","title":{"rendered":"Terms and Conditions"},"content":{"rendered":"\t\t<div data-elementor-type=\"wp-page\" data-elementor-id=\"39353\" class=\"elementor elementor-39353 elementor-31248\" data-elementor-post-type=\"page\">\n\t\t\t\t\t\t<section class=\"elementor-section elementor-top-section elementor-element elementor-element-a1c139b elementor-section-boxed elementor-section-height-default elementor-section-height-default\" data-id=\"a1c139b\" data-element_type=\"section\" data-e-type=\"section\">\n\t\t\t\t\t\t<div class=\"elementor-container elementor-column-gap-default\">\n\t\t\t\t\t<div class=\"elementor-column elementor-col-100 elementor-top-column elementor-element elementor-element-107b63d\" data-id=\"107b63d\" data-element_type=\"column\" data-e-type=\"column\">\n\t\t\t<div class=\"elementor-widget-wrap elementor-element-populated\">\n\t\t\t\t\t\t<div class=\"elementor-element elementor-element-f25b2e8 elementor-widget elementor-widget-text-editor\" data-id=\"f25b2e8\" data-element_type=\"widget\" data-e-type=\"widget\" data-widget_type=\"text-editor.default\">\n\t\t\t\t<div class=\"elementor-widget-container\">\n\t\t\t\t\t\t\t\t\t<p><b>Sorumluluk Reddi<\/b><\/p><p><b>Son g\u00fcncellenme tarihi: 6 \u015eubat 2025<\/b><\/p><p><span style=\"font-weight: 400;\">WeWALK veya distrib\u00fct\u00f6rleri, beyaz baston kullan\u0131m\u0131 hakk\u0131nda bilgi eksikli\u011finden kaynaklanan durumlar (zemindeki engeli tan\u0131yamama, g\u00fcvensiz y\u00fczeyde y\u00fcr\u00fcme vb.) ile ilgili olarak herhangi bir sorumluluk ta\u015f\u0131mamaktad\u0131r. Bu ba\u011flamda, Kullan\u0131c\u0131, standart beyaz bastonu nas\u0131l kullanaca\u011f\u0131n\u0131 bildi\u011fini, WeWALK ak\u0131ll\u0131 bastonunu kullanmadan \u00f6nce uyar\u0131lar\u0131 dikkate alaca\u011f\u0131n\u0131, ak\u0131ll\u0131 bastonu kullanma yetkisine sahip oldu\u011funu ve WeWALK&#8217;u veya distrib\u00fct\u00f6rlerini , WeWALK ak\u0131ll\u0131 bastonunun kullan\u0131m\u0131ndan do\u011fabilecek herhangi bir kay\u0131p veya zarardan dolay\u0131 sorumlu tutmayaca\u011f\u0131n\u0131 beyan eder, kabul eder ve taahh\u00fct eder.<\/span><\/p><p><b>WEWALK VEYA D\u0130STR\u0130B\u00dcT\u00d6RLER\u0130, G\u00d6RME ENGELL\u0130 B\u0130REYLER\u0130N KULLANDI\u011eI STANDART BEYAZ BASTONLA TANINAMAYAN ENGELLER\u0130N TANINACA\u011eI YA DA PROBLEMS\u0130Z \u00c7ALI\u015eACA\u011eINA DA\u0130R HERHANG\u0130 B\u0130R GARANT\u0130 VERMEZ.<\/b><\/p><p><span style=\"font-weight: 400;\">WeWALK hizmetini sa\u011flamak amac\u0131yla Uygulama i\u00e7inde sunulan entegrasyonlar, \u00fc\u00e7\u00fcnc\u00fc \u015fah\u0131slar taraf\u0131ndan sa\u011flanan hizmetler ve aray\u00fczler kullan\u0131larak WeWALK Mobil Uygulamas\u0131na eklenmi\u015ftir. WeWALK, bu t\u00fcr entegrasyonlar\u0131n do\u011fru bir \u015fekilde uygulanmas\u0131n\u0131 sa\u011flamak i\u00e7in \u00e7aba g\u00f6sterecektir. Ayr\u0131ca, WeWALK veya distrib\u00fct\u00f6rleri, \u00fc\u00e7\u00fcnc\u00fc \u015fah\u0131slar\u0131n hizmetlerinden ve aray\u00fczlerinden kaynaklanan problemler ile entegrasyonlar\u0131n uygulanmas\u0131 s\u0131ras\u0131nda olu\u015fabilecek yaz\u0131l\u0131m hatalar\u0131ndan dolay\u0131 herhangi bir sorumluluk kabul etmez.<\/span><\/p><p><span style=\"font-weight: 400;\">Kullan\u0131c\u0131, WeWALK ile birlikte gelen beyaz bastonun, ki\u015fisel ihtiya\u00e7lar\u0131na uygun olmayan ergonomik uyumsuzluk ve g\u00fc\u00e7 ile boyutlardan dolay\u0131 WeWALK ak\u0131ll\u0131 bastonuyla de\u011fi\u015ftirilebilece\u011fini kabul eder. WeWALK veya distrib\u00fct\u00f6rleri, beyaz bastonun fiziksel durumu ile ilgili olarak sorumlu tutulamaz.<\/span><\/p><p><span style=\"font-weight: 400;\">Kullan\u0131c\u0131, WeWALK&#8217;\u0131n ak\u0131ll\u0131 bastonuna ekleyebilece\u011fi elastik tel, beyaz baston ve beyaz bastonun vida ba\u011flant\u0131lar\u0131n\u0131n fiziksel olarak do\u011fru \u015fekilde monte edilmi\u015f oldu\u011funu kabul eder. Al\u0131c\u0131 Kullan\u0131m K\u0131lavuzuna ayk\u0131r\u0131 kullan\u0131m sebebiyle \u00dcr\u00fcn\u2019de meydana gelebilecek herhangi bir ar\u0131za veya sorunun garanti kapsam\u0131 d\u0131\u015f\u0131nda say\u0131labilece\u011fini, Kullan\u0131m K\u0131lavuzuna uygun kullanmay\u0131, kabul beyan ve taahh\u00fct eder. Kullan\u0131c\u0131, kendi hatas\u0131 sebebiyle ar\u0131zalanan veya beklenen performans\u0131 vermeyen \u00dcr\u00fcn\u2019den dolay\u0131 kendisi sorumlu oldu\u011funu kabul, beyan ve taahh\u00fct eder.<\/span><\/p><p><b>Gizlilik<\/b><\/p><p><span style=\"font-weight: 400;\">WeWALK, Kullan\u0131c\u0131&#8217;n\u0131n ki\u015fisel bilgilerini, Kullan\u0131c\u0131&#8217;n\u0131n a\u00e7\u0131k r\u0131zas\u0131n\u0131 almadan \u00fc\u00e7\u00fcnc\u00fc \u015fah\u0131slara a\u00e7\u0131klamayacakt\u0131r. Kullan\u0131c\u0131ya ait veriler \u00e7evrimi\u00e7i olarak al\u0131nmakta ve \u00e7evrimd\u0131\u015f\u0131 ortamlarda saklanmaktad\u0131r. Ancak, s\u00f6z konusu veriler, WeWALK&#8217;\u0131n sat\u0131ld\u0131\u011f\u0131 ve kullan\u0131ld\u0131\u011f\u0131 \u00fclkelerin yetkili makamlar\u0131 taraf\u0131ndan yap\u0131lan herhangi bir soru\u015fturma veya yasal s\u00fcre\u00e7 kapsam\u0131nda talep edilmesi durumunda ilgili makamlara a\u00e7\u0131klanabilir.<\/span><\/p><p><span style=\"font-weight: 400;\">WeWALK, Kullan\u0131c\u0131&#8217;n\u0131n IP adreslerini, WeWALK bastonu hakk\u0131nda kontrol verilerini, kullan\u0131lan cihaz\u0131n model ve ad\u0131n\u0131, i\u015fletim sistemi ve taray\u0131c\u0131 bilgilerini, WeWALK Hizmetlerini Kullan\u0131c\u0131&#8217;ya sa\u011flama s\u00fcresi boyunca kaydeder. Kullan\u0131c\u0131, bu S\u00f6zle\u015fmeyi kabul ederek, bu konularla ilgili WeWALK&#8217;a a\u00e7\u0131k r\u0131za verdi\u011fini kabul eder. WeWALK, toplanan bilgileri, kullan\u0131c\u0131lar\u0131n genel tan\u0131mlanmas\u0131 ve geni\u015f demografik bilgilerin toplanmas\u0131, kullan\u0131c\u0131 ve sistem g\u00fcvenli\u011finin sa\u011flanmas\u0131, doland\u0131r\u0131c\u0131l\u0131kla m\u00fccadele etmek ve yasal gerekliliklere uymak amac\u0131yla kullanma hakk\u0131na sahiptir.<\/span><\/p><p><span style=\"font-weight: 400;\">WeWALK, \u00fc\u00e7\u00fcnc\u00fc \u015fah\u0131s organizasyonlar\u0131 ve kurumlar\u0131 ile \u00e7e\u015fitli i\u015fbirlikleri kurabilir. WeWALK, yasal olarak izin verilen ileti\u015fim ve\/veya pazarlama i\u015flemleri ger\u00e7ekle\u015ftirebilir; ancak, kullan\u0131c\u0131lara sistemi kolayca ve \u00fccretsiz bir \u015fekilde terk etmeleri i\u00e7in ara\u00e7lar sunacakt\u0131r.<\/span><\/p><p><span style=\"font-weight: 400;\">WeWALK, uygulama \u00fczerinden ba\u015fka sitelere ba\u011flant\u0131 verebilir. \u00dc\u00e7\u00fcnc\u00fc \u015fah\u0131slarla yap\u0131lan anla\u015fmalarla ilgili \u00e7e\u015fitli hizmetlerin reklamlar\u0131 ve\/veya ba\u015fvuru formlar\u0131 g\u00f6sterilebilir veya<br \/>kullan\u0131c\u0131lar bu sitelere y\u00f6nlendirilebilir. WeWALK, bu \u00fc\u00e7\u00fcnc\u00fc \u015fah\u0131s sitelerine uygulanan gizlilik h\u00fck\u00fcmlerinden, politikalar\u0131ndan ve sunulan i\u00e7eriklerden sorumlu de\u011fildir.<\/span><\/p><p><span style=\"font-weight: 400;\">WeWALK, Kullan\u0131c\u0131&#8217;n\u0131n bilgilerini gizli tutmay\u0131 ve gerekli tedbirleri almay\u0131 taahh\u00fct eder. Ancak, bilgi ve belgeler, WeWALK&#8217;\u0131n sat\u0131ld\u0131\u011f\u0131 ve kullan\u0131ld\u0131\u011f\u0131 \u00fclkelerdeki yetkili makamlar<br \/>taraf\u0131ndan talep edilmesi durumunda yetkili mercilere verilecektir. WeWALK, b\u00f6yle bir if\u015faattan kaynaklanabilecek herhangi bir kay\u0131p veya zarardan sorumlu tutulamaz.<\/span><\/p><p><span style=\"font-weight: 400;\">WeWALK, Kullan\u0131c\u0131 Bilgilerini Platformda, WeWALK Hizmetlerinin kapsam\u0131 d\u0131\u015f\u0131nda,<br \/>Kullan\u0131c\u0131 g\u00fcvenli\u011fi, belirli istatistiksel de\u011ferlendirmeler, i\u00e7 denetimler ve reklam ve\/veya tan\u0131t\u0131m ama\u00e7lar\u0131 i\u00e7in s\u0131n\u0131fland\u0131rarak ve veri taban\u0131nda saklayarak kullanabilir. Kullan\u0131c\u0131, bu maddeye ili\u015fkin h\u00fck\u00fcmleri a\u00e7\u0131k\u00e7a kabul eder.<\/span><\/p><p><b>S\u0131n\u0131rl\u0131 Sorumluluk<\/b><\/p><p><span style=\"font-weight: 400;\">WeWALK, lisans verenler ve e\u011fer varsa WeWALK&#8217;\u0131n alt y\u00fcklenicileri ile distrib\u00fct\u00f6rleri, Kullan\u0131c\u0131&#8217;n\u0131n WeWALK Hizmetlerine eri\u015fememesi veya k\u0131s\u0131tl\u0131 eri\u015fim elde etmesi, WeWALK Hizmetlerini kullanamamas\u0131, cihaz\u0131n vir\u00fcslerle enfekte olmas\u0131 ve benzeri olaylardan kaynaklanabilecek herhangi bir kay\u0131p veya zarardan (kar kayb\u0131, kullan\u0131m kayb\u0131, bilgi ve veri kayb\u0131 dahil ancak bunlarla s\u0131n\u0131rl\u0131 olmamak kayd\u0131yla) sorumlu tutulamaz.<\/span><\/p><p><b>YUKARIDAK\u0130 A\u00c7IKLAMALARA EK OLARAK, S\u00d6ZLE\u015eME KAPSAMINDA<br \/>KULLANICI TARAFINDAN TALEP ED\u0130LEB\u0130LECEK DO\u011eRUDAN KAYIPLAR<br \/>YALNIZCA KULLANICI&#8217;NIN WEWALK H\u0130ZMETLER\u0130 \u0130\u00c7\u0130N \u00d6DED\u0130\u011e\u0130 TOPLAM \u00dcR\u00dcN VE H\u0130ZMET BEDEL\u0130 \u0130LE SINIRLI OLACAKTIR. KULLANICI, KAYIP VEYA ZARAR TALEPLER\u0130N\u0130N YALNIZCA BURADA BEL\u0130RT\u0130LEN SINIRLARLA SINIRLI OLACA\u011eINI BEYAN EDER, KABUL VE TAAHH\u00dcT EDER.<\/b><\/p><p><b>Uyu\u015fmazl\u0131klar\u0131n \u00c7\u00f6z\u00fcm\u00fc<\/b><\/p><p><span style=\"font-weight: 400;\">Bu S\u00f6zle\u015fme ile ilgili do\u011fabilecek herhangi bir uyu\u015fmazl\u0131k, \u0130stanbul (\u00c7a\u011flayan) Mahkemeleri ve \u0130cra Dairelerinin m\u00fcnhas\u0131r yarg\u0131 yetkisine sunulacakt\u0131r.<\/span><\/p><p><b>S\u00f6zle\u015fmenin B\u00f6l\u00fcnebilirli\u011fi<\/b><\/p><p><span style=\"font-weight: 400;\">Bu S\u00f6zle\u015fmenin herhangi bir h\u00fckm\u00fc herhangi bir nedenle ge\u00e7ersiz veya uygulanamaz hale gelirse, s\u00f6z konusu h\u00fck\u00fcm, S\u00f6zle\u015fme&#8217;den hi\u00e7 dahil edilmemi\u015f gibi kabul edilecek ve ge\u00e7ersiz veya h\u00fck\u00fcms\u00fcz say\u0131lacakt\u0131r.<\/span><\/p><p><b>De\u011fi\u015fiklik<\/b><\/p><p><span style=\"font-weight: 400;\">WeWALK, T\u00fcrkiye Cumhuriyeti mevzuat\u0131ndaki de\u011fi\u015fiklikler, teknolojik de\u011fi\u015fiklikler veya ba\u015fka herhangi bir sebepten \u00f6t\u00fcr\u00fc WeWALK Hizmetlerinde tek tarafl\u0131 de\u011fi\u015fiklik yapma hakk\u0131n\u0131 sakl\u0131 tutar. Bu gibi durumlarda, WeWALK, S\u00f6zle\u015fmede yap\u0131lan de\u011fi\u015fiklikler hakk\u0131nda kullan\u0131c\u0131ya \u00f6nceden bildirimde bulunmak zorunda de\u011fildir. Ancak, WeWALK, S\u00f6zle\u015fmenin son g\u00fcncelleme tarihini S\u00f6zle\u015fmenin ba\u015f\u0131nda bildirecektir. Kullan\u0131c\u0131, s\u00f6z konusu tarihten sonra WeWALK Hesab\u0131n\u0131 kullanmaya devam ederse, yap\u0131lan de\u011fi\u015fiklikleri kabul etmi\u015f say\u0131lacakt\u0131r. Kullan\u0131c\u0131, de\u011fi\u015fikliklere kat\u0131lmamay\u0131 tercih ederse, WeWALK Hizmetlerini<br \/>kullanmay\u0131 derhal sonland\u0131rmal\u0131d\u0131r.<\/span><\/p><p><b>Y\u00fcr\u00fcrl\u00fck Tarihi<\/b><\/p><p><span style=\"font-weight: 400;\">Bu S\u00f6zle\u015fme, WeWALK internet sitesinde yay\u0131nland\u0131\u011f\u0131 tarihte y\u00fcr\u00fcrl\u00fc\u011fe girer ve taraflardan biri S\u00f6zle\u015fmeyi feshetmedik\u00e7e ge\u00e7erlili\u011fini korur.<\/span><\/p><p><b>KULLANICI, WEWALK H\u0130ZMETLER\u0130NE ABONE OLURKEN BU S\u00d6ZLE\u015eMEN\u0130N T\u00dcM H\u00dcK\u00dcMLER\u0130N\u0130 OKUDU\u011eUNU, ANLADI\u011eINI VE KABUL ETT\u0130\u011e\u0130N\u0130 BEYAN EDER. S\u00d6ZLE\u015eMEY\u0130 KABUL ETMEYEN ANCAK H\u0130ZMETLERE ABONE OLAN KULLANICILAR, WEWALK H\u0130ZMETLER\u0130N\u0130 KULLANMAYI DERHAL DURDURMALIDIR. AKS\u0130 TAKD\u0130RDE, WEWALK HERHANG\u0130 B\u0130R SORUMLULUK KABUL ETMEZ.<\/b><\/p>\t\t\t\t\t\t\t\t<\/div>\n\t\t\t\t<\/div>\n\t\t\t\t\t<\/div>\n\t\t<\/div>\n\t\t\t\t\t<\/div>\n\t\t<\/section>\n\t\t\t\t<\/div>\n\t\t","protected":false},"excerpt":{"rendered":"<p>Sorumluluk Reddi Son g\u00fcncellenme tarihi: 6 \u015eubat 2025 WeWALK veya distrib\u00fct\u00f6rleri, beyaz baston kullan\u0131m\u0131 hakk\u0131nda bilgi eksikli\u011finden kaynaklanan durumlar (zemindeki engeli tan\u0131yamama, g\u00fcvensiz y\u00fczeyde y\u00fcr\u00fcme vb.) ile ilgili olarak herhangi&hellip;<\/p>\n","protected":false},"author":16,"featured_media":0,"parent":0,"menu_order":0,"comment_status":"closed","ping_status":"closed","template":"","meta":{"content-type":"","inline_featured_image":false,"footnotes":""},"class_list":["post-39353","page","type-page","status-publish","hentry"],"yoast_head":"<!-- This site is optimized with the Yoast SEO plugin v27.3 - https:\/\/yoast.com\/product\/yoast-seo-wordpress\/ -->\n<title>Terms and Conditions - WeWALK Smart Cane<\/title>\n<meta name=\"robots\" content=\"index, follow, max-snippet:-1, max-image-preview:large, max-video-preview:-1\" \/>\n<link rel=\"canonical\" href=\"https:\/\/wewalk.io\/tr\/terms-and-conditions\/\" \/>\n<meta property=\"og:locale\" content=\"tr_TR\" \/>\n<meta property=\"og:type\" content=\"article\" \/>\n<meta property=\"og:title\" content=\"Terms and Conditions - WeWALK Smart Cane\" \/>\n<meta property=\"og:description\" content=\"Sorumluluk Reddi Son g\u00fcncellenme tarihi: 6 \u015eubat 2025 WeWALK veya distrib\u00fct\u00f6rleri, beyaz baston kullan\u0131m\u0131 hakk\u0131nda bilgi eksikli\u011finden kaynaklanan durumlar (zemindeki engeli tan\u0131yamama, g\u00fcvensiz y\u00fczeyde y\u00fcr\u00fcme vb.) ile ilgili olarak herhangi&hellip;\" \/>\n<meta property=\"og:url\" content=\"https:\/\/wewalk.io\/tr\/terms-and-conditions\/\" \/>\n<meta property=\"og:site_name\" content=\"WeWALK Smart Cane\" \/>\n<meta property=\"article:publisher\" content=\"https:\/\/www.facebook.com\/wewalkio\" \/>\n<meta property=\"article:modified_time\" content=\"2025-02-06T12:01:12+00:00\" \/>\n<meta name=\"twitter:card\" content=\"summary_large_image\" \/>\n<meta name=\"twitter:site\" content=\"@wewalkio\" \/>\n<meta name=\"twitter:label1\" content=\"Tahmini okuma s\u00fcresi\" \/>\n\t<meta name=\"twitter:data1\" content=\"6 dakika\" \/>\n<script type=\"application\/ld+json\" class=\"yoast-schema-graph\">{\"@context\":\"https:\\\/\\\/schema.org\",\"@graph\":[{\"@type\":\"WebPage\",\"@id\":\"https:\\\/\\\/wewalk.io\\\/tr\\\/terms-and-conditions\\\/\",\"url\":\"https:\\\/\\\/wewalk.io\\\/tr\\\/terms-and-conditions\\\/\",\"name\":\"Terms and Conditions - WeWALK Smart Cane\",\"isPartOf\":{\"@id\":\"https:\\\/\\\/wewalk.io\\\/tr\\\/#website\"},\"datePublished\":\"2024-07-05T07:00:10+00:00\",\"dateModified\":\"2025-02-06T12:01:12+00:00\",\"breadcrumb\":{\"@id\":\"https:\\\/\\\/wewalk.io\\\/tr\\\/terms-and-conditions\\\/#breadcrumb\"},\"inLanguage\":\"tr\",\"potentialAction\":[{\"@type\":\"ReadAction\",\"target\":[\"https:\\\/\\\/wewalk.io\\\/tr\\\/terms-and-conditions\\\/\"]}]},{\"@type\":\"BreadcrumbList\",\"@id\":\"https:\\\/\\\/wewalk.io\\\/tr\\\/terms-and-conditions\\\/#breadcrumb\",\"itemListElement\":[{\"@type\":\"ListItem\",\"position\":1,\"name\":\"Home\",\"item\":\"https:\\\/\\\/wewalk.io\\\/tr\\\/\"},{\"@type\":\"ListItem\",\"position\":2,\"name\":\"Terms and Conditions\"}]},{\"@type\":\"WebSite\",\"@id\":\"https:\\\/\\\/wewalk.io\\\/tr\\\/#website\",\"url\":\"https:\\\/\\\/wewalk.io\\\/tr\\\/\",\"name\":\"WeWALK Smart Cane\",\"description\":\"Smart Cane for the Visually Impaired\",\"publisher\":{\"@id\":\"https:\\\/\\\/wewalk.io\\\/tr\\\/#organization\"},\"potentialAction\":[{\"@type\":\"SearchAction\",\"target\":{\"@type\":\"EntryPoint\",\"urlTemplate\":\"https:\\\/\\\/wewalk.io\\\/tr\\\/?s={search_term_string}\"},\"query-input\":{\"@type\":\"PropertyValueSpecification\",\"valueRequired\":true,\"valueName\":\"search_term_string\"}}],\"inLanguage\":\"tr\"},{\"@type\":\"Organization\",\"@id\":\"https:\\\/\\\/wewalk.io\\\/tr\\\/#organization\",\"name\":\"WeWALK Smart Cane\",\"url\":\"https:\\\/\\\/wewalk.io\\\/tr\\\/\",\"logo\":{\"@type\":\"ImageObject\",\"inLanguage\":\"tr\",\"@id\":\"https:\\\/\\\/wewalk.io\\\/tr\\\/#\\\/schema\\\/logo\\\/image\\\/\",\"url\":\"https:\\\/\\\/wewalk.io\\\/wp-content\\\/uploads\\\/2020\\\/08\\\/logo-white.svg\",\"contentUrl\":\"https:\\\/\\\/wewalk.io\\\/wp-content\\\/uploads\\\/2020\\\/08\\\/logo-white.svg\",\"caption\":\"WeWALK Smart Cane\"},\"image\":{\"@id\":\"https:\\\/\\\/wewalk.io\\\/tr\\\/#\\\/schema\\\/logo\\\/image\\\/\"},\"sameAs\":[\"https:\\\/\\\/www.facebook.com\\\/wewalkio\",\"https:\\\/\\\/x.com\\\/wewalkio\",\"https:\\\/\\\/www.instagram.com\\\/wewalkio\\\/\",\"https:\\\/\\\/www.linkedin.com\\\/company\\\/wewalk\",\"https:\\\/\\\/www.youtube.com\\\/channel\\\/UC_VH-4cZcAfcIObUPsMISyw\"]}]}<\/script>\n<!-- \/ Yoast SEO plugin. -->","yoast_head_json":{"title":"Terms and Conditions - WeWALK Smart Cane","robots":{"index":"index","follow":"follow","max-snippet":"max-snippet:-1","max-image-preview":"max-image-preview:large","max-video-preview":"max-video-preview:-1"},"canonical":"https:\/\/wewalk.io\/tr\/terms-and-conditions\/","og_locale":"tr_TR","og_type":"article","og_title":"Terms and Conditions - WeWALK Smart Cane","og_description":"Sorumluluk Reddi Son g\u00fcncellenme tarihi: 6 \u015eubat 2025 WeWALK veya distrib\u00fct\u00f6rleri, beyaz baston kullan\u0131m\u0131 hakk\u0131nda bilgi eksikli\u011finden kaynaklanan durumlar (zemindeki engeli tan\u0131yamama, g\u00fcvensiz y\u00fczeyde y\u00fcr\u00fcme vb.) ile ilgili olarak herhangi&hellip;","og_url":"https:\/\/wewalk.io\/tr\/terms-and-conditions\/","og_site_name":"WeWALK Smart Cane","article_publisher":"https:\/\/www.facebook.com\/wewalkio","article_modified_time":"2025-02-06T12:01:12+00:00","twitter_card":"summary_large_image","twitter_site":"@wewalkio","twitter_misc":{"Tahmini okuma s\u00fcresi":"6 dakika"},"schema":{"@context":"https:\/\/schema.org","@graph":[{"@type":"WebPage","@id":"https:\/\/wewalk.io\/tr\/terms-and-conditions\/","url":"https:\/\/wewalk.io\/tr\/terms-and-conditions\/","name":"Terms and Conditions - WeWALK Smart Cane","isPartOf":{"@id":"https:\/\/wewalk.io\/tr\/#website"},"datePublished":"2024-07-05T07:00:10+00:00","dateModified":"2025-02-06T12:01:12+00:00","breadcrumb":{"@id":"https:\/\/wewalk.io\/tr\/terms-and-conditions\/#breadcrumb"},"inLanguage":"tr","potentialAction":[{"@type":"ReadAction","target":["https:\/\/wewalk.io\/tr\/terms-and-conditions\/"]}]},{"@type":"BreadcrumbList","@id":"https:\/\/wewalk.io\/tr\/terms-and-conditions\/#breadcrumb","itemListElement":[{"@type":"ListItem","position":1,"name":"Home","item":"https:\/\/wewalk.io\/tr\/"},{"@type":"ListItem","position":2,"name":"Terms and Conditions"}]},{"@type":"WebSite","@id":"https:\/\/wewalk.io\/tr\/#website","url":"https:\/\/wewalk.io\/tr\/","name":"WeWALK Smart Cane","description":"Smart Cane for the Visually Impaired","publisher":{"@id":"https:\/\/wewalk.io\/tr\/#organization"},"potentialAction":[{"@type":"SearchAction","target":{"@type":"EntryPoint","urlTemplate":"https:\/\/wewalk.io\/tr\/?s={search_term_string}"},"query-input":{"@type":"PropertyValueSpecification","valueRequired":true,"valueName":"search_term_string"}}],"inLanguage":"tr"},{"@type":"Organization","@id":"https:\/\/wewalk.io\/tr\/#organization","name":"WeWALK Smart Cane","url":"https:\/\/wewalk.io\/tr\/","logo":{"@type":"ImageObject","inLanguage":"tr","@id":"https:\/\/wewalk.io\/tr\/#\/schema\/logo\/image\/","url":"https:\/\/wewalk.io\/wp-content\/uploads\/2020\/08\/logo-white.svg","contentUrl":"https:\/\/wewalk.io\/wp-content\/uploads\/2020\/08\/logo-white.svg","caption":"WeWALK Smart Cane"},"image":{"@id":"https:\/\/wewalk.io\/tr\/#\/schema\/logo\/image\/"},"sameAs":["https:\/\/www.facebook.com\/wewalkio","https:\/\/x.com\/wewalkio","https:\/\/www.instagram.com\/wewalkio\/","https:\/\/www.linkedin.com\/company\/wewalk","https:\/\/www.youtube.com\/channel\/UC_VH-4cZcAfcIObUPsMISyw"]}]}},"jetpack_sharing_enabled":true,"_links":{"self":[{"href":"https:\/\/wewalk.io\/tr\/wp-json\/wp\/v2\/pages\/39353","targetHints":{"allow":["GET"]}}],"collection":[{"href":"https:\/\/wewalk.io\/tr\/wp-json\/wp\/v2\/pages"}],"about":[{"href":"https:\/\/wewalk.io\/tr\/wp-json\/wp\/v2\/types\/page"}],"author":[{"embeddable":true,"href":"https:\/\/wewalk.io\/tr\/wp-json\/wp\/v2\/users\/16"}],"replies":[{"embeddable":true,"href":"https:\/\/wewalk.io\/tr\/wp-json\/wp\/v2\/comments?post=39353"}],"version-history":[{"count":0,"href":"https:\/\/wewalk.io\/tr\/wp-json\/wp\/v2\/pages\/39353\/revisions"}],"wp:attachment":[{"href":"https:\/\/wewalk.io\/tr\/wp-json\/wp\/v2\/media?parent=39353"}],"curies":[{"name":"wp","href":"https:\/\/api.w.org\/{rel}","templated":true}]}}