
{"id":39554,"date":"2024-07-20T14:59:14","date_gmt":"2024-07-20T14:59:14","guid":{"rendered":"https:\/\/wewalk.io\/?page_id=39554"},"modified":"2024-07-20T15:21:57","modified_gmt":"2024-07-20T15:21:57","slug":"veri-sahibi-basvuru-formu","status":"publish","type":"page","link":"https:\/\/wewalk.io\/tr\/veri-sahibi-basvuru-formu\/","title":{"rendered":"Veri Sahibi Ba\u015fvuru Formu"},"content":{"rendered":"\t\t<div data-elementor-type=\"wp-page\" data-elementor-id=\"39554\" class=\"elementor elementor-39554\" data-elementor-post-type=\"page\">\n\t\t\t\t<div class=\"elementor-element elementor-element-28f4ebd e-flex e-con-boxed e-con e-parent\" data-id=\"28f4ebd\" data-element_type=\"container\" data-e-type=\"container\">\n\t\t\t\t\t<div class=\"e-con-inner\">\n\t\t\t\t<div class=\"elementor-element elementor-element-17e56ce elementor-widget elementor-widget-spacer\" data-id=\"17e56ce\" data-element_type=\"widget\" data-e-type=\"widget\" data-widget_type=\"spacer.default\">\n\t\t\t\t<div class=\"elementor-widget-container\">\n\t\t\t\t\t\t\t<div class=\"elementor-spacer\">\n\t\t\t<div class=\"elementor-spacer-inner\"><\/div>\n\t\t<\/div>\n\t\t\t\t\t\t<\/div>\n\t\t\t\t<\/div>\n\t\t\t\t<div class=\"elementor-element elementor-element-88c8209 elementor-widget elementor-widget-heading\" data-id=\"88c8209\" data-element_type=\"widget\" data-e-type=\"widget\" data-widget_type=\"heading.default\">\n\t\t\t\t<div class=\"elementor-widget-container\">\n\t\t\t\t\t<h2 class=\"elementor-heading-title elementor-size-default\">WEWALK VER\u0130 SAH\u0130B\u0130 BA\u015eVURU FORMU<\/h2>\t\t\t\t<\/div>\n\t\t\t\t<\/div>\n\t\t\t\t<div class=\"elementor-element elementor-element-83a39db elementor-widget elementor-widget-heading\" data-id=\"83a39db\" data-element_type=\"widget\" data-e-type=\"widget\" data-widget_type=\"heading.default\">\n\t\t\t\t<div class=\"elementor-widget-container\">\n\t\t\t\t\t<h2 class=\"elementor-heading-title elementor-size-default\">GENEL A\u00c7IKLAMALAR <\/h2>\t\t\t\t<\/div>\n\t\t\t\t<\/div>\n\t\t\t\t<div class=\"elementor-element elementor-element-7da11e4 elementor-widget elementor-widget-heading\" data-id=\"7da11e4\" data-element_type=\"widget\" data-e-type=\"widget\" data-widget_type=\"heading.default\">\n\t\t\t\t<div class=\"elementor-widget-container\">\n\t\t\t\t\t<h2 class=\"elementor-heading-title elementor-size-default\">6698 Say\u0131l\u0131 Ki\u015fisel Verilerin Korunmas\u0131 Kanunu\u2019nda (\u201cKVK Kanunu\u201d) ilgili ki\u015fi olarak tan\u0131mlanan ki\u015fisel veri sahiplerine (\u201cBundan sonra \u201cBa\u015fvuru Sahibi\u201d olarak an\u0131lacakt\u0131r), KVK Kanunu\u2019nun 11\u2019inci maddesi uyar\u0131nca ki\u015fisel verilerinin i\u015flenmesine ili\u015fkin birtak\u0131m taleplerde bulunma hakk\u0131 tan\u0131nm\u0131\u015ft\u0131r. <\/h2>\t\t\t\t<\/div>\n\t\t\t\t<\/div>\n\t\t\t\t<div class=\"elementor-element elementor-element-f427c9c elementor-widget elementor-widget-heading\" data-id=\"f427c9c\" data-element_type=\"widget\" data-e-type=\"widget\" data-widget_type=\"heading.default\">\n\t\t\t\t<div class=\"elementor-widget-container\">\n\t\t\t\t\t<h2 class=\"elementor-heading-title elementor-size-default\">KVK Kanunu\u2019nun 13\u2019\u00fcnc\u00fc maddesinin birinci f\u0131kras\u0131 uyar\u0131nca; veri sorumlusu olan WeWALK Teknoloji Anonim \u015eirketi\u2019ne (\u201c\u015eirket\u201d) bu haklara ili\u015fkin olarak yap\u0131lacak ba\u015fvurular\u0131n yaz\u0131l\u0131 olarak veya Ki\u015fisel Verilerin Korunmas\u0131 Kurulu (\u201cKurul\u201d) taraf\u0131ndan belirlenen di\u011fer y\u00f6ntemlerle taraf\u0131m\u0131za iletilmesi gerekmektedir. \nBu \u00e7er\u00e7evede yaz\u0131l\u0131 olarak \u015eirketimize yap\u0131lacak ba\u015fvurular, i\u015fbu formun \u00e7\u0131kt\u0131s\u0131 al\u0131narak; \n<\/h2>\t\t\t\t<\/div>\n\t\t\t\t<\/div>\n\t\t\t\t<div class=\"elementor-element elementor-element-f5319ce elementor-widget elementor-widget-text-editor\" data-id=\"f5319ce\" data-element_type=\"widget\" data-e-type=\"widget\" data-widget_type=\"text-editor.default\">\n\t\t\t\t<div class=\"elementor-widget-container\">\n\t\t\t\t\t\t\t\t\t<ul><li><span style=\"color: #ffffff;\">Ba\u015fvuru Sahibi\u2019nin bizzat ba\u015fvurusu ile,<\/span><\/li><li><span style=\"color: #ffffff;\">Noter vas\u0131tas\u0131yla<\/span><\/li><li><span style=\"color: #ffffff;\">Ba\u015fvuru Sahibi\u2019nce 5070 Say\u0131l\u0131 Elektronik \u0130mza Kanunu\u2019nda tan\u0131ml\u0131 olan g\u00fcvenli elektronik imza ile imzalanarak \u015eirket\u2019e kay\u0131tl\u0131 info@wewalk.ioelektronik posta adresine g\u00f6nderilmek suretiyle,<\/span><\/li><li><span style=\"color: #ffffff;\">Ba\u015fvuru Sahibi\u2019nin \u015eirketimiz\u2019e daha \u00f6nce bildirdi\u011fi ve \u015eirketimiz sisteminde kay\u0131tl\u0131 bulunan elektronik posta adresinden g\u00f6nderece\u011fi e-mail ile taraf\u0131m\u0131za iletilebilecektir.<\/span><\/li><\/ul>\t\t\t\t\t\t\t\t<\/div>\n\t\t\t\t<\/div>\n\t\t\t\t<div class=\"elementor-element elementor-element-c789cbb elementor-widget elementor-widget-heading\" data-id=\"c789cbb\" data-element_type=\"widget\" data-e-type=\"widget\" data-widget_type=\"heading.default\">\n\t\t\t\t<div class=\"elementor-widget-container\">\n\t\t\t\t\t<h2 class=\"elementor-heading-title elementor-size-default\">A\u015fa\u011f\u0131da, yaz\u0131l\u0131 ba\u015fvurular\u0131n ne \u015fekilde taraf\u0131m\u0131za ula\u015ft\u0131r\u0131laca\u011f\u0131na ili\u015fkin yaz\u0131l\u0131 ba\u015fvuru kanallar\u0131 hakk\u0131nda a\u00e7\u0131klamalar yap\u0131lm\u0131\u015ft\u0131r. Detaylar\u0131 a\u015fa\u011f\u0131da belirlenen tabloyu takip etmenizi rica ederiz. <\/h2>\t\t\t\t<\/div>\n\t\t\t\t<\/div>\n\t\t\t\t<div class=\"elementor-element elementor-element-3b660d7 elementor-widget elementor-widget-text-editor\" data-id=\"3b660d7\" data-element_type=\"widget\" data-e-type=\"widget\" data-widget_type=\"text-editor.default\">\n\t\t\t\t<div class=\"elementor-widget-container\">\n\t\t\t\t\t\t\t\t\t<table style=\"background-color: transparent; border: 1px solid white; color: white; width: 100%; border-collapse: collapse;\">\n  <thead>\n    <tr>\n      <th style=\"width: 201px; border: 1px solid white; padding: 8px;\">Ba\u015fvuru Y\u00f6ntemi<\/th>\n      <th style=\"width: 201px; border: 1px solid white; padding: 8px;\">Ba\u015fvurunun Yap\u0131laca\u011f\u0131 Adres<\/th>\n      <th style=\"width: 201px; border: 1px solid white; padding: 8px;\">Ba\u015fvuru G\u00f6nderiminde Belirtilecek Bilgi<\/th>\n    <\/tr>\n  <\/thead>\n  <tbody>\n    <tr>\n      <td style=\"width: 201px; border: 1px solid white; padding: 8px;\">Ba\u015fvuru sahibinin bizzat gelerek kimli\u011fini tevsik edici belge ile ba\u015fvuruda bulunmas\u0131<\/td>\n      <td style=\"width: 201px; border: 1px solid white; padding: 8px;\">Re\u015fitpa\u015fa Mahallesi Katar Cad. \u0130T\u00dc Ar\u0131 1 Teknokent Binas\u0131 Blok No:2\/5 \u0130\u00e7 Kap\u0131 No:6 34467 Sar\u0131yer \u0130stanbul<\/td>\n      <td style=\"width: 201px; border: 1px solid white; padding: 8px;\">Ba\u015fvurunun \u00fcst yaz\u0131 k\u0131sm\u0131na \u201cKi\u015fisel Verilerin Korunmas\u0131 Kanunu kapsam\u0131nda Bilgi Talebi\u201d yazacakt\u0131r.<\/td>\n    <\/tr>\n    <tr>\n      <td style=\"width: 201px; border: 1px solid white; padding: 8px;\">Noter vas\u0131tas\u0131yla tebligat<\/td>\n      <td style=\"width: 201px; border: 1px solid white; padding: 8px;\">Re\u015fitpa\u015fa Mahallesi Katar Cad. \u0130T\u00dc Ar\u0131 1 Teknokent Binas\u0131 Blok No:2\/5 \u0130\u00e7 Kap\u0131 No:6 34467 Sar\u0131yer \u0130stanbul<\/td>\n      <td style=\"width: 201px; border: 1px solid white; padding: 8px;\">Tebligat zarf\u0131na \u201cKi\u015fisel Verilerin Korunmas\u0131 Kanunu Kapsam\u0131nda Bilgi Talebi\u201d yaz\u0131lacakt\u0131r.<\/td>\n    <\/tr>\n    <tr>\n      <td style=\"width: 201px; border: 1px solid white; padding: 8px;\">\u015eirketimiz\u2019e daha \u00f6nce bildirdi\u011fi ve \u015eirketimiz sisteminde kay\u0131tl\u0131 bulunan elektronik posta adresinden g\u00f6nderece\u011fi e-mail ile<\/td>\n      <td style=\"width: 201px; border: 1px solid white; padding: 8px;\">info@wewalk.io<\/td>\n      <td style=\"width: 201px; border: 1px solid white; padding: 8px;\">E-posta\u2019n\u0131n konu k\u0131sm\u0131na \u201cKi\u015fisel Verilerin Korunmas\u0131 Kanunu Bilgi Talebi\u201d yaz\u0131lacakt\u0131r.<\/td>\n    <\/tr>\n  <\/tbody>\n<\/table>\n\t\t\t\t\t\t\t\t<\/div>\n\t\t\t\t<\/div>\n\t\t\t\t<div class=\"elementor-element elementor-element-4807771 elementor-widget elementor-widget-heading\" data-id=\"4807771\" data-element_type=\"widget\" data-e-type=\"widget\" data-widget_type=\"heading.default\">\n\t\t\t\t<div class=\"elementor-widget-container\">\n\t\t\t\t\t<h2 class=\"elementor-heading-title elementor-size-default\">\u015eirketimiz, Ba\u015fvuru Sahibi taraf\u0131ndan e-mail yolu ile yap\u0131lacak ba\u015fvurularda Ba\u015fvuru Sahibi\u2019nin kimli\u011fini do\u011frulamak i\u00e7in ek bilgiler talep edebilecek, gerekli \u00f6nlemleri alabilecektir. <\/h2>\t\t\t\t<\/div>\n\t\t\t\t<\/div>\n\t\t\t\t<div class=\"elementor-element elementor-element-e6a86a8 elementor-widget elementor-widget-heading\" data-id=\"e6a86a8\" data-element_type=\"widget\" data-e-type=\"widget\" data-widget_type=\"heading.default\">\n\t\t\t\t<div class=\"elementor-widget-container\">\n\t\t\t\t\t<h2 class=\"elementor-heading-title elementor-size-default\">Ayr\u0131ca, Kurul\u2019un belirleyece\u011fi di\u011fer y\u00f6ntemler duyurulduktan sonra bu y\u00f6ntemler \u00fczerinden de ba\u015fvurular\u0131n ne \u015fekilde al\u0131naca\u011f\u0131 \u015eirketimizce duyurulacakt\u0131r. <\/h2>\t\t\t\t<\/div>\n\t\t\t\t<\/div>\n\t\t\t\t<div class=\"elementor-element elementor-element-3802204 elementor-widget elementor-widget-heading\" data-id=\"3802204\" data-element_type=\"widget\" data-e-type=\"widget\" data-widget_type=\"heading.default\">\n\t\t\t\t<div class=\"elementor-widget-container\">\n\t\t\t\t\t<h2 class=\"elementor-heading-title elementor-size-default\">Taraf\u0131m\u0131za iletilmi\u015f olan ba\u015fvurular\u0131n\u0131z KVK Kanunu\u2019nun 13\u2019\u00fcnc\u00fc maddesinin 2\u2019inci f\u0131kras\u0131 gere\u011fince, talebin niteli\u011fine g\u00f6re talebinizin bizlere ula\u015ft\u0131\u011f\u0131 tarihten itibaren otuz g\u00fcn i\u00e7inde yan\u0131tland\u0131r\u0131lacakt\u0131r. Yan\u0131tlar\u0131m\u0131z ilgili KVK Kanunu\u2019nun 13\u2019\u00fcnc\u00fc maddesi h\u00fckm\u00fc gere\u011fince yaz\u0131l\u0131 veya elektronik ortamdan taraf\u0131n\u0131za ula\u015ft\u0131r\u0131lacakt\u0131r. <\/h2>\t\t\t\t<\/div>\n\t\t\t\t<\/div>\n\t\t\t\t<div class=\"elementor-element elementor-element-2edc0c6 elementor-widget elementor-widget-text-editor\" data-id=\"2edc0c6\" data-element_type=\"widget\" data-e-type=\"widget\" data-widget_type=\"text-editor.default\">\n\t\t\t\t<div class=\"elementor-widget-container\">\n\t\t\t\t\t\t\t\t\t<h2 style=\"font-size: 18px; color: white;\">1. Ba\u015fvuru Sahibi ileti\u015fim bilgileri:<\/h2>\n    <h3 style=\"font-size: 16px; color: white;\">1.1. T\u00fcrkiye Cumhuriyeti Vatanda\u015flar\u0131 \u0130\u00e7in:<\/h3>\n    <p style=\"margin: 0; color: white;\">\u0130sim:<\/p>\n    <p style=\"margin: 0; color: white;\">Soy isim:<\/p>\n    <p style=\"margin: 0; color: white;\">T.C. Kimlik Numaras\u0131:<\/p>\n    <p style=\"margin: 0; color: white;\">Telefon ve Fax Numaras\u0131:<\/p>\n    <p style=\"margin: 0; color: white;\">E-posta: <br>(Belirtmeniz halinde size daha h\u0131zl\u0131 yan\u0131t verebilece\u011fiz.)<\/p>\n    <p style=\"margin: 0; color: white;\">\u0130kamet veya \u0130\u015fyeri Adresi:<\/p>\n\n    <h3 style=\"font-size: 16px; color: white;\">1.2. Yabanc\u0131lar \u0130\u00e7in:<\/h3>\n    <p style=\"margin: 0; color: white;\">\u0130sim:<\/p>\n    <p style=\"margin: 0; color: white;\">Soy isim:<\/p>\n    <p style=\"margin: 0; color: white;\">Uyru\u011fu:<\/p>\n    <p style=\"margin: 0; color: white;\">Pasaport Numaras\u0131\/Kimlik Numaras\u0131:<\/p>\n    <p style=\"margin: 0; color: white;\">Telefon ve Fax Numaras\u0131:<\/p>\n    <p style=\"margin: 0; color: white;\">E-posta: <br>(Belirtmeniz halinde size daha h\u0131zl\u0131 yan\u0131t verebilece\u011fiz.)<\/p>\n    <p style=\"margin: 0; color: white;\">\u0130kamet veya \u0130\u015fyeri Adresi:<\/p>\n\n    <h2 style=\"font-size: 18px; color: white;\">2. L\u00fctfen \u015eirketimiz ile olan ili\u015fkinizi belirtiniz. (Kullan\u0131c\u0131, i\u015f orta\u011f\u0131, \u00e7al\u0131\u015fan aday\u0131, eski \u00e7al\u0131\u015fan, \u00fc\u00e7\u00fcnc\u00fc taraf firma \u00e7al\u0131\u015fan\u0131, hissedar gibi)<\/h2>\n    <p style=\"margin: 0; color: white;\">\u2610 Kullan\u0131c\u0131<\/p>\n    <p style=\"margin: 0; color: white;\">\u2610 Ziyaret\u00e7i<\/p>\n    <p style=\"margin: 0; color: white;\">\u2610 \u0130\u015f orta\u011f\u0131<\/p>\n    <p style=\"margin: 0; color: white;\">\u2610 Di\u011fer: __________________________________<\/p>\n    <p style=\"margin: 0; color: white;\">\u015eirketimiz i\u00e7erisinde ileti\u015fimde oldu\u011funuz Birim: __________________________________________<\/p>\n    <p style=\"margin: 0; color: white;\">Konu: __________________________________________________________________________<\/p>\n\n    <p style=\"margin: 0; color: white;\">Eski \u00c7al\u0131\u015fan\u0131m<\/p>\n    <p style=\"margin: 0; color: white;\">\u00c7al\u0131\u015ft\u0131\u011f\u0131m Y\u0131llar: _____________________<\/p>\n    <p style=\"margin: 0; color: white;\">\u2610 Di\u011fer: ___________________________<\/p>\n    <p style=\"margin: 0; color: white;\">\u2610 \u0130\u015f Ba\u015fvurusu \/ \u00d6zge\u00e7mi\u015f Payla\u015f\u0131m\u0131 Yapt\u0131m<\/p>\n    <p style=\"margin: 0; color: white;\">Tarih: _________________________________<\/p>\n    <p style=\"margin: 0; color: white;\">\u2610 \u00dc\u00e7\u00fcnc\u00fc Ki\u015fi Firma \u00c7al\u0131\u015fan\u0131y\u0131m<\/p>\n    <p style=\"margin: 0; color: white;\">L\u00fctfen \u00e7al\u0131\u015ft\u0131\u011f\u0131n\u0131z firma ve pozisyon bilgisini belirtiniz<\/p>\n    <p style=\"margin: 0; color: white;\">____________________________________<\/p>\n\n    <h2 style=\"font-size: 18px; color: white;\">C. L\u00fctfen KVK Kanunu kapsam\u0131ndaki talebinizi detayl\u0131 olarak belirtiniz:<\/h2>\n    <p style=\"margin: 0; color: white;\">\n        __________________________________________________________________________________________________________________________________________________________________________________________________________________________________________________________________________________________________________________________________________________________________________________________________________________________________________________________________________________________________________________________________________________________________________________________________________________________________________________________________________________________________________________________________________________________________________________________________________________________________________________________________________________________________________________________________________________________________________________________________________________________________________________________________________________________________________________________________________________________________________________________________________________________________________________\n    <\/p>\n\n    <h2 style=\"font-size: 18px; color: white;\">D. L\u00fctfen ba\u015fvurunuza verece\u011fimiz yan\u0131t\u0131n taraf\u0131n\u0131za bildirilme y\u00f6ntemini se\u00e7iniz:<\/h2>\n    <p style=\"margin: 0; color: white;\">\u2610 Adresime g\u00f6nderilmesini istiyorum.<\/p>\n    <p style=\"margin: 0; color: white;\">\u2610 E-posta adresime g\u00f6nderilmesini istiyorum. <br>(E-posta y\u00f6ntemini se\u00e7meniz h\u00e2linde size daha h\u0131zl\u0131 yan\u0131t verebilece\u011fiz.)<\/p>\n    <p style=\"margin: 0; color: white;\">\u2610 Elden teslim almak istiyorum. <br>(Vek\u00e2leten teslim al\u0131nmas\u0131 durumunda noter tasdikli vek\u00e2letname veya yetki belgesi olmas\u0131 gerekmektedir.)<\/p>\n\n    <p style=\"margin: 0; color: white;\">\u0130\u015fbu ba\u015fvuru formu \u015eirketimiz ile olan ili\u015fkinizi tespit ederek varsa \u015eirketimiz taraf\u0131ndan i\u015flenen ki\u015fisel verilerinizi eksiksiz olarak belirleyerek ilgili ba\u015fvurunuza do\u011fru ve kanuni s\u00fcresinde cevap verilebilmesi i\u00e7in tanzim edilmi\u015ftir. Hukuka ayk\u0131r\u0131 ve haks\u0131z bir \u015fekilde veri payla\u015f\u0131m\u0131ndan kaynaklanabilecek hukuki risklerin bertaraf edilmesi ve \u00f6zellikle ki\u015fisel verilerinizin g\u00fcvenli\u011finin sa\u011flanmas\u0131 amac\u0131yla kimlik ve yetki tespiti i\u00e7in \u015eirketimiz ek evrak ve malumat (N\u00fcfus c\u00fczdan\u0131 veya s\u00fcr\u00fcc\u00fc belgesi sureti vb.) talep etme hakk\u0131n\u0131 sakl\u0131 tutar. Form kapsam\u0131nda iletmekte oldu\u011funuz taleplerinize ili\u015fkin bilgilerin do\u011fru ve g\u00fcncel olmamas\u0131 ya da yetkisiz bir ba\u015fvuru yap\u0131lmas\u0131 halinde \u015eirketimiz s\u00f6z konusu yanl\u0131\u015f bilgi ya da yetkisiz ba\u015fvuru kaynakl\u0131 taleplerden dolay\u0131 mesuliyet kabul etmemektedir.<\/p>\n\n    <p style=\"margin: 0; color: white;\">Ba\u015fvuru Sahibi (Ki\u015fisel Veri Sahibi)<\/p>\n    <p style=\"margin: 0; color: white;\">Ad\u0131 Soyad\u0131: <\/p>\n    <p style=\"margin: 0; color: white;\">Ba\u015fvuru Tarihi: <\/p>\n    <p style=\"margin: 0; color: white;\">\u0130mza: <\/p>\t\t\t\t\t\t\t\t<\/div>\n\t\t\t\t<\/div>\n\t\t\t\t\t<\/div>\n\t\t\t\t<\/div>\n\t\t\t\t<\/div>\n\t\t","protected":false},"excerpt":{"rendered":"<p>WEWALK VER\u0130 SAH\u0130B\u0130 BA\u015eVURU FORMU GENEL A\u00c7IKLAMALAR 6698 Say\u0131l\u0131 Ki\u015fisel Verilerin Korunmas\u0131 Kanunu\u2019nda (\u201cKVK Kanunu\u201d) ilgili ki\u015fi olarak tan\u0131mlanan ki\u015fisel veri sahiplerine (\u201cBundan sonra \u201cBa\u015fvuru Sahibi\u201d olarak an\u0131lacakt\u0131r), KVK Kanunu\u2019nun&hellip;<\/p>\n","protected":false},"author":16,"featured_media":0,"parent":0,"menu_order":0,"comment_status":"closed","ping_status":"closed","template":"","meta":{"inline_featured_image":false,"footnotes":""},"class_list":["post-39554","page","type-page","status-publish","hentry"],"yoast_head":"<!-- This site is optimized with the Yoast SEO plugin v27.3 - https:\/\/yoast.com\/product\/yoast-seo-wordpress\/ -->\n<title>Veri Sahibi Ba\u015fvuru Formu - WeWALK Smart Cane<\/title>\n<meta name=\"robots\" content=\"index, follow, max-snippet:-1, max-image-preview:large, max-video-preview:-1\" \/>\n<link rel=\"canonical\" href=\"https:\/\/wewalk.io\/tr\/veri-sahibi-basvuru-formu\/\" \/>\n<meta property=\"og:locale\" content=\"tr_TR\" \/>\n<meta property=\"og:type\" content=\"article\" \/>\n<meta property=\"og:title\" content=\"Veri Sahibi Ba\u015fvuru Formu - WeWALK Smart Cane\" \/>\n<meta property=\"og:description\" content=\"WEWALK VER\u0130 SAH\u0130B\u0130 BA\u015eVURU FORMU GENEL A\u00c7IKLAMALAR 6698 Say\u0131l\u0131 Ki\u015fisel Verilerin Korunmas\u0131 Kanunu\u2019nda (\u201cKVK Kanunu\u201d) ilgili ki\u015fi olarak tan\u0131mlanan ki\u015fisel veri sahiplerine (\u201cBundan sonra \u201cBa\u015fvuru Sahibi\u201d olarak an\u0131lacakt\u0131r), KVK Kanunu\u2019nun&hellip;\" \/>\n<meta property=\"og:url\" content=\"https:\/\/wewalk.io\/tr\/veri-sahibi-basvuru-formu\/\" \/>\n<meta property=\"og:site_name\" content=\"WeWALK Smart Cane\" \/>\n<meta property=\"article:publisher\" content=\"https:\/\/www.facebook.com\/wewalkio\" \/>\n<meta property=\"article:modified_time\" content=\"2024-07-20T15:21:57+00:00\" \/>\n<meta name=\"twitter:card\" content=\"summary_large_image\" \/>\n<meta name=\"twitter:site\" content=\"@wewalkio\" \/>\n<meta name=\"twitter:label1\" content=\"Tahmini okuma s\u00fcresi\" \/>\n\t<meta name=\"twitter:data1\" content=\"4 dakika\" \/>\n<script type=\"application\/ld+json\" class=\"yoast-schema-graph\">{\"@context\":\"https:\\\/\\\/schema.org\",\"@graph\":[{\"@type\":\"WebPage\",\"@id\":\"https:\\\/\\\/wewalk.io\\\/tr\\\/veri-sahibi-basvuru-formu\\\/\",\"url\":\"https:\\\/\\\/wewalk.io\\\/tr\\\/veri-sahibi-basvuru-formu\\\/\",\"name\":\"Veri Sahibi Ba\u015fvuru Formu - WeWALK Smart Cane\",\"isPartOf\":{\"@id\":\"https:\\\/\\\/wewalk.io\\\/tr\\\/#website\"},\"datePublished\":\"2024-07-20T14:59:14+00:00\",\"dateModified\":\"2024-07-20T15:21:57+00:00\",\"breadcrumb\":{\"@id\":\"https:\\\/\\\/wewalk.io\\\/tr\\\/veri-sahibi-basvuru-formu\\\/#breadcrumb\"},\"inLanguage\":\"tr\",\"potentialAction\":[{\"@type\":\"ReadAction\",\"target\":[\"https:\\\/\\\/wewalk.io\\\/tr\\\/veri-sahibi-basvuru-formu\\\/\"]}]},{\"@type\":\"BreadcrumbList\",\"@id\":\"https:\\\/\\\/wewalk.io\\\/tr\\\/veri-sahibi-basvuru-formu\\\/#breadcrumb\",\"itemListElement\":[{\"@type\":\"ListItem\",\"position\":1,\"name\":\"Home\",\"item\":\"https:\\\/\\\/wewalk.io\\\/tr\\\/\"},{\"@type\":\"ListItem\",\"position\":2,\"name\":\"Veri Sahibi Ba\u015fvuru Formu\"}]},{\"@type\":\"WebSite\",\"@id\":\"https:\\\/\\\/wewalk.io\\\/tr\\\/#website\",\"url\":\"https:\\\/\\\/wewalk.io\\\/tr\\\/\",\"name\":\"WeWALK Smart Cane\",\"description\":\"Smart Cane for the Visually Impaired\",\"publisher\":{\"@id\":\"https:\\\/\\\/wewalk.io\\\/tr\\\/#organization\"},\"potentialAction\":[{\"@type\":\"SearchAction\",\"target\":{\"@type\":\"EntryPoint\",\"urlTemplate\":\"https:\\\/\\\/wewalk.io\\\/tr\\\/?s={search_term_string}\"},\"query-input\":{\"@type\":\"PropertyValueSpecification\",\"valueRequired\":true,\"valueName\":\"search_term_string\"}}],\"inLanguage\":\"tr\"},{\"@type\":\"Organization\",\"@id\":\"https:\\\/\\\/wewalk.io\\\/tr\\\/#organization\",\"name\":\"WeWALK Smart Cane\",\"url\":\"https:\\\/\\\/wewalk.io\\\/tr\\\/\",\"logo\":{\"@type\":\"ImageObject\",\"inLanguage\":\"tr\",\"@id\":\"https:\\\/\\\/wewalk.io\\\/tr\\\/#\\\/schema\\\/logo\\\/image\\\/\",\"url\":\"https:\\\/\\\/wewalk.io\\\/wp-content\\\/uploads\\\/2020\\\/08\\\/logo-white.svg\",\"contentUrl\":\"https:\\\/\\\/wewalk.io\\\/wp-content\\\/uploads\\\/2020\\\/08\\\/logo-white.svg\",\"caption\":\"WeWALK Smart Cane\"},\"image\":{\"@id\":\"https:\\\/\\\/wewalk.io\\\/tr\\\/#\\\/schema\\\/logo\\\/image\\\/\"},\"sameAs\":[\"https:\\\/\\\/www.facebook.com\\\/wewalkio\",\"https:\\\/\\\/x.com\\\/wewalkio\",\"https:\\\/\\\/www.instagram.com\\\/wewalkio\\\/\",\"https:\\\/\\\/www.linkedin.com\\\/company\\\/wewalk\",\"https:\\\/\\\/www.youtube.com\\\/channel\\\/UC_VH-4cZcAfcIObUPsMISyw\"]}]}<\/script>\n<!-- \/ Yoast SEO plugin. -->","yoast_head_json":{"title":"Veri Sahibi Ba\u015fvuru Formu - WeWALK Smart Cane","robots":{"index":"index","follow":"follow","max-snippet":"max-snippet:-1","max-image-preview":"max-image-preview:large","max-video-preview":"max-video-preview:-1"},"canonical":"https:\/\/wewalk.io\/tr\/veri-sahibi-basvuru-formu\/","og_locale":"tr_TR","og_type":"article","og_title":"Veri Sahibi Ba\u015fvuru Formu - WeWALK Smart Cane","og_description":"WEWALK VER\u0130 SAH\u0130B\u0130 BA\u015eVURU FORMU GENEL A\u00c7IKLAMALAR 6698 Say\u0131l\u0131 Ki\u015fisel Verilerin Korunmas\u0131 Kanunu\u2019nda (\u201cKVK Kanunu\u201d) ilgili ki\u015fi olarak tan\u0131mlanan ki\u015fisel veri sahiplerine (\u201cBundan sonra \u201cBa\u015fvuru Sahibi\u201d olarak an\u0131lacakt\u0131r), KVK Kanunu\u2019nun&hellip;","og_url":"https:\/\/wewalk.io\/tr\/veri-sahibi-basvuru-formu\/","og_site_name":"WeWALK Smart Cane","article_publisher":"https:\/\/www.facebook.com\/wewalkio","article_modified_time":"2024-07-20T15:21:57+00:00","twitter_card":"summary_large_image","twitter_site":"@wewalkio","twitter_misc":{"Tahmini okuma s\u00fcresi":"4 dakika"},"schema":{"@context":"https:\/\/schema.org","@graph":[{"@type":"WebPage","@id":"https:\/\/wewalk.io\/tr\/veri-sahibi-basvuru-formu\/","url":"https:\/\/wewalk.io\/tr\/veri-sahibi-basvuru-formu\/","name":"Veri Sahibi Ba\u015fvuru Formu - WeWALK Smart Cane","isPartOf":{"@id":"https:\/\/wewalk.io\/tr\/#website"},"datePublished":"2024-07-20T14:59:14+00:00","dateModified":"2024-07-20T15:21:57+00:00","breadcrumb":{"@id":"https:\/\/wewalk.io\/tr\/veri-sahibi-basvuru-formu\/#breadcrumb"},"inLanguage":"tr","potentialAction":[{"@type":"ReadAction","target":["https:\/\/wewalk.io\/tr\/veri-sahibi-basvuru-formu\/"]}]},{"@type":"BreadcrumbList","@id":"https:\/\/wewalk.io\/tr\/veri-sahibi-basvuru-formu\/#breadcrumb","itemListElement":[{"@type":"ListItem","position":1,"name":"Home","item":"https:\/\/wewalk.io\/tr\/"},{"@type":"ListItem","position":2,"name":"Veri Sahibi Ba\u015fvuru Formu"}]},{"@type":"WebSite","@id":"https:\/\/wewalk.io\/tr\/#website","url":"https:\/\/wewalk.io\/tr\/","name":"WeWALK Smart Cane","description":"Smart Cane for the Visually Impaired","publisher":{"@id":"https:\/\/wewalk.io\/tr\/#organization"},"potentialAction":[{"@type":"SearchAction","target":{"@type":"EntryPoint","urlTemplate":"https:\/\/wewalk.io\/tr\/?s={search_term_string}"},"query-input":{"@type":"PropertyValueSpecification","valueRequired":true,"valueName":"search_term_string"}}],"inLanguage":"tr"},{"@type":"Organization","@id":"https:\/\/wewalk.io\/tr\/#organization","name":"WeWALK Smart Cane","url":"https:\/\/wewalk.io\/tr\/","logo":{"@type":"ImageObject","inLanguage":"tr","@id":"https:\/\/wewalk.io\/tr\/#\/schema\/logo\/image\/","url":"https:\/\/wewalk.io\/wp-content\/uploads\/2020\/08\/logo-white.svg","contentUrl":"https:\/\/wewalk.io\/wp-content\/uploads\/2020\/08\/logo-white.svg","caption":"WeWALK Smart Cane"},"image":{"@id":"https:\/\/wewalk.io\/tr\/#\/schema\/logo\/image\/"},"sameAs":["https:\/\/www.facebook.com\/wewalkio","https:\/\/x.com\/wewalkio","https:\/\/www.instagram.com\/wewalkio\/","https:\/\/www.linkedin.com\/company\/wewalk","https:\/\/www.youtube.com\/channel\/UC_VH-4cZcAfcIObUPsMISyw"]}]}},"jetpack_sharing_enabled":true,"_links":{"self":[{"href":"https:\/\/wewalk.io\/tr\/wp-json\/wp\/v2\/pages\/39554","targetHints":{"allow":["GET"]}}],"collection":[{"href":"https:\/\/wewalk.io\/tr\/wp-json\/wp\/v2\/pages"}],"about":[{"href":"https:\/\/wewalk.io\/tr\/wp-json\/wp\/v2\/types\/page"}],"author":[{"embeddable":true,"href":"https:\/\/wewalk.io\/tr\/wp-json\/wp\/v2\/users\/16"}],"replies":[{"embeddable":true,"href":"https:\/\/wewalk.io\/tr\/wp-json\/wp\/v2\/comments?post=39554"}],"version-history":[{"count":0,"href":"https:\/\/wewalk.io\/tr\/wp-json\/wp\/v2\/pages\/39554\/revisions"}],"wp:attachment":[{"href":"https:\/\/wewalk.io\/tr\/wp-json\/wp\/v2\/media?parent=39554"}],"curies":[{"name":"wp","href":"https:\/\/api.w.org\/{rel}","templated":true}]}}