
{"id":39807,"date":"2024-09-25T17:42:40","date_gmt":"2024-09-25T17:42:40","guid":{"rendered":"https:\/\/wewalk.io\/?page_id=39807"},"modified":"2024-11-14T13:33:42","modified_gmt":"2024-11-14T13:33:42","slug":"danisa-baglan-lcw-hediye-ceki-kazan","status":"publish","type":"page","link":"https:\/\/wewalk.io\/tr\/danisa-baglan-lcw-hediye-ceki-kazan\/","title":{"rendered":"DANI\u015e\u2019a Ba\u011flan, LCW Hediye \u00c7eki Kazan!"},"content":{"rendered":"\t\t<div data-elementor-type=\"wp-page\" data-elementor-id=\"39807\" class=\"elementor elementor-39807\" data-elementor-post-type=\"page\">\n\t\t\t\t<div class=\"elementor-element elementor-element-c08a74d e-flex e-con-boxed e-con e-parent\" data-id=\"c08a74d\" data-element_type=\"container\" data-e-type=\"container\">\n\t\t\t\t\t<div class=\"e-con-inner\">\n\t\t\t\t<div class=\"elementor-element elementor-element-68cfd2d elementor-widget elementor-widget-spacer\" data-id=\"68cfd2d\" data-element_type=\"widget\" data-e-type=\"widget\" data-widget_type=\"spacer.default\">\n\t\t\t\t<div class=\"elementor-widget-container\">\n\t\t\t\t\t\t\t<div class=\"elementor-spacer\">\n\t\t\t<div class=\"elementor-spacer-inner\"><\/div>\n\t\t<\/div>\n\t\t\t\t\t\t<\/div>\n\t\t\t\t<\/div>\n\t\t\t\t<div class=\"elementor-element elementor-element-47b47c4 elementor-widget elementor-widget-heading\" data-id=\"47b47c4\" data-element_type=\"widget\" data-e-type=\"widget\" data-widget_type=\"heading.default\">\n\t\t\t\t<div class=\"elementor-widget-container\">\n\t\t\t\t\t<h2 class=\"elementor-heading-title elementor-size-default\">DANI\u015e'a Ba\u011flan, LC Waikiki'den Hediye \u00c7eki Kazan!<\/h2>\t\t\t\t<\/div>\n\t\t\t\t<\/div>\n\t\t\t\t<div class=\"elementor-element elementor-element-aec37d5 elementor-widget elementor-widget-spacer\" data-id=\"aec37d5\" data-element_type=\"widget\" data-e-type=\"widget\" data-widget_type=\"spacer.default\">\n\t\t\t\t<div class=\"elementor-widget-container\">\n\t\t\t\t\t\t\t<div class=\"elementor-spacer\">\n\t\t\t<div class=\"elementor-spacer-inner\"><\/div>\n\t\t<\/div>\n\t\t\t\t\t\t<\/div>\n\t\t\t\t<\/div>\n\t\t\t\t<div class=\"elementor-element elementor-element-85de6ee elementor-widget elementor-widget-text-editor\" data-id=\"85de6ee\" data-element_type=\"widget\" data-e-type=\"widget\" data-widget_type=\"text-editor.default\">\n\t\t\t\t<div class=\"elementor-widget-container\">\n\t\t\t\t\t\t\t\t\t<p class=\"MsoNormal\" style=\"margin: 0cm; font-size: 11pt; font-family: Calibri, sans-serif; caret-color: #000000; color: #000000;\"><span style=\"font-family: Aptos, sans-serif;\" data-ogsc=\"black\">LC Waikiki sponsorlu\u011funda<span class=\"Apple-converted-space\">\u00a0<\/span><b>\u00dcCRETS\u0130Z<span class=\"Apple-converted-space\">\u00a0<\/span><\/b>sa\u011flad\u0131\u011f\u0131m\u0131z<span class=\"Apple-converted-space\">\u00a0<\/span><b>\u201cGiyim &amp; Moda\u201d<span class=\"Apple-converted-space\">\u00a0<\/span><\/b>kategorisi ile bug\u00fcne kadar y\u00fczlerce kullan\u0131c\u0131m\u0131z profesyonel asistanlar\u0131m\u0131zdan moda dan\u0131\u015fmanl\u0131\u011f\u0131 ald\u0131. DANI\u015e kullan\u0131c\u0131lar\u0131 g\u00fcn\u00fcn her saatinde \u00e7a\u011fr\u0131 ba\u015flatarak kombinlerindeki renk uyumu, uygun aksesuar se\u00e7imi, leke kontrol\u00fc, \u00e7ama\u015f\u0131r ay\u0131rma ve \u00e7orap e\u015fleme gibi bir\u00e7ok alanda destek ald\u0131lar. Kimi zaman bulu\u015fmalara gitmeden \u00f6nce ya da i\u015fe haz\u0131rlan\u0131rken, kimi zaman ise \u00f6zel g\u00fcn davetlerinde en iyi hissetmek istedi\u011fi anlar\u0131nda e\u015flik ettik.\u00a0\u00a0<\/span><\/p><p class=\"MsoNormal\" style=\"margin: 0cm; font-size: 11pt; font-family: Calibri, sans-serif; caret-color: #000000; color: #000000;\"><span style=\"font-family: Aptos, sans-serif;\" data-ogsc=\"black\">\u00a0\u00a0<\/span><\/p><p class=\"MsoNormal\" style=\"margin: 0cm; font-size: 11pt; font-family: Calibri, sans-serif; caret-color: #000000; color: #000000;\"><b><span style=\"font-family: Aptos, sans-serif;\" data-ogsc=\"black\">Hediye \u00c7eki Kazanma F\u0131rsat\u0131!<\/span><\/b><\/p><p class=\"MsoNormal\" style=\"margin: 0cm; font-size: 11pt; font-family: Calibri, sans-serif; caret-color: #000000; color: #000000;\"><span style=\"font-family: Aptos, sans-serif;\" data-ogsc=\"black\">LC Waikiki&#8217;den DANI\u015e kullan\u0131c\u0131lar\u0131na \u00f6zel olarak LC Waikiki online sitesinden yapaca\u011f\u0131n\u0131z al\u0131\u015fveri\u015flerinizde ge\u00e7erli toplamda 2000 TL&#8217;lik \u00e7ek hediye. \u00c7ekili\u015fin kazanan\u0131 1 Aral\u0131k&#8217;ta a\u00e7\u0131klanacak! \u00a0<\/span><\/p><p class=\"MsoNormal\" style=\"margin: 0cm; font-size: 11pt; font-family: Calibri, sans-serif; caret-color: #000000; color: #000000;\"><span style=\"font-family: Aptos, sans-serif;\" data-ogsc=\"black\">\u00a0\u00a0<\/span><\/p><p class=\"MsoNormal\" style=\"margin: 0cm; font-size: 11pt; font-family: Calibri, sans-serif; caret-color: #000000; color: #000000;\"><b><span style=\"font-family: Aptos, sans-serif;\" data-ogsc=\"black\">Kazanan ki\u015filer nas\u0131l belirlenecek?\u00a0<\/span><\/b><span style=\"font-family: Aptos, sans-serif;\" data-ogsc=\"black\">\u00a0<\/span><\/p><p class=\"MsoNormal\" style=\"margin: 0cm; font-size: 11pt; font-family: Calibri, sans-serif; caret-color: #000000; color: #000000;\"><span style=\"font-family: Aptos, sans-serif;\" data-ogsc=\"black\">Hediye \u00e7ekleri i\u00e7in \u00e7a\u011fr\u0131 ba\u015flatanlar iki ba\u015fl\u0131k alt\u0131nda de\u011ferlendirilecektir. <b>1 Kas\u0131m-30 Kas\u0131m\u00a0<\/b>aras\u0131nda;\u00a0<\/span><\/p><ul style=\"margin-bottom: 0cm; caret-color: #000000; color: #000000; font-family: Aptos; font-size: 16px; margin-top: 0cm;\" type=\"disc\"><li class=\"MsoListParagraph\" style=\"margin: 0cm; font-size: 11pt; font-family: Calibri, sans-serif;\" data-ogsc=\"black\"><span style=\"font-family: Aptos, sans-serif;\">DANI\u015e&#8217;ta \u201cGiyim ve Moda\u201d kategorisinden en \u00e7ok ba\u011flanan kullan\u0131c\u0131m\u0131z 1000 TL de\u011ferinde hediye \u00e7eki kazanacakt\u0131r.\u00a0<\/span><\/li><li class=\"MsoListParagraph\" style=\"margin: 0cm; font-size: 11pt; font-family: Calibri, sans-serif;\" data-ogsc=\"black\"><span style=\"font-family: Aptos, sans-serif;\">DANI\u015e&#8217;a en s\u0131k ba\u011flanan 2 kullan\u0131c\u0131m\u0131z 500\u2019er TL\u2019lik hediye \u00e7eki kazanacakt\u0131r.\u00a0<\/span><\/li><\/ul><p class=\"MsoNormal\" style=\"margin: 0cm; font-size: 11pt; font-family: Calibri, sans-serif; caret-color: #000000; color: #000000;\"><span style=\"font-family: Aptos, sans-serif;\" data-ogsc=\"black\">\u00a0<\/span><\/p><p class=\"MsoNormal\" style=\"margin: 0cm; font-size: 11pt; font-family: Calibri, sans-serif; caret-color: #000000; color: #000000;\"><b><span style=\"font-family: Aptos, sans-serif;\" data-ogsc=\"black\">Kampanya Detaylar\u0131:<\/span><\/b><\/p><ul style=\"margin-bottom: 0cm; caret-color: #000000; color: #000000; font-family: Aptos; font-size: 16px; margin-top: 0cm;\" type=\"disc\"><li class=\"MsoListParagraph\" style=\"margin: 0cm; font-size: 11pt; font-family: Calibri, sans-serif;\" data-ogsc=\"black\"><span style=\"font-family: Aptos, sans-serif;\">Hediye \u00e7eki kodu sadece LC Waikiki sitesindeki online al\u0131\u015fveri\u015fte ve LC Waikiki markal\u0131 \u00fcr\u00fcnlerde ge\u00e7erlidir.\u00a0<\/span><\/li><li class=\"MsoListParagraph\" style=\"margin: 0cm; font-size: 11pt; font-family: Calibri, sans-serif;\" data-ogsc=\"black\"><span style=\"font-family: Aptos, sans-serif;\">Bir ki\u015fi sadece 1 kategoriden \u00e7ek kazanabilir.\u00a0<\/span><\/li><li class=\"MsoListParagraph\" style=\"margin: 0cm; font-size: 11pt; font-family: Calibri, sans-serif;\" data-ogsc=\"black\"><span style=\"font-family: Aptos, sans-serif;\">Hediye \u00e7eki kazanan ki\u015filer farkl\u0131 mail adresleri ve hesaplar\u0131 da dahil olmak \u00fczere kampanyadan 1 kez faydalanabilir.\u00a0<\/span><\/li><li class=\"MsoListParagraph\" style=\"margin: 0cm; font-size: 11pt; font-family: Calibri, sans-serif;\" data-ogsc=\"black\"><span style=\"font-family: Aptos, sans-serif;\">Kodu kullanmadan \u00f6nce \u00fcr\u00fcnleri se\u00e7me ve belirleme a\u015famas\u0131nda DANI\u015e\u2019tan hizmet alman\u0131z gerekmektedir.\u00a0\u00a0<\/span><\/li><li class=\"MsoListParagraph\" style=\"margin: 0cm; font-size: 11pt; font-family: Calibri, sans-serif;\" data-ogsc=\"black\"><span style=\"font-family: Aptos, sans-serif;\">Her bir hediye \u00e7ekinin son kullan\u0131m tarihi olup, son kullan\u0131m tarihine kadar kullan\u0131lmayan hediye \u00e7ekleri ge\u00e7ersiz say\u0131lacakt\u0131r.\u00a0<\/span><\/li><\/ul><p class=\"MsoNormal\" style=\"margin: 0cm; font-size: 11pt; font-family: Calibri, sans-serif; caret-color: #000000; color: #000000;\"><span style=\"font-family: Aptos, sans-serif;\" data-ogsc=\"black\">\u00a0<\/span><\/p><p class=\"MsoNormal\" style=\"margin: 0cm; font-size: 11pt; font-family: Calibri, sans-serif; caret-color: #000000; color: #000000;\"><span style=\"font-family: Aptos, sans-serif;\" data-ogsc=\"black\">Bug\u00fcn itibari ile ba\u015flayan ve 30 Kas\u0131m&#8217;a kadar s\u00fcrecek olan bu \u00e7ekili\u015ften faydalanmak i\u00e7in i\u015fte tek yapman\u0131z gereken ihtiyac\u0131n\u0131z oldu\u011fu anda DANI\u015e&#8217;a ba\u011flan\u0131p g\u00f6rsel destek almak!<\/span><\/p>\t\t\t\t\t\t\t\t<\/div>\n\t\t\t\t<\/div>\n\t\t\t\t\t<\/div>\n\t\t\t\t<\/div>\n\t\t\t\t<\/div>\n\t\t","protected":false},"excerpt":{"rendered":"<p>DANI\u015e&#8217;a Ba\u011flan, LC Waikiki&#8217;den Hediye \u00c7eki Kazan! LC Waikiki sponsorlu\u011funda\u00a0\u00dcCRETS\u0130Z\u00a0sa\u011flad\u0131\u011f\u0131m\u0131z\u00a0\u201cGiyim &amp; Moda\u201d\u00a0kategorisi ile bug\u00fcne kadar y\u00fczlerce kullan\u0131c\u0131m\u0131z profesyonel asistanlar\u0131m\u0131zdan moda dan\u0131\u015fmanl\u0131\u011f\u0131 ald\u0131. DANI\u015e kullan\u0131c\u0131lar\u0131 g\u00fcn\u00fcn her saatinde \u00e7a\u011fr\u0131 ba\u015flatarak kombinlerindeki&hellip;<\/p>\n","protected":false},"author":1,"featured_media":0,"parent":0,"menu_order":0,"comment_status":"closed","ping_status":"closed","template":"","meta":{"inline_featured_image":false,"footnotes":""},"class_list":["post-39807","page","type-page","status-publish","hentry"],"yoast_head":"<!-- This site is optimized with the Yoast SEO plugin v27.3 - https:\/\/yoast.com\/product\/yoast-seo-wordpress\/ -->\n<title>DANI\u015e\u2019a Ba\u011flan, LCW Hediye \u00c7eki Kazan! - WeWALK Smart Cane<\/title>\n<meta name=\"robots\" content=\"index, follow, max-snippet:-1, max-image-preview:large, max-video-preview:-1\" \/>\n<link rel=\"canonical\" href=\"https:\/\/wewalk.io\/tr\/danisa-baglan-lcw-hediye-ceki-kazan\/\" \/>\n<meta property=\"og:locale\" content=\"tr_TR\" \/>\n<meta property=\"og:type\" content=\"article\" \/>\n<meta property=\"og:title\" content=\"DANI\u015e\u2019a Ba\u011flan, LCW Hediye \u00c7eki Kazan! - WeWALK Smart Cane\" \/>\n<meta property=\"og:description\" content=\"DANI\u015e&#8217;a Ba\u011flan, LC Waikiki&#8217;den Hediye \u00c7eki Kazan! LC Waikiki sponsorlu\u011funda\u00a0\u00dcCRETS\u0130Z\u00a0sa\u011flad\u0131\u011f\u0131m\u0131z\u00a0\u201cGiyim &amp; Moda\u201d\u00a0kategorisi ile bug\u00fcne kadar y\u00fczlerce kullan\u0131c\u0131m\u0131z profesyonel asistanlar\u0131m\u0131zdan moda dan\u0131\u015fmanl\u0131\u011f\u0131 ald\u0131. DANI\u015e kullan\u0131c\u0131lar\u0131 g\u00fcn\u00fcn her saatinde \u00e7a\u011fr\u0131 ba\u015flatarak kombinlerindeki&hellip;\" \/>\n<meta property=\"og:url\" content=\"https:\/\/wewalk.io\/tr\/danisa-baglan-lcw-hediye-ceki-kazan\/\" \/>\n<meta property=\"og:site_name\" content=\"WeWALK Smart Cane\" \/>\n<meta property=\"article:publisher\" content=\"https:\/\/www.facebook.com\/wewalkio\" \/>\n<meta property=\"article:modified_time\" content=\"2024-11-14T13:33:42+00:00\" \/>\n<meta name=\"twitter:card\" content=\"summary_large_image\" \/>\n<meta name=\"twitter:site\" content=\"@wewalkio\" \/>\n<meta name=\"twitter:label1\" content=\"Tahmini okuma s\u00fcresi\" \/>\n\t<meta name=\"twitter:data1\" content=\"2 dakika\" \/>\n<script type=\"application\/ld+json\" class=\"yoast-schema-graph\">{\"@context\":\"https:\\\/\\\/schema.org\",\"@graph\":[{\"@type\":\"WebPage\",\"@id\":\"https:\\\/\\\/wewalk.io\\\/tr\\\/danisa-baglan-lcw-hediye-ceki-kazan\\\/\",\"url\":\"https:\\\/\\\/wewalk.io\\\/tr\\\/danisa-baglan-lcw-hediye-ceki-kazan\\\/\",\"name\":\"DANI\u015e\u2019a Ba\u011flan, LCW Hediye \u00c7eki Kazan! - WeWALK Smart Cane\",\"isPartOf\":{\"@id\":\"https:\\\/\\\/wewalk.io\\\/tr\\\/#website\"},\"datePublished\":\"2024-09-25T17:42:40+00:00\",\"dateModified\":\"2024-11-14T13:33:42+00:00\",\"breadcrumb\":{\"@id\":\"https:\\\/\\\/wewalk.io\\\/tr\\\/danisa-baglan-lcw-hediye-ceki-kazan\\\/#breadcrumb\"},\"inLanguage\":\"tr\",\"potentialAction\":[{\"@type\":\"ReadAction\",\"target\":[\"https:\\\/\\\/wewalk.io\\\/tr\\\/danisa-baglan-lcw-hediye-ceki-kazan\\\/\"]}]},{\"@type\":\"BreadcrumbList\",\"@id\":\"https:\\\/\\\/wewalk.io\\\/tr\\\/danisa-baglan-lcw-hediye-ceki-kazan\\\/#breadcrumb\",\"itemListElement\":[{\"@type\":\"ListItem\",\"position\":1,\"name\":\"Home\",\"item\":\"https:\\\/\\\/wewalk.io\\\/tr\\\/\"},{\"@type\":\"ListItem\",\"position\":2,\"name\":\"DANI\u015e\u2019a Ba\u011flan, LCW Hediye \u00c7eki Kazan!\"}]},{\"@type\":\"WebSite\",\"@id\":\"https:\\\/\\\/wewalk.io\\\/tr\\\/#website\",\"url\":\"https:\\\/\\\/wewalk.io\\\/tr\\\/\",\"name\":\"WeWALK Smart Cane\",\"description\":\"Smart Cane for the Visually Impaired\",\"publisher\":{\"@id\":\"https:\\\/\\\/wewalk.io\\\/tr\\\/#organization\"},\"potentialAction\":[{\"@type\":\"SearchAction\",\"target\":{\"@type\":\"EntryPoint\",\"urlTemplate\":\"https:\\\/\\\/wewalk.io\\\/tr\\\/?s={search_term_string}\"},\"query-input\":{\"@type\":\"PropertyValueSpecification\",\"valueRequired\":true,\"valueName\":\"search_term_string\"}}],\"inLanguage\":\"tr\"},{\"@type\":\"Organization\",\"@id\":\"https:\\\/\\\/wewalk.io\\\/tr\\\/#organization\",\"name\":\"WeWALK Smart Cane\",\"url\":\"https:\\\/\\\/wewalk.io\\\/tr\\\/\",\"logo\":{\"@type\":\"ImageObject\",\"inLanguage\":\"tr\",\"@id\":\"https:\\\/\\\/wewalk.io\\\/tr\\\/#\\\/schema\\\/logo\\\/image\\\/\",\"url\":\"https:\\\/\\\/wewalk.io\\\/wp-content\\\/uploads\\\/2020\\\/08\\\/logo-white.svg\",\"contentUrl\":\"https:\\\/\\\/wewalk.io\\\/wp-content\\\/uploads\\\/2020\\\/08\\\/logo-white.svg\",\"caption\":\"WeWALK Smart Cane\"},\"image\":{\"@id\":\"https:\\\/\\\/wewalk.io\\\/tr\\\/#\\\/schema\\\/logo\\\/image\\\/\"},\"sameAs\":[\"https:\\\/\\\/www.facebook.com\\\/wewalkio\",\"https:\\\/\\\/x.com\\\/wewalkio\",\"https:\\\/\\\/www.instagram.com\\\/wewalkio\\\/\",\"https:\\\/\\\/www.linkedin.com\\\/company\\\/wewalk\",\"https:\\\/\\\/www.youtube.com\\\/channel\\\/UC_VH-4cZcAfcIObUPsMISyw\"]}]}<\/script>\n<!-- \/ Yoast SEO plugin. -->","yoast_head_json":{"title":"DANI\u015e\u2019a Ba\u011flan, LCW Hediye \u00c7eki Kazan! - WeWALK Smart Cane","robots":{"index":"index","follow":"follow","max-snippet":"max-snippet:-1","max-image-preview":"max-image-preview:large","max-video-preview":"max-video-preview:-1"},"canonical":"https:\/\/wewalk.io\/tr\/danisa-baglan-lcw-hediye-ceki-kazan\/","og_locale":"tr_TR","og_type":"article","og_title":"DANI\u015e\u2019a Ba\u011flan, LCW Hediye \u00c7eki Kazan! - WeWALK Smart Cane","og_description":"DANI\u015e&#8217;a Ba\u011flan, LC Waikiki&#8217;den Hediye \u00c7eki Kazan! LC Waikiki sponsorlu\u011funda\u00a0\u00dcCRETS\u0130Z\u00a0sa\u011flad\u0131\u011f\u0131m\u0131z\u00a0\u201cGiyim &amp; Moda\u201d\u00a0kategorisi ile bug\u00fcne kadar y\u00fczlerce kullan\u0131c\u0131m\u0131z profesyonel asistanlar\u0131m\u0131zdan moda dan\u0131\u015fmanl\u0131\u011f\u0131 ald\u0131. DANI\u015e kullan\u0131c\u0131lar\u0131 g\u00fcn\u00fcn her saatinde \u00e7a\u011fr\u0131 ba\u015flatarak kombinlerindeki&hellip;","og_url":"https:\/\/wewalk.io\/tr\/danisa-baglan-lcw-hediye-ceki-kazan\/","og_site_name":"WeWALK Smart Cane","article_publisher":"https:\/\/www.facebook.com\/wewalkio","article_modified_time":"2024-11-14T13:33:42+00:00","twitter_card":"summary_large_image","twitter_site":"@wewalkio","twitter_misc":{"Tahmini okuma s\u00fcresi":"2 dakika"},"schema":{"@context":"https:\/\/schema.org","@graph":[{"@type":"WebPage","@id":"https:\/\/wewalk.io\/tr\/danisa-baglan-lcw-hediye-ceki-kazan\/","url":"https:\/\/wewalk.io\/tr\/danisa-baglan-lcw-hediye-ceki-kazan\/","name":"DANI\u015e\u2019a Ba\u011flan, LCW Hediye \u00c7eki Kazan! - WeWALK Smart Cane","isPartOf":{"@id":"https:\/\/wewalk.io\/tr\/#website"},"datePublished":"2024-09-25T17:42:40+00:00","dateModified":"2024-11-14T13:33:42+00:00","breadcrumb":{"@id":"https:\/\/wewalk.io\/tr\/danisa-baglan-lcw-hediye-ceki-kazan\/#breadcrumb"},"inLanguage":"tr","potentialAction":[{"@type":"ReadAction","target":["https:\/\/wewalk.io\/tr\/danisa-baglan-lcw-hediye-ceki-kazan\/"]}]},{"@type":"BreadcrumbList","@id":"https:\/\/wewalk.io\/tr\/danisa-baglan-lcw-hediye-ceki-kazan\/#breadcrumb","itemListElement":[{"@type":"ListItem","position":1,"name":"Home","item":"https:\/\/wewalk.io\/tr\/"},{"@type":"ListItem","position":2,"name":"DANI\u015e\u2019a Ba\u011flan, LCW Hediye \u00c7eki Kazan!"}]},{"@type":"WebSite","@id":"https:\/\/wewalk.io\/tr\/#website","url":"https:\/\/wewalk.io\/tr\/","name":"WeWALK Smart Cane","description":"Smart Cane for the Visually Impaired","publisher":{"@id":"https:\/\/wewalk.io\/tr\/#organization"},"potentialAction":[{"@type":"SearchAction","target":{"@type":"EntryPoint","urlTemplate":"https:\/\/wewalk.io\/tr\/?s={search_term_string}"},"query-input":{"@type":"PropertyValueSpecification","valueRequired":true,"valueName":"search_term_string"}}],"inLanguage":"tr"},{"@type":"Organization","@id":"https:\/\/wewalk.io\/tr\/#organization","name":"WeWALK Smart Cane","url":"https:\/\/wewalk.io\/tr\/","logo":{"@type":"ImageObject","inLanguage":"tr","@id":"https:\/\/wewalk.io\/tr\/#\/schema\/logo\/image\/","url":"https:\/\/wewalk.io\/wp-content\/uploads\/2020\/08\/logo-white.svg","contentUrl":"https:\/\/wewalk.io\/wp-content\/uploads\/2020\/08\/logo-white.svg","caption":"WeWALK Smart Cane"},"image":{"@id":"https:\/\/wewalk.io\/tr\/#\/schema\/logo\/image\/"},"sameAs":["https:\/\/www.facebook.com\/wewalkio","https:\/\/x.com\/wewalkio","https:\/\/www.instagram.com\/wewalkio\/","https:\/\/www.linkedin.com\/company\/wewalk","https:\/\/www.youtube.com\/channel\/UC_VH-4cZcAfcIObUPsMISyw"]}]}},"jetpack_sharing_enabled":true,"_links":{"self":[{"href":"https:\/\/wewalk.io\/tr\/wp-json\/wp\/v2\/pages\/39807","targetHints":{"allow":["GET"]}}],"collection":[{"href":"https:\/\/wewalk.io\/tr\/wp-json\/wp\/v2\/pages"}],"about":[{"href":"https:\/\/wewalk.io\/tr\/wp-json\/wp\/v2\/types\/page"}],"author":[{"embeddable":true,"href":"https:\/\/wewalk.io\/tr\/wp-json\/wp\/v2\/users\/1"}],"replies":[{"embeddable":true,"href":"https:\/\/wewalk.io\/tr\/wp-json\/wp\/v2\/comments?post=39807"}],"version-history":[{"count":0,"href":"https:\/\/wewalk.io\/tr\/wp-json\/wp\/v2\/pages\/39807\/revisions"}],"wp:attachment":[{"href":"https:\/\/wewalk.io\/tr\/wp-json\/wp\/v2\/media?parent=39807"}],"curies":[{"name":"wp","href":"https:\/\/api.w.org\/{rel}","templated":true}]}}