
{"id":40508,"date":"2025-01-29T11:26:27","date_gmt":"2025-01-29T11:26:27","guid":{"rendered":"https:\/\/wewalk.io\/?page_id=40508"},"modified":"2025-01-29T11:56:47","modified_gmt":"2025-01-29T11:56:47","slug":"akilli-baston-2-kurulum","status":"publish","type":"page","link":"https:\/\/wewalk.io\/tr\/akilli-baston-2-kurulum\/","title":{"rendered":"Ak\u0131ll\u0131 Baston 2 Kurulum"},"content":{"rendered":"\t\t<div data-elementor-type=\"wp-page\" data-elementor-id=\"40508\" class=\"elementor elementor-40508 elementor-40502\" data-elementor-post-type=\"page\">\n\t\t\t\t<div class=\"elementor-element elementor-element-eb17692 e-flex e-con-boxed e-con e-parent\" data-id=\"eb17692\" data-element_type=\"container\" data-e-type=\"container\" data-settings=\"{&quot;background_background&quot;:&quot;classic&quot;}\">\n\t\t\t\t\t<div class=\"e-con-inner\">\n\t\t<div class=\"elementor-element elementor-element-f2aadd3 e-flex e-con-boxed e-con e-child\" data-id=\"f2aadd3\" data-element_type=\"container\" data-e-type=\"container\">\n\t\t\t\t\t<div class=\"e-con-inner\">\n\t\t\t\t<div class=\"elementor-element elementor-element-05afd00 elementor-widget__width-initial elementor-widget elementor-widget-heading\" data-id=\"05afd00\" data-element_type=\"widget\" data-e-type=\"widget\" data-widget_type=\"heading.default\">\n\t\t\t\t<div class=\"elementor-widget-container\">\n\t\t\t\t\t<h1 class=\"elementor-heading-title elementor-size-default\">Ak\u0131ll\u0131 baston 2 kurulum<\/h1>\t\t\t\t<\/div>\n\t\t\t\t<\/div>\n\t\t\t\t\t<\/div>\n\t\t\t\t<\/div>\n\t\t\t\t\t<\/div>\n\t\t\t\t<\/div>\n\t\t<div class=\"elementor-element elementor-element-9c25631 elementor-hidden-mobile e-flex e-con-boxed e-con e-parent\" data-id=\"9c25631\" data-element_type=\"container\" data-e-type=\"container\" data-settings=\"{&quot;background_background&quot;:&quot;classic&quot;}\">\n\t\t\t\t\t<div class=\"e-con-inner\">\n\t\t<div class=\"elementor-element elementor-element-395951d e-con-full e-flex e-con e-child\" data-id=\"395951d\" data-element_type=\"container\" data-e-type=\"container\" data-settings=\"{&quot;background_background&quot;:&quot;classic&quot;}\">\n\t\t\t\t<div class=\"elementor-element elementor-element-6ebdfd7 elementor-widget elementor-widget-text-editor\" data-id=\"6ebdfd7\" data-element_type=\"widget\" data-e-type=\"widget\" data-widget_type=\"text-editor.default\">\n\t\t\t\t<div class=\"elementor-widget-container\">\n\t\t\t\t\t\t\t\t\t<ol start=\"1\" type=\"1\">\n \t<li data-olk-copy-source=\"MessageBody\">WeWALK mobil uygulamas\u0131n\u0131\u00a0<a title=\"http:\/\/www.wewalk.io\/app\" href=\"http:\/\/www.wewalk.io\/app\" target=\"_blank\" rel=\"noopener noreferrer\" data-auth=\"NotApplicable\" data-linkindex=\"1\" style=\"color:#fff;text-decoration:underline;\">www.wewalk.io\/app<\/a>\u00a0adresinden indirebilirsiniz.<\/li>\n \t<li>WeWALK Ak\u0131ll\u0131 Baston\u2019la ilgili her t\u00fcrl\u00fc e\u011fitim i\u00e7eri\u011fine mobil uygulama i\u00e7indeki \u201cAk\u0131ll\u0131 Baston\u201d sekmesindeki \u201cAk\u0131ll\u0131 Baston\u2019u Ke\u015ffet\u201d b\u00f6l\u00fcm\u00fcnden ya da\u00a0<a title=\"https:\/\/wewalk.io\/tr\/support\/\" href=\"https:\/\/wewalk.io\/tr\/support\/\" target=\"_blank\" rel=\"noopener noreferrer\" data-auth=\"NotApplicable\" data-linkindex=\"2\" style=\"color:#fff;text-decoration:underline;\">https:\/\/wewalk.io\/tr\/support\/<\/a>\u00a0adresinden ula\u015fabilirsiniz.<\/li>\n \t<li>Ak\u0131ll\u0131 Baston\u2019la ilgili teknik destek taleplerinizi ve sorular\u0131n\u0131z\u0131 \u00a0<a title=\"mailto:info@wewalk.io\" href=\"mailto:info@wewalk.io\" data-linkindex=\"3\" style=\"color:#fff;text-decoration:underline;\">info@wewalk.io<\/a>\u00a0adresine mail atabilir ya da 0850 532 99 03 numaral\u0131 telefonun WhatsApp hatt\u0131 \u00fczerinden bize iletebilirsiniz.<\/li>\n<\/ol>\t\t\t\t\t\t\t\t<\/div>\n\t\t\t\t<\/div>\n\t\t\t\t<\/div>\n\t\t\t\t\t<\/div>\n\t\t\t\t<\/div>\n\t\t<div class=\"elementor-element elementor-element-79d9417 elementor-hidden-desktop elementor-hidden-tablet e-flex e-con-boxed e-con e-parent\" data-id=\"79d9417\" data-element_type=\"container\" data-e-type=\"container\" data-settings=\"{&quot;background_background&quot;:&quot;classic&quot;}\">\n\t\t\t\t\t<div class=\"e-con-inner\">\n\t\t<div class=\"elementor-element elementor-element-5f26061 e-con-full e-flex e-con e-child\" data-id=\"5f26061\" data-element_type=\"container\" data-e-type=\"container\" data-settings=\"{&quot;background_background&quot;:&quot;classic&quot;}\">\n\t\t\t\t<div class=\"elementor-element elementor-element-7964c39 elementor-widget elementor-widget-text-editor\" data-id=\"7964c39\" data-element_type=\"widget\" data-e-type=\"widget\" data-widget_type=\"text-editor.default\">\n\t\t\t\t<div class=\"elementor-widget-container\">\n\t\t\t\t\t\t\t\t\t<ol start=\"1\" type=\"1\">\n \t<li data-olk-copy-source=\"MessageBody\">WeWALK mobil uygulamas\u0131n\u0131\u00a0<a title=\"http:\/\/www.wewalk.io\/app\" href=\"http:\/\/www.wewalk.io\/app\" target=\"_blank\" rel=\"noopener noreferrer\" data-auth=\"NotApplicable\" data-linkindex=\"1\" style=\"color:#fff;text-decoration:underline;\">www.wewalk.io\/app<\/a>\u00a0adresinden indirebilirsiniz.<\/li>\n \t<li>WeWALK Ak\u0131ll\u0131 Baston\u2019la ilgili her t\u00fcrl\u00fc e\u011fitim i\u00e7eri\u011fine mobil uygulama i\u00e7indeki \u201cAk\u0131ll\u0131 Baston\u201d sekmesindeki \u201cAk\u0131ll\u0131 Baston\u2019u Ke\u015ffet\u201d b\u00f6l\u00fcm\u00fcnden ya da\u00a0<a title=\"https:\/\/wewalk.io\/tr\/support\/\" href=\"https:\/\/wewalk.io\/tr\/support\/\" target=\"_blank\" rel=\"noopener noreferrer\" data-auth=\"NotApplicable\" data-linkindex=\"2\" style=\"color:#fff;text-decoration:underline;\">https:\/\/wewalk.io\/tr\/support\/<\/a>\u00a0adresinden ula\u015fabilirsiniz.<\/li>\n \t<li>Ak\u0131ll\u0131 Baston\u2019la ilgili teknik destek taleplerinizi ve sorular\u0131n\u0131z\u0131 \u00a0<a title=\"mailto:info@wewalk.io\" href=\"mailto:info@wewalk.io\" data-linkindex=\"3\" style=\"color:#fff;text-decoration:underline;\">info@wewalk.io<\/a>\u00a0adresine mail atabilir ya da 0850 532 99 03 numaral\u0131 telefonun WhatsApp hatt\u0131 \u00fczerinden bize iletebilirsiniz.<\/li>\n<\/ol>\t\t\t\t\t\t\t\t<\/div>\n\t\t\t\t<\/div>\n\t\t\t\t<\/div>\n\t\t\t\t\t<\/div>\n\t\t\t\t<\/div>\n\t\t\t\t<\/div>\n\t\t","protected":false},"excerpt":{"rendered":"<p>Ak\u0131ll\u0131 baston 2 kurulum WeWALK mobil uygulamas\u0131n\u0131\u00a0www.wewalk.io\/app\u00a0adresinden indirebilirsiniz. WeWALK Ak\u0131ll\u0131 Baston\u2019la ilgili her t\u00fcrl\u00fc e\u011fitim i\u00e7eri\u011fine mobil uygulama i\u00e7indeki \u201cAk\u0131ll\u0131 Baston\u201d sekmesindeki \u201cAk\u0131ll\u0131 Baston\u2019u Ke\u015ffet\u201d b\u00f6l\u00fcm\u00fcnden ya da\u00a0https:\/\/wewalk.io\/tr\/support\/\u00a0adresinden ula\u015fabilirsiniz. Ak\u0131ll\u0131&hellip;<\/p>\n","protected":false},"author":16,"featured_media":0,"parent":0,"menu_order":0,"comment_status":"closed","ping_status":"closed","template":"","meta":{"content-type":"","inline_featured_image":false,"footnotes":""},"class_list":["post-40508","page","type-page","status-publish","hentry"],"yoast_head":"<!-- This site is optimized with the Yoast SEO plugin v27.3 - https:\/\/yoast.com\/product\/yoast-seo-wordpress\/ -->\n<title>Ak\u0131ll\u0131 Baston 2 Kurulum - WeWALK Smart Cane<\/title>\n<meta name=\"robots\" content=\"index, follow, max-snippet:-1, max-image-preview:large, max-video-preview:-1\" \/>\n<link rel=\"canonical\" href=\"https:\/\/wewalk.io\/tr\/akilli-baston-2-kurulum\/\" \/>\n<meta property=\"og:locale\" content=\"tr_TR\" \/>\n<meta property=\"og:type\" content=\"article\" \/>\n<meta property=\"og:title\" content=\"Ak\u0131ll\u0131 Baston 2 Kurulum - WeWALK Smart Cane\" \/>\n<meta property=\"og:description\" content=\"Ak\u0131ll\u0131 baston 2 kurulum WeWALK mobil uygulamas\u0131n\u0131\u00a0www.wewalk.io\/app\u00a0adresinden indirebilirsiniz. WeWALK Ak\u0131ll\u0131 Baston\u2019la ilgili her t\u00fcrl\u00fc e\u011fitim i\u00e7eri\u011fine mobil uygulama i\u00e7indeki \u201cAk\u0131ll\u0131 Baston\u201d sekmesindeki \u201cAk\u0131ll\u0131 Baston\u2019u Ke\u015ffet\u201d b\u00f6l\u00fcm\u00fcnden ya da\u00a0https:\/\/wewalk.io\/tr\/support\/\u00a0adresinden ula\u015fabilirsiniz. Ak\u0131ll\u0131&hellip;\" \/>\n<meta property=\"og:url\" content=\"https:\/\/wewalk.io\/tr\/akilli-baston-2-kurulum\/\" \/>\n<meta property=\"og:site_name\" content=\"WeWALK Smart Cane\" \/>\n<meta property=\"article:publisher\" content=\"https:\/\/www.facebook.com\/wewalkio\" \/>\n<meta property=\"article:modified_time\" content=\"2025-01-29T11:56:47+00:00\" \/>\n<meta name=\"twitter:card\" content=\"summary_large_image\" \/>\n<meta name=\"twitter:site\" content=\"@wewalkio\" \/>\n<meta name=\"twitter:label1\" content=\"Tahmini okuma s\u00fcresi\" \/>\n\t<meta name=\"twitter:data1\" content=\"1 dakika\" \/>\n<script type=\"application\/ld+json\" class=\"yoast-schema-graph\">{\"@context\":\"https:\\\/\\\/schema.org\",\"@graph\":[{\"@type\":\"WebPage\",\"@id\":\"https:\\\/\\\/wewalk.io\\\/tr\\\/akilli-baston-2-kurulum\\\/\",\"url\":\"https:\\\/\\\/wewalk.io\\\/tr\\\/akilli-baston-2-kurulum\\\/\",\"name\":\"Ak\u0131ll\u0131 Baston 2 Kurulum - WeWALK Smart Cane\",\"isPartOf\":{\"@id\":\"https:\\\/\\\/wewalk.io\\\/tr\\\/#website\"},\"datePublished\":\"2025-01-29T11:26:27+00:00\",\"dateModified\":\"2025-01-29T11:56:47+00:00\",\"breadcrumb\":{\"@id\":\"https:\\\/\\\/wewalk.io\\\/tr\\\/akilli-baston-2-kurulum\\\/#breadcrumb\"},\"inLanguage\":\"tr\",\"potentialAction\":[{\"@type\":\"ReadAction\",\"target\":[\"https:\\\/\\\/wewalk.io\\\/tr\\\/akilli-baston-2-kurulum\\\/\"]}]},{\"@type\":\"BreadcrumbList\",\"@id\":\"https:\\\/\\\/wewalk.io\\\/tr\\\/akilli-baston-2-kurulum\\\/#breadcrumb\",\"itemListElement\":[{\"@type\":\"ListItem\",\"position\":1,\"name\":\"Home\",\"item\":\"https:\\\/\\\/wewalk.io\\\/tr\\\/\"},{\"@type\":\"ListItem\",\"position\":2,\"name\":\"Ak\u0131ll\u0131 Baston 2 Kurulum\"}]},{\"@type\":\"WebSite\",\"@id\":\"https:\\\/\\\/wewalk.io\\\/tr\\\/#website\",\"url\":\"https:\\\/\\\/wewalk.io\\\/tr\\\/\",\"name\":\"WeWALK Smart Cane\",\"description\":\"Smart Cane for the Visually Impaired\",\"publisher\":{\"@id\":\"https:\\\/\\\/wewalk.io\\\/tr\\\/#organization\"},\"potentialAction\":[{\"@type\":\"SearchAction\",\"target\":{\"@type\":\"EntryPoint\",\"urlTemplate\":\"https:\\\/\\\/wewalk.io\\\/tr\\\/?s={search_term_string}\"},\"query-input\":{\"@type\":\"PropertyValueSpecification\",\"valueRequired\":true,\"valueName\":\"search_term_string\"}}],\"inLanguage\":\"tr\"},{\"@type\":\"Organization\",\"@id\":\"https:\\\/\\\/wewalk.io\\\/tr\\\/#organization\",\"name\":\"WeWALK Smart Cane\",\"url\":\"https:\\\/\\\/wewalk.io\\\/tr\\\/\",\"logo\":{\"@type\":\"ImageObject\",\"inLanguage\":\"tr\",\"@id\":\"https:\\\/\\\/wewalk.io\\\/tr\\\/#\\\/schema\\\/logo\\\/image\\\/\",\"url\":\"https:\\\/\\\/wewalk.io\\\/wp-content\\\/uploads\\\/2020\\\/08\\\/logo-white.svg\",\"contentUrl\":\"https:\\\/\\\/wewalk.io\\\/wp-content\\\/uploads\\\/2020\\\/08\\\/logo-white.svg\",\"caption\":\"WeWALK Smart Cane\"},\"image\":{\"@id\":\"https:\\\/\\\/wewalk.io\\\/tr\\\/#\\\/schema\\\/logo\\\/image\\\/\"},\"sameAs\":[\"https:\\\/\\\/www.facebook.com\\\/wewalkio\",\"https:\\\/\\\/x.com\\\/wewalkio\",\"https:\\\/\\\/www.instagram.com\\\/wewalkio\\\/\",\"https:\\\/\\\/www.linkedin.com\\\/company\\\/wewalk\",\"https:\\\/\\\/www.youtube.com\\\/channel\\\/UC_VH-4cZcAfcIObUPsMISyw\"]}]}<\/script>\n<!-- \/ Yoast SEO plugin. -->","yoast_head_json":{"title":"Ak\u0131ll\u0131 Baston 2 Kurulum - WeWALK Smart Cane","robots":{"index":"index","follow":"follow","max-snippet":"max-snippet:-1","max-image-preview":"max-image-preview:large","max-video-preview":"max-video-preview:-1"},"canonical":"https:\/\/wewalk.io\/tr\/akilli-baston-2-kurulum\/","og_locale":"tr_TR","og_type":"article","og_title":"Ak\u0131ll\u0131 Baston 2 Kurulum - WeWALK Smart Cane","og_description":"Ak\u0131ll\u0131 baston 2 kurulum WeWALK mobil uygulamas\u0131n\u0131\u00a0www.wewalk.io\/app\u00a0adresinden indirebilirsiniz. WeWALK Ak\u0131ll\u0131 Baston\u2019la ilgili her t\u00fcrl\u00fc e\u011fitim i\u00e7eri\u011fine mobil uygulama i\u00e7indeki \u201cAk\u0131ll\u0131 Baston\u201d sekmesindeki \u201cAk\u0131ll\u0131 Baston\u2019u Ke\u015ffet\u201d b\u00f6l\u00fcm\u00fcnden ya da\u00a0https:\/\/wewalk.io\/tr\/support\/\u00a0adresinden ula\u015fabilirsiniz. Ak\u0131ll\u0131&hellip;","og_url":"https:\/\/wewalk.io\/tr\/akilli-baston-2-kurulum\/","og_site_name":"WeWALK Smart Cane","article_publisher":"https:\/\/www.facebook.com\/wewalkio","article_modified_time":"2025-01-29T11:56:47+00:00","twitter_card":"summary_large_image","twitter_site":"@wewalkio","twitter_misc":{"Tahmini okuma s\u00fcresi":"1 dakika"},"schema":{"@context":"https:\/\/schema.org","@graph":[{"@type":"WebPage","@id":"https:\/\/wewalk.io\/tr\/akilli-baston-2-kurulum\/","url":"https:\/\/wewalk.io\/tr\/akilli-baston-2-kurulum\/","name":"Ak\u0131ll\u0131 Baston 2 Kurulum - WeWALK Smart Cane","isPartOf":{"@id":"https:\/\/wewalk.io\/tr\/#website"},"datePublished":"2025-01-29T11:26:27+00:00","dateModified":"2025-01-29T11:56:47+00:00","breadcrumb":{"@id":"https:\/\/wewalk.io\/tr\/akilli-baston-2-kurulum\/#breadcrumb"},"inLanguage":"tr","potentialAction":[{"@type":"ReadAction","target":["https:\/\/wewalk.io\/tr\/akilli-baston-2-kurulum\/"]}]},{"@type":"BreadcrumbList","@id":"https:\/\/wewalk.io\/tr\/akilli-baston-2-kurulum\/#breadcrumb","itemListElement":[{"@type":"ListItem","position":1,"name":"Home","item":"https:\/\/wewalk.io\/tr\/"},{"@type":"ListItem","position":2,"name":"Ak\u0131ll\u0131 Baston 2 Kurulum"}]},{"@type":"WebSite","@id":"https:\/\/wewalk.io\/tr\/#website","url":"https:\/\/wewalk.io\/tr\/","name":"WeWALK Smart Cane","description":"Smart Cane for the Visually Impaired","publisher":{"@id":"https:\/\/wewalk.io\/tr\/#organization"},"potentialAction":[{"@type":"SearchAction","target":{"@type":"EntryPoint","urlTemplate":"https:\/\/wewalk.io\/tr\/?s={search_term_string}"},"query-input":{"@type":"PropertyValueSpecification","valueRequired":true,"valueName":"search_term_string"}}],"inLanguage":"tr"},{"@type":"Organization","@id":"https:\/\/wewalk.io\/tr\/#organization","name":"WeWALK Smart Cane","url":"https:\/\/wewalk.io\/tr\/","logo":{"@type":"ImageObject","inLanguage":"tr","@id":"https:\/\/wewalk.io\/tr\/#\/schema\/logo\/image\/","url":"https:\/\/wewalk.io\/wp-content\/uploads\/2020\/08\/logo-white.svg","contentUrl":"https:\/\/wewalk.io\/wp-content\/uploads\/2020\/08\/logo-white.svg","caption":"WeWALK Smart Cane"},"image":{"@id":"https:\/\/wewalk.io\/tr\/#\/schema\/logo\/image\/"},"sameAs":["https:\/\/www.facebook.com\/wewalkio","https:\/\/x.com\/wewalkio","https:\/\/www.instagram.com\/wewalkio\/","https:\/\/www.linkedin.com\/company\/wewalk","https:\/\/www.youtube.com\/channel\/UC_VH-4cZcAfcIObUPsMISyw"]}]}},"jetpack_sharing_enabled":true,"_links":{"self":[{"href":"https:\/\/wewalk.io\/tr\/wp-json\/wp\/v2\/pages\/40508","targetHints":{"allow":["GET"]}}],"collection":[{"href":"https:\/\/wewalk.io\/tr\/wp-json\/wp\/v2\/pages"}],"about":[{"href":"https:\/\/wewalk.io\/tr\/wp-json\/wp\/v2\/types\/page"}],"author":[{"embeddable":true,"href":"https:\/\/wewalk.io\/tr\/wp-json\/wp\/v2\/users\/16"}],"replies":[{"embeddable":true,"href":"https:\/\/wewalk.io\/tr\/wp-json\/wp\/v2\/comments?post=40508"}],"version-history":[{"count":0,"href":"https:\/\/wewalk.io\/tr\/wp-json\/wp\/v2\/pages\/40508\/revisions"}],"wp:attachment":[{"href":"https:\/\/wewalk.io\/tr\/wp-json\/wp\/v2\/media?parent=40508"}],"curies":[{"name":"wp","href":"https:\/\/api.w.org\/{rel}","templated":true}]}}