
{"id":41588,"date":"2025-05-25T07:22:38","date_gmt":"2025-05-25T07:22:38","guid":{"rendered":"https:\/\/wewalk.io\/?page_id=41588"},"modified":"2025-08-15T11:16:38","modified_gmt":"2025-08-15T11:16:38","slug":"ido-kampanya","status":"publish","type":"page","link":"https:\/\/wewalk.io\/tr\/ido-kampanya\/","title":{"rendered":"\u0130do Kampanya"},"content":{"rendered":"\t\t<div data-elementor-type=\"wp-page\" data-elementor-id=\"41588\" class=\"elementor elementor-41588\" data-elementor-post-type=\"page\">\n\t\t\t\t<div class=\"elementor-element elementor-element-31f82f8 e-flex e-con-boxed e-con e-parent\" data-id=\"31f82f8\" data-element_type=\"container\" data-e-type=\"container\" data-settings=\"{&quot;background_background&quot;:&quot;classic&quot;}\">\n\t\t\t\t\t<div class=\"e-con-inner\">\n\t\t<div class=\"elementor-element elementor-element-47094be e-flex e-con-boxed e-con e-child\" data-id=\"47094be\" data-element_type=\"container\" data-e-type=\"container\">\n\t\t\t\t\t<div class=\"e-con-inner\">\n\t\t\t\t<div class=\"elementor-element elementor-element-c33b7ef elementor-widget elementor-widget-spacer\" data-id=\"c33b7ef\" data-element_type=\"widget\" data-e-type=\"widget\" data-widget_type=\"spacer.default\">\n\t\t\t\t<div class=\"elementor-widget-container\">\n\t\t\t\t\t\t\t<div class=\"elementor-spacer\">\n\t\t\t<div class=\"elementor-spacer-inner\"><\/div>\n\t\t<\/div>\n\t\t\t\t\t\t<\/div>\n\t\t\t\t<\/div>\n\t\t\t\t<div class=\"elementor-element elementor-element-1ade10d elementor-widget__width-initial elementor-widget elementor-widget-heading\" data-id=\"1ade10d\" data-element_type=\"widget\" data-e-type=\"widget\" data-widget_type=\"heading.default\">\n\t\t\t\t<div class=\"elementor-widget-container\">\n\t\t\t\t\t<h2 class=\"elementor-heading-title elementor-size-default\">\u0130DO i\u015f birli\u011fiyle, deniz otob\u00fcs\u00fc ve feribot yolculuklar\u0131n\u0131zda DANI\u015e hizmetimiz art\u0131k \u00fccretsiz!<\/h2>\t\t\t\t<\/div>\n\t\t\t\t<\/div>\n\t\t\t\t\t<\/div>\n\t\t\t\t<\/div>\n\t\t\t\t\t<\/div>\n\t\t\t\t<\/div>\n\t\t<div class=\"elementor-element elementor-element-bb4782c e-flex e-con-boxed e-con e-parent\" data-id=\"bb4782c\" data-element_type=\"container\" data-e-type=\"container\">\n\t\t\t\t\t<div class=\"e-con-inner\">\n\t\t\t\t<div class=\"elementor-element elementor-element-0cd6fcc elementor-widget elementor-widget-heading\" data-id=\"0cd6fcc\" data-element_type=\"widget\" data-e-type=\"widget\" data-widget_type=\"heading.default\">\n\t\t\t\t<div class=\"elementor-widget-container\">\n\t\t\t\t\t<h2 class=\"elementor-heading-title elementor-size-default\">\u0130DO Deste\u011fi ile Hangi Konularda Profesyonel Asistanlar\u0131m\u0131za Ba\u011flanarak G\u00f6r\u00fcnt\u00fcl\u00fc Hizmet Alabilirsiniz?<\/h2>\t\t\t\t<\/div>\n\t\t\t\t<\/div>\n\t\t\t\t<div class=\"elementor-element elementor-element-bc4b991 elementor-icon-list--layout-traditional elementor-list-item-link-full_width elementor-widget elementor-widget-icon-list\" data-id=\"bc4b991\" data-element_type=\"widget\" data-e-type=\"widget\" data-widget_type=\"icon-list.default\">\n\t\t\t\t<div class=\"elementor-widget-container\">\n\t\t\t\t\t\t\t<ul class=\"elementor-icon-list-items\">\n\t\t\t\t\t\t\t<li class=\"elementor-icon-list-item\">\n\t\t\t\t\t\t\t\t\t\t\t<span class=\"elementor-icon-list-icon\">\n\t\t\t\t\t\t\t<svg xmlns=\"http:\/\/www.w3.org\/2000\/svg\" width=\"25\" height=\"26\" viewBox=\"0 0 25 26\" fill=\"none\"><g id=\"Group\"><path id=\"Vector\" opacity=\"0.2\" d=\"M25 12.7944C25 15.2667 24.2669 17.6834 22.8934 19.7391C21.5199 21.7947 19.5676 23.3968 17.2835 24.3429C14.9995 25.289 12.4861 25.5366 10.0614 25.0543C7.63661 24.5719 5.40933 23.3814 3.66117 21.6333C1.91301 19.8851 0.722505 17.6578 0.24019 15.2331C-0.242126 12.8083 0.00541607 10.295 0.951511 8.01089C1.89761 5.72681 3.49976 3.77458 5.55538 2.40106C7.61099 1.02755 10.0277 0.294434 12.5 0.294434C15.8152 0.294434 18.9946 1.61139 21.3388 3.9556C23.683 6.2998 25 9.47923 25 12.7944Z\" fill=\"#F7C043\"><\/path><path id=\"Vector_2\" d=\"M15.625 12.7947C15.625 13.4127 15.4417 14.0169 15.0983 14.5308C14.755 15.0447 14.2669 15.4453 13.6959 15.6818C13.1249 15.9183 12.4965 15.9802 11.8903 15.8596C11.2842 15.7391 10.7273 15.4414 10.2903 15.0044C9.85325 14.5673 9.55563 14.0105 9.43505 13.4043C9.31447 12.7981 9.37635 12.1698 9.61288 11.5988C9.8494 11.0278 10.2499 10.5397 10.7638 10.1963C11.2777 9.85295 11.8819 9.66968 12.5 9.66968C13.3288 9.66968 14.1237 9.99892 14.7097 10.585C15.2958 11.171 15.625 11.9659 15.625 12.7947Z\" fill=\"#F7C043\"><\/path><\/g><\/svg>\t\t\t\t\t\t<\/span>\n\t\t\t\t\t\t\t\t\t\t<span class=\"elementor-icon-list-text\">Bilet alma i\u015flemlerinizde: Web sitede bilet al\u0131rken ge\u00e7erli promosyonlar\u0131 takip ederek bilet i\u015flemlerinizi ger\u00e7ekle\u015ftirebilir,<\/span>\n\t\t\t\t\t\t\t\t\t<\/li>\n\t\t\t\t\t\t\t\t<li class=\"elementor-icon-list-item\">\n\t\t\t\t\t\t\t\t\t\t\t<span class=\"elementor-icon-list-icon\">\n\t\t\t\t\t\t\t<svg xmlns=\"http:\/\/www.w3.org\/2000\/svg\" width=\"25\" height=\"26\" viewBox=\"0 0 25 26\" fill=\"none\"><g id=\"Group\"><path id=\"Vector\" opacity=\"0.2\" d=\"M25 12.7944C25 15.2667 24.2669 17.6834 22.8934 19.7391C21.5199 21.7947 19.5676 23.3968 17.2835 24.3429C14.9995 25.289 12.4861 25.5366 10.0614 25.0543C7.63661 24.5719 5.40933 23.3814 3.66117 21.6333C1.91301 19.8851 0.722505 17.6578 0.24019 15.2331C-0.242126 12.8083 0.00541607 10.295 0.951511 8.01089C1.89761 5.72681 3.49976 3.77458 5.55538 2.40106C7.61099 1.02755 10.0277 0.294434 12.5 0.294434C15.8152 0.294434 18.9946 1.61139 21.3388 3.9556C23.683 6.2998 25 9.47923 25 12.7944Z\" fill=\"#F7C043\"><\/path><path id=\"Vector_2\" d=\"M15.625 12.7947C15.625 13.4127 15.4417 14.0169 15.0983 14.5308C14.755 15.0447 14.2669 15.4453 13.6959 15.6818C13.1249 15.9183 12.4965 15.9802 11.8903 15.8596C11.2842 15.7391 10.7273 15.4414 10.2903 15.0044C9.85325 14.5673 9.55563 14.0105 9.43505 13.4043C9.31447 12.7981 9.37635 12.1698 9.61288 11.5988C9.8494 11.0278 10.2499 10.5397 10.7638 10.1963C11.2777 9.85295 11.8819 9.66968 12.5 9.66968C13.3288 9.66968 14.1237 9.99892 14.7097 10.585C15.2958 11.171 15.625 11.9659 15.625 12.7947Z\" fill=\"#F7C043\"><\/path><\/g><\/svg>\t\t\t\t\t\t<\/span>\n\t\t\t\t\t\t\t\t\t\t<span class=\"elementor-icon-list-text\">\u0130DO iskelelerine kolayca ula\u015f\u0131m i\u00e7in ad\u0131m ad\u0131m canl\u0131 konum takibi ile navigasyon y\u00f6nlendirmesi alabilir,<\/span>\n\t\t\t\t\t\t\t\t\t<\/li>\n\t\t\t\t\t\t\t\t<li class=\"elementor-icon-list-item\">\n\t\t\t\t\t\t\t\t\t\t\t<span class=\"elementor-icon-list-icon\">\n\t\t\t\t\t\t\t<svg xmlns=\"http:\/\/www.w3.org\/2000\/svg\" width=\"25\" height=\"26\" viewBox=\"0 0 25 26\" fill=\"none\"><g id=\"Group\"><path id=\"Vector\" opacity=\"0.2\" d=\"M25 12.7944C25 15.2667 24.2669 17.6834 22.8934 19.7391C21.5199 21.7947 19.5676 23.3968 17.2835 24.3429C14.9995 25.289 12.4861 25.5366 10.0614 25.0543C7.63661 24.5719 5.40933 23.3814 3.66117 21.6333C1.91301 19.8851 0.722505 17.6578 0.24019 15.2331C-0.242126 12.8083 0.00541607 10.295 0.951511 8.01089C1.89761 5.72681 3.49976 3.77458 5.55538 2.40106C7.61099 1.02755 10.0277 0.294434 12.5 0.294434C15.8152 0.294434 18.9946 1.61139 21.3388 3.9556C23.683 6.2998 25 9.47923 25 12.7944Z\" fill=\"#F7C043\"><\/path><path id=\"Vector_2\" d=\"M15.625 12.7947C15.625 13.4127 15.4417 14.0169 15.0983 14.5308C14.755 15.0447 14.2669 15.4453 13.6959 15.6818C13.1249 15.9183 12.4965 15.9802 11.8903 15.8596C11.2842 15.7391 10.7273 15.4414 10.2903 15.0044C9.85325 14.5673 9.55563 14.0105 9.43505 13.4043C9.31447 12.7981 9.37635 12.1698 9.61288 11.5988C9.8494 11.0278 10.2499 10.5397 10.7638 10.1963C11.2777 9.85295 11.8819 9.66968 12.5 9.66968C13.3288 9.66968 14.1237 9.99892 14.7097 10.585C15.2958 11.171 15.625 11.9659 15.625 12.7947Z\" fill=\"#F7C043\"><\/path><\/g><\/svg>\t\t\t\t\t\t<\/span>\n\t\t\t\t\t\t\t\t\t\t<span class=\"elementor-icon-list-text\">\u0130skele veya deniz otob\u00fcs\u00fc \/feribot\/ i\u00e7erisinde koltuk numaras\u0131, lavabo, kafeterya gibi konumlar\u0131 bulabilirsiniz.<\/span>\n\t\t\t\t\t\t\t\t\t<\/li>\n\t\t\t\t\t\t\t\t<li class=\"elementor-icon-list-item\">\n\t\t\t\t\t\t\t\t\t\t\t<a href=\"https:\/\/www.ido.com.tr\/tr\/hizmetlerimiz\/engelli-yolcular\/indirimler\">\n\n\t\t\t\t\t\t\t\t\t\t\t\t<span class=\"elementor-icon-list-icon\">\n\t\t\t\t\t\t\t<svg xmlns=\"http:\/\/www.w3.org\/2000\/svg\" width=\"25\" height=\"26\" viewBox=\"0 0 25 26\" fill=\"none\"><g id=\"Group\"><path id=\"Vector\" opacity=\"0.2\" d=\"M25 12.7944C25 15.2667 24.2669 17.6834 22.8934 19.7391C21.5199 21.7947 19.5676 23.3968 17.2835 24.3429C14.9995 25.289 12.4861 25.5366 10.0614 25.0543C7.63661 24.5719 5.40933 23.3814 3.66117 21.6333C1.91301 19.8851 0.722505 17.6578 0.24019 15.2331C-0.242126 12.8083 0.00541607 10.295 0.951511 8.01089C1.89761 5.72681 3.49976 3.77458 5.55538 2.40106C7.61099 1.02755 10.0277 0.294434 12.5 0.294434C15.8152 0.294434 18.9946 1.61139 21.3388 3.9556C23.683 6.2998 25 9.47923 25 12.7944Z\" fill=\"#F7C043\"><\/path><path id=\"Vector_2\" d=\"M15.625 12.7947C15.625 13.4127 15.4417 14.0169 15.0983 14.5308C14.755 15.0447 14.2669 15.4453 13.6959 15.6818C13.1249 15.9183 12.4965 15.9802 11.8903 15.8596C11.2842 15.7391 10.7273 15.4414 10.2903 15.0044C9.85325 14.5673 9.55563 14.0105 9.43505 13.4043C9.31447 12.7981 9.37635 12.1698 9.61288 11.5988C9.8494 11.0278 10.2499 10.5397 10.7638 10.1963C11.2777 9.85295 11.8819 9.66968 12.5 9.66968C13.3288 9.66968 14.1237 9.99892 14.7097 10.585C15.2958 11.171 15.625 11.9659 15.625 12.7947Z\" fill=\"#F7C043\"><\/path><\/g><\/svg>\t\t\t\t\t\t<\/span>\n\t\t\t\t\t\t\t\t\t\t<span class=\"elementor-icon-list-text\">\u0130DO ile yapaca\u011f\u0131n\u0131z seyahatlerde, biletlerinizi %10 indirimle sat\u0131n alabilirsiniz. Detaylar i\u00e7in buraya\u00a0t\u0131klay\u0131n\u0131z.<\/span>\n\t\t\t\t\t\t\t\t\t\t\t<\/a>\n\t\t\t\t\t\t\t\t\t<\/li>\n\t\t\t\t\t\t<\/ul>\n\t\t\t\t\t\t<\/div>\n\t\t\t\t<\/div>\n\t\t\t\t<div class=\"elementor-element elementor-element-04120b4 elementor-widget elementor-widget-text-editor\" data-id=\"04120b4\" data-element_type=\"widget\" data-e-type=\"widget\" data-widget_type=\"text-editor.default\">\n\t\t\t\t<div class=\"elementor-widget-container\">\n\t\t\t\t\t\t\t\t\t<p class=\"p1\">K\u0131sacas\u0131, ba\u015ftan sona yolculu\u011funuz esnas\u0131nda g\u00f6rsel deste\u011fe ihtiya\u00e7 duydu\u011funuz her an, profesyonel asistanlar\u0131m\u0131z bir \u00e7a\u011fr\u0131 uza\u011f\u0131n\u0131zda!<\/p>\t\t\t\t\t\t\t\t<\/div>\n\t\t\t\t<\/div>\n\t\t\t\t<div class=\"elementor-element elementor-element-293c1a8 elementor-widget elementor-widget-text-editor\" data-id=\"293c1a8\" data-element_type=\"widget\" data-e-type=\"widget\" data-widget_type=\"text-editor.default\">\n\t\t\t\t<div class=\"elementor-widget-container\">\n\t\t\t\t\t\t\t\t\t<p>Bu kampanya 30 Haziran 2026 tarihine kadar ge\u00e7erlidir.<\/p>\t\t\t\t\t\t\t\t<\/div>\n\t\t\t\t<\/div>\n\t\t\t\t\t<\/div>\n\t\t\t\t<\/div>\n\t\t\t\t<\/div>\n\t\t","protected":false},"excerpt":{"rendered":"<p>\u0130DO i\u015f birli\u011fiyle, deniz otob\u00fcs\u00fc ve feribot yolculuklar\u0131n\u0131zda DANI\u015e hizmetimiz art\u0131k \u00fccretsiz! \u0130DO Deste\u011fi ile Hangi Konularda Profesyonel Asistanlar\u0131m\u0131za Ba\u011flanarak G\u00f6r\u00fcnt\u00fcl\u00fc Hizmet Alabilirsiniz? Bilet alma i\u015flemlerinizde: Web sitede bilet al\u0131rken&hellip;<\/p>\n","protected":false},"author":16,"featured_media":0,"parent":0,"menu_order":0,"comment_status":"closed","ping_status":"closed","template":"elementor_canvas","meta":{"inline_featured_image":false,"footnotes":""},"class_list":["post-41588","page","type-page","status-publish","hentry"],"yoast_head":"<!-- This site is optimized with the Yoast SEO plugin v27.3 - https:\/\/yoast.com\/product\/yoast-seo-wordpress\/ -->\n<title>\u0130do Kampanya - WeWALK Smart Cane<\/title>\n<meta name=\"robots\" content=\"index, follow, max-snippet:-1, max-image-preview:large, max-video-preview:-1\" \/>\n<link rel=\"canonical\" href=\"https:\/\/wewalk.io\/tr\/ido-kampanya\/\" \/>\n<meta property=\"og:locale\" content=\"tr_TR\" \/>\n<meta property=\"og:type\" content=\"article\" \/>\n<meta property=\"og:title\" content=\"\u0130do Kampanya - WeWALK Smart Cane\" \/>\n<meta property=\"og:description\" content=\"\u0130DO i\u015f birli\u011fiyle, deniz otob\u00fcs\u00fc ve feribot yolculuklar\u0131n\u0131zda DANI\u015e hizmetimiz art\u0131k \u00fccretsiz! \u0130DO Deste\u011fi ile Hangi Konularda Profesyonel Asistanlar\u0131m\u0131za Ba\u011flanarak G\u00f6r\u00fcnt\u00fcl\u00fc Hizmet Alabilirsiniz? Bilet alma i\u015flemlerinizde: Web sitede bilet al\u0131rken&hellip;\" \/>\n<meta property=\"og:url\" content=\"https:\/\/wewalk.io\/tr\/ido-kampanya\/\" \/>\n<meta property=\"og:site_name\" content=\"WeWALK Smart Cane\" \/>\n<meta property=\"article:publisher\" content=\"https:\/\/www.facebook.com\/wewalkio\" \/>\n<meta property=\"article:modified_time\" content=\"2025-08-15T11:16:38+00:00\" \/>\n<meta name=\"twitter:card\" content=\"summary_large_image\" \/>\n<meta name=\"twitter:site\" content=\"@wewalkio\" \/>\n<meta name=\"twitter:label1\" content=\"Tahmini okuma s\u00fcresi\" \/>\n\t<meta name=\"twitter:data1\" content=\"1 dakika\" \/>\n<script type=\"application\/ld+json\" class=\"yoast-schema-graph\">{\"@context\":\"https:\\\/\\\/schema.org\",\"@graph\":[{\"@type\":\"WebPage\",\"@id\":\"https:\\\/\\\/wewalk.io\\\/tr\\\/ido-kampanya\\\/\",\"url\":\"https:\\\/\\\/wewalk.io\\\/tr\\\/ido-kampanya\\\/\",\"name\":\"\u0130do Kampanya - WeWALK Smart Cane\",\"isPartOf\":{\"@id\":\"https:\\\/\\\/wewalk.io\\\/tr\\\/#website\"},\"datePublished\":\"2025-05-25T07:22:38+00:00\",\"dateModified\":\"2025-08-15T11:16:38+00:00\",\"breadcrumb\":{\"@id\":\"https:\\\/\\\/wewalk.io\\\/tr\\\/ido-kampanya\\\/#breadcrumb\"},\"inLanguage\":\"tr\",\"potentialAction\":[{\"@type\":\"ReadAction\",\"target\":[\"https:\\\/\\\/wewalk.io\\\/tr\\\/ido-kampanya\\\/\"]}]},{\"@type\":\"BreadcrumbList\",\"@id\":\"https:\\\/\\\/wewalk.io\\\/tr\\\/ido-kampanya\\\/#breadcrumb\",\"itemListElement\":[{\"@type\":\"ListItem\",\"position\":1,\"name\":\"Home\",\"item\":\"https:\\\/\\\/wewalk.io\\\/tr\\\/\"},{\"@type\":\"ListItem\",\"position\":2,\"name\":\"\u0130do Kampanya\"}]},{\"@type\":\"WebSite\",\"@id\":\"https:\\\/\\\/wewalk.io\\\/tr\\\/#website\",\"url\":\"https:\\\/\\\/wewalk.io\\\/tr\\\/\",\"name\":\"WeWALK Smart Cane\",\"description\":\"Smart Cane for the Visually Impaired\",\"publisher\":{\"@id\":\"https:\\\/\\\/wewalk.io\\\/tr\\\/#organization\"},\"potentialAction\":[{\"@type\":\"SearchAction\",\"target\":{\"@type\":\"EntryPoint\",\"urlTemplate\":\"https:\\\/\\\/wewalk.io\\\/tr\\\/?s={search_term_string}\"},\"query-input\":{\"@type\":\"PropertyValueSpecification\",\"valueRequired\":true,\"valueName\":\"search_term_string\"}}],\"inLanguage\":\"tr\"},{\"@type\":\"Organization\",\"@id\":\"https:\\\/\\\/wewalk.io\\\/tr\\\/#organization\",\"name\":\"WeWALK Smart Cane\",\"url\":\"https:\\\/\\\/wewalk.io\\\/tr\\\/\",\"logo\":{\"@type\":\"ImageObject\",\"inLanguage\":\"tr\",\"@id\":\"https:\\\/\\\/wewalk.io\\\/tr\\\/#\\\/schema\\\/logo\\\/image\\\/\",\"url\":\"https:\\\/\\\/wewalk.io\\\/wp-content\\\/uploads\\\/2020\\\/08\\\/logo-white.svg\",\"contentUrl\":\"https:\\\/\\\/wewalk.io\\\/wp-content\\\/uploads\\\/2020\\\/08\\\/logo-white.svg\",\"caption\":\"WeWALK Smart Cane\"},\"image\":{\"@id\":\"https:\\\/\\\/wewalk.io\\\/tr\\\/#\\\/schema\\\/logo\\\/image\\\/\"},\"sameAs\":[\"https:\\\/\\\/www.facebook.com\\\/wewalkio\",\"https:\\\/\\\/x.com\\\/wewalkio\",\"https:\\\/\\\/www.instagram.com\\\/wewalkio\\\/\",\"https:\\\/\\\/www.linkedin.com\\\/company\\\/wewalk\",\"https:\\\/\\\/www.youtube.com\\\/channel\\\/UC_VH-4cZcAfcIObUPsMISyw\"]}]}<\/script>\n<!-- \/ Yoast SEO plugin. -->","yoast_head_json":{"title":"\u0130do Kampanya - WeWALK Smart Cane","robots":{"index":"index","follow":"follow","max-snippet":"max-snippet:-1","max-image-preview":"max-image-preview:large","max-video-preview":"max-video-preview:-1"},"canonical":"https:\/\/wewalk.io\/tr\/ido-kampanya\/","og_locale":"tr_TR","og_type":"article","og_title":"\u0130do Kampanya - WeWALK Smart Cane","og_description":"\u0130DO i\u015f birli\u011fiyle, deniz otob\u00fcs\u00fc ve feribot yolculuklar\u0131n\u0131zda DANI\u015e hizmetimiz art\u0131k \u00fccretsiz! \u0130DO Deste\u011fi ile Hangi Konularda Profesyonel Asistanlar\u0131m\u0131za Ba\u011flanarak G\u00f6r\u00fcnt\u00fcl\u00fc Hizmet Alabilirsiniz? Bilet alma i\u015flemlerinizde: Web sitede bilet al\u0131rken&hellip;","og_url":"https:\/\/wewalk.io\/tr\/ido-kampanya\/","og_site_name":"WeWALK Smart Cane","article_publisher":"https:\/\/www.facebook.com\/wewalkio","article_modified_time":"2025-08-15T11:16:38+00:00","twitter_card":"summary_large_image","twitter_site":"@wewalkio","twitter_misc":{"Tahmini okuma s\u00fcresi":"1 dakika"},"schema":{"@context":"https:\/\/schema.org","@graph":[{"@type":"WebPage","@id":"https:\/\/wewalk.io\/tr\/ido-kampanya\/","url":"https:\/\/wewalk.io\/tr\/ido-kampanya\/","name":"\u0130do Kampanya - WeWALK Smart Cane","isPartOf":{"@id":"https:\/\/wewalk.io\/tr\/#website"},"datePublished":"2025-05-25T07:22:38+00:00","dateModified":"2025-08-15T11:16:38+00:00","breadcrumb":{"@id":"https:\/\/wewalk.io\/tr\/ido-kampanya\/#breadcrumb"},"inLanguage":"tr","potentialAction":[{"@type":"ReadAction","target":["https:\/\/wewalk.io\/tr\/ido-kampanya\/"]}]},{"@type":"BreadcrumbList","@id":"https:\/\/wewalk.io\/tr\/ido-kampanya\/#breadcrumb","itemListElement":[{"@type":"ListItem","position":1,"name":"Home","item":"https:\/\/wewalk.io\/tr\/"},{"@type":"ListItem","position":2,"name":"\u0130do Kampanya"}]},{"@type":"WebSite","@id":"https:\/\/wewalk.io\/tr\/#website","url":"https:\/\/wewalk.io\/tr\/","name":"WeWALK Smart Cane","description":"Smart Cane for the Visually Impaired","publisher":{"@id":"https:\/\/wewalk.io\/tr\/#organization"},"potentialAction":[{"@type":"SearchAction","target":{"@type":"EntryPoint","urlTemplate":"https:\/\/wewalk.io\/tr\/?s={search_term_string}"},"query-input":{"@type":"PropertyValueSpecification","valueRequired":true,"valueName":"search_term_string"}}],"inLanguage":"tr"},{"@type":"Organization","@id":"https:\/\/wewalk.io\/tr\/#organization","name":"WeWALK Smart Cane","url":"https:\/\/wewalk.io\/tr\/","logo":{"@type":"ImageObject","inLanguage":"tr","@id":"https:\/\/wewalk.io\/tr\/#\/schema\/logo\/image\/","url":"https:\/\/wewalk.io\/wp-content\/uploads\/2020\/08\/logo-white.svg","contentUrl":"https:\/\/wewalk.io\/wp-content\/uploads\/2020\/08\/logo-white.svg","caption":"WeWALK Smart Cane"},"image":{"@id":"https:\/\/wewalk.io\/tr\/#\/schema\/logo\/image\/"},"sameAs":["https:\/\/www.facebook.com\/wewalkio","https:\/\/x.com\/wewalkio","https:\/\/www.instagram.com\/wewalkio\/","https:\/\/www.linkedin.com\/company\/wewalk","https:\/\/www.youtube.com\/channel\/UC_VH-4cZcAfcIObUPsMISyw"]}]}},"jetpack_sharing_enabled":true,"_links":{"self":[{"href":"https:\/\/wewalk.io\/tr\/wp-json\/wp\/v2\/pages\/41588","targetHints":{"allow":["GET"]}}],"collection":[{"href":"https:\/\/wewalk.io\/tr\/wp-json\/wp\/v2\/pages"}],"about":[{"href":"https:\/\/wewalk.io\/tr\/wp-json\/wp\/v2\/types\/page"}],"author":[{"embeddable":true,"href":"https:\/\/wewalk.io\/tr\/wp-json\/wp\/v2\/users\/16"}],"replies":[{"embeddable":true,"href":"https:\/\/wewalk.io\/tr\/wp-json\/wp\/v2\/comments?post=41588"}],"version-history":[{"count":0,"href":"https:\/\/wewalk.io\/tr\/wp-json\/wp\/v2\/pages\/41588\/revisions"}],"wp:attachment":[{"href":"https:\/\/wewalk.io\/tr\/wp-json\/wp\/v2\/media?parent=41588"}],"curies":[{"name":"wp","href":"https:\/\/api.w.org\/{rel}","templated":true}]}}