
{"id":41806,"date":"2025-07-08T07:43:58","date_gmt":"2025-07-08T07:43:58","guid":{"rendered":"https:\/\/wewalk.io\/?page_id=41806"},"modified":"2025-12-02T12:41:35","modified_gmt":"2025-12-02T12:41:35","slug":"the-land-of-legends-shopping-avenue-ucretsiz-danis","status":"publish","type":"page","link":"https:\/\/wewalk.io\/tr\/the-land-of-legends-shopping-avenue-ucretsiz-danis\/","title":{"rendered":"Land Of Legends AVM \u00dccretsiz Dan\u0131s"},"content":{"rendered":"\t\t<div data-elementor-type=\"wp-page\" data-elementor-id=\"41806\" class=\"elementor elementor-41806\" data-elementor-post-type=\"page\">\n\t\t\t\t<div class=\"elementor-element elementor-element-31f82f8 e-flex e-con-boxed e-con e-parent\" data-id=\"31f82f8\" data-element_type=\"container\" data-e-type=\"container\" data-settings=\"{&quot;background_background&quot;:&quot;classic&quot;}\">\n\t\t\t\t\t<div class=\"e-con-inner\">\n\t\t<div class=\"elementor-element elementor-element-47094be e-flex e-con-boxed e-con e-child\" data-id=\"47094be\" data-element_type=\"container\" data-e-type=\"container\">\n\t\t\t\t\t<div class=\"e-con-inner\">\n\t\t\t\t<div class=\"elementor-element elementor-element-d9ac642 elementor-widget elementor-widget-image\" data-id=\"d9ac642\" data-element_type=\"widget\" data-e-type=\"widget\" data-widget_type=\"image.default\">\n\t\t\t\t<div class=\"elementor-widget-container\">\n\t\t\t\t\t\t\t\t\t\t\t\t\t\t\t<img decoding=\"async\" src=\"https:\/\/wewalk.io\/wp-content\/uploads\/elementor\/thumbs\/THELANDOFLEGENDS_LOGOAMBLEM_WHITE_2-rgg7bruvwiu0nromrlohy07fxrem8abbp65ft3whxs.png\" title=\"THELANDOFLEGENDS_LOGO&#038;AMBLEM_WHITE_2\" alt=\"THELANDOFLEGENDS_LOGO&amp;AMBLEM_WHITE_2\" loading=\"lazy\" \/>\t\t\t\t\t\t\t\t\t\t\t\t\t\t\t<\/div>\n\t\t\t\t<\/div>\n\t\t\t\t<div class=\"elementor-element elementor-element-c33b7ef elementor-widget elementor-widget-spacer\" data-id=\"c33b7ef\" data-element_type=\"widget\" data-e-type=\"widget\" data-widget_type=\"spacer.default\">\n\t\t\t\t<div class=\"elementor-widget-container\">\n\t\t\t\t\t\t\t<div class=\"elementor-spacer\">\n\t\t\t<div class=\"elementor-spacer-inner\"><\/div>\n\t\t<\/div>\n\t\t\t\t\t\t<\/div>\n\t\t\t\t<\/div>\n\t\t\t\t<div class=\"elementor-element elementor-element-1ade10d elementor-widget__width-initial elementor-widget elementor-widget-heading\" data-id=\"1ade10d\" data-element_type=\"widget\" data-e-type=\"widget\" data-widget_type=\"heading.default\">\n\t\t\t\t<div class=\"elementor-widget-container\">\n\t\t\t\t\t<h2 class=\"elementor-heading-title elementor-size-default\">The Land of Legends Shopping Avenue'da DANI\u015e g\u00f6r\u00fcnt\u00fcl\u00fc g\u00f6r\u00fc\u015fme servisi \u00fccretsiz! Eri\u015filebilir Al\u0131\u015fveri\u015f Deneyimi Ba\u015flad\u0131!<\/h2>\t\t\t\t<\/div>\n\t\t\t\t<\/div>\n\t\t\t\t\t<\/div>\n\t\t\t\t<\/div>\n\t\t\t\t\t<\/div>\n\t\t\t\t<\/div>\n\t\t<div class=\"elementor-element elementor-element-bb4782c e-flex e-con-boxed e-con e-parent\" data-id=\"bb4782c\" data-element_type=\"container\" data-e-type=\"container\">\n\t\t\t\t\t<div class=\"e-con-inner\">\n\t\t\t\t<div class=\"elementor-element elementor-element-0cd6fcc elementor-widget elementor-widget-heading\" data-id=\"0cd6fcc\" data-element_type=\"widget\" data-e-type=\"widget\" data-widget_type=\"heading.default\">\n\t\t\t\t<div class=\"elementor-widget-container\">\n\t\t\t\t\t<h2 class=\"elementor-heading-title elementor-size-default\">Antalya\u2019n\u0131n en b\u00fcy\u00fck al\u0131\u015fveri\u015f merkezlerinden biri olan The Land of Legends Shopping Avenue ile yapt\u0131\u011f\u0131m\u0131z i\u015f birli\u011fi ile, al\u0131\u015fveri\u015fin eri\u015filebilirlikle bulu\u015ftu\u011fu yepyeni bir deneyim ba\u015flad\u0131! Ziyaret\u00e7ilere yol tarifinden ma\u011faza bilgilerine kadar pek \u00e7ok konuda destek olan profesyonel g\u00f6r\u00fcnt\u00fcl\u00fc asistan hizmeti DANI\u015e art\u0131k burada!<\/h2>\t\t\t\t<\/div>\n\t\t\t\t<\/div>\n\t\t\t\t<div class=\"elementor-element elementor-element-04120b4 elementor-widget elementor-widget-text-editor\" data-id=\"04120b4\" data-element_type=\"widget\" data-e-type=\"widget\" data-widget_type=\"text-editor.default\">\n\t\t\t\t<div class=\"elementor-widget-container\">\n\t\t\t\t\t\t\t\t\t<p>The Land of Legends i\u00e7in \u00dccretsiz G\u00f6rsel Destek Alabilece\u011finiz Alanlar:<\/p>\t\t\t\t\t\t\t\t<\/div>\n\t\t\t\t<\/div>\n\t\t\t\t<div class=\"elementor-element elementor-element-bf4a599 elementor-icon-list--layout-traditional elementor-list-item-link-full_width elementor-widget elementor-widget-icon-list\" data-id=\"bf4a599\" data-element_type=\"widget\" data-e-type=\"widget\" data-widget_type=\"icon-list.default\">\n\t\t\t\t<div class=\"elementor-widget-container\">\n\t\t\t\t\t\t\t<ul class=\"elementor-icon-list-items\">\n\t\t\t\t\t\t\t<li class=\"elementor-icon-list-item\">\n\t\t\t\t\t\t\t\t\t\t\t<span class=\"elementor-icon-list-icon\">\n\t\t\t\t\t\t\t<svg xmlns=\"http:\/\/www.w3.org\/2000\/svg\" width=\"25\" height=\"26\" viewBox=\"0 0 25 26\" fill=\"none\"><g id=\"Group\"><path id=\"Vector\" opacity=\"0.2\" d=\"M25 12.7944C25 15.2667 24.2669 17.6834 22.8934 19.7391C21.5199 21.7947 19.5676 23.3968 17.2835 24.3429C14.9995 25.289 12.4861 25.5366 10.0614 25.0543C7.63661 24.5719 5.40933 23.3814 3.66117 21.6333C1.91301 19.8851 0.722505 17.6578 0.24019 15.2331C-0.242126 12.8083 0.00541607 10.295 0.951511 8.01089C1.89761 5.72681 3.49976 3.77458 5.55538 2.40106C7.61099 1.02755 10.0277 0.294434 12.5 0.294434C15.8152 0.294434 18.9946 1.61139 21.3388 3.9556C23.683 6.2998 25 9.47923 25 12.7944Z\" fill=\"#F7C043\"><\/path><path id=\"Vector_2\" d=\"M15.625 12.7947C15.625 13.4127 15.4417 14.0169 15.0983 14.5308C14.755 15.0447 14.2669 15.4453 13.6959 15.6818C13.1249 15.9183 12.4965 15.9802 11.8903 15.8596C11.2842 15.7391 10.7273 15.4414 10.2903 15.0044C9.85325 14.5673 9.55563 14.0105 9.43505 13.4043C9.31447 12.7981 9.37635 12.1698 9.61288 11.5988C9.8494 11.0278 10.2499 10.5397 10.7638 10.1963C11.2777 9.85295 11.8819 9.66968 12.5 9.66968C13.3288 9.66968 14.1237 9.99892 14.7097 10.585C15.2958 11.171 15.625 11.9659 15.625 12.7947Z\" fill=\"#F7C043\"><\/path><\/g><\/svg>\t\t\t\t\t\t<\/span>\n\t\t\t\t\t\t\t\t\t\t<span class=\"elementor-icon-list-text\">Ula\u015f\u0131m Y\u00f6nlendirmesi: The Land of Legends\u2019a ula\u015f\u0131rken canl\u0131 konum takibi ile ad\u0131m ad\u0131m navigasyon deste\u011fi alabilirsiniz.<\/span>\n\t\t\t\t\t\t\t\t\t<\/li>\n\t\t\t\t\t\t\t\t<li class=\"elementor-icon-list-item\">\n\t\t\t\t\t\t\t\t\t\t\t<span class=\"elementor-icon-list-icon\">\n\t\t\t\t\t\t\t<svg xmlns=\"http:\/\/www.w3.org\/2000\/svg\" width=\"25\" height=\"26\" viewBox=\"0 0 25 26\" fill=\"none\"><g id=\"Group\"><path id=\"Vector\" opacity=\"0.2\" d=\"M25 12.7944C25 15.2667 24.2669 17.6834 22.8934 19.7391C21.5199 21.7947 19.5676 23.3968 17.2835 24.3429C14.9995 25.289 12.4861 25.5366 10.0614 25.0543C7.63661 24.5719 5.40933 23.3814 3.66117 21.6333C1.91301 19.8851 0.722505 17.6578 0.24019 15.2331C-0.242126 12.8083 0.00541607 10.295 0.951511 8.01089C1.89761 5.72681 3.49976 3.77458 5.55538 2.40106C7.61099 1.02755 10.0277 0.294434 12.5 0.294434C15.8152 0.294434 18.9946 1.61139 21.3388 3.9556C23.683 6.2998 25 9.47923 25 12.7944Z\" fill=\"#F7C043\"><\/path><path id=\"Vector_2\" d=\"M15.625 12.7947C15.625 13.4127 15.4417 14.0169 15.0983 14.5308C14.755 15.0447 14.2669 15.4453 13.6959 15.6818C13.1249 15.9183 12.4965 15.9802 11.8903 15.8596C11.2842 15.7391 10.7273 15.4414 10.2903 15.0044C9.85325 14.5673 9.55563 14.0105 9.43505 13.4043C9.31447 12.7981 9.37635 12.1698 9.61288 11.5988C9.8494 11.0278 10.2499 10.5397 10.7638 10.1963C11.2777 9.85295 11.8819 9.66968 12.5 9.66968C13.3288 9.66968 14.1237 9.99892 14.7097 10.585C15.2958 11.171 15.625 11.9659 15.625 12.7947Z\" fill=\"#F7C043\"><\/path><\/g><\/svg>\t\t\t\t\t\t<\/span>\n\t\t\t\t\t\t\t\t\t\t<span class=\"elementor-icon-list-text\">Ma\u011faza ve Reyon Bilgilendirmesi: Arad\u0131\u011f\u0131n\u0131z ma\u011fazay\u0131 kolayca bulabilir, i\u00e7erideki reyonlara y\u00f6nlendirme alabilirsiniz.<\/span>\n\t\t\t\t\t\t\t\t\t<\/li>\n\t\t\t\t\t\t\t\t<li class=\"elementor-icon-list-item\">\n\t\t\t\t\t\t\t\t\t\t\t<span class=\"elementor-icon-list-icon\">\n\t\t\t\t\t\t\t<svg xmlns=\"http:\/\/www.w3.org\/2000\/svg\" width=\"25\" height=\"26\" viewBox=\"0 0 25 26\" fill=\"none\"><g id=\"Group\"><path id=\"Vector\" opacity=\"0.2\" d=\"M25 12.7944C25 15.2667 24.2669 17.6834 22.8934 19.7391C21.5199 21.7947 19.5676 23.3968 17.2835 24.3429C14.9995 25.289 12.4861 25.5366 10.0614 25.0543C7.63661 24.5719 5.40933 23.3814 3.66117 21.6333C1.91301 19.8851 0.722505 17.6578 0.24019 15.2331C-0.242126 12.8083 0.00541607 10.295 0.951511 8.01089C1.89761 5.72681 3.49976 3.77458 5.55538 2.40106C7.61099 1.02755 10.0277 0.294434 12.5 0.294434C15.8152 0.294434 18.9946 1.61139 21.3388 3.9556C23.683 6.2998 25 9.47923 25 12.7944Z\" fill=\"#F7C043\"><\/path><path id=\"Vector_2\" d=\"M15.625 12.7947C15.625 13.4127 15.4417 14.0169 15.0983 14.5308C14.755 15.0447 14.2669 15.4453 13.6959 15.6818C13.1249 15.9183 12.4965 15.9802 11.8903 15.8596C11.2842 15.7391 10.7273 15.4414 10.2903 15.0044C9.85325 14.5673 9.55563 14.0105 9.43505 13.4043C9.31447 12.7981 9.37635 12.1698 9.61288 11.5988C9.8494 11.0278 10.2499 10.5397 10.7638 10.1963C11.2777 9.85295 11.8819 9.66968 12.5 9.66968C13.3288 9.66968 14.1237 9.99892 14.7097 10.585C15.2958 11.171 15.625 11.9659 15.625 12.7947Z\" fill=\"#F7C043\"><\/path><\/g><\/svg>\t\t\t\t\t\t<\/span>\n\t\t\t\t\t\t\t\t\t\t<span class=\"elementor-icon-list-text\">Ortak Alanlara Eri\u015fim: Tuvalet, ATM, kabin gibi alanlara i\u00e7 mekanda h\u0131zl\u0131 eri\u015fim deste\u011finden faydalanabilirsiniz.<\/span>\n\t\t\t\t\t\t\t\t\t<\/li>\n\t\t\t\t\t\t\t\t<li class=\"elementor-icon-list-item\">\n\t\t\t\t\t\t\t\t\t\t\t<span class=\"elementor-icon-list-icon\">\n\t\t\t\t\t\t\t<svg xmlns=\"http:\/\/www.w3.org\/2000\/svg\" width=\"25\" height=\"26\" viewBox=\"0 0 25 26\" fill=\"none\"><g id=\"Group\"><path id=\"Vector\" opacity=\"0.2\" d=\"M25 12.7944C25 15.2667 24.2669 17.6834 22.8934 19.7391C21.5199 21.7947 19.5676 23.3968 17.2835 24.3429C14.9995 25.289 12.4861 25.5366 10.0614 25.0543C7.63661 24.5719 5.40933 23.3814 3.66117 21.6333C1.91301 19.8851 0.722505 17.6578 0.24019 15.2331C-0.242126 12.8083 0.00541607 10.295 0.951511 8.01089C1.89761 5.72681 3.49976 3.77458 5.55538 2.40106C7.61099 1.02755 10.0277 0.294434 12.5 0.294434C15.8152 0.294434 18.9946 1.61139 21.3388 3.9556C23.683 6.2998 25 9.47923 25 12.7944Z\" fill=\"#F7C043\"><\/path><path id=\"Vector_2\" d=\"M15.625 12.7947C15.625 13.4127 15.4417 14.0169 15.0983 14.5308C14.755 15.0447 14.2669 15.4453 13.6959 15.6818C13.1249 15.9183 12.4965 15.9802 11.8903 15.8596C11.2842 15.7391 10.7273 15.4414 10.2903 15.0044C9.85325 14.5673 9.55563 14.0105 9.43505 13.4043C9.31447 12.7981 9.37635 12.1698 9.61288 11.5988C9.8494 11.0278 10.2499 10.5397 10.7638 10.1963C11.2777 9.85295 11.8819 9.66968 12.5 9.66968C13.3288 9.66968 14.1237 9.99892 14.7097 10.585C15.2958 11.171 15.625 11.9659 15.625 12.7947Z\" fill=\"#F7C043\"><\/path><\/g><\/svg>\t\t\t\t\t\t<\/span>\n\t\t\t\t\t\t\t\t\t\t<span class=\"elementor-icon-list-text\">Etkinlik Bilgisi ve Betimleme: Shopping Avenue i\u00e7erisinde ger\u00e7ekle\u015fen etkinlikler hakk\u0131nda bilgi ve etkinlik an\u0131nda canl\u0131 betimleme alabilirsiniz.<\/span>\n\t\t\t\t\t\t\t\t\t<\/li>\n\t\t\t\t\t\t\t\t<li class=\"elementor-icon-list-item\">\n\t\t\t\t\t\t\t\t\t\t\t<span class=\"elementor-icon-list-icon\">\n\t\t\t\t\t\t\t<svg xmlns=\"http:\/\/www.w3.org\/2000\/svg\" width=\"25\" height=\"26\" viewBox=\"0 0 25 26\" fill=\"none\"><g id=\"Group\"><path id=\"Vector\" opacity=\"0.2\" d=\"M25 12.7944C25 15.2667 24.2669 17.6834 22.8934 19.7391C21.5199 21.7947 19.5676 23.3968 17.2835 24.3429C14.9995 25.289 12.4861 25.5366 10.0614 25.0543C7.63661 24.5719 5.40933 23.3814 3.66117 21.6333C1.91301 19.8851 0.722505 17.6578 0.24019 15.2331C-0.242126 12.8083 0.00541607 10.295 0.951511 8.01089C1.89761 5.72681 3.49976 3.77458 5.55538 2.40106C7.61099 1.02755 10.0277 0.294434 12.5 0.294434C15.8152 0.294434 18.9946 1.61139 21.3388 3.9556C23.683 6.2998 25 9.47923 25 12.7944Z\" fill=\"#F7C043\"><\/path><path id=\"Vector_2\" d=\"M15.625 12.7947C15.625 13.4127 15.4417 14.0169 15.0983 14.5308C14.755 15.0447 14.2669 15.4453 13.6959 15.6818C13.1249 15.9183 12.4965 15.9802 11.8903 15.8596C11.2842 15.7391 10.7273 15.4414 10.2903 15.0044C9.85325 14.5673 9.55563 14.0105 9.43505 13.4043C9.31447 12.7981 9.37635 12.1698 9.61288 11.5988C9.8494 11.0278 10.2499 10.5397 10.7638 10.1963C11.2777 9.85295 11.8819 9.66968 12.5 9.66968C13.3288 9.66968 14.1237 9.99892 14.7097 10.585C15.2958 11.171 15.625 11.9659 15.625 12.7947Z\" fill=\"#F7C043\"><\/path><\/g><\/svg>\t\t\t\t\t\t<\/span>\n\t\t\t\t\t\t\t\t\t\t<span class=\"elementor-icon-list-text\">G\u00f6rsel Destek: Al\u0131\u015fveri\u015f s\u0131ras\u0131nda \u00fcr\u00fcnleri tan\u0131ma, fiyat ve i\u00e7erik bilgisi alma gibi diledi\u011finiz g\u00f6rsel destek ihtiyac\u0131n\u0131zda da DANI\u015e\u2019tan \u00fccretsiz destek alabilirsiniz.<\/span>\n\t\t\t\t\t\t\t\t\t<\/li>\n\t\t\t\t\t\t<\/ul>\n\t\t\t\t\t\t<\/div>\n\t\t\t\t<\/div>\n\t\t\t\t\t<\/div>\n\t\t\t\t<\/div>\n\t\t<div class=\"elementor-element elementor-element-0c2d95c e-flex e-con-boxed e-con e-parent\" data-id=\"0c2d95c\" data-element_type=\"container\" data-e-type=\"container\" data-settings=\"{&quot;background_background&quot;:&quot;gradient&quot;}\">\n\t\t\t\t\t<div class=\"e-con-inner\">\n\t\t<div class=\"elementor-element elementor-element-e17ea23 e-con-full e-flex e-con e-child\" data-id=\"e17ea23\" data-element_type=\"container\" data-e-type=\"container\" data-settings=\"{&quot;background_background&quot;:&quot;classic&quot;}\">\n\t\t\t\t<div class=\"elementor-element elementor-element-fffec89 elementor-widget elementor-widget-text-editor\" data-id=\"fffec89\" data-element_type=\"widget\" data-e-type=\"widget\" data-widget_type=\"text-editor.default\">\n\t\t\t\t<div class=\"elementor-widget-container\">\n\t\t\t\t\t\t\t\t\t<p class=\"p1\">Al\u0131\u015fveri\u015f keyfinizin eri\u015filebilirlikle bulu\u015ftu\u011fu bu deneyimi ka\u00e7\u0131rmay\u0131n!<\/p><p class=\"p1\">Detayl\u0131 bilgi veya sorular\u0131n\u0131z i\u00e7in: <a href=\"mailto:info@wewalk.io\"><span class=\"s1\">info@wewalk.io<\/span><\/a><\/p>\t\t\t\t\t\t\t\t<\/div>\n\t\t\t\t<\/div>\n\t\t\t\t<\/div>\n\t\t\t\t\t<\/div>\n\t\t\t\t<\/div>\n\t\t<div class=\"elementor-element elementor-element-f8c3e6f e-flex e-con-boxed e-con e-parent\" data-id=\"f8c3e6f\" data-element_type=\"container\" data-e-type=\"container\">\n\t\t\t\t\t<div class=\"e-con-inner\">\n\t\t\t\t<div class=\"elementor-element elementor-element-9d416b4 elementor-widget elementor-widget-text-editor\" data-id=\"9d416b4\" data-element_type=\"widget\" data-e-type=\"widget\" data-widget_type=\"text-editor.default\">\n\t\t\t\t<div class=\"elementor-widget-container\">\n\t\t\t\t\t\t\t\t\t<p>Bu kampanya 30 Haziran 2026 tarihine kadar ge\u00e7erlidir.<\/p>\t\t\t\t\t\t\t\t<\/div>\n\t\t\t\t<\/div>\n\t\t\t\t\t<\/div>\n\t\t\t\t<\/div>\n\t\t\t\t<\/div>\n\t\t","protected":false},"excerpt":{"rendered":"<p>The Land of Legends Shopping Avenue&#8217;da DANI\u015e g\u00f6r\u00fcnt\u00fcl\u00fc g\u00f6r\u00fc\u015fme servisi \u00fccretsiz! Eri\u015filebilir Al\u0131\u015fveri\u015f Deneyimi Ba\u015flad\u0131! Antalya\u2019n\u0131n en b\u00fcy\u00fck al\u0131\u015fveri\u015f merkezlerinden biri olan The Land of Legends Shopping Avenue ile yapt\u0131\u011f\u0131m\u0131z&hellip;<\/p>\n","protected":false},"author":16,"featured_media":0,"parent":0,"menu_order":0,"comment_status":"closed","ping_status":"closed","template":"elementor_header_footer","meta":{"content-type":"","inline_featured_image":false,"footnotes":""},"class_list":["post-41806","page","type-page","status-publish","hentry"],"yoast_head":"<!-- This site is optimized with the Yoast SEO plugin v27.3 - https:\/\/yoast.com\/product\/yoast-seo-wordpress\/ -->\n<title>Land Of Legends AVM \u00dccretsiz Dan\u0131s - WeWALK Smart Cane<\/title>\n<meta name=\"robots\" content=\"index, follow, max-snippet:-1, max-image-preview:large, max-video-preview:-1\" \/>\n<link rel=\"canonical\" href=\"https:\/\/wewalk.io\/tr\/the-land-of-legends-shopping-avenue-ucretsiz-danis\/\" \/>\n<meta property=\"og:locale\" content=\"tr_TR\" \/>\n<meta property=\"og:type\" content=\"article\" \/>\n<meta property=\"og:title\" content=\"Land Of Legends AVM \u00dccretsiz Dan\u0131s - WeWALK Smart Cane\" \/>\n<meta property=\"og:description\" content=\"The Land of Legends Shopping Avenue&#8217;da DANI\u015e g\u00f6r\u00fcnt\u00fcl\u00fc g\u00f6r\u00fc\u015fme servisi \u00fccretsiz! Eri\u015filebilir Al\u0131\u015fveri\u015f Deneyimi Ba\u015flad\u0131! Antalya\u2019n\u0131n en b\u00fcy\u00fck al\u0131\u015fveri\u015f merkezlerinden biri olan The Land of Legends Shopping Avenue ile yapt\u0131\u011f\u0131m\u0131z&hellip;\" \/>\n<meta property=\"og:url\" content=\"https:\/\/wewalk.io\/tr\/the-land-of-legends-shopping-avenue-ucretsiz-danis\/\" \/>\n<meta property=\"og:site_name\" content=\"WeWALK Smart Cane\" \/>\n<meta property=\"article:publisher\" content=\"https:\/\/www.facebook.com\/wewalkio\" \/>\n<meta property=\"article:modified_time\" content=\"2025-12-02T12:41:35+00:00\" \/>\n<meta property=\"og:image\" content=\"https:\/\/wewalk.io\/wp-content\/uploads\/elementor\/thumbs\/THELANDOFLEGENDS_LOGOAMBLEM_WHITE_2-rahfml9sdeqkc5s5s3ekffm4ano20541c83vkn5dcg.png\" \/>\n<meta name=\"twitter:card\" content=\"summary_large_image\" \/>\n<meta name=\"twitter:site\" content=\"@wewalkio\" \/>\n<meta name=\"twitter:label1\" content=\"Tahmini okuma s\u00fcresi\" \/>\n\t<meta name=\"twitter:data1\" content=\"1 dakika\" \/>\n<script type=\"application\/ld+json\" class=\"yoast-schema-graph\">{\"@context\":\"https:\\\/\\\/schema.org\",\"@graph\":[{\"@type\":\"WebPage\",\"@id\":\"https:\\\/\\\/wewalk.io\\\/tr\\\/the-land-of-legends-shopping-avenue-ucretsiz-danis\\\/\",\"url\":\"https:\\\/\\\/wewalk.io\\\/tr\\\/the-land-of-legends-shopping-avenue-ucretsiz-danis\\\/\",\"name\":\"Land Of Legends AVM \u00dccretsiz Dan\u0131s - WeWALK Smart Cane\",\"isPartOf\":{\"@id\":\"https:\\\/\\\/wewalk.io\\\/tr\\\/#website\"},\"primaryImageOfPage\":{\"@id\":\"https:\\\/\\\/wewalk.io\\\/tr\\\/the-land-of-legends-shopping-avenue-ucretsiz-danis\\\/#primaryimage\"},\"image\":{\"@id\":\"https:\\\/\\\/wewalk.io\\\/tr\\\/the-land-of-legends-shopping-avenue-ucretsiz-danis\\\/#primaryimage\"},\"thumbnailUrl\":\"https:\\\/\\\/wewalk.io\\\/wp-content\\\/uploads\\\/elementor\\\/thumbs\\\/THELANDOFLEGENDS_LOGOAMBLEM_WHITE_2-rahfml9sdeqkc5s5s3ekffm4ano20541c83vkn5dcg.png\",\"datePublished\":\"2025-07-08T07:43:58+00:00\",\"dateModified\":\"2025-12-02T12:41:35+00:00\",\"breadcrumb\":{\"@id\":\"https:\\\/\\\/wewalk.io\\\/tr\\\/the-land-of-legends-shopping-avenue-ucretsiz-danis\\\/#breadcrumb\"},\"inLanguage\":\"tr\",\"potentialAction\":[{\"@type\":\"ReadAction\",\"target\":[\"https:\\\/\\\/wewalk.io\\\/tr\\\/the-land-of-legends-shopping-avenue-ucretsiz-danis\\\/\"]}]},{\"@type\":\"ImageObject\",\"inLanguage\":\"tr\",\"@id\":\"https:\\\/\\\/wewalk.io\\\/tr\\\/the-land-of-legends-shopping-avenue-ucretsiz-danis\\\/#primaryimage\",\"url\":\"https:\\\/\\\/wewalk.io\\\/wp-content\\\/uploads\\\/elementor\\\/thumbs\\\/THELANDOFLEGENDS_LOGOAMBLEM_WHITE_2-rahfml9sdeqkc5s5s3ekffm4ano20541c83vkn5dcg.png\",\"contentUrl\":\"https:\\\/\\\/wewalk.io\\\/wp-content\\\/uploads\\\/elementor\\\/thumbs\\\/THELANDOFLEGENDS_LOGOAMBLEM_WHITE_2-rahfml9sdeqkc5s5s3ekffm4ano20541c83vkn5dcg.png\"},{\"@type\":\"BreadcrumbList\",\"@id\":\"https:\\\/\\\/wewalk.io\\\/tr\\\/the-land-of-legends-shopping-avenue-ucretsiz-danis\\\/#breadcrumb\",\"itemListElement\":[{\"@type\":\"ListItem\",\"position\":1,\"name\":\"Home\",\"item\":\"https:\\\/\\\/wewalk.io\\\/tr\\\/\"},{\"@type\":\"ListItem\",\"position\":2,\"name\":\"Land Of Legends AVM \u00dccretsiz Dan\u0131s\"}]},{\"@type\":\"WebSite\",\"@id\":\"https:\\\/\\\/wewalk.io\\\/tr\\\/#website\",\"url\":\"https:\\\/\\\/wewalk.io\\\/tr\\\/\",\"name\":\"WeWALK Smart Cane\",\"description\":\"Smart Cane for the Visually Impaired\",\"publisher\":{\"@id\":\"https:\\\/\\\/wewalk.io\\\/tr\\\/#organization\"},\"potentialAction\":[{\"@type\":\"SearchAction\",\"target\":{\"@type\":\"EntryPoint\",\"urlTemplate\":\"https:\\\/\\\/wewalk.io\\\/tr\\\/?s={search_term_string}\"},\"query-input\":{\"@type\":\"PropertyValueSpecification\",\"valueRequired\":true,\"valueName\":\"search_term_string\"}}],\"inLanguage\":\"tr\"},{\"@type\":\"Organization\",\"@id\":\"https:\\\/\\\/wewalk.io\\\/tr\\\/#organization\",\"name\":\"WeWALK Smart Cane\",\"url\":\"https:\\\/\\\/wewalk.io\\\/tr\\\/\",\"logo\":{\"@type\":\"ImageObject\",\"inLanguage\":\"tr\",\"@id\":\"https:\\\/\\\/wewalk.io\\\/tr\\\/#\\\/schema\\\/logo\\\/image\\\/\",\"url\":\"https:\\\/\\\/wewalk.io\\\/wp-content\\\/uploads\\\/2020\\\/08\\\/logo-white.svg\",\"contentUrl\":\"https:\\\/\\\/wewalk.io\\\/wp-content\\\/uploads\\\/2020\\\/08\\\/logo-white.svg\",\"caption\":\"WeWALK Smart Cane\"},\"image\":{\"@id\":\"https:\\\/\\\/wewalk.io\\\/tr\\\/#\\\/schema\\\/logo\\\/image\\\/\"},\"sameAs\":[\"https:\\\/\\\/www.facebook.com\\\/wewalkio\",\"https:\\\/\\\/x.com\\\/wewalkio\",\"https:\\\/\\\/www.instagram.com\\\/wewalkio\\\/\",\"https:\\\/\\\/www.linkedin.com\\\/company\\\/wewalk\",\"https:\\\/\\\/www.youtube.com\\\/channel\\\/UC_VH-4cZcAfcIObUPsMISyw\"]}]}<\/script>\n<!-- \/ Yoast SEO plugin. -->","yoast_head_json":{"title":"Land Of Legends AVM \u00dccretsiz Dan\u0131s - WeWALK Smart Cane","robots":{"index":"index","follow":"follow","max-snippet":"max-snippet:-1","max-image-preview":"max-image-preview:large","max-video-preview":"max-video-preview:-1"},"canonical":"https:\/\/wewalk.io\/tr\/the-land-of-legends-shopping-avenue-ucretsiz-danis\/","og_locale":"tr_TR","og_type":"article","og_title":"Land Of Legends AVM \u00dccretsiz Dan\u0131s - WeWALK Smart Cane","og_description":"The Land of Legends Shopping Avenue&#8217;da DANI\u015e g\u00f6r\u00fcnt\u00fcl\u00fc g\u00f6r\u00fc\u015fme servisi \u00fccretsiz! Eri\u015filebilir Al\u0131\u015fveri\u015f Deneyimi Ba\u015flad\u0131! Antalya\u2019n\u0131n en b\u00fcy\u00fck al\u0131\u015fveri\u015f merkezlerinden biri olan The Land of Legends Shopping Avenue ile yapt\u0131\u011f\u0131m\u0131z&hellip;","og_url":"https:\/\/wewalk.io\/tr\/the-land-of-legends-shopping-avenue-ucretsiz-danis\/","og_site_name":"WeWALK Smart Cane","article_publisher":"https:\/\/www.facebook.com\/wewalkio","article_modified_time":"2025-12-02T12:41:35+00:00","og_image":[{"url":"https:\/\/wewalk.io\/wp-content\/uploads\/elementor\/thumbs\/THELANDOFLEGENDS_LOGOAMBLEM_WHITE_2-rahfml9sdeqkc5s5s3ekffm4ano20541c83vkn5dcg.png","type":"","width":"","height":""}],"twitter_card":"summary_large_image","twitter_site":"@wewalkio","twitter_misc":{"Tahmini okuma s\u00fcresi":"1 dakika"},"schema":{"@context":"https:\/\/schema.org","@graph":[{"@type":"WebPage","@id":"https:\/\/wewalk.io\/tr\/the-land-of-legends-shopping-avenue-ucretsiz-danis\/","url":"https:\/\/wewalk.io\/tr\/the-land-of-legends-shopping-avenue-ucretsiz-danis\/","name":"Land Of Legends AVM \u00dccretsiz Dan\u0131s - WeWALK Smart Cane","isPartOf":{"@id":"https:\/\/wewalk.io\/tr\/#website"},"primaryImageOfPage":{"@id":"https:\/\/wewalk.io\/tr\/the-land-of-legends-shopping-avenue-ucretsiz-danis\/#primaryimage"},"image":{"@id":"https:\/\/wewalk.io\/tr\/the-land-of-legends-shopping-avenue-ucretsiz-danis\/#primaryimage"},"thumbnailUrl":"https:\/\/wewalk.io\/wp-content\/uploads\/elementor\/thumbs\/THELANDOFLEGENDS_LOGOAMBLEM_WHITE_2-rahfml9sdeqkc5s5s3ekffm4ano20541c83vkn5dcg.png","datePublished":"2025-07-08T07:43:58+00:00","dateModified":"2025-12-02T12:41:35+00:00","breadcrumb":{"@id":"https:\/\/wewalk.io\/tr\/the-land-of-legends-shopping-avenue-ucretsiz-danis\/#breadcrumb"},"inLanguage":"tr","potentialAction":[{"@type":"ReadAction","target":["https:\/\/wewalk.io\/tr\/the-land-of-legends-shopping-avenue-ucretsiz-danis\/"]}]},{"@type":"ImageObject","inLanguage":"tr","@id":"https:\/\/wewalk.io\/tr\/the-land-of-legends-shopping-avenue-ucretsiz-danis\/#primaryimage","url":"https:\/\/wewalk.io\/wp-content\/uploads\/elementor\/thumbs\/THELANDOFLEGENDS_LOGOAMBLEM_WHITE_2-rahfml9sdeqkc5s5s3ekffm4ano20541c83vkn5dcg.png","contentUrl":"https:\/\/wewalk.io\/wp-content\/uploads\/elementor\/thumbs\/THELANDOFLEGENDS_LOGOAMBLEM_WHITE_2-rahfml9sdeqkc5s5s3ekffm4ano20541c83vkn5dcg.png"},{"@type":"BreadcrumbList","@id":"https:\/\/wewalk.io\/tr\/the-land-of-legends-shopping-avenue-ucretsiz-danis\/#breadcrumb","itemListElement":[{"@type":"ListItem","position":1,"name":"Home","item":"https:\/\/wewalk.io\/tr\/"},{"@type":"ListItem","position":2,"name":"Land Of Legends AVM \u00dccretsiz Dan\u0131s"}]},{"@type":"WebSite","@id":"https:\/\/wewalk.io\/tr\/#website","url":"https:\/\/wewalk.io\/tr\/","name":"WeWALK Smart Cane","description":"Smart Cane for the Visually Impaired","publisher":{"@id":"https:\/\/wewalk.io\/tr\/#organization"},"potentialAction":[{"@type":"SearchAction","target":{"@type":"EntryPoint","urlTemplate":"https:\/\/wewalk.io\/tr\/?s={search_term_string}"},"query-input":{"@type":"PropertyValueSpecification","valueRequired":true,"valueName":"search_term_string"}}],"inLanguage":"tr"},{"@type":"Organization","@id":"https:\/\/wewalk.io\/tr\/#organization","name":"WeWALK Smart Cane","url":"https:\/\/wewalk.io\/tr\/","logo":{"@type":"ImageObject","inLanguage":"tr","@id":"https:\/\/wewalk.io\/tr\/#\/schema\/logo\/image\/","url":"https:\/\/wewalk.io\/wp-content\/uploads\/2020\/08\/logo-white.svg","contentUrl":"https:\/\/wewalk.io\/wp-content\/uploads\/2020\/08\/logo-white.svg","caption":"WeWALK Smart Cane"},"image":{"@id":"https:\/\/wewalk.io\/tr\/#\/schema\/logo\/image\/"},"sameAs":["https:\/\/www.facebook.com\/wewalkio","https:\/\/x.com\/wewalkio","https:\/\/www.instagram.com\/wewalkio\/","https:\/\/www.linkedin.com\/company\/wewalk","https:\/\/www.youtube.com\/channel\/UC_VH-4cZcAfcIObUPsMISyw"]}]}},"jetpack_sharing_enabled":true,"_links":{"self":[{"href":"https:\/\/wewalk.io\/tr\/wp-json\/wp\/v2\/pages\/41806","targetHints":{"allow":["GET"]}}],"collection":[{"href":"https:\/\/wewalk.io\/tr\/wp-json\/wp\/v2\/pages"}],"about":[{"href":"https:\/\/wewalk.io\/tr\/wp-json\/wp\/v2\/types\/page"}],"author":[{"embeddable":true,"href":"https:\/\/wewalk.io\/tr\/wp-json\/wp\/v2\/users\/16"}],"replies":[{"embeddable":true,"href":"https:\/\/wewalk.io\/tr\/wp-json\/wp\/v2\/comments?post=41806"}],"version-history":[{"count":0,"href":"https:\/\/wewalk.io\/tr\/wp-json\/wp\/v2\/pages\/41806\/revisions"}],"wp:attachment":[{"href":"https:\/\/wewalk.io\/tr\/wp-json\/wp\/v2\/media?parent=41806"}],"curies":[{"name":"wp","href":"https:\/\/api.w.org\/{rel}","templated":true}]}}