
{"id":42273,"date":"2025-08-22T11:16:43","date_gmt":"2025-08-22T11:16:43","guid":{"rendered":"https:\/\/wewalk.io\/?page_id=42273"},"modified":"2025-09-01T11:42:10","modified_gmt":"2025-09-01T11:42:10","slug":"yeditepe-universitesi-ucretsiz-danis","status":"publish","type":"page","link":"https:\/\/wewalk.io\/tr\/yeditepe-universitesi-ucretsiz-danis\/","title":{"rendered":"Yeditepe Universitesi \u00dccretsiz Dan\u0131s"},"content":{"rendered":"\t\t<div data-elementor-type=\"wp-page\" data-elementor-id=\"42273\" class=\"elementor elementor-42273\" data-elementor-post-type=\"page\">\n\t\t\t\t<div class=\"elementor-element elementor-element-95bc64c e-flex e-con-boxed e-con e-parent\" data-id=\"95bc64c\" data-element_type=\"container\" data-e-type=\"container\" data-settings=\"{&quot;background_background&quot;:&quot;classic&quot;}\">\n\t\t\t\t\t<div class=\"e-con-inner\">\n\t\t<div class=\"elementor-element elementor-element-6234599 e-flex e-con-boxed e-con e-child\" data-id=\"6234599\" data-element_type=\"container\" data-e-type=\"container\">\n\t\t\t\t\t<div class=\"e-con-inner\">\n\t\t\t\t<div class=\"elementor-element elementor-element-90bda6c elementor-widget elementor-widget-heading\" data-id=\"90bda6c\" data-element_type=\"widget\" data-e-type=\"widget\" data-widget_type=\"heading.default\">\n\t\t\t\t<div class=\"elementor-widget-container\">\n\t\t\t\t\t<h1 class=\"elementor-heading-title elementor-size-default\">DANI\u015e Yeditepe \u00dcniversitesi\u2019nde \u00dccretsiz!<\/h1>\t\t\t\t<\/div>\n\t\t\t\t<\/div>\n\t\t\t\t\t<\/div>\n\t\t\t\t<\/div>\n\t\t\t\t\t<\/div>\n\t\t\t\t<\/div>\n\t\t<div class=\"elementor-element elementor-element-c7fc171 e-flex e-con-boxed e-con e-parent\" data-id=\"c7fc171\" data-element_type=\"container\" data-e-type=\"container\" data-settings=\"{&quot;background_background&quot;:&quot;classic&quot;}\">\n\t\t\t\t\t<div class=\"e-con-inner\">\n\t\t<div class=\"elementor-element elementor-element-6ce6880 e-flex e-con-boxed e-con e-child\" data-id=\"6ce6880\" data-element_type=\"container\" data-e-type=\"container\">\n\t\t\t\t\t<div class=\"e-con-inner\">\n\t\t\t\t<div class=\"elementor-element elementor-element-864b7d3 elementor-widget__width-inherit elementor-widget elementor-widget-heading\" data-id=\"864b7d3\" data-element_type=\"widget\" data-e-type=\"widget\" data-widget_type=\"heading.default\">\n\t\t\t\t<div class=\"elementor-widget-container\">\n\t\t\t\t\t<h2 class=\"elementor-heading-title elementor-size-default\">DANI\u015e Yeditepe \u00dcniversitesi\u2019nde \u00dccretsiz!<\/h2>\t\t\t\t<\/div>\n\t\t\t\t<\/div>\n\t\t<div class=\"elementor-element elementor-element-1109638 e-con-full e-flex e-con e-child\" data-id=\"1109638\" data-element_type=\"container\" data-e-type=\"container\">\n\t\t\t\t<div class=\"elementor-element elementor-element-9cc779b elementor-widget elementor-widget-heading\" data-id=\"9cc779b\" data-element_type=\"widget\" data-e-type=\"widget\" data-widget_type=\"heading.default\">\n\t\t\t\t<div class=\"elementor-widget-container\">\n\t\t\t\t\t<h2 class=\"elementor-heading-title elementor-size-default\">Kamp\u00fcste, derslerde ve \u00fcniversitedeki t\u00fcm g\u00f6rsel destek ihtiya\u00e7lar\u0131n\u0131zda DANI\u015e Profesyonel G\u00f6r\u00fcnt\u00fcl\u00fc Destek Servisi g\u00f6rme engelli \u00f6\u011frencilerin yan\u0131nda!<\/h2>\t\t\t\t<\/div>\n\t\t\t\t<\/div>\n\t\t\t\t<div class=\"elementor-element elementor-element-520b41b elementor-widget elementor-widget-text-editor\" data-id=\"520b41b\" data-element_type=\"widget\" data-e-type=\"widget\" data-widget_type=\"text-editor.default\">\n\t\t\t\t<div class=\"elementor-widget-container\">\n\t\t\t\t\t\t\t\t\t<p class=\"p1\">Yeditepe \u00dcniversitesi\u2019nde \u00dccretsiz G\u00f6rsel Destek Alabilece\u011finiz Alanlar:<\/p>\t\t\t\t\t\t\t\t<\/div>\n\t\t\t\t<\/div>\n\t\t\t\t<div class=\"elementor-element elementor-element-26f59bd elementor-icon-list--layout-traditional elementor-list-item-link-full_width elementor-widget elementor-widget-icon-list\" data-id=\"26f59bd\" data-element_type=\"widget\" data-e-type=\"widget\" data-widget_type=\"icon-list.default\">\n\t\t\t\t<div class=\"elementor-widget-container\">\n\t\t\t\t\t\t\t<ul class=\"elementor-icon-list-items\">\n\t\t\t\t\t\t\t<li class=\"elementor-icon-list-item\">\n\t\t\t\t\t\t\t\t\t\t<span class=\"elementor-icon-list-text\">\ud83d\udc69\ud83c\udffb\u200d\ud83e\uddaf \ud83d\udc68\ud83c\udffb\u200d\ud83e\uddaf Derslere giderken: Yeditepe \u00dcniversitesi\u2019nin kamp\u00fcs giri\u015flerini bulurken, \u00fcniversite i\u00e7erisinde dersliklere giderken navigasyon deste\u011fi alabilir, arad\u0131\u011f\u0131n\u0131z yeri DANI\u015e ile kolayca bulabilirsiniz.<\/span>\n\t\t\t\t\t\t\t\t\t<\/li>\n\t\t\t\t\t\t\t\t<li class=\"elementor-icon-list-item\">\n\t\t\t\t\t\t\t\t\t\t<span class=\"elementor-icon-list-text\">\ud83e\udded Kamp\u00fcs\u00fc ke\u015ffederken: Koskoca bir kamp\u00fcs\u00fc birlikte ke\u015ffedelim! Kamp\u00fcs i\u00e7erisinde fak\u00fcltelere, amfi ve dersliklere, yurtlara DANI\u015e\u2019tan y\u00f6nlendirme alabilirsiniz. DANI\u015e\u2019\u0131n profesyonel asistanlar\u0131 kamp\u00fcs\u00fcn detayl\u0131 haritas\u0131yla sizi ad\u0131m ad\u0131m gidece\u011finiz yer y\u00f6nlendirmek i\u00e7in \u00e7a\u011fr\u0131 ba\u015flatman\u0131z\u0131 bekliyor!<\/span>\n\t\t\t\t\t\t\t\t\t<\/li>\n\t\t\t\t\t\t\t\t<li class=\"elementor-icon-list-item\">\n\t\t\t\t\t\t\t\t\t\t<span class=\"elementor-icon-list-text\">\ud83d\udcda Dersler i\u00e7in g\u00f6rsel destek ihtiya\u00e7lar\u0131n\u0131zda: Eri\u015filebilir olmayan dok\u00fcmanlar, sunumlar zorluk olmas\u0131n. T\u00fcm g\u00f6rsel destek ihtiya\u00e7lar\u0131n\u0131zda DANI\u015e\u2019a ba\u011flanabilirsiniz.<\/span>\n\t\t\t\t\t\t\t\t\t<\/li>\n\t\t\t\t\t\t\t\t<li class=\"elementor-icon-list-item\">\n\t\t\t\t\t\t\t\t\t\t<span class=\"elementor-icon-list-text\">\ud83d\udca1Yeditepe \u00dcniversitesi i\u00e7erisindeki t\u00fcm \u00e7a\u011fr\u0131lar\u0131n\u0131z dakikalar\u0131n\u0131z d\u00fc\u015fmeden \u00fccretsiz ger\u00e7ekle\u015fecektir.<\/span>\n\t\t\t\t\t\t\t\t\t<\/li>\n\t\t\t\t\t\t\t\t<li class=\"elementor-icon-list-item\">\n\t\t\t\t\t\t\t\t\t\t\t<a href=\"https:\/\/docs.google.com\/forms\/d\/e\/1FAIpQLSfGPUVArszlejdQSWem_p43MsbGbeNY0A3Gkqe3eECSoSqJoA\/viewform\">\n\n\t\t\t\t\t\t\t\t\t\t\t<span class=\"elementor-icon-list-text\">Otuz dakikadan uzun s\u00fcrecek \u00e7a\u011fr\u0131lar\u0131n\u0131z i\u00e7in bu linkten rezervasyon yapmay\u0131 unutmay\u0131n!<\/span>\n\t\t\t\t\t\t\t\t\t\t\t<\/a>\n\t\t\t\t\t\t\t\t\t<\/li>\n\t\t\t\t\t\t<\/ul>\n\t\t\t\t\t\t<\/div>\n\t\t\t\t<\/div>\n\t\t\t\t<div class=\"elementor-element elementor-element-19c887f elementor-widget elementor-widget-text-editor\" data-id=\"19c887f\" data-element_type=\"widget\" data-e-type=\"widget\" data-widget_type=\"text-editor.default\">\n\t\t\t\t<div class=\"elementor-widget-container\">\n\t\t\t\t\t\t\t\t\t<p class=\"p1\">Bu kampanya 31 Temmuz 2026 tarihine kadar ge\u00e7erlidir.<\/p><p class=\"p1\">Detayl\u0131 bilgi ve sorular\u0131n\u0131z i\u00e7in: <a style=\"text-decoration: underline;\" href=\"mailto:info@wewalk.io\"><span class=\"s1\">info@wewalk.io<\/span><\/a><\/p>\t\t\t\t\t\t\t\t<\/div>\n\t\t\t\t<\/div>\n\t\t\t\t<\/div>\n\t\t\t\t\t<\/div>\n\t\t\t\t<\/div>\n\t\t\t\t\t<\/div>\n\t\t\t\t<\/div>\n\t\t\t\t<\/div>\n\t\t","protected":false},"excerpt":{"rendered":"<p>DANI\u015e Yeditepe \u00dcniversitesi\u2019nde \u00dccretsiz! DANI\u015e Yeditepe \u00dcniversitesi\u2019nde \u00dccretsiz! Kamp\u00fcste, derslerde ve \u00fcniversitedeki t\u00fcm g\u00f6rsel destek ihtiya\u00e7lar\u0131n\u0131zda DANI\u015e Profesyonel G\u00f6r\u00fcnt\u00fcl\u00fc Destek Servisi g\u00f6rme engelli \u00f6\u011frencilerin yan\u0131nda! Yeditepe \u00dcniversitesi\u2019nde \u00dccretsiz G\u00f6rsel Destek&hellip;<\/p>\n","protected":false},"author":16,"featured_media":0,"parent":0,"menu_order":0,"comment_status":"closed","ping_status":"closed","template":"","meta":{"inline_featured_image":false,"footnotes":""},"class_list":["post-42273","page","type-page","status-publish","hentry"],"yoast_head":"<!-- This site is optimized with the Yoast SEO plugin v27.3 - https:\/\/yoast.com\/product\/yoast-seo-wordpress\/ -->\n<title>Yeditepe Universitesi \u00dccretsiz Dan\u0131s - WeWALK Smart Cane<\/title>\n<meta name=\"robots\" content=\"index, follow, max-snippet:-1, max-image-preview:large, max-video-preview:-1\" \/>\n<link rel=\"canonical\" href=\"https:\/\/wewalk.io\/tr\/yeditepe-universitesi-ucretsiz-danis\/\" \/>\n<meta property=\"og:locale\" content=\"tr_TR\" \/>\n<meta property=\"og:type\" content=\"article\" \/>\n<meta property=\"og:title\" content=\"Yeditepe Universitesi \u00dccretsiz Dan\u0131s - WeWALK Smart Cane\" \/>\n<meta property=\"og:description\" content=\"DANI\u015e Yeditepe \u00dcniversitesi\u2019nde \u00dccretsiz! DANI\u015e Yeditepe \u00dcniversitesi\u2019nde \u00dccretsiz! Kamp\u00fcste, derslerde ve \u00fcniversitedeki t\u00fcm g\u00f6rsel destek ihtiya\u00e7lar\u0131n\u0131zda DANI\u015e Profesyonel G\u00f6r\u00fcnt\u00fcl\u00fc Destek Servisi g\u00f6rme engelli \u00f6\u011frencilerin yan\u0131nda! Yeditepe \u00dcniversitesi\u2019nde \u00dccretsiz G\u00f6rsel Destek&hellip;\" \/>\n<meta property=\"og:url\" content=\"https:\/\/wewalk.io\/tr\/yeditepe-universitesi-ucretsiz-danis\/\" \/>\n<meta property=\"og:site_name\" content=\"WeWALK Smart Cane\" \/>\n<meta property=\"article:publisher\" content=\"https:\/\/www.facebook.com\/wewalkio\" \/>\n<meta property=\"article:modified_time\" content=\"2025-09-01T11:42:10+00:00\" \/>\n<meta name=\"twitter:card\" content=\"summary_large_image\" \/>\n<meta name=\"twitter:site\" content=\"@wewalkio\" \/>\n<meta name=\"twitter:label1\" content=\"Tahmini okuma s\u00fcresi\" \/>\n\t<meta name=\"twitter:data1\" content=\"2 dakika\" \/>\n<script type=\"application\/ld+json\" class=\"yoast-schema-graph\">{\"@context\":\"https:\\\/\\\/schema.org\",\"@graph\":[{\"@type\":\"WebPage\",\"@id\":\"https:\\\/\\\/wewalk.io\\\/tr\\\/yeditepe-universitesi-ucretsiz-danis\\\/\",\"url\":\"https:\\\/\\\/wewalk.io\\\/tr\\\/yeditepe-universitesi-ucretsiz-danis\\\/\",\"name\":\"Yeditepe Universitesi \u00dccretsiz Dan\u0131s - WeWALK Smart Cane\",\"isPartOf\":{\"@id\":\"https:\\\/\\\/wewalk.io\\\/tr\\\/#website\"},\"datePublished\":\"2025-08-22T11:16:43+00:00\",\"dateModified\":\"2025-09-01T11:42:10+00:00\",\"breadcrumb\":{\"@id\":\"https:\\\/\\\/wewalk.io\\\/tr\\\/yeditepe-universitesi-ucretsiz-danis\\\/#breadcrumb\"},\"inLanguage\":\"tr\",\"potentialAction\":[{\"@type\":\"ReadAction\",\"target\":[\"https:\\\/\\\/wewalk.io\\\/tr\\\/yeditepe-universitesi-ucretsiz-danis\\\/\"]}]},{\"@type\":\"BreadcrumbList\",\"@id\":\"https:\\\/\\\/wewalk.io\\\/tr\\\/yeditepe-universitesi-ucretsiz-danis\\\/#breadcrumb\",\"itemListElement\":[{\"@type\":\"ListItem\",\"position\":1,\"name\":\"Home\",\"item\":\"https:\\\/\\\/wewalk.io\\\/tr\\\/\"},{\"@type\":\"ListItem\",\"position\":2,\"name\":\"Yeditepe Universitesi \u00dccretsiz Dan\u0131s\"}]},{\"@type\":\"WebSite\",\"@id\":\"https:\\\/\\\/wewalk.io\\\/tr\\\/#website\",\"url\":\"https:\\\/\\\/wewalk.io\\\/tr\\\/\",\"name\":\"WeWALK Smart Cane\",\"description\":\"Smart Cane for the Visually Impaired\",\"publisher\":{\"@id\":\"https:\\\/\\\/wewalk.io\\\/tr\\\/#organization\"},\"potentialAction\":[{\"@type\":\"SearchAction\",\"target\":{\"@type\":\"EntryPoint\",\"urlTemplate\":\"https:\\\/\\\/wewalk.io\\\/tr\\\/?s={search_term_string}\"},\"query-input\":{\"@type\":\"PropertyValueSpecification\",\"valueRequired\":true,\"valueName\":\"search_term_string\"}}],\"inLanguage\":\"tr\"},{\"@type\":\"Organization\",\"@id\":\"https:\\\/\\\/wewalk.io\\\/tr\\\/#organization\",\"name\":\"WeWALK Smart Cane\",\"url\":\"https:\\\/\\\/wewalk.io\\\/tr\\\/\",\"logo\":{\"@type\":\"ImageObject\",\"inLanguage\":\"tr\",\"@id\":\"https:\\\/\\\/wewalk.io\\\/tr\\\/#\\\/schema\\\/logo\\\/image\\\/\",\"url\":\"https:\\\/\\\/wewalk.io\\\/wp-content\\\/uploads\\\/2020\\\/08\\\/logo-white.svg\",\"contentUrl\":\"https:\\\/\\\/wewalk.io\\\/wp-content\\\/uploads\\\/2020\\\/08\\\/logo-white.svg\",\"caption\":\"WeWALK Smart Cane\"},\"image\":{\"@id\":\"https:\\\/\\\/wewalk.io\\\/tr\\\/#\\\/schema\\\/logo\\\/image\\\/\"},\"sameAs\":[\"https:\\\/\\\/www.facebook.com\\\/wewalkio\",\"https:\\\/\\\/x.com\\\/wewalkio\",\"https:\\\/\\\/www.instagram.com\\\/wewalkio\\\/\",\"https:\\\/\\\/www.linkedin.com\\\/company\\\/wewalk\",\"https:\\\/\\\/www.youtube.com\\\/channel\\\/UC_VH-4cZcAfcIObUPsMISyw\"]}]}<\/script>\n<!-- \/ Yoast SEO plugin. -->","yoast_head_json":{"title":"Yeditepe Universitesi \u00dccretsiz Dan\u0131s - WeWALK Smart Cane","robots":{"index":"index","follow":"follow","max-snippet":"max-snippet:-1","max-image-preview":"max-image-preview:large","max-video-preview":"max-video-preview:-1"},"canonical":"https:\/\/wewalk.io\/tr\/yeditepe-universitesi-ucretsiz-danis\/","og_locale":"tr_TR","og_type":"article","og_title":"Yeditepe Universitesi \u00dccretsiz Dan\u0131s - WeWALK Smart Cane","og_description":"DANI\u015e Yeditepe \u00dcniversitesi\u2019nde \u00dccretsiz! DANI\u015e Yeditepe \u00dcniversitesi\u2019nde \u00dccretsiz! Kamp\u00fcste, derslerde ve \u00fcniversitedeki t\u00fcm g\u00f6rsel destek ihtiya\u00e7lar\u0131n\u0131zda DANI\u015e Profesyonel G\u00f6r\u00fcnt\u00fcl\u00fc Destek Servisi g\u00f6rme engelli \u00f6\u011frencilerin yan\u0131nda! Yeditepe \u00dcniversitesi\u2019nde \u00dccretsiz G\u00f6rsel Destek&hellip;","og_url":"https:\/\/wewalk.io\/tr\/yeditepe-universitesi-ucretsiz-danis\/","og_site_name":"WeWALK Smart Cane","article_publisher":"https:\/\/www.facebook.com\/wewalkio","article_modified_time":"2025-09-01T11:42:10+00:00","twitter_card":"summary_large_image","twitter_site":"@wewalkio","twitter_misc":{"Tahmini okuma s\u00fcresi":"2 dakika"},"schema":{"@context":"https:\/\/schema.org","@graph":[{"@type":"WebPage","@id":"https:\/\/wewalk.io\/tr\/yeditepe-universitesi-ucretsiz-danis\/","url":"https:\/\/wewalk.io\/tr\/yeditepe-universitesi-ucretsiz-danis\/","name":"Yeditepe Universitesi \u00dccretsiz Dan\u0131s - WeWALK Smart Cane","isPartOf":{"@id":"https:\/\/wewalk.io\/tr\/#website"},"datePublished":"2025-08-22T11:16:43+00:00","dateModified":"2025-09-01T11:42:10+00:00","breadcrumb":{"@id":"https:\/\/wewalk.io\/tr\/yeditepe-universitesi-ucretsiz-danis\/#breadcrumb"},"inLanguage":"tr","potentialAction":[{"@type":"ReadAction","target":["https:\/\/wewalk.io\/tr\/yeditepe-universitesi-ucretsiz-danis\/"]}]},{"@type":"BreadcrumbList","@id":"https:\/\/wewalk.io\/tr\/yeditepe-universitesi-ucretsiz-danis\/#breadcrumb","itemListElement":[{"@type":"ListItem","position":1,"name":"Home","item":"https:\/\/wewalk.io\/tr\/"},{"@type":"ListItem","position":2,"name":"Yeditepe Universitesi \u00dccretsiz Dan\u0131s"}]},{"@type":"WebSite","@id":"https:\/\/wewalk.io\/tr\/#website","url":"https:\/\/wewalk.io\/tr\/","name":"WeWALK Smart Cane","description":"Smart Cane for the Visually Impaired","publisher":{"@id":"https:\/\/wewalk.io\/tr\/#organization"},"potentialAction":[{"@type":"SearchAction","target":{"@type":"EntryPoint","urlTemplate":"https:\/\/wewalk.io\/tr\/?s={search_term_string}"},"query-input":{"@type":"PropertyValueSpecification","valueRequired":true,"valueName":"search_term_string"}}],"inLanguage":"tr"},{"@type":"Organization","@id":"https:\/\/wewalk.io\/tr\/#organization","name":"WeWALK Smart Cane","url":"https:\/\/wewalk.io\/tr\/","logo":{"@type":"ImageObject","inLanguage":"tr","@id":"https:\/\/wewalk.io\/tr\/#\/schema\/logo\/image\/","url":"https:\/\/wewalk.io\/wp-content\/uploads\/2020\/08\/logo-white.svg","contentUrl":"https:\/\/wewalk.io\/wp-content\/uploads\/2020\/08\/logo-white.svg","caption":"WeWALK Smart Cane"},"image":{"@id":"https:\/\/wewalk.io\/tr\/#\/schema\/logo\/image\/"},"sameAs":["https:\/\/www.facebook.com\/wewalkio","https:\/\/x.com\/wewalkio","https:\/\/www.instagram.com\/wewalkio\/","https:\/\/www.linkedin.com\/company\/wewalk","https:\/\/www.youtube.com\/channel\/UC_VH-4cZcAfcIObUPsMISyw"]}]}},"jetpack_sharing_enabled":true,"_links":{"self":[{"href":"https:\/\/wewalk.io\/tr\/wp-json\/wp\/v2\/pages\/42273","targetHints":{"allow":["GET"]}}],"collection":[{"href":"https:\/\/wewalk.io\/tr\/wp-json\/wp\/v2\/pages"}],"about":[{"href":"https:\/\/wewalk.io\/tr\/wp-json\/wp\/v2\/types\/page"}],"author":[{"embeddable":true,"href":"https:\/\/wewalk.io\/tr\/wp-json\/wp\/v2\/users\/16"}],"replies":[{"embeddable":true,"href":"https:\/\/wewalk.io\/tr\/wp-json\/wp\/v2\/comments?post=42273"}],"version-history":[{"count":0,"href":"https:\/\/wewalk.io\/tr\/wp-json\/wp\/v2\/pages\/42273\/revisions"}],"wp:attachment":[{"href":"https:\/\/wewalk.io\/tr\/wp-json\/wp\/v2\/media?parent=42273"}],"curies":[{"name":"wp","href":"https:\/\/api.w.org\/{rel}","templated":true}]}}