{"id":42679,"date":"2025-10-29T12:25:56","date_gmt":"2025-10-29T12:25:56","guid":{"rendered":"https:\/\/wewalk.io\/?page_id=42679"},"modified":"2025-10-29T12:31:28","modified_gmt":"2025-10-29T12:31:28","slug":"enerjisa-danis-isbirligi","status":"publish","type":"page","link":"https:\/\/wewalk.io\/tr\/enerjisa-danis-isbirligi\/","title":{"rendered":"Enerjisa Dan\u0131s \u0130\u015fbirli\u011fi"},"content":{"rendered":"\t\t<div data-elementor-type=\"wp-page\" data-elementor-id=\"42679\" class=\"elementor elementor-42679\" data-elementor-post-type=\"page\">\n\t\t\t\t<div class=\"elementor-element elementor-element-31f82f8 e-flex e-con-boxed e-con e-parent\" data-id=\"31f82f8\" data-element_type=\"container\" data-e-type=\"container\" data-settings=\"{&quot;background_background&quot;:&quot;classic&quot;}\">\n\t\t\t\t\t<div class=\"e-con-inner\">\n\t\t<div class=\"elementor-element elementor-element-47094be e-flex e-con-boxed e-con e-child\" data-id=\"47094be\" data-element_type=\"container\" data-e-type=\"container\">\n\t\t\t\t\t<div class=\"e-con-inner\">\n\t\t\t\t<div class=\"elementor-element elementor-element-c33b7ef elementor-widget elementor-widget-spacer\" data-id=\"c33b7ef\" data-element_type=\"widget\" data-e-type=\"widget\" data-widget_type=\"spacer.default\">\n\t\t\t\t<div class=\"elementor-widget-container\">\n\t\t\t\t\t\t\t<div class=\"elementor-spacer\">\n\t\t\t<div class=\"elementor-spacer-inner\"><\/div>\n\t\t<\/div>\n\t\t\t\t\t\t<\/div>\n\t\t\t\t<\/div>\n\t\t\t\t<div class=\"elementor-element elementor-element-1ade10d elementor-widget__width-initial elementor-widget elementor-widget-heading\" data-id=\"1ade10d\" data-element_type=\"widget\" data-e-type=\"widget\" data-widget_type=\"heading.default\">\n\t\t\t\t<div class=\"elementor-widget-container\">\n\t\t\t\t\t<h2 class=\"elementor-heading-title elementor-size-default\">EnerjiSA ile \u00dccretsiz ve Eri\u015filebilir Enerji T\u00fcneli Deneyimi Ba\u015flad\u0131! \u00a0<\/h2>\t\t\t\t<\/div>\n\t\t\t\t<\/div>\n\t\t\t\t\t<\/div>\n\t\t\t\t<\/div>\n\t\t\t\t\t<\/div>\n\t\t\t\t<\/div>\n\t\t<div class=\"elementor-element elementor-element-bb4782c e-flex e-con-boxed e-con e-parent\" data-id=\"bb4782c\" data-element_type=\"container\" data-e-type=\"container\">\n\t\t\t\t\t<div class=\"e-con-inner\">\n\t\t\t\t<div class=\"elementor-element elementor-element-0cd6fcc elementor-widget elementor-widget-heading\" data-id=\"0cd6fcc\" data-element_type=\"widget\" data-e-type=\"widget\" data-widget_type=\"heading.default\">\n\t\t\t\t<div class=\"elementor-widget-container\">\n\t\t\t\t\t<h2 class=\"elementor-heading-title elementor-size-default\">T\u00fcrkiye\u2019nin ilk eri\u015filebilir enerji t\u00fcnelinden haberiniz var m\u0131yd\u0131?\u00a0<\/h2>\t\t\t\t<\/div>\n\t\t\t\t<\/div>\n\t\t\t\t<div class=\"elementor-element elementor-element-04120b4 elementor-widget elementor-widget-text-editor\" data-id=\"04120b4\" data-element_type=\"widget\" data-e-type=\"widget\" data-widget_type=\"text-editor.default\">\n\t\t\t\t<div class=\"elementor-widget-container\">\n\t\t\t\t\t\t\t\t\t<p class=\"p1\">EnerjiSA Ankara S\u00f6\u011f\u00fct\u00f6z\u00fc Hizmet Merkezi\u2019ndeki Enerji T\u00fcneli, DANI\u015e g\u00f6r\u00fcnt\u00fcl\u00fc destek servisi ile g\u00f6rme engelliler i\u00e7in eri\u015filebilir hale getirildi!<\/p>\t\t\t\t\t\t\t\t<\/div>\n\t\t\t\t<\/div>\n\t\t\t\t<div class=\"elementor-element elementor-element-dc023a1 elementor-widget elementor-widget-text-editor\" data-id=\"dc023a1\" data-element_type=\"widget\" data-e-type=\"widget\" data-widget_type=\"text-editor.default\">\n\t\t\t\t<div class=\"elementor-widget-container\">\n\t\t\t\t\t\t\t\t\t<div class=\"ql-block\" data-block-id=\"block-08f3f048-7d70-42f0-84df-a115db7d607e\"><strong>EnerjiSA X DANI\u015e i\u015f birli\u011fiyle \u00fccretsiz g\u00f6rsel destek alabilece\u011finiz alanlar:<\/strong>\u00a0<\/div><div data-block-id=\"block-08f3f048-7d70-42f0-84df-a115db7d607e\">\u00a0<\/div><div class=\"ql-block\" data-block-id=\"block-d7fce9af-2ff3-408d-8d39-01858dbe1d3c\">EnerjiSA Ankara S\u00f6\u011f\u00fct\u00f6z\u00fc M\u00fc\u015fteri Hizmetleri Merkezi i\u00e7erisinde;\u00a0<\/div>\t\t\t\t\t\t\t\t<\/div>\n\t\t\t\t<\/div>\n\t\t\t\t<div class=\"elementor-element elementor-element-bc4b991 elementor-icon-list--layout-traditional elementor-list-item-link-full_width elementor-widget elementor-widget-icon-list\" data-id=\"bc4b991\" data-element_type=\"widget\" data-e-type=\"widget\" data-widget_type=\"icon-list.default\">\n\t\t\t\t<div class=\"elementor-widget-container\">\n\t\t\t\t\t\t\t<ul class=\"elementor-icon-list-items\">\n\t\t\t\t\t\t\t<li class=\"elementor-icon-list-item\">\n\t\t\t\t\t\t\t\t\t\t\t<span class=\"elementor-icon-list-icon\">\n\t\t\t\t\t\t\t<svg xmlns=\"http:\/\/www.w3.org\/2000\/svg\" width=\"25\" height=\"26\" viewBox=\"0 0 25 26\" fill=\"none\"><g id=\"Group\"><path id=\"Vector\" opacity=\"0.2\" d=\"M25 12.7944C25 15.2667 24.2669 17.6834 22.8934 19.7391C21.5199 21.7947 19.5676 23.3968 17.2835 24.3429C14.9995 25.289 12.4861 25.5366 10.0614 25.0543C7.63661 24.5719 5.40933 23.3814 3.66117 21.6333C1.91301 19.8851 0.722505 17.6578 0.24019 15.2331C-0.242126 12.8083 0.00541607 10.295 0.951511 8.01089C1.89761 5.72681 3.49976 3.77458 5.55538 2.40106C7.61099 1.02755 10.0277 0.294434 12.5 0.294434C15.8152 0.294434 18.9946 1.61139 21.3388 3.9556C23.683 6.2998 25 9.47923 25 12.7944Z\" fill=\"#F7C043\"><\/path><path id=\"Vector_2\" d=\"M15.625 12.7947C15.625 13.4127 15.4417 14.0169 15.0983 14.5308C14.755 15.0447 14.2669 15.4453 13.6959 15.6818C13.1249 15.9183 12.4965 15.9802 11.8903 15.8596C11.2842 15.7391 10.7273 15.4414 10.2903 15.0044C9.85325 14.5673 9.55563 14.0105 9.43505 13.4043C9.31447 12.7981 9.37635 12.1698 9.61288 11.5988C9.8494 11.0278 10.2499 10.5397 10.7638 10.1963C11.2777 9.85295 11.8819 9.66968 12.5 9.66968C13.3288 9.66968 14.1237 9.99892 14.7097 10.585C15.2958 11.171 15.625 11.9659 15.625 12.7947Z\" fill=\"#F7C043\"><\/path><\/g><\/svg>\t\t\t\t\t\t<\/span>\n\t\t\t\t\t\t\t\t\t\t<span class=\"elementor-icon-list-text\">Enerji M\u00fczesi olarak yer alan Enerji T\u00fcneli\u2019ni ke\u015ffedebilirsiniz.\u00a0<\/span>\n\t\t\t\t\t\t\t\t\t<\/li>\n\t\t\t\t\t\t<\/ul>\n\t\t\t\t\t\t<\/div>\n\t\t\t\t<\/div>\n\t\t\t\t<div class=\"elementor-element elementor-element-ecef433 elementor-widget elementor-widget-text-editor\" data-id=\"ecef433\" data-element_type=\"widget\" data-e-type=\"widget\" data-widget_type=\"text-editor.default\">\n\t\t\t\t<div class=\"elementor-widget-container\">\n\t\t\t\t\t\t\t\t\t<div class=\"ql-block\" data-block-id=\"block-08f3f048-7d70-42f0-84df-a115db7d607e\">M\u00fcze i\u00e7erisinde evlerimizde kulland\u0131\u011f\u0131m\u0131z cihazlar\u0131n faturam\u0131za ne kadar yans\u0131d\u0131\u011f\u0131n\u0131, sera gazlar\u0131n\u0131n azal\u0131p artmas\u0131yla d\u00fcnyam\u0131zda ne gibi etkilere sebep olabilece\u011fini tamamen interaktif bir deneyimle \u00f6\u011frenmek i\u00e7in enerji t\u00fcnelini ziyaret etmeyi unutmay\u0131n!\u00a0<\/div>\t\t\t\t\t\t\t\t<\/div>\n\t\t\t\t<\/div>\n\t\t\t\t<div class=\"elementor-element elementor-element-5e778b9 elementor-icon-list--layout-traditional elementor-list-item-link-full_width elementor-widget elementor-widget-icon-list\" data-id=\"5e778b9\" data-element_type=\"widget\" data-e-type=\"widget\" data-widget_type=\"icon-list.default\">\n\t\t\t\t<div class=\"elementor-widget-container\">\n\t\t\t\t\t\t\t<ul class=\"elementor-icon-list-items\">\n\t\t\t\t\t\t\t<li class=\"elementor-icon-list-item\">\n\t\t\t\t\t\t\t\t\t\t\t<span class=\"elementor-icon-list-icon\">\n\t\t\t\t\t\t\t<svg xmlns=\"http:\/\/www.w3.org\/2000\/svg\" width=\"25\" height=\"26\" viewBox=\"0 0 25 26\" fill=\"none\"><g id=\"Group\"><path id=\"Vector\" opacity=\"0.2\" d=\"M25 12.7944C25 15.2667 24.2669 17.6834 22.8934 19.7391C21.5199 21.7947 19.5676 23.3968 17.2835 24.3429C14.9995 25.289 12.4861 25.5366 10.0614 25.0543C7.63661 24.5719 5.40933 23.3814 3.66117 21.6333C1.91301 19.8851 0.722505 17.6578 0.24019 15.2331C-0.242126 12.8083 0.00541607 10.295 0.951511 8.01089C1.89761 5.72681 3.49976 3.77458 5.55538 2.40106C7.61099 1.02755 10.0277 0.294434 12.5 0.294434C15.8152 0.294434 18.9946 1.61139 21.3388 3.9556C23.683 6.2998 25 9.47923 25 12.7944Z\" fill=\"#F7C043\"><\/path><path id=\"Vector_2\" d=\"M15.625 12.7947C15.625 13.4127 15.4417 14.0169 15.0983 14.5308C14.755 15.0447 14.2669 15.4453 13.6959 15.6818C13.1249 15.9183 12.4965 15.9802 11.8903 15.8596C11.2842 15.7391 10.7273 15.4414 10.2903 15.0044C9.85325 14.5673 9.55563 14.0105 9.43505 13.4043C9.31447 12.7981 9.37635 12.1698 9.61288 11.5988C9.8494 11.0278 10.2499 10.5397 10.7638 10.1963C11.2777 9.85295 11.8819 9.66968 12.5 9.66968C13.3288 9.66968 14.1237 9.99892 14.7097 10.585C15.2958 11.171 15.625 11.9659 15.625 12.7947Z\" fill=\"#F7C043\"><\/path><\/g><\/svg>\t\t\t\t\t\t<\/span>\n\t\t\t\t\t\t\t\t\t\t<span class=\"elementor-icon-list-text\">M\u00fc\u015fteri Hizmetleri Merkezi i\u00e7erisindeki t\u00fcm i\u015flemlerinizi tamamlarken g\u00f6rsel destek alabilirisiniz.\u00a0<\/span>\n\t\t\t\t\t\t\t\t\t<\/li>\n\t\t\t\t\t\t<\/ul>\n\t\t\t\t\t\t<\/div>\n\t\t\t\t<\/div>\n\t\t\t\t<div class=\"elementor-element elementor-element-7d50d47 elementor-widget elementor-widget-text-editor\" data-id=\"7d50d47\" data-element_type=\"widget\" data-e-type=\"widget\" data-widget_type=\"text-editor.default\">\n\t\t\t\t<div class=\"elementor-widget-container\">\n\t\t\t\t\t\t\t\t\t<div class=\"ql-block\" data-block-id=\"block-08f3f048-7d70-42f0-84df-a115db7d607e\">S\u00f6\u011f\u00fct\u00f6z\u00fc M\u00fc\u015fteri Hizmetleri Merkezi\u2019ne canl\u0131 konumunuz ve haritalar deste\u011fiyle navigasyon y\u00f6nlendirmesi alabilir, kap\u0131 giri\u015flerini asistanlar\u0131m\u0131zla kolayca bulabilir, kioskta dijital ekran\u0131 kullanabilmeniz i\u00e7in dokunaca\u011f\u0131n\u0131z yeri bulmada, M\u00fc\u015fteri Hizmetleri i\u015flem masas\u0131na y\u00f6nlendirme almada DANI\u015e\u2019tan faydalanabilirsiniz.\u00a0<\/div>\t\t\t\t\t\t\t\t<\/div>\n\t\t\t\t<\/div>\n\t\t\t\t<div class=\"elementor-element elementor-element-293c1a8 elementor-widget elementor-widget-text-editor\" data-id=\"293c1a8\" data-element_type=\"widget\" data-e-type=\"widget\" data-widget_type=\"text-editor.default\">\n\t\t\t\t<div class=\"elementor-widget-container\">\n\t\t\t\t\t\t\t\t\t<p>EnerjiSA S\u00f6\u011f\u00fct\u00f6z\u00fc MHM\u2019de ve Enerji T\u00fcneli\u2019nde DANI\u015e hizmeti alan kullan\u0131c\u0131lar\u0131m\u0131z\u0131n bulundu\u011fu filme <a class=\"ql-link\" href=\"https:\/\/www.youtube.com\/watch?v=m0bURH4_G-U&amp;feature=youtu.be\" target=\"_blank\" rel=\"noopener noreferrer\">buraya t\u0131klayarak<\/a> ula\u015fabilirsiniz.\u00a0<\/p>\t\t\t\t\t\t\t\t<\/div>\n\t\t\t\t<\/div>\n\t\t\t\t<div class=\"elementor-element elementor-element-91b6ccc elementor-widget elementor-widget-text-editor\" data-id=\"91b6ccc\" data-element_type=\"widget\" data-e-type=\"widget\" data-widget_type=\"text-editor.default\">\n\t\t\t\t<div class=\"elementor-widget-container\">\n\t\t\t\t\t\t\t\t\t<div class=\"ql-block\" data-block-id=\"block-cc7d7988-0285-4c12-aaa9-0d6307228172\">Bu tamamen eri\u015filebilir, keyifli m\u00fcze deneyimi i\u00e7in Enerji T\u00fcneli\u2019ni ziyaret etmeyi unutmay\u0131n!\u00a0<\/div><div class=\"ql-block\" data-block-id=\"block-a623d38f-8ae7-41e5-a342-9c1dcc86e05b\">Bu kampanya 25 Aral\u0131k 2025 tarihine kadar ge\u00e7erlidir.\u00a0<\/div>\t\t\t\t\t\t\t\t<\/div>\n\t\t\t\t<\/div>\n\t\t\t\t\t<\/div>\n\t\t\t\t<\/div>\n\t\t\t\t<\/div>\n\t\t","protected":false},"excerpt":{"rendered":"<p>EnerjiSA ile \u00dccretsiz ve Eri\u015filebilir Enerji T\u00fcneli Deneyimi Ba\u015flad\u0131! \u00a0 T\u00fcrkiye\u2019nin ilk eri\u015filebilir enerji t\u00fcnelinden haberiniz var m\u0131yd\u0131?\u00a0 EnerjiSA Ankara S\u00f6\u011f\u00fct\u00f6z\u00fc Hizmet Merkezi\u2019ndeki Enerji T\u00fcneli, DANI\u015e g\u00f6r\u00fcnt\u00fcl\u00fc destek servisi ile&hellip;<\/p>\n","protected":false},"author":16,"featured_media":0,"parent":0,"menu_order":0,"comment_status":"closed","ping_status":"closed","template":"elementor_canvas","meta":{"content-type":"","inline_featured_image":false,"footnotes":""},"class_list":["post-42679","page","type-page","status-publish","hentry"],"yoast_head":"<!-- This site is optimized with the Yoast SEO plugin v27.5 - https:\/\/yoast.com\/product\/yoast-seo-wordpress\/ -->\n<title>Enerjisa Dan\u0131s \u0130\u015fbirli\u011fi - WeWALK Smart Cane<\/title>\n<meta name=\"robots\" content=\"index, follow, max-snippet:-1, max-image-preview:large, max-video-preview:-1\" \/>\n<link rel=\"canonical\" href=\"https:\/\/wewalk.io\/tr\/enerjisa-danis-isbirligi\/\" \/>\n<meta property=\"og:locale\" content=\"tr_TR\" \/>\n<meta property=\"og:type\" content=\"article\" \/>\n<meta property=\"og:title\" content=\"Enerjisa Dan\u0131s \u0130\u015fbirli\u011fi - WeWALK Smart Cane\" \/>\n<meta property=\"og:description\" content=\"EnerjiSA ile \u00dccretsiz ve Eri\u015filebilir Enerji T\u00fcneli Deneyimi Ba\u015flad\u0131! \u00a0 T\u00fcrkiye\u2019nin ilk eri\u015filebilir enerji t\u00fcnelinden haberiniz var m\u0131yd\u0131?\u00a0 EnerjiSA Ankara S\u00f6\u011f\u00fct\u00f6z\u00fc Hizmet Merkezi\u2019ndeki Enerji T\u00fcneli, DANI\u015e g\u00f6r\u00fcnt\u00fcl\u00fc destek servisi ile&hellip;\" \/>\n<meta property=\"og:url\" content=\"https:\/\/wewalk.io\/tr\/enerjisa-danis-isbirligi\/\" \/>\n<meta property=\"og:site_name\" content=\"WeWALK Smart Cane\" \/>\n<meta property=\"article:publisher\" content=\"https:\/\/www.facebook.com\/wewalkio\" \/>\n<meta property=\"article:modified_time\" content=\"2025-10-29T12:31:28+00:00\" \/>\n<meta name=\"twitter:card\" content=\"summary_large_image\" \/>\n<meta name=\"twitter:site\" content=\"@wewalkio\" \/>\n<meta name=\"twitter:label1\" content=\"Tahmini okuma s\u00fcresi\" \/>\n\t<meta name=\"twitter:data1\" content=\"2 dakika\" \/>\n<script type=\"application\/ld+json\" class=\"yoast-schema-graph\">{\"@context\":\"https:\\\/\\\/schema.org\",\"@graph\":[{\"@type\":\"WebPage\",\"@id\":\"https:\\\/\\\/wewalk.io\\\/tr\\\/enerjisa-danis-isbirligi\\\/\",\"url\":\"https:\\\/\\\/wewalk.io\\\/tr\\\/enerjisa-danis-isbirligi\\\/\",\"name\":\"Enerjisa Dan\u0131s \u0130\u015fbirli\u011fi - WeWALK Smart Cane\",\"isPartOf\":{\"@id\":\"https:\\\/\\\/wewalk.io\\\/tr\\\/#website\"},\"datePublished\":\"2025-10-29T12:25:56+00:00\",\"dateModified\":\"2025-10-29T12:31:28+00:00\",\"breadcrumb\":{\"@id\":\"https:\\\/\\\/wewalk.io\\\/tr\\\/enerjisa-danis-isbirligi\\\/#breadcrumb\"},\"inLanguage\":\"tr\",\"potentialAction\":[{\"@type\":\"ReadAction\",\"target\":[\"https:\\\/\\\/wewalk.io\\\/tr\\\/enerjisa-danis-isbirligi\\\/\"]}]},{\"@type\":\"BreadcrumbList\",\"@id\":\"https:\\\/\\\/wewalk.io\\\/tr\\\/enerjisa-danis-isbirligi\\\/#breadcrumb\",\"itemListElement\":[{\"@type\":\"ListItem\",\"position\":1,\"name\":\"Home\",\"item\":\"https:\\\/\\\/wewalk.io\\\/tr\\\/\"},{\"@type\":\"ListItem\",\"position\":2,\"name\":\"Enerjisa Dan\u0131s \u0130\u015fbirli\u011fi\"}]},{\"@type\":\"WebSite\",\"@id\":\"https:\\\/\\\/wewalk.io\\\/tr\\\/#website\",\"url\":\"https:\\\/\\\/wewalk.io\\\/tr\\\/\",\"name\":\"WeWALK Smart Cane\",\"description\":\"Smart Cane for the Visually Impaired\",\"publisher\":{\"@id\":\"https:\\\/\\\/wewalk.io\\\/tr\\\/#organization\"},\"potentialAction\":[{\"@type\":\"SearchAction\",\"target\":{\"@type\":\"EntryPoint\",\"urlTemplate\":\"https:\\\/\\\/wewalk.io\\\/tr\\\/?s={search_term_string}\"},\"query-input\":{\"@type\":\"PropertyValueSpecification\",\"valueRequired\":true,\"valueName\":\"search_term_string\"}}],\"inLanguage\":\"tr\"},{\"@type\":\"Organization\",\"@id\":\"https:\\\/\\\/wewalk.io\\\/tr\\\/#organization\",\"name\":\"WeWALK Smart Cane\",\"url\":\"https:\\\/\\\/wewalk.io\\\/tr\\\/\",\"logo\":{\"@type\":\"ImageObject\",\"inLanguage\":\"tr\",\"@id\":\"https:\\\/\\\/wewalk.io\\\/tr\\\/#\\\/schema\\\/logo\\\/image\\\/\",\"url\":\"https:\\\/\\\/wewalk.io\\\/wp-content\\\/uploads\\\/2020\\\/08\\\/logo-white.svg\",\"contentUrl\":\"https:\\\/\\\/wewalk.io\\\/wp-content\\\/uploads\\\/2020\\\/08\\\/logo-white.svg\",\"caption\":\"WeWALK Smart Cane\"},\"image\":{\"@id\":\"https:\\\/\\\/wewalk.io\\\/tr\\\/#\\\/schema\\\/logo\\\/image\\\/\"},\"sameAs\":[\"https:\\\/\\\/www.facebook.com\\\/wewalkio\",\"https:\\\/\\\/x.com\\\/wewalkio\",\"https:\\\/\\\/www.instagram.com\\\/wewalkio\\\/\",\"https:\\\/\\\/www.linkedin.com\\\/company\\\/wewalk\",\"https:\\\/\\\/www.youtube.com\\\/channel\\\/UC_VH-4cZcAfcIObUPsMISyw\"]}]}<\/script>\n<!-- \/ Yoast SEO plugin. -->","yoast_head_json":{"title":"Enerjisa Dan\u0131s \u0130\u015fbirli\u011fi - WeWALK Smart Cane","robots":{"index":"index","follow":"follow","max-snippet":"max-snippet:-1","max-image-preview":"max-image-preview:large","max-video-preview":"max-video-preview:-1"},"canonical":"https:\/\/wewalk.io\/tr\/enerjisa-danis-isbirligi\/","og_locale":"tr_TR","og_type":"article","og_title":"Enerjisa Dan\u0131s \u0130\u015fbirli\u011fi - WeWALK Smart Cane","og_description":"EnerjiSA ile \u00dccretsiz ve Eri\u015filebilir Enerji T\u00fcneli Deneyimi Ba\u015flad\u0131! \u00a0 T\u00fcrkiye\u2019nin ilk eri\u015filebilir enerji t\u00fcnelinden haberiniz var m\u0131yd\u0131?\u00a0 EnerjiSA Ankara S\u00f6\u011f\u00fct\u00f6z\u00fc Hizmet Merkezi\u2019ndeki Enerji T\u00fcneli, DANI\u015e g\u00f6r\u00fcnt\u00fcl\u00fc destek servisi ile&hellip;","og_url":"https:\/\/wewalk.io\/tr\/enerjisa-danis-isbirligi\/","og_site_name":"WeWALK Smart Cane","article_publisher":"https:\/\/www.facebook.com\/wewalkio","article_modified_time":"2025-10-29T12:31:28+00:00","twitter_card":"summary_large_image","twitter_site":"@wewalkio","twitter_misc":{"Tahmini okuma s\u00fcresi":"2 dakika"},"schema":{"@context":"https:\/\/schema.org","@graph":[{"@type":"WebPage","@id":"https:\/\/wewalk.io\/tr\/enerjisa-danis-isbirligi\/","url":"https:\/\/wewalk.io\/tr\/enerjisa-danis-isbirligi\/","name":"Enerjisa Dan\u0131s \u0130\u015fbirli\u011fi - WeWALK Smart Cane","isPartOf":{"@id":"https:\/\/wewalk.io\/tr\/#website"},"datePublished":"2025-10-29T12:25:56+00:00","dateModified":"2025-10-29T12:31:28+00:00","breadcrumb":{"@id":"https:\/\/wewalk.io\/tr\/enerjisa-danis-isbirligi\/#breadcrumb"},"inLanguage":"tr","potentialAction":[{"@type":"ReadAction","target":["https:\/\/wewalk.io\/tr\/enerjisa-danis-isbirligi\/"]}]},{"@type":"BreadcrumbList","@id":"https:\/\/wewalk.io\/tr\/enerjisa-danis-isbirligi\/#breadcrumb","itemListElement":[{"@type":"ListItem","position":1,"name":"Home","item":"https:\/\/wewalk.io\/tr\/"},{"@type":"ListItem","position":2,"name":"Enerjisa Dan\u0131s \u0130\u015fbirli\u011fi"}]},{"@type":"WebSite","@id":"https:\/\/wewalk.io\/tr\/#website","url":"https:\/\/wewalk.io\/tr\/","name":"WeWALK Smart Cane","description":"Smart Cane for the Visually Impaired","publisher":{"@id":"https:\/\/wewalk.io\/tr\/#organization"},"potentialAction":[{"@type":"SearchAction","target":{"@type":"EntryPoint","urlTemplate":"https:\/\/wewalk.io\/tr\/?s={search_term_string}"},"query-input":{"@type":"PropertyValueSpecification","valueRequired":true,"valueName":"search_term_string"}}],"inLanguage":"tr"},{"@type":"Organization","@id":"https:\/\/wewalk.io\/tr\/#organization","name":"WeWALK Smart Cane","url":"https:\/\/wewalk.io\/tr\/","logo":{"@type":"ImageObject","inLanguage":"tr","@id":"https:\/\/wewalk.io\/tr\/#\/schema\/logo\/image\/","url":"https:\/\/wewalk.io\/wp-content\/uploads\/2020\/08\/logo-white.svg","contentUrl":"https:\/\/wewalk.io\/wp-content\/uploads\/2020\/08\/logo-white.svg","caption":"WeWALK Smart Cane"},"image":{"@id":"https:\/\/wewalk.io\/tr\/#\/schema\/logo\/image\/"},"sameAs":["https:\/\/www.facebook.com\/wewalkio","https:\/\/x.com\/wewalkio","https:\/\/www.instagram.com\/wewalkio\/","https:\/\/www.linkedin.com\/company\/wewalk","https:\/\/www.youtube.com\/channel\/UC_VH-4cZcAfcIObUPsMISyw"]}]}},"jetpack_sharing_enabled":true,"_links":{"self":[{"href":"https:\/\/wewalk.io\/tr\/wp-json\/wp\/v2\/pages\/42679","targetHints":{"allow":["GET"]}}],"collection":[{"href":"https:\/\/wewalk.io\/tr\/wp-json\/wp\/v2\/pages"}],"about":[{"href":"https:\/\/wewalk.io\/tr\/wp-json\/wp\/v2\/types\/page"}],"author":[{"embeddable":true,"href":"https:\/\/wewalk.io\/tr\/wp-json\/wp\/v2\/users\/16"}],"replies":[{"embeddable":true,"href":"https:\/\/wewalk.io\/tr\/wp-json\/wp\/v2\/comments?post=42679"}],"version-history":[{"count":0,"href":"https:\/\/wewalk.io\/tr\/wp-json\/wp\/v2\/pages\/42679\/revisions"}],"wp:attachment":[{"href":"https:\/\/wewalk.io\/tr\/wp-json\/wp\/v2\/media?parent=42679"}],"curies":[{"name":"wp","href":"https:\/\/api.w.org\/{rel}","templated":true}]}}