
{"id":43372,"date":"2026-02-13T11:26:38","date_gmt":"2026-02-13T11:26:38","guid":{"rendered":"https:\/\/wewalk.io\/?page_id=43372"},"modified":"2026-03-02T14:32:08","modified_gmt":"2026-03-02T14:32:08","slug":"danis-mrdiy-evyasam-ucretsiz","status":"publish","type":"page","link":"https:\/\/wewalk.io\/tr\/danis-mrdiy-evyasam-ucretsiz\/","title":{"rendered":"Mr. DIY"},"content":{"rendered":"\t\t<div data-elementor-type=\"wp-page\" data-elementor-id=\"43372\" class=\"elementor elementor-43372\" data-elementor-post-type=\"page\">\n\t\t\t\t<div class=\"elementor-element elementor-element-95f7976 e-flex e-con-boxed e-con e-parent\" data-id=\"95f7976\" data-element_type=\"container\" data-e-type=\"container\">\n\t\t\t\t\t<div class=\"e-con-inner\">\n\t\t\t\t<div class=\"elementor-element elementor-element-63db33d elementor-widget elementor-widget-heading\" data-id=\"63db33d\" data-element_type=\"widget\" data-e-type=\"widget\" data-widget_type=\"heading.default\">\n\t\t\t\t<div class=\"elementor-widget-container\">\n\t\t\t\t\t<h1 class=\"elementor-heading-title elementor-size-default\">WeWALK&nbsp;x MR.DIY \u0130\u015f Birli\u011fi ile Ev ve Ya\u015fam Kategorisi \u00dccretsiz!&nbsp;<\/h1>\t\t\t\t<\/div>\n\t\t\t\t<\/div>\n\t\t\t\t\t<\/div>\n\t\t\t\t<\/div>\n\t\t<div class=\"elementor-element elementor-element-18b107f elementor-hidden-mobile e-flex e-con-boxed e-con e-parent\" data-id=\"18b107f\" data-element_type=\"container\" data-e-type=\"container\" data-settings=\"{&quot;background_background&quot;:&quot;gradient&quot;}\">\n\t\t\t\t\t<div class=\"e-con-inner\">\n\t\t<div class=\"elementor-element elementor-element-0bed806 e-con-full e-flex e-con e-child\" data-id=\"0bed806\" data-element_type=\"container\" data-e-type=\"container\" data-settings=\"{&quot;background_background&quot;:&quot;classic&quot;}\">\n\t\t\t\t<div class=\"elementor-element elementor-element-852acca elementor-widget elementor-widget-text-editor\" data-id=\"852acca\" data-element_type=\"widget\" data-e-type=\"widget\" data-widget_type=\"text-editor.default\">\n\t\t\t\t<div class=\"elementor-widget-container\">\n\t\t\t\t\t\t\t\t\t<p>2005 y\u0131l\u0131nda Malezya\u2019da kurulan ve 14 \u00fclkede 5 binden fazla ma\u011fazas\u0131 bulunan <a class=\"ql-link\" href=\"http:\/\/MR.DIY\" target=\"_blank\" rel=\"noopener noreferrer\">MR.DIY<\/a>, uluslararas\u0131 bir ev &amp; ya\u015fam perakende markas\u0131 olarak konumlan\u0131yor. T\u00fcrkiye\u2019de 2021 y\u0131l\u0131nda faaliyete ge\u00e7en <a class=\"ql-link\" href=\"http:\/\/MR.DIY\" target=\"_blank\" rel=\"noopener noreferrer\">MR.DIY<\/a>, 56 ildeki ma\u011fazalar\u0131nda herkes i\u00e7in her g\u00fcn uygun fiyatlarla kaliteli \u00fcr\u00fcnler sunuyor. Aralar\u0131nda k\u0131rtasiye, ev gere\u00e7leri, h\u0131rdavat, hediyelik e\u015fya ve oyuncak olmak \u00fczere 10\u2019dan fazla kategoride 18 binden fazla se\u00e7ene\u011fi m\u00fc\u015fterileriyle bulu\u015fturan marka, geni\u015f \u00fcr\u00fcn yelpazesini herkes i\u00e7in eri\u015filebilir k\u0131lmay\u0131 ama\u00e7l\u0131yor. Art\u0131k MR.DIY ile Ev ve Ya\u015fam kategorisindeki DANI\u015e ile g\u00f6rsel destek \u00e7a\u011fr\u0131lar\u0131n\u0131z tamamen \u00fccretsiz!\u00a0<\/p>\t\t\t\t\t\t\t\t<\/div>\n\t\t\t\t<\/div>\n\t\t\t\t<\/div>\n\t\t\t\t\t<\/div>\n\t\t\t\t<\/div>\n\t\t<div class=\"elementor-element elementor-element-8159aa2 e-flex e-con-boxed e-con e-parent\" data-id=\"8159aa2\" data-element_type=\"container\" data-e-type=\"container\">\n\t\t\t\t\t<div class=\"e-con-inner\">\n\t\t\t\t<div class=\"elementor-element elementor-element-b01a824 elementor-widget elementor-widget-text-editor\" data-id=\"b01a824\" data-element_type=\"widget\" data-e-type=\"widget\" data-widget_type=\"text-editor.default\">\n\t\t\t\t<div class=\"elementor-widget-container\">\n\t\t\t\t\t\t\t\t\t<p>2005 y\u0131l\u0131nda Malezya\u2019da kurulan ve 14 \u00fclkede 5 binden fazla ma\u011fazas\u0131 bulunan <a class=\"ql-link\" href=\"http:\/\/MR.DIY\" target=\"_blank\" rel=\"noopener noreferrer\">MR.DIY<\/a>, uluslararas\u0131 bir ev &amp; ya\u015fam perakende markas\u0131 olarak konumlan\u0131yor. T\u00fcrkiye\u2019de 2021 y\u0131l\u0131nda faaliyete ge\u00e7en <a class=\"ql-link\" href=\"http:\/\/MR.DIY\" target=\"_blank\" rel=\"noopener noreferrer\">MR.DIY<\/a>, 56 ildeki ma\u011fazalar\u0131nda herkes i\u00e7in her g\u00fcn uygun fiyatlarla kaliteli \u00fcr\u00fcnler sunuyor. Aralar\u0131nda k\u0131rtasiye, ev gere\u00e7leri, h\u0131rdavat, hediyelik e\u015fya ve oyuncak olmak \u00fczere 10\u2019dan fazla kategoride 18 binden fazla se\u00e7ene\u011fi m\u00fc\u015fterileriyle bulu\u015fturan marka, geni\u015f \u00fcr\u00fcn yelpazesini herkes i\u00e7in eri\u015filebilir k\u0131lmay\u0131 ama\u00e7l\u0131yor. Art\u0131k MR.DIY ile Ev ve Ya\u015fam kategorisindeki DANI\u015e ile g\u00f6rsel destek \u00e7a\u011fr\u0131lar\u0131n\u0131z tamamen \u00fccretsiz!\u00a0<\/p>\t\t\t\t\t\t\t\t<\/div>\n\t\t\t\t<\/div>\n\t\t\t\t<div class=\"elementor-element elementor-element-41dffde elementor-widget elementor-widget-heading\" data-id=\"41dffde\" data-element_type=\"widget\" data-e-type=\"widget\" data-widget_type=\"heading.default\">\n\t\t\t\t<div class=\"elementor-widget-container\">\n\t\t\t\t\t<h1 class=\"elementor-heading-title elementor-size-default\">Hangi alanlarda \u00fccretsiz profesyonel asistan deste\u011fi alabilirsiniz?\u00a0<\/h1>\t\t\t\t<\/div>\n\t\t\t\t<\/div>\n\t\t\t\t<div class=\"elementor-element elementor-element-bd517b9 elementor-icon-list--layout-traditional elementor-list-item-link-full_width elementor-widget elementor-widget-icon-list\" data-id=\"bd517b9\" data-element_type=\"widget\" data-e-type=\"widget\" data-widget_type=\"icon-list.default\">\n\t\t\t\t<div class=\"elementor-widget-container\">\n\t\t\t\t\t\t\t<ul class=\"elementor-icon-list-items\">\n\t\t\t\t\t\t\t<li class=\"elementor-icon-list-item\">\n\t\t\t\t\t\t\t\t\t\t\t<span class=\"elementor-icon-list-icon\">\n\t\t\t\t\t\t\t<i aria-hidden=\"true\" class=\"fas fa-check\"><\/i>\t\t\t\t\t\t<\/span>\n\t\t\t\t\t\t\t\t\t\t<span class=\"elementor-icon-list-text\"><span class=\"b8e-text-scalable\" style=\"--b8e-og-font-size: 18px;--b8e-og-line-height: 28.0001px;--b8e-og-letter-spacing: 0px\">AVM i\u00e7inde MR.DIY ma\u011fazalar\u0131na y\u00f6nlendirme&nbsp;<\/span><\/span>\n\t\t\t\t\t\t\t\t\t<\/li>\n\t\t\t\t\t\t<\/ul>\n\t\t\t\t\t\t<\/div>\n\t\t\t\t<\/div>\n\t\t\t\t<div class=\"elementor-element elementor-element-51a24fd elementor-widget elementor-widget-text-editor\" data-id=\"51a24fd\" data-element_type=\"widget\" data-e-type=\"widget\" data-widget_type=\"text-editor.default\">\n\t\t\t\t<div class=\"elementor-widget-container\">\n\t\t\t\t\t\t\t\t\t<p>Al\u0131\u015fveri\u015f merkezindeki MR.DIY ma\u011fazalar\u0131n\u0131 kolayca bulmak i\u00e7in asistanlar\u0131m\u0131zdan anl\u0131k y\u00f6nlendirme alabilirsiniz.<\/p>\t\t\t\t\t\t\t\t<\/div>\n\t\t\t\t<\/div>\n\t\t\t\t<div class=\"elementor-element elementor-element-0783091 elementor-icon-list--layout-traditional elementor-list-item-link-full_width elementor-widget elementor-widget-icon-list\" data-id=\"0783091\" data-element_type=\"widget\" data-e-type=\"widget\" data-widget_type=\"icon-list.default\">\n\t\t\t\t<div class=\"elementor-widget-container\">\n\t\t\t\t\t\t\t<ul class=\"elementor-icon-list-items\">\n\t\t\t\t\t\t\t<li class=\"elementor-icon-list-item\">\n\t\t\t\t\t\t\t\t\t\t\t<span class=\"elementor-icon-list-icon\">\n\t\t\t\t\t\t\t<i aria-hidden=\"true\" class=\"fas fa-check\"><\/i>\t\t\t\t\t\t<\/span>\n\t\t\t\t\t\t\t\t\t\t<span class=\"elementor-icon-list-text\"><span class=\"b8e-text-scalable\" style=\"--b8e-og-font-size: 18px;--b8e-og-line-height: 28.0001px;--b8e-og-letter-spacing: 0px\">Ma\u011faza i\u00e7inde \u00fcr\u00fcn bulma ve se\u00e7me\u00a0<\/span><\/span>\n\t\t\t\t\t\t\t\t\t<\/li>\n\t\t\t\t\t\t<\/ul>\n\t\t\t\t\t\t<\/div>\n\t\t\t\t<\/div>\n\t\t\t\t<div class=\"elementor-element elementor-element-e20d047 elementor-widget elementor-widget-text-editor\" data-id=\"e20d047\" data-element_type=\"widget\" data-e-type=\"widget\" data-widget_type=\"text-editor.default\">\n\t\t\t\t<div class=\"elementor-widget-container\">\n\t\t\t\t\t\t\t\t\tMa\u011faza i\u00e7erisindeyken arad\u0131\u011f\u0131n\u0131z \u00fcr\u00fcn\u00fcn yerini bulmakta veya do\u011fru \u00fcr\u00fcn\u00fc se\u00e7mekte g\u00f6rsel destek alabilirsiniz.\u00a0\n\u00dcr\u00fcnleri betimletebilir, fiyat, ebat gibi bilgileri \u00f6\u011frenebilirsiniz.\u00a0\t\t\t\t\t\t\t\t<\/div>\n\t\t\t\t<\/div>\n\t\t\t\t<div class=\"elementor-element elementor-element-58f7534 elementor-icon-list--layout-traditional elementor-list-item-link-full_width elementor-widget elementor-widget-icon-list\" data-id=\"58f7534\" data-element_type=\"widget\" data-e-type=\"widget\" data-widget_type=\"icon-list.default\">\n\t\t\t\t<div class=\"elementor-widget-container\">\n\t\t\t\t\t\t\t<ul class=\"elementor-icon-list-items\">\n\t\t\t\t\t\t\t<li class=\"elementor-icon-list-item\">\n\t\t\t\t\t\t\t\t\t\t\t<span class=\"elementor-icon-list-icon\">\n\t\t\t\t\t\t\t<i aria-hidden=\"true\" class=\"fas fa-check\"><\/i>\t\t\t\t\t\t<\/span>\n\t\t\t\t\t\t\t\t\t\t<span class=\"elementor-icon-list-text\"><span class=\"b8e-text-scalable\" style=\"--b8e-og-font-size: 18px;--b8e-og-line-height: 28.0001px;--b8e-og-letter-spacing: 0px\">\u00dcr\u00fcn kurulumu\/ detayl\u0131 inceleme\u00a0<\/span><\/span>\n\t\t\t\t\t\t\t\t\t<\/li>\n\t\t\t\t\t\t<\/ul>\n\t\t\t\t\t\t<\/div>\n\t\t\t\t<\/div>\n\t\t\t\t<div class=\"elementor-element elementor-element-39a5ce8 elementor-widget elementor-widget-text-editor\" data-id=\"39a5ce8\" data-element_type=\"widget\" data-e-type=\"widget\" data-widget_type=\"text-editor.default\">\n\t\t\t\t<div class=\"elementor-widget-container\">\n\t\t\t\t\t\t\t\t\t<p>MR.DIY \u00fcr\u00fcn\u00fc kurman\u0131z gerekti\u011finde veya \u00fcr\u00fcn\u00fcn detaylar\u0131n\u0131 incelemek istedi\u011finizde asistanlar\u0131m\u0131za ba\u011flanabilirsiniz.\u00a0<\/p>\t\t\t\t\t\t\t\t<\/div>\n\t\t\t\t<\/div>\n\t\t\t\t\t<\/div>\n\t\t\t\t<\/div>\n\t\t<div class=\"elementor-element elementor-element-6a27d27 e-flex e-con-boxed e-con e-parent\" data-id=\"6a27d27\" data-element_type=\"container\" data-e-type=\"container\">\n\t\t\t\t\t<div class=\"e-con-inner\">\n\t\t\t\t<div class=\"elementor-element elementor-element-fe5ab14 elementor-widget elementor-widget-heading\" data-id=\"fe5ab14\" data-element_type=\"widget\" data-e-type=\"widget\" data-widget_type=\"heading.default\">\n\t\t\t\t<div class=\"elementor-widget-container\">\n\t\t\t\t\t<h1 class=\"elementor-heading-title elementor-size-default\">MR.DIY kategorisinden nas\u0131l \u00fccretsiz faydalanabilirsiniz?&nbsp;<\/h1>\t\t\t\t<\/div>\n\t\t\t\t<\/div>\n\t\t\t\t<div class=\"elementor-element elementor-element-fe06c6e elementor-widget elementor-widget-text-editor\" data-id=\"fe06c6e\" data-element_type=\"widget\" data-e-type=\"widget\" data-widget_type=\"text-editor.default\">\n\t\t\t\t<div class=\"elementor-widget-container\">\n\t\t\t\t\t\t\t\t\t<p>WeWALK uygulamas\u0131 i\u00e7erisinde:<br \/>\u2022\u00a0DANI\u015e sekmesine girin,<br \/>\u2022 \u201cDANI\u015e G\u00f6r\u00fc\u015fmesi Ba\u015flataca\u011f\u0131n Konuyu Se\u00e7\u201d b\u00f6l\u00fcm\u00fcne t\u0131klay\u0131n,<br \/>\u2022 \u201cMR.DIY ile Ev ve Ya\u015fam\u201d kategorisini se\u00e7in,<br \/>\u2022 Art\u0131k \u00fccretsiz olarak \u00e7a\u011fr\u0131 ba\u015flatabilirsiniz!<\/p>\t\t\t\t\t\t\t\t<\/div>\n\t\t\t\t<\/div>\n\t\t\t\t\t<\/div>\n\t\t\t\t<\/div>\n\t\t<div class=\"elementor-element elementor-element-7ac42af e-flex e-con-boxed e-con e-parent\" data-id=\"7ac42af\" data-element_type=\"container\" data-e-type=\"container\">\n\t\t\t\t\t<div class=\"e-con-inner\">\n\t\t\t\t<div class=\"elementor-element elementor-element-a1df843 elementor-widget elementor-widget-heading\" data-id=\"a1df843\" data-element_type=\"widget\" data-e-type=\"widget\" data-widget_type=\"heading.default\">\n\t\t\t\t<div class=\"elementor-widget-container\">\n\t\t\t\t\t<h1 class=\"elementor-heading-title elementor-size-default\">WeWALK uygulamas\u0131n\u0131 hala indirmediyseniz...\u00a0<\/h1>\t\t\t\t<\/div>\n\t\t\t\t<\/div>\n\t\t\t\t<div class=\"elementor-element elementor-element-9f94838 elementor-widget elementor-widget-text-editor\" data-id=\"9f94838\" data-element_type=\"widget\" data-e-type=\"widget\" data-widget_type=\"text-editor.default\">\n\t\t\t\t<div class=\"elementor-widget-container\">\n\t\t\t\t\t\t\t\t\t<div class=\"ql-block\" data-block-id=\"block-426a8a3e-1f47-4f3a-ae8c-e9738edaaf50\"><strong><a class=\"ql-link\" href=\"https:\/\/wewalk.io\/en\/app\/\" target=\"_blank\" rel=\"noopener noreferrer\">Buraya t\u0131klayarak<\/a>\u00a0WeWALK\u2019u\u00a0h\u0131zl\u0131ca indirebilirsiniz. Sonras\u0131nda,\u00a0<\/strong><\/div><div class=\"ql-block\" data-block-id=\"block-63ba056b-adda-4279-aeba-43bb5a18e356\"><strong>DANI\u015e\u2019tan an\u0131nda profesyonel g\u00f6rsel destek alabilirsiniz.<\/strong><\/div><div class=\"ql-block\" data-block-id=\"block-bb6a3368-db60-4d1d-bc39-64eccb571cf7\">Bu kampanya 16 \u015eubat 2027 tarihine kadar ge\u00e7erlidir.<\/div>\t\t\t\t\t\t\t\t<\/div>\n\t\t\t\t<\/div>\n\t\t\t\t\t<\/div>\n\t\t\t\t<\/div>\n\t\t\t\t<\/div>\n\t\t","protected":false},"excerpt":{"rendered":"<p>WeWALK&nbsp;x MR.DIY \u0130\u015f Birli\u011fi ile Ev ve Ya\u015fam Kategorisi \u00dccretsiz!&nbsp; 2005 y\u0131l\u0131nda Malezya\u2019da kurulan ve 14 \u00fclkede 5 binden fazla ma\u011fazas\u0131 bulunan MR.DIY, uluslararas\u0131 bir ev &amp; ya\u015fam perakende markas\u0131&hellip;<\/p>\n","protected":false},"author":16,"featured_media":0,"parent":0,"menu_order":0,"comment_status":"closed","ping_status":"closed","template":"","meta":{"inline_featured_image":false,"footnotes":""},"class_list":["post-43372","page","type-page","status-publish","hentry"],"yoast_head":"<!-- This site is optimized with the Yoast SEO plugin v27.3 - https:\/\/yoast.com\/product\/yoast-seo-wordpress\/ -->\n<title>Mr. DIY - WeWALK Smart Cane<\/title>\n<meta name=\"robots\" content=\"index, follow, max-snippet:-1, max-image-preview:large, max-video-preview:-1\" \/>\n<link rel=\"canonical\" href=\"https:\/\/wewalk.io\/tr\/danis-mrdiy-evyasam-ucretsiz\/\" \/>\n<meta property=\"og:locale\" content=\"tr_TR\" \/>\n<meta property=\"og:type\" content=\"article\" \/>\n<meta property=\"og:title\" content=\"Mr. DIY - WeWALK Smart Cane\" \/>\n<meta property=\"og:description\" content=\"WeWALK&nbsp;x MR.DIY \u0130\u015f Birli\u011fi ile Ev ve Ya\u015fam Kategorisi \u00dccretsiz!&nbsp; 2005 y\u0131l\u0131nda Malezya\u2019da kurulan ve 14 \u00fclkede 5 binden fazla ma\u011fazas\u0131 bulunan MR.DIY, uluslararas\u0131 bir ev &amp; ya\u015fam perakende markas\u0131&hellip;\" \/>\n<meta property=\"og:url\" content=\"https:\/\/wewalk.io\/tr\/danis-mrdiy-evyasam-ucretsiz\/\" \/>\n<meta property=\"og:site_name\" content=\"WeWALK Smart Cane\" \/>\n<meta property=\"article:publisher\" content=\"https:\/\/www.facebook.com\/wewalkio\" \/>\n<meta property=\"article:modified_time\" content=\"2026-03-02T14:32:08+00:00\" \/>\n<meta name=\"twitter:card\" content=\"summary_large_image\" \/>\n<meta name=\"twitter:site\" content=\"@wewalkio\" \/>\n<meta name=\"twitter:label1\" content=\"Tahmini okuma s\u00fcresi\" \/>\n\t<meta name=\"twitter:data1\" content=\"2 dakika\" \/>\n<script type=\"application\/ld+json\" class=\"yoast-schema-graph\">{\"@context\":\"https:\\\/\\\/schema.org\",\"@graph\":[{\"@type\":\"WebPage\",\"@id\":\"https:\\\/\\\/wewalk.io\\\/tr\\\/danis-mrdiy-evyasam-ucretsiz\\\/\",\"url\":\"https:\\\/\\\/wewalk.io\\\/tr\\\/danis-mrdiy-evyasam-ucretsiz\\\/\",\"name\":\"Mr. DIY - WeWALK Smart Cane\",\"isPartOf\":{\"@id\":\"https:\\\/\\\/wewalk.io\\\/tr\\\/#website\"},\"datePublished\":\"2026-02-13T11:26:38+00:00\",\"dateModified\":\"2026-03-02T14:32:08+00:00\",\"breadcrumb\":{\"@id\":\"https:\\\/\\\/wewalk.io\\\/tr\\\/danis-mrdiy-evyasam-ucretsiz\\\/#breadcrumb\"},\"inLanguage\":\"tr\",\"potentialAction\":[{\"@type\":\"ReadAction\",\"target\":[\"https:\\\/\\\/wewalk.io\\\/tr\\\/danis-mrdiy-evyasam-ucretsiz\\\/\"]}]},{\"@type\":\"BreadcrumbList\",\"@id\":\"https:\\\/\\\/wewalk.io\\\/tr\\\/danis-mrdiy-evyasam-ucretsiz\\\/#breadcrumb\",\"itemListElement\":[{\"@type\":\"ListItem\",\"position\":1,\"name\":\"Home\",\"item\":\"https:\\\/\\\/wewalk.io\\\/tr\\\/\"},{\"@type\":\"ListItem\",\"position\":2,\"name\":\"Mr. DIY\"}]},{\"@type\":\"WebSite\",\"@id\":\"https:\\\/\\\/wewalk.io\\\/tr\\\/#website\",\"url\":\"https:\\\/\\\/wewalk.io\\\/tr\\\/\",\"name\":\"WeWALK Smart Cane\",\"description\":\"Smart Cane for the Visually Impaired\",\"publisher\":{\"@id\":\"https:\\\/\\\/wewalk.io\\\/tr\\\/#organization\"},\"potentialAction\":[{\"@type\":\"SearchAction\",\"target\":{\"@type\":\"EntryPoint\",\"urlTemplate\":\"https:\\\/\\\/wewalk.io\\\/tr\\\/?s={search_term_string}\"},\"query-input\":{\"@type\":\"PropertyValueSpecification\",\"valueRequired\":true,\"valueName\":\"search_term_string\"}}],\"inLanguage\":\"tr\"},{\"@type\":\"Organization\",\"@id\":\"https:\\\/\\\/wewalk.io\\\/tr\\\/#organization\",\"name\":\"WeWALK Smart Cane\",\"url\":\"https:\\\/\\\/wewalk.io\\\/tr\\\/\",\"logo\":{\"@type\":\"ImageObject\",\"inLanguage\":\"tr\",\"@id\":\"https:\\\/\\\/wewalk.io\\\/tr\\\/#\\\/schema\\\/logo\\\/image\\\/\",\"url\":\"https:\\\/\\\/wewalk.io\\\/wp-content\\\/uploads\\\/2020\\\/08\\\/logo-white.svg\",\"contentUrl\":\"https:\\\/\\\/wewalk.io\\\/wp-content\\\/uploads\\\/2020\\\/08\\\/logo-white.svg\",\"caption\":\"WeWALK Smart Cane\"},\"image\":{\"@id\":\"https:\\\/\\\/wewalk.io\\\/tr\\\/#\\\/schema\\\/logo\\\/image\\\/\"},\"sameAs\":[\"https:\\\/\\\/www.facebook.com\\\/wewalkio\",\"https:\\\/\\\/x.com\\\/wewalkio\",\"https:\\\/\\\/www.instagram.com\\\/wewalkio\\\/\",\"https:\\\/\\\/www.linkedin.com\\\/company\\\/wewalk\",\"https:\\\/\\\/www.youtube.com\\\/channel\\\/UC_VH-4cZcAfcIObUPsMISyw\"]}]}<\/script>\n<!-- \/ Yoast SEO plugin. -->","yoast_head_json":{"title":"Mr. DIY - WeWALK Smart Cane","robots":{"index":"index","follow":"follow","max-snippet":"max-snippet:-1","max-image-preview":"max-image-preview:large","max-video-preview":"max-video-preview:-1"},"canonical":"https:\/\/wewalk.io\/tr\/danis-mrdiy-evyasam-ucretsiz\/","og_locale":"tr_TR","og_type":"article","og_title":"Mr. DIY - WeWALK Smart Cane","og_description":"WeWALK&nbsp;x MR.DIY \u0130\u015f Birli\u011fi ile Ev ve Ya\u015fam Kategorisi \u00dccretsiz!&nbsp; 2005 y\u0131l\u0131nda Malezya\u2019da kurulan ve 14 \u00fclkede 5 binden fazla ma\u011fazas\u0131 bulunan MR.DIY, uluslararas\u0131 bir ev &amp; ya\u015fam perakende markas\u0131&hellip;","og_url":"https:\/\/wewalk.io\/tr\/danis-mrdiy-evyasam-ucretsiz\/","og_site_name":"WeWALK Smart Cane","article_publisher":"https:\/\/www.facebook.com\/wewalkio","article_modified_time":"2026-03-02T14:32:08+00:00","twitter_card":"summary_large_image","twitter_site":"@wewalkio","twitter_misc":{"Tahmini okuma s\u00fcresi":"2 dakika"},"schema":{"@context":"https:\/\/schema.org","@graph":[{"@type":"WebPage","@id":"https:\/\/wewalk.io\/tr\/danis-mrdiy-evyasam-ucretsiz\/","url":"https:\/\/wewalk.io\/tr\/danis-mrdiy-evyasam-ucretsiz\/","name":"Mr. DIY - WeWALK Smart Cane","isPartOf":{"@id":"https:\/\/wewalk.io\/tr\/#website"},"datePublished":"2026-02-13T11:26:38+00:00","dateModified":"2026-03-02T14:32:08+00:00","breadcrumb":{"@id":"https:\/\/wewalk.io\/tr\/danis-mrdiy-evyasam-ucretsiz\/#breadcrumb"},"inLanguage":"tr","potentialAction":[{"@type":"ReadAction","target":["https:\/\/wewalk.io\/tr\/danis-mrdiy-evyasam-ucretsiz\/"]}]},{"@type":"BreadcrumbList","@id":"https:\/\/wewalk.io\/tr\/danis-mrdiy-evyasam-ucretsiz\/#breadcrumb","itemListElement":[{"@type":"ListItem","position":1,"name":"Home","item":"https:\/\/wewalk.io\/tr\/"},{"@type":"ListItem","position":2,"name":"Mr. DIY"}]},{"@type":"WebSite","@id":"https:\/\/wewalk.io\/tr\/#website","url":"https:\/\/wewalk.io\/tr\/","name":"WeWALK Smart Cane","description":"Smart Cane for the Visually Impaired","publisher":{"@id":"https:\/\/wewalk.io\/tr\/#organization"},"potentialAction":[{"@type":"SearchAction","target":{"@type":"EntryPoint","urlTemplate":"https:\/\/wewalk.io\/tr\/?s={search_term_string}"},"query-input":{"@type":"PropertyValueSpecification","valueRequired":true,"valueName":"search_term_string"}}],"inLanguage":"tr"},{"@type":"Organization","@id":"https:\/\/wewalk.io\/tr\/#organization","name":"WeWALK Smart Cane","url":"https:\/\/wewalk.io\/tr\/","logo":{"@type":"ImageObject","inLanguage":"tr","@id":"https:\/\/wewalk.io\/tr\/#\/schema\/logo\/image\/","url":"https:\/\/wewalk.io\/wp-content\/uploads\/2020\/08\/logo-white.svg","contentUrl":"https:\/\/wewalk.io\/wp-content\/uploads\/2020\/08\/logo-white.svg","caption":"WeWALK Smart Cane"},"image":{"@id":"https:\/\/wewalk.io\/tr\/#\/schema\/logo\/image\/"},"sameAs":["https:\/\/www.facebook.com\/wewalkio","https:\/\/x.com\/wewalkio","https:\/\/www.instagram.com\/wewalkio\/","https:\/\/www.linkedin.com\/company\/wewalk","https:\/\/www.youtube.com\/channel\/UC_VH-4cZcAfcIObUPsMISyw"]}]}},"jetpack_sharing_enabled":true,"_links":{"self":[{"href":"https:\/\/wewalk.io\/tr\/wp-json\/wp\/v2\/pages\/43372","targetHints":{"allow":["GET"]}}],"collection":[{"href":"https:\/\/wewalk.io\/tr\/wp-json\/wp\/v2\/pages"}],"about":[{"href":"https:\/\/wewalk.io\/tr\/wp-json\/wp\/v2\/types\/page"}],"author":[{"embeddable":true,"href":"https:\/\/wewalk.io\/tr\/wp-json\/wp\/v2\/users\/16"}],"replies":[{"embeddable":true,"href":"https:\/\/wewalk.io\/tr\/wp-json\/wp\/v2\/comments?post=43372"}],"version-history":[{"count":37,"href":"https:\/\/wewalk.io\/tr\/wp-json\/wp\/v2\/pages\/43372\/revisions"}],"predecessor-version":[{"id":43581,"href":"https:\/\/wewalk.io\/tr\/wp-json\/wp\/v2\/pages\/43372\/revisions\/43581"}],"wp:attachment":[{"href":"https:\/\/wewalk.io\/tr\/wp-json\/wp\/v2\/media?parent=43372"}],"curies":[{"name":"wp","href":"https:\/\/api.w.org\/{rel}","templated":true}]}}