
{"id":44030,"date":"2026-03-13T07:58:35","date_gmt":"2026-03-13T07:58:35","guid":{"rendered":"https:\/\/wewalk.io\/?page_id=44030"},"modified":"2026-03-13T08:03:36","modified_gmt":"2026-03-13T08:03:36","slug":"wewalktan-haberler","status":"publish","type":"page","link":"https:\/\/wewalk.io\/tr\/wewalktan-haberler\/","title":{"rendered":"WeWALK&#8217;tan Haberler"},"content":{"rendered":"\t\t<div data-elementor-type=\"wp-page\" data-elementor-id=\"44030\" class=\"elementor elementor-44030 elementor-42706\" data-elementor-post-type=\"page\">\n\t\t\t\t<div class=\"elementor-element elementor-element-vI9zwST e-flex e-con-boxed e-con e-parent\" data-id=\"vI9zwST\" data-element_type=\"container\" data-e-type=\"container\">\n\t\t\t\t\t<div class=\"e-con-inner\">\n\t\t\t\t<div class=\"elementor-element elementor-element-bb8pVeK elementor-widget elementor-widget-heading\" data-id=\"bb8pVeK\" data-element_type=\"widget\" data-e-type=\"widget\" data-widget_type=\"heading.default\">\n\t\t\t\t<div class=\"elementor-widget-container\">\n\t\t\t\t\t<h2 class=\"elementor-heading-title elementor-size-default\">Sizin \u0130\u00e7in Haberler<\/h2>\t\t\t\t<\/div>\n\t\t\t\t<\/div>\n\t\t\t\t<div class=\"elementor-element elementor-element-TLeDDq6 elementor-widget elementor-widget-heading\" data-id=\"TLeDDq6\" data-element_type=\"widget\" data-e-type=\"widget\" data-widget_type=\"heading.default\">\n\t\t\t\t<div class=\"elementor-widget-container\">\n\t\t\t\t\t<h2 class=\"elementor-heading-title elementor-size-default\">G\u00f6rme Engelliler \u0130\u00e7in \u00d6nemli G\u00fcncellemeler<\/h2>\t\t\t\t<\/div>\n\t\t\t\t<\/div>\n\t\t\t\t<div class=\"elementor-element elementor-element-Jj0UXL4 elementor-grid-1 elementor-grid-tablet-2 elementor-grid-mobile-1 elementor-posts--thumbnail-top elementor-widget elementor-widget-posts\" data-id=\"Jj0UXL4\" data-element_type=\"widget\" data-e-type=\"widget\" data-settings=\"{&quot;classic_columns&quot;:&quot;1&quot;,&quot;classic_columns_tablet&quot;:&quot;2&quot;,&quot;classic_columns_mobile&quot;:&quot;1&quot;,&quot;classic_row_gap&quot;:{&quot;unit&quot;:&quot;px&quot;,&quot;size&quot;:35,&quot;sizes&quot;:[]},&quot;classic_row_gap_tablet&quot;:{&quot;unit&quot;:&quot;px&quot;,&quot;size&quot;:&quot;&quot;,&quot;sizes&quot;:[]},&quot;classic_row_gap_mobile&quot;:{&quot;unit&quot;:&quot;px&quot;,&quot;size&quot;:&quot;&quot;,&quot;sizes&quot;:[]}}\" data-widget_type=\"posts.classic\">\n\t\t\t\t<div class=\"elementor-widget-container\">\n\t\t\t\t\t\t\t<div class=\"elementor-posts-container elementor-posts elementor-posts--skin-classic elementor-grid\" role=\"list\">\n\t\t\t\t<article class=\"elementor-post elementor-grid-item post-44186 post type-post status-publish format-standard hentry category-uncategorized-en\" role=\"listitem\">\n\t\t\t\t<div class=\"elementor-post__text\">\n\t\t\t\t<h3 class=\"elementor-post__title\">\n\t\t\t<a href=\"https:\/\/wewalk.io\/tr\/erisilebilir-ticareti-yeniden-tanimlamak-lc-waikiki-ile-kapsayici-moda\/\" >\n\t\t\t\tEri\u015filebilir Ticareti Yeniden Tan\u0131mlamak: LC Waikiki ile Kapsay\u0131c\u0131 Moda\t\t\t<\/a>\n\t\t<\/h3>\n\t\t\t\t<div class=\"elementor-post__meta-data\">\n\t\t\t\t\t<span class=\"elementor-post-date\">\n\t\t\t2 Nisan 2026\t\t<\/span>\n\t\t\t\t<\/div>\n\t\t\t\t<div class=\"elementor-post__excerpt\">\n\t\t\t<p>Eri\u015filebilirli\u011fi sadece bir gereklilik olarak g\u00f6rmek yerine, premium bir marka deneyimine d\u00f6n\u00fc\u015ft\u00fcren LC Waikiki, daha \u00f6nce ula\u015famad\u0131\u011f\u0131 bir m\u00fc\u015fteri segmentini aktif hale getirdi. Bu yakla\u015f\u0131m, dijital al\u0131\u015fveri\u015f memnuniyetinde %130 art\u0131\u015f sa\u011flad\u0131 ve kapsay\u0131c\u0131 tasar\u0131m\u0131n ticari bir zorunluluk oldu\u011funu kan\u0131tlad\u0131.<\/p>\n\t\t<\/div>\n\t\t\n\t\t<a class=\"elementor-post__read-more\" href=\"https:\/\/wewalk.io\/tr\/erisilebilir-ticareti-yeniden-tanimlamak-lc-waikiki-ile-kapsayici-moda\/\" aria-label=\"Read more about Eri\u015filebilir Ticareti Yeniden Tan\u0131mlamak: LC Waikiki ile Kapsay\u0131c\u0131 Moda\" tabindex=\"-1\" >\n\t\t\tDevam\u0131n\u0131 oku \u00bb\t\t<\/a>\n\n\t\t\t\t<\/div>\n\t\t\t\t<\/article>\n\t\t\t\t<article class=\"elementor-post elementor-grid-item post-44019 post type-post status-publish format-standard hentry category-uncategorized-tr\" role=\"listitem\">\n\t\t\t\t<div class=\"elementor-post__text\">\n\t\t\t\t<h3 class=\"elementor-post__title\">\n\t\t\t<a href=\"https:\/\/wewalk.io\/tr\/wewalk-2026-zirvesi-bagimsiz-hareketin-gelecegi\/\" >\n\t\t\t\tWeWALK 2026 Zirvesi: Ba\u011f\u0131ms\u0131z Hareketin Gelece\u011fi\t\t\t<\/a>\n\t\t<\/h3>\n\t\t\t\t<div class=\"elementor-post__meta-data\">\n\t\t\t\t\t<span class=\"elementor-post-date\">\n\t\t\t12 Mart 2026\t\t<\/span>\n\t\t\t\t<\/div>\n\t\t\t\t<div class=\"elementor-post__excerpt\">\n\t\t\t<p>WeWALK 2026 Zirvesi\u2019ni k\u0131sa s\u00fcre \u00f6nce tamamlad\u0131k ve toplulu\u011fumuzla payla\u015ft\u0131\u011f\u0131m\u0131z inan\u0131lmaz sohbetler, fikirler ve yenilikler nedeniyle hala heyecan doluyuz! Kullan\u0131c\u0131lar\u0131m\u0131z\u0131, i\u015f ortaklar\u0131m\u0131z\u0131, ba\u011f\u0131ms\u0131z hareket e\u011fitmenlerini ve eri\u015filebilirlik alan\u0131ndaki uzmanlar\u0131 bir araya getiren bu y\u0131lki zirve, sadece kaydedilen ilerlemeyi de\u011ferlendirmek i\u00e7in bir f\u0131rsat de\u011fil; ayn\u0131 zamanda ba\u011f\u0131ms\u0131z hareketlili\u011fin gelece\u011fine bakmak i\u00e7in de bir d\u00f6n\u00fcm noktas\u0131 oldu.<\/p>\n\t\t<\/div>\n\t\t\n\t\t<a class=\"elementor-post__read-more\" href=\"https:\/\/wewalk.io\/tr\/wewalk-2026-zirvesi-bagimsiz-hareketin-gelecegi\/\" aria-label=\"Read more about WeWALK 2026 Zirvesi: Ba\u011f\u0131ms\u0131z Hareketin Gelece\u011fi\" tabindex=\"-1\" >\n\t\t\tDevam\u0131n\u0131 oku \u00bb\t\t<\/a>\n\n\t\t\t\t<\/div>\n\t\t\t\t<\/article>\n\t\t\t\t<\/div>\n\t\t\n\t\t\t\t\t\t<\/div>\n\t\t\t\t<\/div>\n\t\t\t\t\t<\/div>\n\t\t\t\t<\/div>\n\t\t\t\t<\/div>\n\t\t","protected":false},"excerpt":{"rendered":"<p>Sizin \u0130\u00e7in Haberler G\u00f6rme Engelliler \u0130\u00e7in \u00d6nemli G\u00fcncellemeler<\/p>\n","protected":false},"author":16,"featured_media":0,"parent":0,"menu_order":0,"comment_status":"closed","ping_status":"closed","template":"","meta":{"content-type":"","inline_featured_image":false,"footnotes":""},"class_list":["post-44030","page","type-page","status-publish","hentry"],"yoast_head":"<!-- This site is optimized with the Yoast SEO plugin v27.3 - https:\/\/yoast.com\/product\/yoast-seo-wordpress\/ -->\n<title>WeWALK&#039;tan Haberler - WeWALK Smart Cane<\/title>\n<meta name=\"robots\" content=\"index, follow, max-snippet:-1, max-image-preview:large, max-video-preview:-1\" \/>\n<link rel=\"canonical\" href=\"https:\/\/wewalk.io\/tr\/wewalktan-haberler\/\" \/>\n<meta property=\"og:locale\" content=\"tr_TR\" \/>\n<meta property=\"og:type\" content=\"article\" \/>\n<meta property=\"og:title\" content=\"WeWALK&#039;tan Haberler - WeWALK Smart Cane\" \/>\n<meta property=\"og:description\" content=\"Sizin \u0130\u00e7in Haberler G\u00f6rme Engelliler \u0130\u00e7in \u00d6nemli G\u00fcncellemeler\" \/>\n<meta property=\"og:url\" content=\"https:\/\/wewalk.io\/tr\/wewalktan-haberler\/\" \/>\n<meta property=\"og:site_name\" content=\"WeWALK Smart Cane\" \/>\n<meta property=\"article:publisher\" content=\"https:\/\/www.facebook.com\/wewalkio\" \/>\n<meta property=\"article:modified_time\" content=\"2026-03-13T08:03:36+00:00\" \/>\n<meta name=\"twitter:card\" content=\"summary_large_image\" \/>\n<meta name=\"twitter:site\" content=\"@wewalkio\" \/>\n<meta name=\"twitter:label1\" content=\"Tahmini okuma s\u00fcresi\" \/>\n\t<meta name=\"twitter:data1\" content=\"1 dakika\" \/>\n<script type=\"application\/ld+json\" class=\"yoast-schema-graph\">{\"@context\":\"https:\\\/\\\/schema.org\",\"@graph\":[{\"@type\":\"WebPage\",\"@id\":\"https:\\\/\\\/wewalk.io\\\/tr\\\/wewalktan-haberler\\\/\",\"url\":\"https:\\\/\\\/wewalk.io\\\/tr\\\/wewalktan-haberler\\\/\",\"name\":\"WeWALK'tan Haberler - WeWALK Smart Cane\",\"isPartOf\":{\"@id\":\"https:\\\/\\\/wewalk.io\\\/tr\\\/#website\"},\"datePublished\":\"2026-03-13T07:58:35+00:00\",\"dateModified\":\"2026-03-13T08:03:36+00:00\",\"breadcrumb\":{\"@id\":\"https:\\\/\\\/wewalk.io\\\/tr\\\/wewalktan-haberler\\\/#breadcrumb\"},\"inLanguage\":\"tr\",\"potentialAction\":[{\"@type\":\"ReadAction\",\"target\":[\"https:\\\/\\\/wewalk.io\\\/tr\\\/wewalktan-haberler\\\/\"]}]},{\"@type\":\"BreadcrumbList\",\"@id\":\"https:\\\/\\\/wewalk.io\\\/tr\\\/wewalktan-haberler\\\/#breadcrumb\",\"itemListElement\":[{\"@type\":\"ListItem\",\"position\":1,\"name\":\"Home\",\"item\":\"https:\\\/\\\/wewalk.io\\\/tr\\\/\"},{\"@type\":\"ListItem\",\"position\":2,\"name\":\"WeWALK&#8217;tan Haberler\"}]},{\"@type\":\"WebSite\",\"@id\":\"https:\\\/\\\/wewalk.io\\\/tr\\\/#website\",\"url\":\"https:\\\/\\\/wewalk.io\\\/tr\\\/\",\"name\":\"WeWALK Smart Cane\",\"description\":\"Smart Cane for the Visually Impaired\",\"publisher\":{\"@id\":\"https:\\\/\\\/wewalk.io\\\/tr\\\/#organization\"},\"potentialAction\":[{\"@type\":\"SearchAction\",\"target\":{\"@type\":\"EntryPoint\",\"urlTemplate\":\"https:\\\/\\\/wewalk.io\\\/tr\\\/?s={search_term_string}\"},\"query-input\":{\"@type\":\"PropertyValueSpecification\",\"valueRequired\":true,\"valueName\":\"search_term_string\"}}],\"inLanguage\":\"tr\"},{\"@type\":\"Organization\",\"@id\":\"https:\\\/\\\/wewalk.io\\\/tr\\\/#organization\",\"name\":\"WeWALK Smart Cane\",\"url\":\"https:\\\/\\\/wewalk.io\\\/tr\\\/\",\"logo\":{\"@type\":\"ImageObject\",\"inLanguage\":\"tr\",\"@id\":\"https:\\\/\\\/wewalk.io\\\/tr\\\/#\\\/schema\\\/logo\\\/image\\\/\",\"url\":\"https:\\\/\\\/wewalk.io\\\/wp-content\\\/uploads\\\/2020\\\/08\\\/logo-white.svg\",\"contentUrl\":\"https:\\\/\\\/wewalk.io\\\/wp-content\\\/uploads\\\/2020\\\/08\\\/logo-white.svg\",\"caption\":\"WeWALK Smart Cane\"},\"image\":{\"@id\":\"https:\\\/\\\/wewalk.io\\\/tr\\\/#\\\/schema\\\/logo\\\/image\\\/\"},\"sameAs\":[\"https:\\\/\\\/www.facebook.com\\\/wewalkio\",\"https:\\\/\\\/x.com\\\/wewalkio\",\"https:\\\/\\\/www.instagram.com\\\/wewalkio\\\/\",\"https:\\\/\\\/www.linkedin.com\\\/company\\\/wewalk\",\"https:\\\/\\\/www.youtube.com\\\/channel\\\/UC_VH-4cZcAfcIObUPsMISyw\"]}]}<\/script>\n<!-- \/ Yoast SEO plugin. -->","yoast_head_json":{"title":"WeWALK'tan Haberler - WeWALK Smart Cane","robots":{"index":"index","follow":"follow","max-snippet":"max-snippet:-1","max-image-preview":"max-image-preview:large","max-video-preview":"max-video-preview:-1"},"canonical":"https:\/\/wewalk.io\/tr\/wewalktan-haberler\/","og_locale":"tr_TR","og_type":"article","og_title":"WeWALK'tan Haberler - WeWALK Smart Cane","og_description":"Sizin \u0130\u00e7in Haberler G\u00f6rme Engelliler \u0130\u00e7in \u00d6nemli G\u00fcncellemeler","og_url":"https:\/\/wewalk.io\/tr\/wewalktan-haberler\/","og_site_name":"WeWALK Smart Cane","article_publisher":"https:\/\/www.facebook.com\/wewalkio","article_modified_time":"2026-03-13T08:03:36+00:00","twitter_card":"summary_large_image","twitter_site":"@wewalkio","twitter_misc":{"Tahmini okuma s\u00fcresi":"1 dakika"},"schema":{"@context":"https:\/\/schema.org","@graph":[{"@type":"WebPage","@id":"https:\/\/wewalk.io\/tr\/wewalktan-haberler\/","url":"https:\/\/wewalk.io\/tr\/wewalktan-haberler\/","name":"WeWALK'tan Haberler - WeWALK Smart Cane","isPartOf":{"@id":"https:\/\/wewalk.io\/tr\/#website"},"datePublished":"2026-03-13T07:58:35+00:00","dateModified":"2026-03-13T08:03:36+00:00","breadcrumb":{"@id":"https:\/\/wewalk.io\/tr\/wewalktan-haberler\/#breadcrumb"},"inLanguage":"tr","potentialAction":[{"@type":"ReadAction","target":["https:\/\/wewalk.io\/tr\/wewalktan-haberler\/"]}]},{"@type":"BreadcrumbList","@id":"https:\/\/wewalk.io\/tr\/wewalktan-haberler\/#breadcrumb","itemListElement":[{"@type":"ListItem","position":1,"name":"Home","item":"https:\/\/wewalk.io\/tr\/"},{"@type":"ListItem","position":2,"name":"WeWALK&#8217;tan Haberler"}]},{"@type":"WebSite","@id":"https:\/\/wewalk.io\/tr\/#website","url":"https:\/\/wewalk.io\/tr\/","name":"WeWALK Smart Cane","description":"Smart Cane for the Visually Impaired","publisher":{"@id":"https:\/\/wewalk.io\/tr\/#organization"},"potentialAction":[{"@type":"SearchAction","target":{"@type":"EntryPoint","urlTemplate":"https:\/\/wewalk.io\/tr\/?s={search_term_string}"},"query-input":{"@type":"PropertyValueSpecification","valueRequired":true,"valueName":"search_term_string"}}],"inLanguage":"tr"},{"@type":"Organization","@id":"https:\/\/wewalk.io\/tr\/#organization","name":"WeWALK Smart Cane","url":"https:\/\/wewalk.io\/tr\/","logo":{"@type":"ImageObject","inLanguage":"tr","@id":"https:\/\/wewalk.io\/tr\/#\/schema\/logo\/image\/","url":"https:\/\/wewalk.io\/wp-content\/uploads\/2020\/08\/logo-white.svg","contentUrl":"https:\/\/wewalk.io\/wp-content\/uploads\/2020\/08\/logo-white.svg","caption":"WeWALK Smart Cane"},"image":{"@id":"https:\/\/wewalk.io\/tr\/#\/schema\/logo\/image\/"},"sameAs":["https:\/\/www.facebook.com\/wewalkio","https:\/\/x.com\/wewalkio","https:\/\/www.instagram.com\/wewalkio\/","https:\/\/www.linkedin.com\/company\/wewalk","https:\/\/www.youtube.com\/channel\/UC_VH-4cZcAfcIObUPsMISyw"]}]}},"jetpack_sharing_enabled":true,"_links":{"self":[{"href":"https:\/\/wewalk.io\/tr\/wp-json\/wp\/v2\/pages\/44030","targetHints":{"allow":["GET"]}}],"collection":[{"href":"https:\/\/wewalk.io\/tr\/wp-json\/wp\/v2\/pages"}],"about":[{"href":"https:\/\/wewalk.io\/tr\/wp-json\/wp\/v2\/types\/page"}],"author":[{"embeddable":true,"href":"https:\/\/wewalk.io\/tr\/wp-json\/wp\/v2\/users\/16"}],"replies":[{"embeddable":true,"href":"https:\/\/wewalk.io\/tr\/wp-json\/wp\/v2\/comments?post=44030"}],"version-history":[{"count":7,"href":"https:\/\/wewalk.io\/tr\/wp-json\/wp\/v2\/pages\/44030\/revisions"}],"predecessor-version":[{"id":44041,"href":"https:\/\/wewalk.io\/tr\/wp-json\/wp\/v2\/pages\/44030\/revisions\/44041"}],"wp:attachment":[{"href":"https:\/\/wewalk.io\/tr\/wp-json\/wp\/v2\/media?parent=44030"}],"curies":[{"name":"wp","href":"https:\/\/api.w.org\/{rel}","templated":true}]}}